{"id":4112,"date":"2021-09-13T12:17:09","date_gmt":"2021-09-13T12:17:09","guid":{"rendered":"https:\/\/migrate.worlddancemovement.com\/?post_type=product&#038;p=4112"},"modified":"2022-11-16T16:29:49","modified_gmt":"2022-11-16T16:29:49","slug":"hip-hop-funk-dvd-with-jermaine-browne","status":"publish","type":"product","link":"https:\/\/worlddancemovement.com\/de\/produkt\/hip-hop-funk-dvd-with-jermaine-browne\/","title":{"rendered":"Hip Hop Funk DVD mit Jermaine Browne"},"content":{"rendered":"","protected":false},"excerpt":{"rendered":"<p>Verbinden\u00a0<b>Jermaine Browne\u00a0<\/b>w\u00e4hrend er 60 Minuten seines provokanten und flie\u00dfenden Tanzstils JFH unterrichtet und auff\u00fchrt. Jermaines Choreografie verbindet Jazz, Funk und Hip-Hop und ist technisch, kraftvoll und voller Leidenschaft und Energie. Einzigartige Kamerawinkel mit Blick auf den Spiegel erm\u00f6glichen es Ihnen, so zu lernen, als w\u00e4ren Sie ein Sch\u00fcler in der Klasse. Jermaine und seine T\u00e4nzer f\u00fchren Sie Schritt f\u00fcr Schritt durch drei Routinen. Eine ausgew\u00e4hlte Routine entf\u00fchrt Sie in einen Kurs im Broadway Dance Center (New York City), wo Sie die unglaubliche Atmosph\u00e4re genie\u00dfen, die am besten dazu geeignet ist\u00a0<b>ich<\/b>Mittelstufe bis Fortgeschrittene<b>.<\/b><\/p>\n<p><b>Jermaines\u00a0<\/b>Die einzigartige Kombination aus St\u00e4rke und Sinnlichkeit erregte die Aufmerksamkeit der Musikindustrie, als sie als Assistenzchoreografin f\u00fcr ein Musikvideo von Britney Spears arbeitete. Dies brachte ihn dazu, ein bahnbrechendes Video \u201eGenie In a Bottle\u201c f\u00fcr Christina Aguilera und Asst zu erstellen. Choreografiere das Musikvideo \u201eLove Don&#039;t Cost a Thing\u201c f\u00fcr Jennifer Lopez. Neben Musikvideos hat Jermaine B\u00fchnenshows f\u00fcr K\u00fcnstler wie Thalia, Deborah Cox, Tamia und Melissa Jimenez erstellt und choreografiert. Au\u00dferdem choreografierte er B\u00fchnenauftritte bei den European MTV Music Awards 2005 in Lissabon, zu denen unter anderem der holografische Auftritt der Gorillaz und Boret geh\u00f6rte. Er war Co-Choreograph der Victoria Secret-Modenschau 2006, zu der auch die Er\u00f6ffnung von Justin Timberlake geh\u00f6rte. Jermaine choreografierte den Leona Lewis-Auftritt von 40 T\u00e4nzern f\u00fcr die British Music Awards, Nikes Modenschau in Manchester, England; arbeitete mit dem Weltmeister im Eislaufen Daisuke zusammen, inszenierte und choreografierte Auftritte f\u00fcr die Promo-Tour von Melissa Jimenez, The Angel Ball Fund Raiser und die The Box Cabaret Show; Er ist gerade aus Russland zur\u00fcckgekehrt, wo Absolute Vodka ihn gebeten hat, seine Fu\u00dfabdr\u00fccke auf ihrer NEUEN Disco-Flasche zu hinterlassen und einen kleinen Tanz zu zeigen. Weitere Credits: Hauschoreografin f\u00fcr die Victoria&#039;s Secret Fashion Show in Miami 2008 \u2026 die erfolgreichste aller Zeiten! Er choreografierte f\u00fcr die Schuhshow von Louis Vuitton und kreierte au\u00dferdem einen Signature-Tanz f\u00fcr den s\u00fcdamerikanischen Heineken-Markt \u201eGreen Synergy\u201c. Dieser Werbespot zeigte 8 Schritte, die in 3 verschiedene Tanzstile (Hip Hop, Soca und Dancehall) \u00fcbersetzt werden k\u00f6nnen. Mit diesem Erfolg hat sich Jermaine vom Choreografen zum Regisseur entwickelt. Sein Regiedeb\u00fct war ein Werbespot f\u00fcr \u201eEasy Glove\u201c. Jermaine wird jedoch immer seiner gro\u00dfen Liebe, der Choreografie, treu bleiben. Er arbeitet weiterhin mit K\u00fcnstlern auf der ganzen Welt zusammen ... Europas ber\u00fchmte Popgruppe \u201eInfernal\u201c hat mit Jermaine an ihrem neuesten Musikvideo zusammengearbeitet und jetzt hat Griechenlands sensationelle K\u00fcnstlerin Anna Vissi Jermaine f\u00fcr ihre bevorstehende Tour eingeladen!<\/p>","protected":false},"featured_media":4142,"comment_status":"closed","ping_status":"closed","template":"","meta":{"_acf_changed":false,"site-sidebar-layout":"default","site-content-layout":"default","ast-site-content-layout":"default","site-content-style":"default","site-sidebar-style":"default","ast-global-header-display":"","ast-banner-title-visibility":"","ast-main-header-display":"","ast-hfb-above-header-display":"","ast-hfb-below-header-display":"","ast-hfb-mobile-header-display":"","site-post-title":"","ast-breadcrumbs-content":"","ast-featured-img":"","footer-sml-layout":"","ast-disable-related-posts":"","theme-transparent-header-meta":"default","adv-header-id-meta":"","stick-header-meta":"default","header-above-stick-meta":"","header-main-stick-meta":"","header-below-stick-meta":"","astra-migrate-meta-layouts":"default","ast-page-background-enabled":"default","ast-page-background-meta":{"desktop":{"background-color":"","background-image":"","background-repeat":"repeat","background-position":"center center","background-size":"auto","background-attachment":"scroll","background-type":"","background-media":"","overlay-type":"","overlay-color":"","overlay-opacity":"","overlay-gradient":""},"tablet":{"background-color":"","background-image":"","background-repeat":"repeat","background-position":"center center","background-size":"auto","background-attachment":"scroll","background-type":"","background-media":"","overlay-type":"","overlay-color":"","overlay-opacity":"","overlay-gradient":""},"mobile":{"background-color":"","background-image":"","background-repeat":"repeat","background-position":"center center","background-size":"auto","background-attachment":"scroll","background-type":"","background-media":"","overlay-type":"","overlay-color":"","overlay-opacity":"","overlay-gradient":""}},"ast-content-background-meta":{"desktop":{"background-color":"var(--ast-global-color-5)","background-image":"","background-repeat":"repeat","background-position":"center center","background-size":"auto","background-attachment":"scroll","background-type":"","background-media":"","overlay-type":"","overlay-color":"","overlay-opacity":"","overlay-gradient":""},"tablet":{"background-color":"var(--ast-global-color-5)","background-image":"","background-repeat":"repeat","background-position":"center center","background-size":"auto","background-attachment":"scroll","background-type":"","background-media":"","overlay-type":"","overlay-color":"","overlay-opacity":"","overlay-gradient":""},"mobile":{"background-color":"var(--ast-global-color-5)","background-image":"","background-repeat":"repeat","background-position":"center center","background-size":"auto","background-attachment":"scroll","background-type":"","background-media":"","overlay-type":"","overlay-color":"","overlay-opacity":"","overlay-gradient":""}}},"product_brand":[],"product_cat":[32,58,30],"product_tag":[],"wpstream_actors":[],"wpstream_category":[],"wpstream_movie_rating":[],"class_list":{"0":"post-4112","1":"product","2":"type-product","3":"status-publish","4":"has-post-thumbnail","6":"product_cat-choreography","7":"product_cat-dance-videos","8":"product_cat-hip-hop","9":"desktop-align-left","10":"tablet-align-left","11":"mobile-align-left","13":"first","14":"instock","15":"sale","16":"shipping-taxable","17":"purchasable","18":"product-type-simple"},"acf":[],"jetpack_sharing_enabled":true,"_links":{"self":[{"href":"https:\/\/worlddancemovement.com\/de\/wp-json\/wp\/v2\/product\/4112","targetHints":{"allow":["GET"]}}],"collection":[{"href":"https:\/\/worlddancemovement.com\/de\/wp-json\/wp\/v2\/product"}],"about":[{"href":"https:\/\/worlddancemovement.com\/de\/wp-json\/wp\/v2\/types\/product"}],"replies":[{"embeddable":true,"href":"https:\/\/worlddancemovement.com\/de\/wp-json\/wp\/v2\/comments?post=4112"}],"wp:featuredmedia":[{"embeddable":true,"href":"https:\/\/worlddancemovement.com\/de\/wp-json\/wp\/v2\/media\/4142"}],"wp:attachment":[{"href":"https:\/\/worlddancemovement.com\/de\/wp-json\/wp\/v2\/media?parent=4112"}],"wp:term":[{"taxonomy":"product_brand","embeddable":true,"href":"https:\/\/worlddancemovement.com\/de\/wp-json\/wp\/v2\/product_brand?post=4112"},{"taxonomy":"product_cat","embeddable":true,"href":"https:\/\/worlddancemovement.com\/de\/wp-json\/wp\/v2\/product_cat?post=4112"},{"taxonomy":"product_tag","embeddable":true,"href":"https:\/\/worlddancemovement.com\/de\/wp-json\/wp\/v2\/product_tag?post=4112"},{"taxonomy":"wpstream_actors","embeddable":true,"href":"https:\/\/worlddancemovement.com\/de\/wp-json\/wp\/v2\/wpstream_actors?post=4112"},{"taxonomy":"wpstream_category","embeddable":true,"href":"https:\/\/worlddancemovement.com\/de\/wp-json\/wp\/v2\/wpstream_category?post=4112"},{"taxonomy":"wpstream_movie_rating","embeddable":true,"href":"https:\/\/worlddancemovement.com\/de\/wp-json\/wp\/v2\/wpstream_movie_rating?post=4112"}],"curies":[{"name":"wp","href":"https:\/\/api.w.org\/{rel}","templated":true}]}}