{"id":4113,"date":"2021-09-13T12:17:09","date_gmt":"2021-09-13T12:17:09","guid":{"rendered":"https:\/\/migrate.worlddancemovement.com\/?post_type=product&#038;p=4113"},"modified":"2022-11-16T16:31:17","modified_gmt":"2022-11-16T16:31:17","slug":"be-the-music-in-hip-hop-dvd-with-jared-grimes","status":"publish","type":"product","link":"https:\/\/worlddancemovement.com\/de\/produkt\/be-the-music-in-hip-hop-dvd-with-jared-grimes\/","title":{"rendered":"sei die Musik in der HIP HOP-DVD mit Jared Grimes"},"content":{"rendered":"","protected":false},"excerpt":{"rendered":"<p>F\u00fcr mittleres bis mittleres\/fortgeschrittenes Niveau<\/p>\n<p>Auf dieser Lehr-Tanz-DVD erfahren Sie, wie Musik die Grundlage aller Hip-Hop-Bewegungen ist. Jared betont den Einsatz spezifischer Musikinstrumente, die die unterschiedlichen Texturen innerhalb der Musik verst\u00e4rken und die Choreografie direkt inspirieren. Die erste Kombination, \u201eHittin&#039;\u201c, wird Ihre St\u00e4rke darin entwickeln, Bewegungen f\u00fcr Wirkung und Pr\u00e4zision zu betonen. Die zweite Kombination, \u201eSouthern Groove\u201c, zeigt Ihnen, wie Sie bei der Ausf\u00fchrung komplizierter Bewegungen stark und geschmeidig sind. Mit \u201eTo the floor\u201c schlie\u00dflich k\u00f6nnen Sie sich einfach hinlegen und jedes m\u00f6gliche Gef\u00fchl der Musik nutzen, um sich auszudr\u00fccken und einfach eine gute Zeit zu haben. Jareds Lektion wird Sie mit Sicherheit zu einem besseren T\u00e4nzer machen. Lassen Sie sich immer von der Musik leiten!<\/p>\n<p><b>Jared Grimes<\/b>\u00a0ist ein junger und dynamischer Neuzugang in der Welt der K\u00fcnste, wo er sich vor allem im Hip-Hop\/Street Jazz und Tap einen Namen gemacht hat. Bei zahlreichen Gelegenheiten tanzte er neben Legenden wie Gregory Hines, Fayard Nicholas und dem Autor Duncan und trat f\u00fcr zeitlose Ikonen wie Ben Vereen, Debbie Allen und Jerry Lewis auf. Er ist Mitglied von \u201eRhapsody The Company\u201c und ist mit dem North Carolina Youth Tap Ensemble in den Vereinigten Staaten und im Ausland aufgetreten.<\/p>\n<p>Grimes choreografierte zuletzt die gefeierte Cirque de Soleil-Show \u201eBanana Shpeel\u201c.<\/p>\n<p>Er tourte auch mit der Musiklegende Mariah Carey unter der Choreografie von Marty Kudelka und tanzte f\u00fcr K\u00fcnstler wie Common, Salt-n-Pepa, Envogue und The Roots unter der Choreografin Fatima. Zu Jareds Liveauftritten auf der B\u00fchne geh\u00f6ren \u201eBabes in Arms\u201c im Goodspeed Opera House, \u201eSammy\u201c unter der Regie von Debbie Allen, die North Carolina GTC-Produktion von \u201eSophisticated Ladies\u201c und \u201eVaudeville\u201c unter der Regie von Chris D&#039;Amboise. Grimes trat in Werbespots f\u00fcr Coca-Cola und in Fernsehsendungen wie \u201eStar Search\u201c von CBS, \u201eShowtime at the Apollo\u201c, \u201eDance Fever\u201c von ABC Family und The Jerry Lewis Telethon auf. Zu seinen Spielfilmen z\u00e4hlen \u201eLittle Manhattan\u201c von New Line Cinemas und \u201eFirst Born\u201c von Elevation Filmworks mit Elizabeth Shue in der Hauptrolle.<\/p>","protected":false},"featured_media":7030,"comment_status":"closed","ping_status":"closed","template":"","meta":{"_acf_changed":false,"site-sidebar-layout":"default","site-content-layout":"default","ast-site-content-layout":"default","site-content-style":"default","site-sidebar-style":"default","ast-global-header-display":"","ast-banner-title-visibility":"","ast-main-header-display":"","ast-hfb-above-header-display":"","ast-hfb-below-header-display":"","ast-hfb-mobile-header-display":"","site-post-title":"","ast-breadcrumbs-content":"","ast-featured-img":"","footer-sml-layout":"","ast-disable-related-posts":"","theme-transparent-header-meta":"default","adv-header-id-meta":"","stick-header-meta":"default","header-above-stick-meta":"","header-main-stick-meta":"","header-below-stick-meta":"","astra-migrate-meta-layouts":"default","ast-page-background-enabled":"default","ast-page-background-meta":{"desktop":{"background-color":"","background-image":"","background-repeat":"repeat","background-position":"center center","background-size":"auto","background-attachment":"scroll","background-type":"","background-media":"","overlay-type":"","overlay-color":"","overlay-opacity":"","overlay-gradient":""},"tablet":{"background-color":"","background-image":"","background-repeat":"repeat","background-position":"center center","background-size":"auto","background-attachment":"scroll","background-type":"","background-media":"","overlay-type":"","overlay-color":"","overlay-opacity":"","overlay-gradient":""},"mobile":{"background-color":"","background-image":"","background-repeat":"repeat","background-position":"center center","background-size":"auto","background-attachment":"scroll","background-type":"","background-media":"","overlay-type":"","overlay-color":"","overlay-opacity":"","overlay-gradient":""}},"ast-content-background-meta":{"desktop":{"background-color":"var(--ast-global-color-5)","background-image":"","background-repeat":"repeat","background-position":"center center","background-size":"auto","background-attachment":"scroll","background-type":"","background-media":"","overlay-type":"","overlay-color":"","overlay-opacity":"","overlay-gradient":""},"tablet":{"background-color":"var(--ast-global-color-5)","background-image":"","background-repeat":"repeat","background-position":"center center","background-size":"auto","background-attachment":"scroll","background-type":"","background-media":"","overlay-type":"","overlay-color":"","overlay-opacity":"","overlay-gradient":""},"mobile":{"background-color":"var(--ast-global-color-5)","background-image":"","background-repeat":"repeat","background-position":"center center","background-size":"auto","background-attachment":"scroll","background-type":"","background-media":"","overlay-type":"","overlay-color":"","overlay-opacity":"","overlay-gradient":""}}},"product_brand":[],"product_cat":[32,58,30],"product_tag":[],"wpstream_actors":[],"wpstream_category":[],"wpstream_movie_rating":[],"class_list":{"0":"post-4113","1":"product","2":"type-product","3":"status-publish","4":"has-post-thumbnail","6":"product_cat-choreography","7":"product_cat-dance-videos","8":"product_cat-hip-hop","9":"desktop-align-left","10":"tablet-align-left","11":"mobile-align-left","13":"first","14":"instock","15":"sale","16":"shipping-taxable","17":"purchasable","18":"product-type-simple"},"acf":[],"jetpack_sharing_enabled":true,"_links":{"self":[{"href":"https:\/\/worlddancemovement.com\/de\/wp-json\/wp\/v2\/product\/4113","targetHints":{"allow":["GET"]}}],"collection":[{"href":"https:\/\/worlddancemovement.com\/de\/wp-json\/wp\/v2\/product"}],"about":[{"href":"https:\/\/worlddancemovement.com\/de\/wp-json\/wp\/v2\/types\/product"}],"replies":[{"embeddable":true,"href":"https:\/\/worlddancemovement.com\/de\/wp-json\/wp\/v2\/comments?post=4113"}],"wp:featuredmedia":[{"embeddable":true,"href":"https:\/\/worlddancemovement.com\/de\/wp-json\/wp\/v2\/media\/7030"}],"wp:attachment":[{"href":"https:\/\/worlddancemovement.com\/de\/wp-json\/wp\/v2\/media?parent=4113"}],"wp:term":[{"taxonomy":"product_brand","embeddable":true,"href":"https:\/\/worlddancemovement.com\/de\/wp-json\/wp\/v2\/product_brand?post=4113"},{"taxonomy":"product_cat","embeddable":true,"href":"https:\/\/worlddancemovement.com\/de\/wp-json\/wp\/v2\/product_cat?post=4113"},{"taxonomy":"product_tag","embeddable":true,"href":"https:\/\/worlddancemovement.com\/de\/wp-json\/wp\/v2\/product_tag?post=4113"},{"taxonomy":"wpstream_actors","embeddable":true,"href":"https:\/\/worlddancemovement.com\/de\/wp-json\/wp\/v2\/wpstream_actors?post=4113"},{"taxonomy":"wpstream_category","embeddable":true,"href":"https:\/\/worlddancemovement.com\/de\/wp-json\/wp\/v2\/wpstream_category?post=4113"},{"taxonomy":"wpstream_movie_rating","embeddable":true,"href":"https:\/\/worlddancemovement.com\/de\/wp-json\/wp\/v2\/wpstream_movie_rating?post=4113"}],"curies":[{"name":"wp","href":"https:\/\/api.w.org\/{rel}","templated":true}]}}