{"id":4114,"date":"2021-09-13T12:17:09","date_gmt":"2021-09-13T12:17:09","guid":{"rendered":"https:\/\/migrate.worlddancemovement.com\/?post_type=product&#038;p=4114"},"modified":"2022-11-16T16:32:45","modified_gmt":"2022-11-16T16:32:45","slug":"hip-hop-with-dana-foglia-vol-iii-beginner-dvd","status":"publish","type":"product","link":"https:\/\/worlddancemovement.com\/de\/produkt\/hip-hop-with-dana-foglia-vol-iii-beginner-dvd\/","title":{"rendered":"HIP HOP mit Dana Foglia \u2013 VOL III \u2013 Anf\u00e4nger-DVD"},"content":{"rendered":"","protected":false},"excerpt":{"rendered":"<p>Lernen Sie ein tolles WARM-UP, dann FANCY FOOTWORK, HOUSE GROOVES und RAGGAE GROOVES, alle Kombinationen aus Hip Hop Volume III mit Dana Foglia. Arbeiten Sie weiterhin mit Dana und ihren T\u00e4nzern zusammen, w\u00e4hrend sie Ihnen fortgeschrittenere innovative Streetdance-Bewegungen beibringen, die f\u00fcr Anf\u00e4ngert\u00e4nzer jeden Alters entwickelt wurden. W\u00e4hrend sie verschiedene Grooves demonstrieren, die f\u00fcr diesen funkigen Hip-Hop-Tanzstil erforderlich sind, werden Sie Ihrem Repertoire neue Schritte hinzuf\u00fcgen. Sie werden die Choreografie aus Blickwinkeln betrachten, die eine Unterrichtsumgebung widerspiegeln, sodass Sie das Gef\u00fchl haben, mit Dana und ihren T\u00e4nzern direkt dabei zu sein. Jeder K\u00f6rper kann tanzen! Es macht Spa\u00df und ist aufregend, also machen Sie sich bereit, sich wie die Profis zu bewegen!<\/p>\n<p>Dana Foglia wuchs auf Long Island, New York, auf und tanzt seit ihrem achten Lebensjahr. Sie wurde in verschiedenen Tanzstilen ausgebildet, darunter Ballett, Jazz, Stepptanz, Modern und Hip-Hop. Ihre Ballettausbildung begann an der Seiskaya Ballet Academy. Nach ihrem High-School-Abschluss erhielt sie ein Vollstipendium f\u00fcr die Ailey School in Manhattan, das ihre Tanzausbildung fortsetzte und ihr die M\u00f6glichkeit gab, mit der Alvin Ailey Company aufzutreten.<\/p>\n<p>Dana tourte mit Top-K\u00fcnstlern, darunter Janet Jackson, Beyonc\u00e9, Rihanna, Kelis, Thalia und Fantasia, um nur einige zu nennen. Sie hat auch in vielen Videos mit Top-K\u00fcnstlern mitgewirkt und war in zahlreichen Werbespots zu sehen, darunter Acura und Haagen Dazs. Sie hat ihr Wissen und ihre Liebe zum Tanz genutzt, um Sch\u00fcler in den gesamten USA und im Ausland zu unterrichten.<\/p>","protected":false},"featured_media":4144,"comment_status":"closed","ping_status":"closed","template":"","meta":{"_acf_changed":false,"site-sidebar-layout":"default","site-content-layout":"default","ast-site-content-layout":"default","site-content-style":"default","site-sidebar-style":"default","ast-global-header-display":"","ast-banner-title-visibility":"","ast-main-header-display":"","ast-hfb-above-header-display":"","ast-hfb-below-header-display":"","ast-hfb-mobile-header-display":"","site-post-title":"","ast-breadcrumbs-content":"","ast-featured-img":"","footer-sml-layout":"","ast-disable-related-posts":"","theme-transparent-header-meta":"default","adv-header-id-meta":"","stick-header-meta":"default","header-above-stick-meta":"","header-main-stick-meta":"","header-below-stick-meta":"","astra-migrate-meta-layouts":"default","ast-page-background-enabled":"default","ast-page-background-meta":{"desktop":{"background-color":"","background-image":"","background-repeat":"repeat","background-position":"center center","background-size":"auto","background-attachment":"scroll","background-type":"","background-media":"","overlay-type":"","overlay-color":"","overlay-opacity":"","overlay-gradient":""},"tablet":{"background-color":"","background-image":"","background-repeat":"repeat","background-position":"center center","background-size":"auto","background-attachment":"scroll","background-type":"","background-media":"","overlay-type":"","overlay-color":"","overlay-opacity":"","overlay-gradient":""},"mobile":{"background-color":"","background-image":"","background-repeat":"repeat","background-position":"center center","background-size":"auto","background-attachment":"scroll","background-type":"","background-media":"","overlay-type":"","overlay-color":"","overlay-opacity":"","overlay-gradient":""}},"ast-content-background-meta":{"desktop":{"background-color":"var(--ast-global-color-5)","background-image":"","background-repeat":"repeat","background-position":"center center","background-size":"auto","background-attachment":"scroll","background-type":"","background-media":"","overlay-type":"","overlay-color":"","overlay-opacity":"","overlay-gradient":""},"tablet":{"background-color":"var(--ast-global-color-5)","background-image":"","background-repeat":"repeat","background-position":"center center","background-size":"auto","background-attachment":"scroll","background-type":"","background-media":"","overlay-type":"","overlay-color":"","overlay-opacity":"","overlay-gradient":""},"mobile":{"background-color":"var(--ast-global-color-5)","background-image":"","background-repeat":"repeat","background-position":"center center","background-size":"auto","background-attachment":"scroll","background-type":"","background-media":"","overlay-type":"","overlay-color":"","overlay-opacity":"","overlay-gradient":""}}},"product_brand":[],"product_cat":[32,58,30,27,42],"product_tag":[],"wpstream_actors":[],"wpstream_category":[],"wpstream_movie_rating":[],"class_list":{"0":"post-4114","1":"product","2":"type-product","3":"status-publish","4":"has-post-thumbnail","6":"product_cat-choreography","7":"product_cat-dance-videos","8":"product_cat-hip-hop","9":"product_cat-kids","10":"product_cat-new-releases","11":"desktop-align-left","12":"tablet-align-left","13":"mobile-align-left","15":"first","16":"instock","17":"sale","18":"shipping-taxable","19":"purchasable","20":"product-type-simple"},"acf":[],"jetpack_sharing_enabled":true,"_links":{"self":[{"href":"https:\/\/worlddancemovement.com\/de\/wp-json\/wp\/v2\/product\/4114","targetHints":{"allow":["GET"]}}],"collection":[{"href":"https:\/\/worlddancemovement.com\/de\/wp-json\/wp\/v2\/product"}],"about":[{"href":"https:\/\/worlddancemovement.com\/de\/wp-json\/wp\/v2\/types\/product"}],"replies":[{"embeddable":true,"href":"https:\/\/worlddancemovement.com\/de\/wp-json\/wp\/v2\/comments?post=4114"}],"wp:featuredmedia":[{"embeddable":true,"href":"https:\/\/worlddancemovement.com\/de\/wp-json\/wp\/v2\/media\/4144"}],"wp:attachment":[{"href":"https:\/\/worlddancemovement.com\/de\/wp-json\/wp\/v2\/media?parent=4114"}],"wp:term":[{"taxonomy":"product_brand","embeddable":true,"href":"https:\/\/worlddancemovement.com\/de\/wp-json\/wp\/v2\/product_brand?post=4114"},{"taxonomy":"product_cat","embeddable":true,"href":"https:\/\/worlddancemovement.com\/de\/wp-json\/wp\/v2\/product_cat?post=4114"},{"taxonomy":"product_tag","embeddable":true,"href":"https:\/\/worlddancemovement.com\/de\/wp-json\/wp\/v2\/product_tag?post=4114"},{"taxonomy":"wpstream_actors","embeddable":true,"href":"https:\/\/worlddancemovement.com\/de\/wp-json\/wp\/v2\/wpstream_actors?post=4114"},{"taxonomy":"wpstream_category","embeddable":true,"href":"https:\/\/worlddancemovement.com\/de\/wp-json\/wp\/v2\/wpstream_category?post=4114"},{"taxonomy":"wpstream_movie_rating","embeddable":true,"href":"https:\/\/worlddancemovement.com\/de\/wp-json\/wp\/v2\/wpstream_movie_rating?post=4114"}],"curies":[{"name":"wp","href":"https:\/\/api.w.org\/{rel}","templated":true}]}}