{"id":4117,"date":"2021-09-13T12:17:09","date_gmt":"2021-09-13T12:17:09","guid":{"rendered":"https:\/\/migrate.worlddancemovement.com\/?post_type=product&#038;p=4117"},"modified":"2022-11-16T16:31:43","modified_gmt":"2022-11-16T16:31:43","slug":"floorwork-vol-ii-dvd","status":"publish","type":"product","link":"https:\/\/worlddancemovement.com\/de\/produkt\/floorwork-vol-ii-dvd\/","title":{"rendered":"Floorwork VOL II DVD"},"content":{"rendered":"","protected":false},"excerpt":{"rendered":"<p><b>Vom Mittel- bis zum Fortgeschrittenenniveau<\/b><\/p>\n<p>Calen und Chris, das Schwestervideo zu Floorwork Volume I, f\u00fchren Sie weiterhin durch ihre Innovationen\u00a0<b>\u201eBodenarbeit\u201c<\/b>\u00a0Dies tr\u00e4gt dazu bei, dem fortgeschrittenen\/fortgeschrittenen T\u00e4nzer ein neues Ma\u00df an r\u00e4umlichem Bewusstsein zu verleihen. Sie schl\u00fcsseln grundlegendere K\u00f6rperhaltungen auf und zeigen Ihnen, wie Sie sich durch Ihr technisches Training unterst\u00fctzen k\u00f6nnen. Anschlie\u00dfend demonstrieren sie einige ihrer charakteristischen Schritte und Variationen, um Ihren Wortschatz als T\u00e4nzer zu erweitern. Das Ganze endet mit einer schrittweisen Aufschl\u00fcsselung zweier zeitgen\u00f6ssischer Kombinationen, eines lyrischen Jazz und eines modernen St\u00fccks, die Methoden veranschaulichen, die dabei helfen, nahtlose \u00dcberg\u00e4nge auf und neben dem Boden zu schaffen.<\/p>\n<p><b>Calen Kurka<\/b>\u00a0hat in Kanada, den USA, Irland und Japan unterrichtet. Derzeit unterrichtet er am Broadway Dance Center und unterrichtet auch f\u00fcr mehrere f\u00fchrende Kongresse, die durch die USA touren. Derzeit unterrichtet er f\u00fcr Dance Masters of America als einer ihrer Master-Fakult\u00e4ten und ist au\u00dferdem Dozent bei Dance Educators of America. Seine Choreografie wurde bei zahlreichen Wettbewerben in den USA und Kanada als herausragend anerkannt und erhielt zahlreiche Auszeichnungen. Neben seiner Lehrt\u00e4tigkeit in und um New York ist er auch Assistent des Choreografen, Regisseurs und Dozenten Michele Assaf. Calen ist Gr\u00fcnder, k\u00fcnstlerischer Leiter und Choreograf von \u201epushing progress\u201c, einem Workshop-Unternehmen f\u00fcr zeitgen\u00f6ssische Auff\u00fchrungen und Bildung. Zu Calens Auftritten z\u00e4hlen die Teilnahme an der ersten nationalen Tournee von Jeff Amsdens weithin gefeiertem \u201eA Few Good Men Dancin&#039;\u201c und die Teilnahme an einem Tribute-Konzert f\u00fcr Cher mit der Aufnahmek\u00fcnstlerin Carmella. Er hat auch eng mit dem Choreografen\/Dozenten Chris Hale zusammengearbeitet. Zu Calens B\u00fchnenauftritten als Hauptdarsteller geh\u00f6rt, dass er ein Jahr lang einen Vertrag mit Tokyo Disney als Hauptb\u00fchnendarsteller hatte und Hauptrollen wie Capt. Von Trapp in \u201eThe Sound of Music\u201c und Seymour in \u201eLittle Shop of Horrors\u201c \u00fcbernahm \u201c in regionalen B\u00fchnenproduktionen.<\/p>\n<p><b>Chris Hale\u00a0<\/b>begann seine Karriere als Regisseur, Choreograf und Lehrer am Hudson Valley Conservatory unter der Leitung von Samuel E.Wright (\u201eMufasa\u201c, Original-Broadway-Besetzung von Disneys \u201eDer K\u00f6nig der L\u00f6wen\u201c) und etabliert sich stetig als einer der gefragtesten Lehrer seiner Zeit. Zu seinen beruflichen Erfolgen geh\u00f6rt KTUs \u201eWunder in der 34th Street\u201c, wo er mit K\u00fcnstlern wie Mary J. Blige, Deborah Cox, Tamia, Gloria Gaynor und Michael Jackson auftrat. Weitere Auftritte umfassen: Solot\u00e4nzer in der Produktion von \u201eCarmen\u201c an der Houston Grand Opera mit der Regisseurin\/Choreografin Mich\u00e8le Assaf, Auftritt mit der internationalen Gesangssensation Anastasia bei der Endauslosung der FIFA-Weltmeisterschaft in Busan, Korea, Zusammenarbeit mit dem Choreografen Jeff Amsden im Jahr 2003 an einer seiner Produktionen renommierte Show \u201eA Few Good Men Dancin&#039;\u201c. Zu ihren Fernsehauftritten z\u00e4hlen Disney-Konzertreihen mit Jason Raize und Jessica Simpson sowie Auftritte bei Saturday Night Live mit Moderatoren wie Al Gore und Selma Hayek. Chris hatte auch das Vergn\u00fcgen, in der letzten Staffel von HBOs \u201eSex and the City\u201c an der Seite von Kim Catrall aufzutreten. Chris ist derzeit Dozent am Braodway Dance Center.<\/p>","protected":false},"featured_media":4164,"comment_status":"closed","ping_status":"closed","template":"","meta":{"_acf_changed":false,"site-sidebar-layout":"default","site-content-layout":"default","ast-site-content-layout":"default","site-content-style":"default","site-sidebar-style":"default","ast-global-header-display":"","ast-banner-title-visibility":"","ast-main-header-display":"","ast-hfb-above-header-display":"","ast-hfb-below-header-display":"","ast-hfb-mobile-header-display":"","site-post-title":"","ast-breadcrumbs-content":"","ast-featured-img":"","footer-sml-layout":"","ast-disable-related-posts":"","theme-transparent-header-meta":"default","adv-header-id-meta":"","stick-header-meta":"default","header-above-stick-meta":"","header-main-stick-meta":"","header-below-stick-meta":"","astra-migrate-meta-layouts":"default","ast-page-background-enabled":"default","ast-page-background-meta":{"desktop":{"background-color":"","background-image":"","background-repeat":"repeat","background-position":"center center","background-size":"auto","background-attachment":"scroll","background-type":"","background-media":"","overlay-type":"","overlay-color":"","overlay-opacity":"","overlay-gradient":""},"tablet":{"background-color":"","background-image":"","background-repeat":"repeat","background-position":"center center","background-size":"auto","background-attachment":"scroll","background-type":"","background-media":"","overlay-type":"","overlay-color":"","overlay-opacity":"","overlay-gradient":""},"mobile":{"background-color":"","background-image":"","background-repeat":"repeat","background-position":"center center","background-size":"auto","background-attachment":"scroll","background-type":"","background-media":"","overlay-type":"","overlay-color":"","overlay-opacity":"","overlay-gradient":""}},"ast-content-background-meta":{"desktop":{"background-color":"var(--ast-global-color-5)","background-image":"","background-repeat":"repeat","background-position":"center center","background-size":"auto","background-attachment":"scroll","background-type":"","background-media":"","overlay-type":"","overlay-color":"","overlay-opacity":"","overlay-gradient":""},"tablet":{"background-color":"var(--ast-global-color-5)","background-image":"","background-repeat":"repeat","background-position":"center center","background-size":"auto","background-attachment":"scroll","background-type":"","background-media":"","overlay-type":"","overlay-color":"","overlay-opacity":"","overlay-gradient":""},"mobile":{"background-color":"var(--ast-global-color-5)","background-image":"","background-repeat":"repeat","background-position":"center center","background-size":"auto","background-attachment":"scroll","background-type":"","background-media":"","overlay-type":"","overlay-color":"","overlay-opacity":"","overlay-gradient":""}}},"product_brand":[],"product_cat":[32,35,58,36],"product_tag":[],"wpstream_actors":[],"wpstream_category":[],"wpstream_movie_rating":[],"class_list":{"0":"post-4117","1":"product","2":"type-product","3":"status-publish","4":"has-post-thumbnail","6":"product_cat-choreography","7":"product_cat-contemporary","8":"product_cat-dance-videos","9":"product_cat-technique","10":"desktop-align-left","11":"tablet-align-left","12":"mobile-align-left","14":"first","15":"instock","16":"sale","17":"shipping-taxable","18":"purchasable","19":"product-type-simple"},"acf":[],"jetpack_sharing_enabled":true,"_links":{"self":[{"href":"https:\/\/worlddancemovement.com\/de\/wp-json\/wp\/v2\/product\/4117","targetHints":{"allow":["GET"]}}],"collection":[{"href":"https:\/\/worlddancemovement.com\/de\/wp-json\/wp\/v2\/product"}],"about":[{"href":"https:\/\/worlddancemovement.com\/de\/wp-json\/wp\/v2\/types\/product"}],"replies":[{"embeddable":true,"href":"https:\/\/worlddancemovement.com\/de\/wp-json\/wp\/v2\/comments?post=4117"}],"wp:featuredmedia":[{"embeddable":true,"href":"https:\/\/worlddancemovement.com\/de\/wp-json\/wp\/v2\/media\/4164"}],"wp:attachment":[{"href":"https:\/\/worlddancemovement.com\/de\/wp-json\/wp\/v2\/media?parent=4117"}],"wp:term":[{"taxonomy":"product_brand","embeddable":true,"href":"https:\/\/worlddancemovement.com\/de\/wp-json\/wp\/v2\/product_brand?post=4117"},{"taxonomy":"product_cat","embeddable":true,"href":"https:\/\/worlddancemovement.com\/de\/wp-json\/wp\/v2\/product_cat?post=4117"},{"taxonomy":"product_tag","embeddable":true,"href":"https:\/\/worlddancemovement.com\/de\/wp-json\/wp\/v2\/product_tag?post=4117"},{"taxonomy":"wpstream_actors","embeddable":true,"href":"https:\/\/worlddancemovement.com\/de\/wp-json\/wp\/v2\/wpstream_actors?post=4117"},{"taxonomy":"wpstream_category","embeddable":true,"href":"https:\/\/worlddancemovement.com\/de\/wp-json\/wp\/v2\/wpstream_category?post=4117"},{"taxonomy":"wpstream_movie_rating","embeddable":true,"href":"https:\/\/worlddancemovement.com\/de\/wp-json\/wp\/v2\/wpstream_movie_rating?post=4117"}],"curies":[{"name":"wp","href":"https:\/\/api.w.org\/{rel}","templated":true}]}}