{"id":4119,"date":"2021-09-13T12:17:09","date_gmt":"2021-09-13T12:17:09","guid":{"rendered":"https:\/\/migrate.worlddancemovement.com\/?post_type=product&#038;p=4119"},"modified":"2022-11-16T16:32:06","modified_gmt":"2022-11-16T16:32:06","slug":"contemporary-jazz-dvd-with-brice-mousset","status":"publish","type":"product","link":"https:\/\/worlddancemovement.com\/de\/produkt\/contemporary-jazz-dvd-with-brice-mousset\/","title":{"rendered":"Zeitgen\u00f6ssische Jazz-DVD mit Brice Mousset"},"content":{"rendered":"","protected":false},"excerpt":{"rendered":"<p>Direkt aus Frankreich, machen Sie mit\u00a0<b>Brice Mousset<\/b>\u00a0als er seinen provokanten Stil des zeitgen\u00f6ssischen Jazz vorstellt; eine Fusion aus europ\u00e4ischem Zeitgen\u00f6ssischem, Jazz und Ballett. Brices Choreografie ist flie\u00dfend, organisch und sinnlich und dennoch technisch. Er verbindet ein innovatives Bewegungsvokabular mit Emotionen.<\/p>\n<p>In diesem 60-min\u00fctigen Video f\u00fchrt Sie Brice Schritt f\u00fcr Schritt durch drei verschiedene Routinen, die jeweils zun\u00e4chst auf einem fortgeschrittenen Anf\u00e4ngerniveau unterrichtet werden und dann auf dem mittleren bis fortgeschrittenen Niveau die technischen Aspekte der Choreografie vertiefen, um Sie in die Lage zu versetzen um Ihre F\u00e4higkeiten in Ihrem eigenen Tempo weiterzuentwickeln. In diesem Programm arbeiten Sie an der Dynamik der Musik, der Bewegungsqualit\u00e4t und den unterschiedlichen Tempi der Choreografie. Dies ist eine unverzichtbare Ausgabe Ihrer Live at BDC-Sammlung.\u00a0\u00a0<b>F\u00fcr seine Arbeit an diesem Video erhielt Brice von der Stimme des Lehrers auf DanceMind.com den Preis f\u00fcr das beste Tanzlehrvideo!<\/b><\/p>\n<p>Brice Mousset, ein vielseitiges Talent mit einer vielseitigen Karriere, wurde in Frankreich geboren und hat in renommierten Musicals, Opern, Konzerten, TV-Shows, Modenschauen und mit Ensembles auf der ganzen Welt getanzt. Er ist ein gefragter Lehrer und internationaler Juror. Er unterrichtet nicht nur am renommierten Broadway Dance Center, Brice hat auch f\u00fcr The PULSE on Tour unterrichtet.<\/p>\n<p>Brices vielf\u00e4ltige Erfahrungen haben zu einem einzigartigen Selbstausdruck in der Choreografie gef\u00fchrt. Er pendelt zwischen Amerika und Europa hin und her, von kommerziellen Arbeiten bis hin zu Firmenauftritten. Zu seinen Erfolgen als Choreograf z\u00e4hlen unter anderem: High-Fashion-Events f\u00fcr die Designer Marith\u00e9 und Fran\u00e7ois Girbaud, die verlockende Kabarettshow im Casino de Deauville (Frankreich) und das Musical Attention Mesdames et Messieurs (Paris). Gro\u00dfe Anerkennung erhielt er f\u00fcr seine unerwartete Choreografie f\u00fcr die Oper AIDA von Verdi, die das franz\u00f6sische Festival d&#039;Avignon er\u00f6ffnete. Im Fernsehen k\u00f6nnen Sie Brices Choreografie und Arbeit bei den European MTV Music Awards, den British Music Awards, den franz\u00f6sischen NRJ Music Awards, der glamour\u00f6sen Victoria Secret Fashion Show, der franz\u00f6sischen preisgekr\u00f6nten TV-Serie \u201ele reveillon des bonnes\u201c und dem franz\u00f6sischen Fernsehen sehen Reality-Show \u201eLa Musicale\u201c, die polnische \u201eSo You Think You Can Dance\u201c und die amerikanische NBC-Show \u201eLXTV\u201c. Brice choreografierte auch f\u00fcr das Sommerprogramm des Joffrey Ballet, das Manhattan Youth Ballet und zahlreiche St\u00fccke f\u00fcr Tanzakademien im ganzen Land. Brice Mousset ist Gr\u00fcnder, k\u00fcnstlerischer Leiter und Choreograf der \u201eBrice Mousset Company\u201c. Das Unternehmen trat bei Tanzfestivals wie der Lab Series, Hatch, Bloom Green Space, MMAC, Uptown Performances Series, Dumbo Art Festival und anderen auf.<\/p>\n<p>Um mehr \u00fcber Brice Mousset zu erfahren, besuchen Sie\u00a0<a href=\"https:\/\/www.bricemousset.com\/\" target=\"_blank\" rel=\"noopener\">www.bricemousset.com<\/a>.<\/p>\n<p>Sprachen: Englisch und Franz\u00f6sisch<\/p>","protected":false},"featured_media":4166,"comment_status":"closed","ping_status":"closed","template":"","meta":{"_acf_changed":false,"site-sidebar-layout":"default","site-content-layout":"default","ast-site-content-layout":"default","site-content-style":"default","site-sidebar-style":"default","ast-global-header-display":"","ast-banner-title-visibility":"","ast-main-header-display":"","ast-hfb-above-header-display":"","ast-hfb-below-header-display":"","ast-hfb-mobile-header-display":"","site-post-title":"","ast-breadcrumbs-content":"","ast-featured-img":"","footer-sml-layout":"","ast-disable-related-posts":"","theme-transparent-header-meta":"default","adv-header-id-meta":"","stick-header-meta":"default","header-above-stick-meta":"","header-main-stick-meta":"","header-below-stick-meta":"","astra-migrate-meta-layouts":"default","ast-page-background-enabled":"default","ast-page-background-meta":{"desktop":{"background-color":"","background-image":"","background-repeat":"repeat","background-position":"center center","background-size":"auto","background-attachment":"scroll","background-type":"","background-media":"","overlay-type":"","overlay-color":"","overlay-opacity":"","overlay-gradient":""},"tablet":{"background-color":"","background-image":"","background-repeat":"repeat","background-position":"center center","background-size":"auto","background-attachment":"scroll","background-type":"","background-media":"","overlay-type":"","overlay-color":"","overlay-opacity":"","overlay-gradient":""},"mobile":{"background-color":"","background-image":"","background-repeat":"repeat","background-position":"center center","background-size":"auto","background-attachment":"scroll","background-type":"","background-media":"","overlay-type":"","overlay-color":"","overlay-opacity":"","overlay-gradient":""}},"ast-content-background-meta":{"desktop":{"background-color":"var(--ast-global-color-5)","background-image":"","background-repeat":"repeat","background-position":"center center","background-size":"auto","background-attachment":"scroll","background-type":"","background-media":"","overlay-type":"","overlay-color":"","overlay-opacity":"","overlay-gradient":""},"tablet":{"background-color":"var(--ast-global-color-5)","background-image":"","background-repeat":"repeat","background-position":"center center","background-size":"auto","background-attachment":"scroll","background-type":"","background-media":"","overlay-type":"","overlay-color":"","overlay-opacity":"","overlay-gradient":""},"mobile":{"background-color":"var(--ast-global-color-5)","background-image":"","background-repeat":"repeat","background-position":"center center","background-size":"auto","background-attachment":"scroll","background-type":"","background-media":"","overlay-type":"","overlay-color":"","overlay-opacity":"","overlay-gradient":""}}},"product_brand":[],"product_cat":[32,35,58],"product_tag":[],"wpstream_actors":[],"wpstream_category":[],"wpstream_movie_rating":[],"class_list":{"0":"post-4119","1":"product","2":"type-product","3":"status-publish","4":"has-post-thumbnail","6":"product_cat-choreography","7":"product_cat-contemporary","8":"product_cat-dance-videos","9":"desktop-align-left","10":"tablet-align-left","11":"mobile-align-left","13":"first","14":"instock","15":"sale","16":"shipping-taxable","17":"purchasable","18":"product-type-simple"},"acf":[],"jetpack_sharing_enabled":true,"_links":{"self":[{"href":"https:\/\/worlddancemovement.com\/de\/wp-json\/wp\/v2\/product\/4119","targetHints":{"allow":["GET"]}}],"collection":[{"href":"https:\/\/worlddancemovement.com\/de\/wp-json\/wp\/v2\/product"}],"about":[{"href":"https:\/\/worlddancemovement.com\/de\/wp-json\/wp\/v2\/types\/product"}],"replies":[{"embeddable":true,"href":"https:\/\/worlddancemovement.com\/de\/wp-json\/wp\/v2\/comments?post=4119"}],"wp:featuredmedia":[{"embeddable":true,"href":"https:\/\/worlddancemovement.com\/de\/wp-json\/wp\/v2\/media\/4166"}],"wp:attachment":[{"href":"https:\/\/worlddancemovement.com\/de\/wp-json\/wp\/v2\/media?parent=4119"}],"wp:term":[{"taxonomy":"product_brand","embeddable":true,"href":"https:\/\/worlddancemovement.com\/de\/wp-json\/wp\/v2\/product_brand?post=4119"},{"taxonomy":"product_cat","embeddable":true,"href":"https:\/\/worlddancemovement.com\/de\/wp-json\/wp\/v2\/product_cat?post=4119"},{"taxonomy":"product_tag","embeddable":true,"href":"https:\/\/worlddancemovement.com\/de\/wp-json\/wp\/v2\/product_tag?post=4119"},{"taxonomy":"wpstream_actors","embeddable":true,"href":"https:\/\/worlddancemovement.com\/de\/wp-json\/wp\/v2\/wpstream_actors?post=4119"},{"taxonomy":"wpstream_category","embeddable":true,"href":"https:\/\/worlddancemovement.com\/de\/wp-json\/wp\/v2\/wpstream_category?post=4119"},{"taxonomy":"wpstream_movie_rating","embeddable":true,"href":"https:\/\/worlddancemovement.com\/de\/wp-json\/wp\/v2\/wpstream_movie_rating?post=4119"}],"curies":[{"name":"wp","href":"https:\/\/api.w.org\/{rel}","templated":true}]}}