{"id":4120,"date":"2021-09-13T12:17:09","date_gmt":"2021-09-13T12:17:09","guid":{"rendered":"https:\/\/migrate.worlddancemovement.com\/?post_type=product&#038;p=4120"},"modified":"2022-11-16T16:32:17","modified_gmt":"2022-11-16T16:32:17","slug":"contemporary-dance-improvisation-vol-ii-dvd","status":"publish","type":"product","link":"https:\/\/worlddancemovement.com\/de\/produkt\/contemporary-dance-improvisation-vol-ii-dvd\/","title":{"rendered":"Zeitgen\u00f6ssischer Tanz und Improvisation \u2013 Band II DVD"},"content":{"rendered":"","protected":false},"excerpt":{"rendered":"<p>Trainiere mit der legend\u00e4ren T\u00e4nzerin,\u00a0<b>Desmond Richardson<\/b>, wie er das Schwestervideo mit euch teilt\u00a0<b><i>Zeitgen\u00f6ssischer Tanz und Improvisation Band I<\/i><\/b>. Desmond, Co-K\u00fcnstlerischer Leiter der Complexions Dance Company, bringt Ihnen eine weitere explosive Kombination zeitgen\u00f6ssischen Tanzes bei. Erfahren Sie weiterhin, wie Sie Improvisation in Ihre Bewegung integrieren k\u00f6nnen, mit detaillierten Erkl\u00e4rungen und atemberaubenden Demonstrationen. Improvisationsf\u00e4higkeiten sind sehr wichtig, da sie in Tanzkursen und Vorsprechen zum Einsatz kommen und oft auch in professionellen Berufen erforderlich sind. Genie\u00dfen Sie die einmalige Gelegenheit, Desmond dabei zuzusehen, wie er die Bewegung so tanzt, wie er sie sich vorstellt. Dies ist ein \u201eMuss\u201c f\u00fcr die Bibliothek eines jeden ernsthaften T\u00e4nzers.<\/p>\n<p><i>\u201eDenken Sie daran, Spa\u00df zu haben! Ich liebe die Kunst des Tanzes und es ist mir eine gro\u00dfe Freude, sie mit Ihnen zu teilen\u2026\u201c<br \/>\n<\/i><b><i>\u2013 Desmond Richardson<\/i><\/b><\/p>\n<p>Von der New York Times als einer der gro\u00dfen modernen T\u00e4nzer seiner Zeit gefeiert, ist Desmond Richardson ein vielseitig talentierter K\u00fcnstler, der ein breites Spektrum an Tanzformen beherrscht, darunter klassische, moderne und zeitgen\u00f6ssische. Richardsons immenses Talent wurde erstmals als Sch\u00fcler der New York High School for the Performing Arts erkannt. W\u00e4hrend dieser Zeit erhielt er ein Leistungsstipendium vom Alvin Ailey American Dance Center (1983-1986) und der Internationalen Akademie des Tanzes in K\u00f6ln, Deutschland (1984). -1985). Er ist au\u00dferdem Empf\u00e4nger eines Presidential Scholar Award for the Arts (1986).<\/p>\n<p>1987 trat Richardson dem Alvin Ailey American Dance Theater bei, wo er sieben Jahre lang Solot\u00e4nzer war. Nachdem er die Ailey Company verlassen hatte, reiste er nach Deutschland, wo er mit dem Ballett Frankfurt auftrat. Richardson trat als Gastk\u00fcnstler bei mehreren weltbekannten Kompanien auf, darunter dem Swedish Opera Ballet, dem Washington Ballet, dem Teatro at La Scala und dem San Francisco Ballet. 1997 wechselte er zum American Ballet Theatre, wo er die Hauptrolle in der Weltpremiere von Othello spielte. In ihrer Beschreibung von Richardsons Leistung in dieser Rolle beschrieb die New York Times ihn als einen der majest\u00e4tischsten T\u00e4nzer, die jemals die MET-B\u00fchne betraten.<\/p>\n<p>1998 schloss sich Richardson der Premierenbesetzung des Broadway Musicals Fosse an, f\u00fcr das er 1999 eine Tony Award-Nominierung erhielt. Er trat auch am Broadway im Musical \u201eThe Look of Love\u201c und im von der Kritik gefeierten Film \u201eMovin\u2018 Out\u201c auf. Er spielte eine Hauptrolle in Debbie Allens Tanz-\/Theaterpr\u00e4sentation \u201eSoul Possessed\u201c, die 1999 im John F. Kennedy Center for the Performing Arts Premiere hatte.<\/p>\n<p>Richardson hat in den USA und im Ausland f\u00fcr Fernsehen, Film und Video gearbeitet. Diese Erfahrungen erm\u00f6glichten es ihm, mit Musikern wie Michael Jackson, Prince, Aretha Franklin und Madonna aufzutreten. Er ist in Patrick Swayze und Lisa Niemis Film \u201eOne Last Dance\u201c und dem Oscar-pr\u00e4mierten Film \u201eChicago\u201c zu sehen. Er gab sein Gesangsdeb\u00fct in Charles Randolph Wrights Film Preaching to the Choir aus dem Jahr 2005, spielte die Hauptrolle des Beowulf in Julie Taymors Grendel an der LA Opera und trat k\u00fcrzlich in Taymors Film Across the Universe auf.<\/p>\n<p>Zu seinen Auszeichnungen z\u00e4hlen der Apex Award 2006 der Alvin Ailey School und der prestigetr\u00e4chtige Dance Magazine Award 2007. K\u00fcrzlich arbeitete Richardson mit Diana Vishneva zusammen und trat in ihrer One-Women-Show \u201eBeauty in Motion\u201c im New York City Center und in St. Petersburg, Russland, auf und ist eine von zwei T\u00e4nzerinnen, die vom Pr\u00e4sidenten der Vereinigten Staaten eingeladen wurden, dort aufzutreten 60. Pr\u00e4sidentenkonferenz in Israel.<\/p>","protected":false},"featured_media":4167,"comment_status":"closed","ping_status":"closed","template":"","meta":{"_acf_changed":false,"site-sidebar-layout":"default","site-content-layout":"default","ast-site-content-layout":"default","site-content-style":"default","site-sidebar-style":"default","ast-global-header-display":"","ast-banner-title-visibility":"","ast-main-header-display":"","ast-hfb-above-header-display":"","ast-hfb-below-header-display":"","ast-hfb-mobile-header-display":"","site-post-title":"","ast-breadcrumbs-content":"","ast-featured-img":"","footer-sml-layout":"","ast-disable-related-posts":"","theme-transparent-header-meta":"default","adv-header-id-meta":"","stick-header-meta":"default","header-above-stick-meta":"","header-main-stick-meta":"","header-below-stick-meta":"","astra-migrate-meta-layouts":"default","ast-page-background-enabled":"default","ast-page-background-meta":{"desktop":{"background-color":"","background-image":"","background-repeat":"repeat","background-position":"center center","background-size":"auto","background-attachment":"scroll","background-type":"","background-media":"","overlay-type":"","overlay-color":"","overlay-opacity":"","overlay-gradient":""},"tablet":{"background-color":"","background-image":"","background-repeat":"repeat","background-position":"center center","background-size":"auto","background-attachment":"scroll","background-type":"","background-media":"","overlay-type":"","overlay-color":"","overlay-opacity":"","overlay-gradient":""},"mobile":{"background-color":"","background-image":"","background-repeat":"repeat","background-position":"center center","background-size":"auto","background-attachment":"scroll","background-type":"","background-media":"","overlay-type":"","overlay-color":"","overlay-opacity":"","overlay-gradient":""}},"ast-content-background-meta":{"desktop":{"background-color":"var(--ast-global-color-5)","background-image":"","background-repeat":"repeat","background-position":"center center","background-size":"auto","background-attachment":"scroll","background-type":"","background-media":"","overlay-type":"","overlay-color":"","overlay-opacity":"","overlay-gradient":""},"tablet":{"background-color":"var(--ast-global-color-5)","background-image":"","background-repeat":"repeat","background-position":"center center","background-size":"auto","background-attachment":"scroll","background-type":"","background-media":"","overlay-type":"","overlay-color":"","overlay-opacity":"","overlay-gradient":""},"mobile":{"background-color":"var(--ast-global-color-5)","background-image":"","background-repeat":"repeat","background-position":"center center","background-size":"auto","background-attachment":"scroll","background-type":"","background-media":"","overlay-type":"","overlay-color":"","overlay-opacity":"","overlay-gradient":""}}},"product_brand":[],"product_cat":[32,35,58],"product_tag":[],"wpstream_actors":[],"wpstream_category":[],"wpstream_movie_rating":[],"class_list":{"0":"post-4120","1":"product","2":"type-product","3":"status-publish","4":"has-post-thumbnail","6":"product_cat-choreography","7":"product_cat-contemporary","8":"product_cat-dance-videos","9":"desktop-align-left","10":"tablet-align-left","11":"mobile-align-left","13":"first","14":"instock","15":"sale","16":"shipping-taxable","17":"purchasable","18":"product-type-simple"},"acf":[],"jetpack_sharing_enabled":true,"_links":{"self":[{"href":"https:\/\/worlddancemovement.com\/de\/wp-json\/wp\/v2\/product\/4120","targetHints":{"allow":["GET"]}}],"collection":[{"href":"https:\/\/worlddancemovement.com\/de\/wp-json\/wp\/v2\/product"}],"about":[{"href":"https:\/\/worlddancemovement.com\/de\/wp-json\/wp\/v2\/types\/product"}],"replies":[{"embeddable":true,"href":"https:\/\/worlddancemovement.com\/de\/wp-json\/wp\/v2\/comments?post=4120"}],"wp:featuredmedia":[{"embeddable":true,"href":"https:\/\/worlddancemovement.com\/de\/wp-json\/wp\/v2\/media\/4167"}],"wp:attachment":[{"href":"https:\/\/worlddancemovement.com\/de\/wp-json\/wp\/v2\/media?parent=4120"}],"wp:term":[{"taxonomy":"product_brand","embeddable":true,"href":"https:\/\/worlddancemovement.com\/de\/wp-json\/wp\/v2\/product_brand?post=4120"},{"taxonomy":"product_cat","embeddable":true,"href":"https:\/\/worlddancemovement.com\/de\/wp-json\/wp\/v2\/product_cat?post=4120"},{"taxonomy":"product_tag","embeddable":true,"href":"https:\/\/worlddancemovement.com\/de\/wp-json\/wp\/v2\/product_tag?post=4120"},{"taxonomy":"wpstream_actors","embeddable":true,"href":"https:\/\/worlddancemovement.com\/de\/wp-json\/wp\/v2\/wpstream_actors?post=4120"},{"taxonomy":"wpstream_category","embeddable":true,"href":"https:\/\/worlddancemovement.com\/de\/wp-json\/wp\/v2\/wpstream_category?post=4120"},{"taxonomy":"wpstream_movie_rating","embeddable":true,"href":"https:\/\/worlddancemovement.com\/de\/wp-json\/wp\/v2\/wpstream_movie_rating?post=4120"}],"curies":[{"name":"wp","href":"https:\/\/api.w.org\/{rel}","templated":true}]}}