{"id":4122,"date":"2021-09-13T12:17:09","date_gmt":"2021-09-13T12:17:09","guid":{"rendered":"https:\/\/migrate.worlddancemovement.com\/?post_type=product&#038;p=4122"},"modified":"2022-11-16T16:33:38","modified_gmt":"2022-11-16T16:33:38","slug":"contemporary-warm-up-dvd-with-bruno-collinet","status":"publish","type":"product","link":"https:\/\/worlddancemovement.com\/de\/produkt\/contemporary-warm-up-dvd-with-bruno-collinet\/","title":{"rendered":"Zeitgen\u00f6ssische Aufw\u00e4rm-DVD mit Bruno Collinet"},"content":{"rendered":"","protected":false},"excerpt":{"rendered":"<p>Bruno Collinet geh\u00f6rt zu der neuen Generation von Lehrern, die \u00fcber die Grenzen der reinen Technik hinausgehen und in seinen Stil eine aufgeschlossene Weiterentwicklung der Choreographie einbringen. Er widmet sich seit vielen Jahren dem Unterrichten und bietet einen originellen Stil und eine originelle Lehrmethode auf den 5 Kontinenten. Bruno ist auf unterschiedliche Kulturen, unterschiedliche Trends und neue Generationen eingestellt und geht mit unterschiedlichen Zielsetzungen an seinen Unterricht heran. F\u00fcr Bruno ist es wichtig, das Ziel zu definieren, bevor man mit der Arbeit am K\u00f6rper beginnt. Mithilfe einfacher Elemente wie K\u00f6rpergewicht, Bodenkontakt, Unterst\u00fctzung, Kinestetik und Entspannung der Gelenke schaffen die \u00dcbungen eine starke und effiziente Grundplatzierung der Muskel-\/K\u00f6rperumstrukturierung, um eine nat\u00fcrliche Ausf\u00fchrung der Schwierigkeit zu erm\u00f6glichen. Durch seine Interpretation der Choreografie bringt Bruno eine neue Technik f\u00fcr Oberk\u00f6rperbewegungen in Ungleichgewicht, Energiepausen, Musikalit\u00e4t und Interpretation zum Ausdruck. Tanz ist und muss f\u00fcr Bruno in einem nat\u00fcrlichen Zustand bleiben.<\/p>\n<p>Bruno Collinet war Teil dieses neuen, vagen Tanzprofessors, der die Grenzen der Dune-Technik \u00fcberwunden hatte, um seinen Stil zu verbessern, die Ouvert\u00fcre der Entwicklung der choreografischen Kunst. Er wird seit mehreren Jahren im Amt eingesetzt und schl\u00e4gt einen besonderen Stil und eine originelle Methode auf f\u00fcnf Kontinenten vor. Im Rahmen unterschiedlicher Kulturen, unterschiedlicher Tendenzen und neuer Generationen erm\u00f6glicht es mir die p\u00e4dagogische Arbeit, den Kurs mit unterschiedlichen Zielen und unterschiedlichen Zielen zu begreifen. F\u00fcr Bruno Collinet war es das Wichtigste, aber das Ergebnis war vor der Arbeit des Korps. Aufbau aus einfachen Elementen: K\u00f6rpergewicht, Sonnenkontakt, Appui, Kinesph\u00e4re, artikul\u00e4re Entspannung; Die vorgeschlagenen \u00dcbungen umfassen eine Restrukturierung der Muskulatur, eine wirksame und solide Platzierung, die eine nat\u00fcrliche, schwierige Ausf\u00fchrung erm\u00f6glicht;<br \/>\nBruno Collinet leitete eine Reise durch seine Interpretation der choreografischen Kunst, eine neue Arbeit an den Bewegungen des Oberk\u00f6rpers im Gleichgewicht, an den Energiekassetten, an der Musikalit\u00e4t und an der Interpretation. F\u00fcr dich, der Tanz ist und bleibt in einem nat\u00fcrlichen Zustand.<\/p>","protected":false},"featured_media":6074,"comment_status":"closed","ping_status":"closed","template":"","meta":{"_acf_changed":false,"site-sidebar-layout":"default","site-content-layout":"default","ast-site-content-layout":"default","site-content-style":"default","site-sidebar-style":"default","ast-global-header-display":"","ast-banner-title-visibility":"","ast-main-header-display":"","ast-hfb-above-header-display":"","ast-hfb-below-header-display":"","ast-hfb-mobile-header-display":"","site-post-title":"","ast-breadcrumbs-content":"","ast-featured-img":"","footer-sml-layout":"","ast-disable-related-posts":"","theme-transparent-header-meta":"default","adv-header-id-meta":"","stick-header-meta":"default","header-above-stick-meta":"","header-main-stick-meta":"","header-below-stick-meta":"","astra-migrate-meta-layouts":"default","ast-page-background-enabled":"default","ast-page-background-meta":{"desktop":{"background-color":"","background-image":"","background-repeat":"repeat","background-position":"center center","background-size":"auto","background-attachment":"scroll","background-type":"","background-media":"","overlay-type":"","overlay-color":"","overlay-opacity":"","overlay-gradient":""},"tablet":{"background-color":"","background-image":"","background-repeat":"repeat","background-position":"center center","background-size":"auto","background-attachment":"scroll","background-type":"","background-media":"","overlay-type":"","overlay-color":"","overlay-opacity":"","overlay-gradient":""},"mobile":{"background-color":"","background-image":"","background-repeat":"repeat","background-position":"center center","background-size":"auto","background-attachment":"scroll","background-type":"","background-media":"","overlay-type":"","overlay-color":"","overlay-opacity":"","overlay-gradient":""}},"ast-content-background-meta":{"desktop":{"background-color":"var(--ast-global-color-5)","background-image":"","background-repeat":"repeat","background-position":"center center","background-size":"auto","background-attachment":"scroll","background-type":"","background-media":"","overlay-type":"","overlay-color":"","overlay-opacity":"","overlay-gradient":""},"tablet":{"background-color":"var(--ast-global-color-5)","background-image":"","background-repeat":"repeat","background-position":"center center","background-size":"auto","background-attachment":"scroll","background-type":"","background-media":"","overlay-type":"","overlay-color":"","overlay-opacity":"","overlay-gradient":""},"mobile":{"background-color":"var(--ast-global-color-5)","background-image":"","background-repeat":"repeat","background-position":"center center","background-size":"auto","background-attachment":"scroll","background-type":"","background-media":"","overlay-type":"","overlay-color":"","overlay-opacity":"","overlay-gradient":""}}},"product_brand":[],"product_cat":[58,29],"product_tag":[],"wpstream_actors":[],"wpstream_category":[],"wpstream_movie_rating":[],"class_list":{"0":"post-4122","1":"product","2":"type-product","3":"status-publish","4":"has-post-thumbnail","6":"product_cat-dance-videos","7":"product_cat-warm-up","8":"desktop-align-left","9":"tablet-align-left","10":"mobile-align-left","12":"first","13":"instock","14":"sale","15":"shipping-taxable","16":"purchasable","17":"product-type-simple"},"acf":[],"jetpack_sharing_enabled":true,"_links":{"self":[{"href":"https:\/\/worlddancemovement.com\/de\/wp-json\/wp\/v2\/product\/4122","targetHints":{"allow":["GET"]}}],"collection":[{"href":"https:\/\/worlddancemovement.com\/de\/wp-json\/wp\/v2\/product"}],"about":[{"href":"https:\/\/worlddancemovement.com\/de\/wp-json\/wp\/v2\/types\/product"}],"replies":[{"embeddable":true,"href":"https:\/\/worlddancemovement.com\/de\/wp-json\/wp\/v2\/comments?post=4122"}],"wp:featuredmedia":[{"embeddable":true,"href":"https:\/\/worlddancemovement.com\/de\/wp-json\/wp\/v2\/media\/6074"}],"wp:attachment":[{"href":"https:\/\/worlddancemovement.com\/de\/wp-json\/wp\/v2\/media?parent=4122"}],"wp:term":[{"taxonomy":"product_brand","embeddable":true,"href":"https:\/\/worlddancemovement.com\/de\/wp-json\/wp\/v2\/product_brand?post=4122"},{"taxonomy":"product_cat","embeddable":true,"href":"https:\/\/worlddancemovement.com\/de\/wp-json\/wp\/v2\/product_cat?post=4122"},{"taxonomy":"product_tag","embeddable":true,"href":"https:\/\/worlddancemovement.com\/de\/wp-json\/wp\/v2\/product_tag?post=4122"},{"taxonomy":"wpstream_actors","embeddable":true,"href":"https:\/\/worlddancemovement.com\/de\/wp-json\/wp\/v2\/wpstream_actors?post=4122"},{"taxonomy":"wpstream_category","embeddable":true,"href":"https:\/\/worlddancemovement.com\/de\/wp-json\/wp\/v2\/wpstream_category?post=4122"},{"taxonomy":"wpstream_movie_rating","embeddable":true,"href":"https:\/\/worlddancemovement.com\/de\/wp-json\/wp\/v2\/wpstream_movie_rating?post=4122"}],"curies":[{"name":"wp","href":"https:\/\/api.w.org\/{rel}","templated":true}]}}