{"id":4123,"date":"2021-09-13T12:17:09","date_gmt":"2021-09-13T12:17:09","guid":{"rendered":"https:\/\/migrate.worlddancemovement.com\/?post_type=product&#038;p=4123"},"modified":"2022-08-16T03:27:58","modified_gmt":"2022-08-16T03:27:58","slug":"country-line-dance-with-summyr-whaley-vol-i","status":"publish","type":"product","link":"https:\/\/worlddancemovement.com\/de\/produkt\/country-line-dance-with-summyr-whaley-vol-i\/","title":{"rendered":"Country Line Dance mit Summyr Whaley \u2013 VOL I"},"content":{"rendered":"","protected":false},"excerpt":{"rendered":"<p>IN DEN WARENKORB \u2013 Kaufen Sie eine gedruckte DVD<br \/>\nSTREAM \u2013 Streamen Sie jeden Line Dance einzeln oder das gesamte Video<\/p>\n<p>Dieser Band I\u00a0<b>Country-Line-Dance<\/b>\u00a0Die DVD beginnt mit den grundlegenden Schritten, die zum Erlernen von 1 bis 4 Wall Country Line Dances erforderlich sind. Es zeigt auch unterhaltsame und einfache M\u00f6glichkeiten, mit einem Partner zu tanzen. Dieses Video ist eine gro\u00dfartige M\u00f6glichkeit, jedem beizubringen, wie man einem Takt folgt und gleichzeitig ein tolles Bodenmuster erstellt! Wenn Sie noch nie getanzt haben, ist das kein Problem! Diese DVD ist ein \u201eMust Have\u201c f\u00fcr Anf\u00e4nger, da die Anleitung klar und verst\u00e4ndlich ist und alle Schritte vollst\u00e4ndig umsetzbar sind. Diese DVD wurde entwickelt, um absoluten Anf\u00e4ngern in weniger als 2 Stunden ein gutes und selbstbewusstes Aussehen zu vermitteln. In HD gefilmt und durch mehrere Kamerawinkel mit innovativen und unterhaltsamen grafischen Elementen erg\u00e4nzt, ist dieses Programm perfekt, um das Lernerlebnis von Country Line Dance direkt in Ihr Wohnzimmer zu bringen!<\/p>\n<p>Im Handumdrehen lernen Sie Tanzklassiker wie den Electric Slide, den Cotton Eyed Joe, Cowboy Strut und den Cheeseburger sowie brandneue Country-Line-T\u00e4nze! Lasst uns Country Line Dance tanzen!<b><big><\/big><\/b><\/p>\n<p>\u00dcber Summyr:<br \/>\n<i><br \/>\nSummyr M. Whaley ist ein Radio City Rockette und freut sich auf das n\u00e4chste Jahr! Sie ist auch als Hauptt\u00e4nzerin und als Miss Utah im gro\u00dfen Kinofilm \u201eMiss Congeniality\u201c mit Sandra Bullock und Michael Cain zu sehen. Summyr war Iris Kelly auf der Europatournee des Musicals \u201eFame\u201c und war au\u00dferdem Backgroundt\u00e4nzerin f\u00fcr den griechischen Popstar Nikos Vertis in Athen, Griechenland. Weitere regionale Auftritte sind \u201eAnnie Get Your Gun\u201c, \u201eChicago\u201c und \u201eMusic Man\u201c. Summyr war Tanzkapit\u00e4n der Richland High School Dixie Belles in Fort Worth und choreografiert derzeit f\u00fcr Drill\/Dance-Teams und Tanzstudios in Texas. Sie schloss ihr Studium an der University of Texas in Austin mit einem Bachelor of Fine Art in Dance ab. Summyr ist au\u00dferdem stolzes Alumni-Mitglied des Jazzprogramms beim Jacob&#039;s Pillow Dance Festival unter der Leitung von Chet Walker. Sie ist au\u00dferdem Autorin f\u00fcr Stage Door Access (stagedooraccess.com), eine Website f\u00fcr K\u00fcnstler. Summyr beendet ihre vierte Staffel beim Starpower Dance Competition als regionale und nationale Jurorin. Sie ist seit 10 Jahren als Lehrerin\/Choreografin t\u00e4tig. Durch ihre Lehrm\u00f6glichkeiten reiste sie durch das Land und gab T\u00e4nzern Meisterkurse, Choreografien und vorprofessionelle Tanzseminare. Summyr hat sowohl in ihrer Heimat Texas als auch in New York City in zahlreichen Fernsehspecials, Werbespots und Werbespots mitgewirkt.<\/i><\/p>","protected":false},"featured_media":4170,"comment_status":"closed","ping_status":"closed","template":"","meta":{"_acf_changed":false,"site-sidebar-layout":"default","site-content-layout":"default","ast-site-content-layout":"default","site-content-style":"default","site-sidebar-style":"default","ast-global-header-display":"","ast-banner-title-visibility":"","ast-main-header-display":"","ast-hfb-above-header-display":"","ast-hfb-below-header-display":"","ast-hfb-mobile-header-display":"","site-post-title":"","ast-breadcrumbs-content":"","ast-featured-img":"","footer-sml-layout":"","ast-disable-related-posts":"","theme-transparent-header-meta":"default","adv-header-id-meta":"","stick-header-meta":"default","header-above-stick-meta":"","header-main-stick-meta":"","header-below-stick-meta":"","astra-migrate-meta-layouts":"default","ast-page-background-enabled":"default","ast-page-background-meta":{"desktop":{"background-color":"","background-image":"","background-repeat":"repeat","background-position":"center center","background-size":"auto","background-attachment":"scroll","background-type":"","background-media":"","overlay-type":"","overlay-color":"","overlay-opacity":"","overlay-gradient":""},"tablet":{"background-color":"","background-image":"","background-repeat":"repeat","background-position":"center center","background-size":"auto","background-attachment":"scroll","background-type":"","background-media":"","overlay-type":"","overlay-color":"","overlay-opacity":"","overlay-gradient":""},"mobile":{"background-color":"","background-image":"","background-repeat":"repeat","background-position":"center center","background-size":"auto","background-attachment":"scroll","background-type":"","background-media":"","overlay-type":"","overlay-color":"","overlay-opacity":"","overlay-gradient":""}},"ast-content-background-meta":{"desktop":{"background-color":"var(--ast-global-color-5)","background-image":"","background-repeat":"repeat","background-position":"center center","background-size":"auto","background-attachment":"scroll","background-type":"","background-media":"","overlay-type":"","overlay-color":"","overlay-opacity":"","overlay-gradient":""},"tablet":{"background-color":"var(--ast-global-color-5)","background-image":"","background-repeat":"repeat","background-position":"center center","background-size":"auto","background-attachment":"scroll","background-type":"","background-media":"","overlay-type":"","overlay-color":"","overlay-opacity":"","overlay-gradient":""},"mobile":{"background-color":"var(--ast-global-color-5)","background-image":"","background-repeat":"repeat","background-position":"center center","background-size":"auto","background-attachment":"scroll","background-type":"","background-media":"","overlay-type":"","overlay-color":"","overlay-opacity":"","overlay-gradient":""}}},"product_brand":[],"product_cat":[32,58,27,42,31],"product_tag":[],"wpstream_actors":[],"wpstream_category":[],"wpstream_movie_rating":[],"class_list":{"0":"post-4123","1":"product","2":"type-product","3":"status-publish","4":"has-post-thumbnail","6":"product_cat-choreography","7":"product_cat-dance-videos","8":"product_cat-kids","9":"product_cat-new-releases","10":"product_cat-theatre","11":"desktop-align-left","12":"tablet-align-left","13":"mobile-align-left","15":"first","16":"instock","17":"sale","18":"shipping-taxable","19":"purchasable","20":"product-type-simple"},"acf":[],"jetpack_sharing_enabled":true,"_links":{"self":[{"href":"https:\/\/worlddancemovement.com\/de\/wp-json\/wp\/v2\/product\/4123","targetHints":{"allow":["GET"]}}],"collection":[{"href":"https:\/\/worlddancemovement.com\/de\/wp-json\/wp\/v2\/product"}],"about":[{"href":"https:\/\/worlddancemovement.com\/de\/wp-json\/wp\/v2\/types\/product"}],"replies":[{"embeddable":true,"href":"https:\/\/worlddancemovement.com\/de\/wp-json\/wp\/v2\/comments?post=4123"}],"wp:featuredmedia":[{"embeddable":true,"href":"https:\/\/worlddancemovement.com\/de\/wp-json\/wp\/v2\/media\/4170"}],"wp:attachment":[{"href":"https:\/\/worlddancemovement.com\/de\/wp-json\/wp\/v2\/media?parent=4123"}],"wp:term":[{"taxonomy":"product_brand","embeddable":true,"href":"https:\/\/worlddancemovement.com\/de\/wp-json\/wp\/v2\/product_brand?post=4123"},{"taxonomy":"product_cat","embeddable":true,"href":"https:\/\/worlddancemovement.com\/de\/wp-json\/wp\/v2\/product_cat?post=4123"},{"taxonomy":"product_tag","embeddable":true,"href":"https:\/\/worlddancemovement.com\/de\/wp-json\/wp\/v2\/product_tag?post=4123"},{"taxonomy":"wpstream_actors","embeddable":true,"href":"https:\/\/worlddancemovement.com\/de\/wp-json\/wp\/v2\/wpstream_actors?post=4123"},{"taxonomy":"wpstream_category","embeddable":true,"href":"https:\/\/worlddancemovement.com\/de\/wp-json\/wp\/v2\/wpstream_category?post=4123"},{"taxonomy":"wpstream_movie_rating","embeddable":true,"href":"https:\/\/worlddancemovement.com\/de\/wp-json\/wp\/v2\/wpstream_movie_rating?post=4123"}],"curies":[{"name":"wp","href":"https:\/\/api.w.org\/{rel}","templated":true}]}}