{"id":4127,"date":"2021-09-13T12:17:09","date_gmt":"2021-09-13T12:17:09","guid":{"rendered":"https:\/\/migrate.worlddancemovement.com\/?post_type=product&#038;p=4127"},"modified":"2022-11-16T16:31:30","modified_gmt":"2022-11-16T16:31:30","slug":"latin-dance-w-luis-salgado-vol-iii-chacha-mambo","status":"publish","type":"product","link":"https:\/\/worlddancemovement.com\/de\/produkt\/latin-dance-w-luis-salgado-vol-iii-chacha-mambo\/","title":{"rendered":"LATEINISCHER TANZ mit Luis Salgado-VOL III-ChaCha MAMBO"},"content":{"rendered":"","protected":false},"excerpt":{"rendered":"<p>In diesem 60-min\u00fctigen Video bringt Ihnen Luis die grundlegende lateinamerikanische Tanztechnik bei und konzentriert sich dabei auf eine Fusion zwischen CHA-CHA und MAMBO. Dieses energiegeladene Video f\u00fchrt in die Kunst der lateinamerikanischen Bewegung, des Rhythmus und des Stils ein und nutzt dabei die Jazz-Grundlagen. Luis wird sich auf die Entwicklung von Auftrittsf\u00e4higkeiten und die Verschmelzung rhythmischer Muster konzentrieren, die von einem Triple-Beat zu einem Jazz-Mambo-\u201eONE\u201c-UP-Beat reichen, und das alles, w\u00e4hrend er gleichzeitig Kalorien verbrennt und gesund bleibt! Dieser einzigartige Stil stammt direkt aus Luis\u2018 Heimat Puerto Rico mit einem Einfluss von Kuba und New York City.<\/p>\n<p>Dieser Kurs umfasst Isolations-, Koordinations-, Cardio-, Kraft- und einige Flexibilit\u00e4ts\u00fcbungen. Im Klassenzimmerformat gefilmt, wird das Lernen von Luis leicht gemacht, da er auf Anf\u00e4ngerniveau unterrichtet und es jedem T\u00e4nzer erm\u00f6glicht, ein Verst\u00e4ndnis f\u00fcr diesen Stil und diese Musikalit\u00e4t zu entwickeln. Sie werden eine tolle Zeit haben, von Luis durch seine ansteckende Energie zu lernen! F\u00fcgen Sie diese DVD mit Luis Salgado Ihrer Latin-Dance-Sammlung hinzu!<\/p>\n<p>Luis Salgado spielt \u201eJose\u201c und ist lateinamerikanischer Assistenzchoreograf des neuen erfolgreichen Broadway-Musicals \u201eIn The Heights \u2013 BESTES MUSICAL 2008 bei den Tony Awards\u201c. Im Jahr 2002 zog er nach New York und tr\u00e4umte davon, seine Leidenschaft zu verwirklichen und auf einer Broadway-B\u00fchne aufzutreten. Bis heute ist Luis unter anderem in Shows wie The Mambo Kings (Frankie Suarez), Fame on 42nd Street (Joe Vegas u\/s) und Aida aufgetreten. Zu den Filmcredits geh\u00f6rt: Step Up 2 The Streets (Alejandro). Dirty Dancing 2 (Diego Lunas Tanzdouble), Enchanted, Across the Universe, American Gangster und The Great Observer. Luis choreografierte die Musicals Serenade und The Drop Outs in NYC und war Co-Regisseur\/Choreografie der Originalshow Mezcla in Peru. Luis war\u00a0<span class=\"details\">in der Lage, Choreografen wie zu unterst\u00fctzen\u00a0<\/span><span class=\"yshortcuts\">Maria Torres<\/span><span class=\"details\">\u00a0im Film Enchanted; Jamal Sims im Film\u00a0<\/span><span class=\"yshortcuts\">Steigern Sie die Stra\u00dfen<\/span><span class=\"details\">\u00a0und ist begeistert, seine Kultur als lateinamerikanischer Assistenzchoreograf bei In The Heights zu repr\u00e4sentieren.\u00a0<span class=\"yshortcuts\"><u>BroadwayWorld.com<\/u><\/span>\u00a0Zigeuner des Monats und a\u00a0<\/span><span class=\"yshortcuts\">Drama Desk Award<\/span><span class=\"details\">\u00a0f\u00fcr herausragendes Ensemble f\u00fcr\u00a0<\/span><span class=\"yshortcuts\">In den H\u00f6hen<\/span><span class=\"details\">. Luis war Co-Produzent seiner eigenen DVD \u201eLatin Fusion with Luis Salgado\u201c und ist Direktor von R.Evolucion Latina \u2013 DARE TO GO BEYOND!, einer k\u00fcnstlerischen Bewegung, die das Leben, die Karriere, die Triumphe und die Existenz aller Latino-K\u00fcnstler aller Art feiert des\u00a0<\/span><span class=\"yshortcuts\">New York<\/span><span class=\"details\">\u00a0<\/span><span class=\"yshortcuts\">Gemeinschaft darstellender K\u00fcnste<\/span><span class=\"details\">.<br \/>\n<\/span><\/p>\n<p><b><big><small><span class=\"details\">\u201eWenn Sie sich daf\u00fcr entscheiden, dem Weg Ihrer Tr\u00e4ume zu folgen, verpflichten Sie sich dazu. Akzeptiere deinen Weg.\u201c<\/span><\/small><\/big><\/b><\/p>","protected":false},"featured_media":7028,"comment_status":"closed","ping_status":"closed","template":"","meta":{"_acf_changed":false,"site-sidebar-layout":"default","site-content-layout":"default","ast-site-content-layout":"default","site-content-style":"default","site-sidebar-style":"default","ast-global-header-display":"","ast-banner-title-visibility":"","ast-main-header-display":"","ast-hfb-above-header-display":"","ast-hfb-below-header-display":"","ast-hfb-mobile-header-display":"","site-post-title":"","ast-breadcrumbs-content":"","ast-featured-img":"","footer-sml-layout":"","ast-disable-related-posts":"","theme-transparent-header-meta":"default","adv-header-id-meta":"","stick-header-meta":"default","header-above-stick-meta":"","header-main-stick-meta":"","header-below-stick-meta":"","astra-migrate-meta-layouts":"default","ast-page-background-enabled":"default","ast-page-background-meta":{"desktop":{"background-color":"","background-image":"","background-repeat":"repeat","background-position":"center center","background-size":"auto","background-attachment":"scroll","background-type":"","background-media":"","overlay-type":"","overlay-color":"","overlay-opacity":"","overlay-gradient":""},"tablet":{"background-color":"","background-image":"","background-repeat":"repeat","background-position":"center center","background-size":"auto","background-attachment":"scroll","background-type":"","background-media":"","overlay-type":"","overlay-color":"","overlay-opacity":"","overlay-gradient":""},"mobile":{"background-color":"","background-image":"","background-repeat":"repeat","background-position":"center center","background-size":"auto","background-attachment":"scroll","background-type":"","background-media":"","overlay-type":"","overlay-color":"","overlay-opacity":"","overlay-gradient":""}},"ast-content-background-meta":{"desktop":{"background-color":"var(--ast-global-color-5)","background-image":"","background-repeat":"repeat","background-position":"center center","background-size":"auto","background-attachment":"scroll","background-type":"","background-media":"","overlay-type":"","overlay-color":"","overlay-opacity":"","overlay-gradient":""},"tablet":{"background-color":"var(--ast-global-color-5)","background-image":"","background-repeat":"repeat","background-position":"center center","background-size":"auto","background-attachment":"scroll","background-type":"","background-media":"","overlay-type":"","overlay-color":"","overlay-opacity":"","overlay-gradient":""},"mobile":{"background-color":"var(--ast-global-color-5)","background-image":"","background-repeat":"repeat","background-position":"center center","background-size":"auto","background-attachment":"scroll","background-type":"","background-media":"","overlay-type":"","overlay-color":"","overlay-opacity":"","overlay-gradient":""}}},"product_brand":[],"product_cat":[32,58,27,33,42,31],"product_tag":[],"wpstream_actors":[],"wpstream_category":[],"wpstream_movie_rating":[],"class_list":{"0":"post-4127","1":"product","2":"type-product","3":"status-publish","4":"has-post-thumbnail","6":"product_cat-choreography","7":"product_cat-dance-videos","8":"product_cat-kids","9":"product_cat-latin-dance","10":"product_cat-new-releases","11":"product_cat-theatre","12":"desktop-align-left","13":"tablet-align-left","14":"mobile-align-left","16":"first","17":"instock","18":"sale","19":"shipping-taxable","20":"purchasable","21":"product-type-simple"},"acf":[],"jetpack_sharing_enabled":true,"_links":{"self":[{"href":"https:\/\/worlddancemovement.com\/de\/wp-json\/wp\/v2\/product\/4127","targetHints":{"allow":["GET"]}}],"collection":[{"href":"https:\/\/worlddancemovement.com\/de\/wp-json\/wp\/v2\/product"}],"about":[{"href":"https:\/\/worlddancemovement.com\/de\/wp-json\/wp\/v2\/types\/product"}],"replies":[{"embeddable":true,"href":"https:\/\/worlddancemovement.com\/de\/wp-json\/wp\/v2\/comments?post=4127"}],"wp:featuredmedia":[{"embeddable":true,"href":"https:\/\/worlddancemovement.com\/de\/wp-json\/wp\/v2\/media\/7028"}],"wp:attachment":[{"href":"https:\/\/worlddancemovement.com\/de\/wp-json\/wp\/v2\/media?parent=4127"}],"wp:term":[{"taxonomy":"product_brand","embeddable":true,"href":"https:\/\/worlddancemovement.com\/de\/wp-json\/wp\/v2\/product_brand?post=4127"},{"taxonomy":"product_cat","embeddable":true,"href":"https:\/\/worlddancemovement.com\/de\/wp-json\/wp\/v2\/product_cat?post=4127"},{"taxonomy":"product_tag","embeddable":true,"href":"https:\/\/worlddancemovement.com\/de\/wp-json\/wp\/v2\/product_tag?post=4127"},{"taxonomy":"wpstream_actors","embeddable":true,"href":"https:\/\/worlddancemovement.com\/de\/wp-json\/wp\/v2\/wpstream_actors?post=4127"},{"taxonomy":"wpstream_category","embeddable":true,"href":"https:\/\/worlddancemovement.com\/de\/wp-json\/wp\/v2\/wpstream_category?post=4127"},{"taxonomy":"wpstream_movie_rating","embeddable":true,"href":"https:\/\/worlddancemovement.com\/de\/wp-json\/wp\/v2\/wpstream_movie_rating?post=4127"}],"curies":[{"name":"wp","href":"https:\/\/api.w.org\/{rel}","templated":true}]}}