{"id":4128,"date":"2021-09-13T12:17:09","date_gmt":"2021-09-13T12:17:09","guid":{"rendered":"https:\/\/migrate.worlddancemovement.com\/?post_type=product&#038;p=4128"},"modified":"2022-11-16T16:31:55","modified_gmt":"2022-11-16T16:31:55","slug":"latin-dance-with-luis-salgado-vol-iv-salsa","status":"publish","type":"product","link":"https:\/\/worlddancemovement.com\/de\/produkt\/latin-dance-with-luis-salgado-vol-iv-salsa\/","title":{"rendered":"LATEINISCHER TANZ mit Luis Salgado \u2013 BAND IV SALSA"},"content":{"rendered":"","protected":false},"excerpt":{"rendered":"<h3><b>LATEINISCHER TANZ MIT LUIS SALGADO \u2013 SALSA \u2013 VOL. IV<\/b><\/h3>\n<p>In diesem 45-min\u00fctigen Video bringt Ihnen Luis die Grundlagen von SALSA bei. Durch die Nutzung der \u201e2\/3 Clave\u201c haben die Sch\u00fcler die M\u00f6glichkeit, den Downbeat auf der \u201eZwei\u201c im Gegensatz zu \u201eEins\u201c zu erkunden \u2013 auf \u201eEins\u201c ist zus\u00e4tzlicher Platz erforderlich, und das macht diesen Stil sch\u00f6n und herausfordernd. Dieses energiegeladene Video f\u00fchrt in die Kunst der lateinamerikanischen Bewegung, des Rhythmus und des Stils ein und nutzt dabei die Jazz-Grundlage. Luis wird sich darauf konzentrieren, das Herz f\u00fcr das Tanzen zu \u00f6ffnen, als ersten Schritt, um Spa\u00df zu haben und Leistungsf\u00e4higkeiten zu entwickeln, w\u00e4hrend man gleichzeitig Kalorien verbrennt und gesund bleibt! Dieser einzigartige Stil wird direkt aus Luis\u2018 Heimat Puerto Rico zu Ihnen gebracht.<\/p>\n<p>Dieser Kurs umfasst Isolations-, Koordinations-, Cardio-, Kraft- und einige Flexibilit\u00e4ts\u00fcbungen. Im Klassenzimmerformat gefilmt, wird das Lernen von Luis leicht gemacht, da er auf Anf\u00e4ngerniveau unterrichtet und es jedem T\u00e4nzer erm\u00f6glicht, ein Verst\u00e4ndnis f\u00fcr diesen Stil und diese Musikalit\u00e4t zu entwickeln. Sie werden eine tolle Zeit haben, von Luis durch seine ansteckende Energie zu lernen! Weitere Stile finden Sie in anderen Tezoro LIVE Latin Dance-B\u00e4nden.<\/p>","protected":false},"featured_media":4185,"comment_status":"closed","ping_status":"closed","template":"","meta":{"_acf_changed":false,"site-sidebar-layout":"default","site-content-layout":"default","ast-site-content-layout":"default","site-content-style":"default","site-sidebar-style":"default","ast-global-header-display":"","ast-banner-title-visibility":"","ast-main-header-display":"","ast-hfb-above-header-display":"","ast-hfb-below-header-display":"","ast-hfb-mobile-header-display":"","site-post-title":"","ast-breadcrumbs-content":"","ast-featured-img":"","footer-sml-layout":"","ast-disable-related-posts":"","theme-transparent-header-meta":"default","adv-header-id-meta":"","stick-header-meta":"default","header-above-stick-meta":"","header-main-stick-meta":"","header-below-stick-meta":"","astra-migrate-meta-layouts":"default","ast-page-background-enabled":"default","ast-page-background-meta":{"desktop":{"background-color":"","background-image":"","background-repeat":"repeat","background-position":"center center","background-size":"auto","background-attachment":"scroll","background-type":"","background-media":"","overlay-type":"","overlay-color":"","overlay-opacity":"","overlay-gradient":""},"tablet":{"background-color":"","background-image":"","background-repeat":"repeat","background-position":"center center","background-size":"auto","background-attachment":"scroll","background-type":"","background-media":"","overlay-type":"","overlay-color":"","overlay-opacity":"","overlay-gradient":""},"mobile":{"background-color":"","background-image":"","background-repeat":"repeat","background-position":"center center","background-size":"auto","background-attachment":"scroll","background-type":"","background-media":"","overlay-type":"","overlay-color":"","overlay-opacity":"","overlay-gradient":""}},"ast-content-background-meta":{"desktop":{"background-color":"var(--ast-global-color-5)","background-image":"","background-repeat":"repeat","background-position":"center center","background-size":"auto","background-attachment":"scroll","background-type":"","background-media":"","overlay-type":"","overlay-color":"","overlay-opacity":"","overlay-gradient":""},"tablet":{"background-color":"var(--ast-global-color-5)","background-image":"","background-repeat":"repeat","background-position":"center center","background-size":"auto","background-attachment":"scroll","background-type":"","background-media":"","overlay-type":"","overlay-color":"","overlay-opacity":"","overlay-gradient":""},"mobile":{"background-color":"var(--ast-global-color-5)","background-image":"","background-repeat":"repeat","background-position":"center center","background-size":"auto","background-attachment":"scroll","background-type":"","background-media":"","overlay-type":"","overlay-color":"","overlay-opacity":"","overlay-gradient":""}}},"product_brand":[],"product_cat":[32,58,27,33,42,31],"product_tag":[],"wpstream_actors":[],"wpstream_category":[],"wpstream_movie_rating":[],"class_list":{"0":"post-4128","1":"product","2":"type-product","3":"status-publish","4":"has-post-thumbnail","6":"product_cat-choreography","7":"product_cat-dance-videos","8":"product_cat-kids","9":"product_cat-latin-dance","10":"product_cat-new-releases","11":"product_cat-theatre","12":"desktop-align-left","13":"tablet-align-left","14":"mobile-align-left","16":"first","17":"instock","18":"sale","19":"shipping-taxable","20":"purchasable","21":"product-type-simple"},"acf":[],"jetpack_sharing_enabled":true,"_links":{"self":[{"href":"https:\/\/worlddancemovement.com\/de\/wp-json\/wp\/v2\/product\/4128","targetHints":{"allow":["GET"]}}],"collection":[{"href":"https:\/\/worlddancemovement.com\/de\/wp-json\/wp\/v2\/product"}],"about":[{"href":"https:\/\/worlddancemovement.com\/de\/wp-json\/wp\/v2\/types\/product"}],"replies":[{"embeddable":true,"href":"https:\/\/worlddancemovement.com\/de\/wp-json\/wp\/v2\/comments?post=4128"}],"wp:featuredmedia":[{"embeddable":true,"href":"https:\/\/worlddancemovement.com\/de\/wp-json\/wp\/v2\/media\/4185"}],"wp:attachment":[{"href":"https:\/\/worlddancemovement.com\/de\/wp-json\/wp\/v2\/media?parent=4128"}],"wp:term":[{"taxonomy":"product_brand","embeddable":true,"href":"https:\/\/worlddancemovement.com\/de\/wp-json\/wp\/v2\/product_brand?post=4128"},{"taxonomy":"product_cat","embeddable":true,"href":"https:\/\/worlddancemovement.com\/de\/wp-json\/wp\/v2\/product_cat?post=4128"},{"taxonomy":"product_tag","embeddable":true,"href":"https:\/\/worlddancemovement.com\/de\/wp-json\/wp\/v2\/product_tag?post=4128"},{"taxonomy":"wpstream_actors","embeddable":true,"href":"https:\/\/worlddancemovement.com\/de\/wp-json\/wp\/v2\/wpstream_actors?post=4128"},{"taxonomy":"wpstream_category","embeddable":true,"href":"https:\/\/worlddancemovement.com\/de\/wp-json\/wp\/v2\/wpstream_category?post=4128"},{"taxonomy":"wpstream_movie_rating","embeddable":true,"href":"https:\/\/worlddancemovement.com\/de\/wp-json\/wp\/v2\/wpstream_movie_rating?post=4128"}],"curies":[{"name":"wp","href":"https:\/\/api.w.org\/{rel}","templated":true}]}}