{"id":4147,"date":"2021-09-13T12:17:31","date_gmt":"2021-09-13T12:17:31","guid":{"rendered":"https:\/\/migrate.worlddancemovement.com\/?post_type=product&#038;p=4147"},"modified":"2022-11-16T16:29:03","modified_gmt":"2022-11-16T16:29:03","slug":"creative-movement-dvd-for-3-4-year-olds","status":"publish","type":"product","link":"https:\/\/worlddancemovement.com\/de\/produkt\/creative-movement-dvd-for-3-4-year-olds\/","title":{"rendered":"DVD \u201eKreative Bewegung\u201c f\u00fcr 3- und 4-J\u00e4hrige"},"content":{"rendered":"","protected":false},"excerpt":{"rendered":"<p>Die wertvollsten Ressourcen eines Lehrers sind die kleinsten T\u00e4nzer, die durch die T\u00fcr stapfen. Sie zu lehren und zu behalten ist eine der gr\u00f6\u00dften Herausforderungen der Tanzausbildung. Der erfahrene Studiobesitzer und Lehrer Toni Noblett wird Sie durch die ersten entmutigenden Tage des Unterrichts mit praktischen, ehrlichen und einfallsreichen Ratschl\u00e4gen und Ideen begleiten. Dieses Video vermittelt Ihnen die grundlegenden Werkzeuge zur Planung eines Lehrplans, der kreative Bewegung als ersten Studiengang f\u00fcr angehende T\u00e4nzer vorsieht. Es enth\u00e4lt Spiele, die die j\u00fcngsten Sch\u00fcler auf den Stepp-, Ballett- oder Jazztanzkurs im n\u00e4chsten Jahr vorbereiten und Sie dazu ermutigen, Ihren Kindern zu erm\u00f6glichen, mindestens ein weiteres Jahr lang Kinder zu sein \u2026<\/p>\n<p><b>Toni Nobletts\u00a0<\/b>Der Hintergrund in der Tanzausbildung ist betr\u00e4chtlich. Sechsundzwanzig Jahre lang leitete sie ein Studio in Roxboro, North Carolina, in dem Tanzkurse f\u00fcr Kinder und Erwachsene entwickelt wurden, um Wertsch\u00e4tzung f\u00fcr die K\u00fcnste, Selbstdisziplin und Respekt zu vermitteln. Zu den Kursen geh\u00f6rten auch Kinder mit besonderen Bed\u00fcrfnissen, und diese Kinder wurden ihre Mentoren. Seit 1989 ist Frau Noblett Mitarbeiterin des National Dance Institute von Jacques d&#039;Amboise in New York City. 1998 konzipierte und produzierte sie vor Ort ein Projekt, das in der CBS-Serie \u201eSunday Morning with Bill Geist\u201c zu sehen war. Sie unterrichtete Stepptanz f\u00fcr Kinder am BDC und unterrichtet derzeit f\u00fcr Rosie O&#039;Donnells \u201eRosie&#039;s Broadway Kids\u201c. Ihre beiden Kinder, Casey Noblett Callahan und Cassidy Noblett, sind professionelle T\u00e4nzer und angesehene Lehrer.<\/p>","protected":false},"featured_media":4187,"comment_status":"closed","ping_status":"closed","template":"","meta":{"_acf_changed":false,"site-sidebar-layout":"default","site-content-layout":"default","ast-site-content-layout":"default","site-content-style":"default","site-sidebar-style":"default","ast-global-header-display":"","ast-banner-title-visibility":"","ast-main-header-display":"","ast-hfb-above-header-display":"","ast-hfb-below-header-display":"","ast-hfb-mobile-header-display":"","site-post-title":"","ast-breadcrumbs-content":"","ast-featured-img":"","footer-sml-layout":"","ast-disable-related-posts":"","theme-transparent-header-meta":"default","adv-header-id-meta":"","stick-header-meta":"default","header-above-stick-meta":"","header-main-stick-meta":"","header-below-stick-meta":"","astra-migrate-meta-layouts":"default","ast-page-background-enabled":"default","ast-page-background-meta":{"desktop":{"background-color":"","background-image":"","background-repeat":"repeat","background-position":"center center","background-size":"auto","background-attachment":"scroll","background-type":"","background-media":"","overlay-type":"","overlay-color":"","overlay-opacity":"","overlay-gradient":""},"tablet":{"background-color":"","background-image":"","background-repeat":"repeat","background-position":"center center","background-size":"auto","background-attachment":"scroll","background-type":"","background-media":"","overlay-type":"","overlay-color":"","overlay-opacity":"","overlay-gradient":""},"mobile":{"background-color":"","background-image":"","background-repeat":"repeat","background-position":"center center","background-size":"auto","background-attachment":"scroll","background-type":"","background-media":"","overlay-type":"","overlay-color":"","overlay-opacity":"","overlay-gradient":""}},"ast-content-background-meta":{"desktop":{"background-color":"var(--ast-global-color-5)","background-image":"","background-repeat":"repeat","background-position":"center center","background-size":"auto","background-attachment":"scroll","background-type":"","background-media":"","overlay-type":"","overlay-color":"","overlay-opacity":"","overlay-gradient":""},"tablet":{"background-color":"var(--ast-global-color-5)","background-image":"","background-repeat":"repeat","background-position":"center center","background-size":"auto","background-attachment":"scroll","background-type":"","background-media":"","overlay-type":"","overlay-color":"","overlay-opacity":"","overlay-gradient":""},"mobile":{"background-color":"var(--ast-global-color-5)","background-image":"","background-repeat":"repeat","background-position":"center center","background-size":"auto","background-attachment":"scroll","background-type":"","background-media":"","overlay-type":"","overlay-color":"","overlay-opacity":"","overlay-gradient":""}}},"product_brand":[],"product_cat":[58,27,29],"product_tag":[],"wpstream_actors":[],"wpstream_category":[],"wpstream_movie_rating":[],"class_list":{"0":"post-4147","1":"product","2":"type-product","3":"status-publish","4":"has-post-thumbnail","6":"product_cat-dance-videos","7":"product_cat-kids","8":"product_cat-warm-up","9":"desktop-align-left","10":"tablet-align-left","11":"mobile-align-left","13":"first","14":"instock","15":"sale","16":"shipping-taxable","17":"purchasable","18":"product-type-simple"},"acf":[],"jetpack_sharing_enabled":true,"_links":{"self":[{"href":"https:\/\/worlddancemovement.com\/de\/wp-json\/wp\/v2\/product\/4147","targetHints":{"allow":["GET"]}}],"collection":[{"href":"https:\/\/worlddancemovement.com\/de\/wp-json\/wp\/v2\/product"}],"about":[{"href":"https:\/\/worlddancemovement.com\/de\/wp-json\/wp\/v2\/types\/product"}],"replies":[{"embeddable":true,"href":"https:\/\/worlddancemovement.com\/de\/wp-json\/wp\/v2\/comments?post=4147"}],"wp:featuredmedia":[{"embeddable":true,"href":"https:\/\/worlddancemovement.com\/de\/wp-json\/wp\/v2\/media\/4187"}],"wp:attachment":[{"href":"https:\/\/worlddancemovement.com\/de\/wp-json\/wp\/v2\/media?parent=4147"}],"wp:term":[{"taxonomy":"product_brand","embeddable":true,"href":"https:\/\/worlddancemovement.com\/de\/wp-json\/wp\/v2\/product_brand?post=4147"},{"taxonomy":"product_cat","embeddable":true,"href":"https:\/\/worlddancemovement.com\/de\/wp-json\/wp\/v2\/product_cat?post=4147"},{"taxonomy":"product_tag","embeddable":true,"href":"https:\/\/worlddancemovement.com\/de\/wp-json\/wp\/v2\/product_tag?post=4147"},{"taxonomy":"wpstream_actors","embeddable":true,"href":"https:\/\/worlddancemovement.com\/de\/wp-json\/wp\/v2\/wpstream_actors?post=4147"},{"taxonomy":"wpstream_category","embeddable":true,"href":"https:\/\/worlddancemovement.com\/de\/wp-json\/wp\/v2\/wpstream_category?post=4147"},{"taxonomy":"wpstream_movie_rating","embeddable":true,"href":"https:\/\/worlddancemovement.com\/de\/wp-json\/wp\/v2\/wpstream_movie_rating?post=4147"}],"curies":[{"name":"wp","href":"https:\/\/api.w.org\/{rel}","templated":true}]}}