{"id":4148,"date":"2021-09-13T12:17:31","date_gmt":"2021-09-13T12:17:31","guid":{"rendered":"https:\/\/migrate.worlddancemovement.com\/?post_type=product&#038;p=4148"},"modified":"2022-11-16T16:29:34","modified_gmt":"2022-11-16T16:29:34","slug":"lifts-vol-i-dvd-with-jeff-amsden","status":"publish","type":"product","link":"https:\/\/worlddancemovement.com\/de\/produkt\/lifts-vol-i-dvd-with-jeff-amsden\/","title":{"rendered":"Lifts VOL I DVD mit Jeff Amsden"},"content":{"rendered":"","protected":false},"excerpt":{"rendered":"<p>In diesem Video lehrt Jeff Amsden die richtige Technik f\u00fcr die Ausf\u00fchrung von Hebe\u00fcbungen. Seien Sie dabei, wenn er Themen wie die Platzierung der H\u00e4nde, die Verwendung Ihrer Beine beim Heben, die Unterst\u00fctzung Ihres unteren R\u00fcckens, das Timing und viele andere wichtige Faktoren behandelt, die f\u00fcr die sichere Ausf\u00fchrung von Hebevorg\u00e4ngen erforderlich sind. Die in diesem Video gezeigten Lifte reichen von mittleren bis zu fortgeschrittenen Schwierigkeitsgraden, mit einem speziellen Abschnitt, der sich mit M\u00e4dchen befasst, die M\u00e4dchen heben. Abschlie\u00dfend werden diese atemberaubenden \u00dcbungen Schritt f\u00fcr Schritt erkl\u00e4rt, sodass jeder sie erlernen kann. Das Hinzuf\u00fcgen dieser wundersch\u00f6nen Bewegungen zu Ihrer Choreografie wird jedem Choreografiestil, sei es Ballett, lyrisch-zeitgen\u00f6ssisches Theater, Jazz oder Musiktheater, ein aufregendes Element verleihen. Dies ist ein Muss f\u00fcr jede T\u00e4nzerbibliothek.<\/p>\n<p><b>Jeff Amsdens Credits:<\/b>\u00a0Tanzkompanien: Joffrey Ballet Concert Group, Chamber Ballet USA. Fernsehen: Die Oscar-Verleihung, die American Music Awards, Dancin&#039; to the Hits, Blowing Kisses in the Wind mit Paula Abdul, TV-Special zum 100. Jahrestag der Freiheitsstatue, Coach, The Tracy Ullman Show, The Guiding Light. Film: \u201eCinderella\u201c mit Brandy und Whitney Houston, \u201eZur\u00fcck in die Zukunft 2\u201c, \u201eAnd the Band Played On\u201c. Werbespots: Stickletts Gum, Teddy Grahams Cookies und Miller Lite. Theater: Phantom der Oper (Originalbesetzung aus LA), Jerome Robbins\u2018 Broadway (Original-Workshop-Produktion). Choreografie: \u201eA Few Good Men Dancin\u2018\u201c, \u201eGrease at the Paper Mill Playhouse\u201c, \u201eAll My Children\u201c, \u201eThe Guiding Light\u201c, Assistenzchoreografie: Saturday Night Fever (urspr\u00fcngliche West End-Produktion), an Mich\u00e8le Assaf f\u00fcr die Choreografie f\u00fcr die Produktion von \u201ePagliacci\u201c an der Houston Grand Opera , Die Elan Awards zu Ehren von Susan Stroman. www.jamsden.com<\/p>\n<p>Jeff ist au\u00dferdem Meisterlehrer f\u00fcr verschiedene Tanzstile, darunter Jazz, Lyrik und Ballett. Er war Gastdozent in Japan, Italien, den Londoner Pineapple Studios, der University of Idaho, dem Cornish Institute of the Arts, der Texas Christian University, der Colorado State University und anderen Studios auf der ganzen Welt. Jeff unterrichtet derzeit am Broadway Dance Center in New York City und an der Tremaine Dance Convention.<\/p>\n<p><b>Katy Spreadbury<\/b>\u00a0ist T\u00e4nzer\/Lehrer\/Choreograf aus Worcester, Massachusetts. In ihrer Jugend wurde ihr Talent sowohl von Wettbewerben als auch von Zeitschriften anerkannt. Sie wurde zur Miss Dance of America, Amerikas Choreografin des Jahres und Capezios Future Star ernannt und trat als herausragende K\u00fcnstlerin sowohl im Dance als auch im Dance Spirit Magazine auf. Als professionelle T\u00e4nzerin hat Katy sie durch das ganze Land gef\u00fchrt. Sie ist immer wieder eine gefragte Gastk\u00fcnstlerin, trat an der Seite von Legenden wie Ben Vereen und Karen Ziemba auf und tanzte zuletzt als Hauptdarstellerin bei den Astaire Awards in New York City. Ein gro\u00dfartiger K\u00fcnstler, der mit einem guten Herzen und einem starken Willen unterrichtet. Ihre unbestreitbare Technik und Leidenschaft f\u00fcr den Tanz zeigt sich jedes Mal, wenn sie unterrichtet. Als Ausbilderin gilt Katy als unglaubliche Motivatorin, positiver Geist und Wissensquelle. Sie hat sich schnell zum Liebling der Kongressszene entwickelt und ist weiterhin im ganzen Land eine gefragte Lehrerin, die etwas bewirken m\u00f6chte. Derzeit ist sie Dozentin und tourt mit JUMP \u2013 der Tanzmesse.<\/p>","protected":false},"featured_media":4188,"comment_status":"closed","ping_status":"closed","template":"","meta":{"_acf_changed":false,"site-sidebar-layout":"default","site-content-layout":"default","ast-site-content-layout":"default","site-content-style":"default","site-sidebar-style":"default","ast-global-header-display":"","ast-banner-title-visibility":"","ast-main-header-display":"","ast-hfb-above-header-display":"","ast-hfb-below-header-display":"","ast-hfb-mobile-header-display":"","site-post-title":"","ast-breadcrumbs-content":"","ast-featured-img":"","footer-sml-layout":"","ast-disable-related-posts":"","theme-transparent-header-meta":"default","adv-header-id-meta":"","stick-header-meta":"default","header-above-stick-meta":"","header-main-stick-meta":"","header-below-stick-meta":"","astra-migrate-meta-layouts":"default","ast-page-background-enabled":"default","ast-page-background-meta":{"desktop":{"background-color":"","background-image":"","background-repeat":"repeat","background-position":"center center","background-size":"auto","background-attachment":"scroll","background-type":"","background-media":"","overlay-type":"","overlay-color":"","overlay-opacity":"","overlay-gradient":""},"tablet":{"background-color":"","background-image":"","background-repeat":"repeat","background-position":"center center","background-size":"auto","background-attachment":"scroll","background-type":"","background-media":"","overlay-type":"","overlay-color":"","overlay-opacity":"","overlay-gradient":""},"mobile":{"background-color":"","background-image":"","background-repeat":"repeat","background-position":"center center","background-size":"auto","background-attachment":"scroll","background-type":"","background-media":"","overlay-type":"","overlay-color":"","overlay-opacity":"","overlay-gradient":""}},"ast-content-background-meta":{"desktop":{"background-color":"var(--ast-global-color-5)","background-image":"","background-repeat":"repeat","background-position":"center center","background-size":"auto","background-attachment":"scroll","background-type":"","background-media":"","overlay-type":"","overlay-color":"","overlay-opacity":"","overlay-gradient":""},"tablet":{"background-color":"var(--ast-global-color-5)","background-image":"","background-repeat":"repeat","background-position":"center center","background-size":"auto","background-attachment":"scroll","background-type":"","background-media":"","overlay-type":"","overlay-color":"","overlay-opacity":"","overlay-gradient":""},"mobile":{"background-color":"var(--ast-global-color-5)","background-image":"","background-repeat":"repeat","background-position":"center center","background-size":"auto","background-attachment":"scroll","background-type":"","background-media":"","overlay-type":"","overlay-color":"","overlay-opacity":"","overlay-gradient":""}}},"product_brand":[],"product_cat":[32,58,34,36],"product_tag":[],"wpstream_actors":[],"wpstream_category":[],"wpstream_movie_rating":[],"class_list":{"0":"post-4148","1":"product","2":"type-product","3":"status-publish","4":"has-post-thumbnail","6":"product_cat-choreography","7":"product_cat-dance-videos","8":"product_cat-lifts-partnering","9":"product_cat-technique","10":"desktop-align-left","11":"tablet-align-left","12":"mobile-align-left","14":"first","15":"instock","16":"sale","17":"shipping-taxable","18":"purchasable","19":"product-type-simple"},"acf":[],"jetpack_sharing_enabled":true,"_links":{"self":[{"href":"https:\/\/worlddancemovement.com\/de\/wp-json\/wp\/v2\/product\/4148","targetHints":{"allow":["GET"]}}],"collection":[{"href":"https:\/\/worlddancemovement.com\/de\/wp-json\/wp\/v2\/product"}],"about":[{"href":"https:\/\/worlddancemovement.com\/de\/wp-json\/wp\/v2\/types\/product"}],"replies":[{"embeddable":true,"href":"https:\/\/worlddancemovement.com\/de\/wp-json\/wp\/v2\/comments?post=4148"}],"wp:featuredmedia":[{"embeddable":true,"href":"https:\/\/worlddancemovement.com\/de\/wp-json\/wp\/v2\/media\/4188"}],"wp:attachment":[{"href":"https:\/\/worlddancemovement.com\/de\/wp-json\/wp\/v2\/media?parent=4148"}],"wp:term":[{"taxonomy":"product_brand","embeddable":true,"href":"https:\/\/worlddancemovement.com\/de\/wp-json\/wp\/v2\/product_brand?post=4148"},{"taxonomy":"product_cat","embeddable":true,"href":"https:\/\/worlddancemovement.com\/de\/wp-json\/wp\/v2\/product_cat?post=4148"},{"taxonomy":"product_tag","embeddable":true,"href":"https:\/\/worlddancemovement.com\/de\/wp-json\/wp\/v2\/product_tag?post=4148"},{"taxonomy":"wpstream_actors","embeddable":true,"href":"https:\/\/worlddancemovement.com\/de\/wp-json\/wp\/v2\/wpstream_actors?post=4148"},{"taxonomy":"wpstream_category","embeddable":true,"href":"https:\/\/worlddancemovement.com\/de\/wp-json\/wp\/v2\/wpstream_category?post=4148"},{"taxonomy":"wpstream_movie_rating","embeddable":true,"href":"https:\/\/worlddancemovement.com\/de\/wp-json\/wp\/v2\/wpstream_movie_rating?post=4148"}],"curies":[{"name":"wp","href":"https:\/\/api.w.org\/{rel}","templated":true}]}}