{"id":4149,"date":"2021-09-13T12:17:32","date_gmt":"2021-09-13T12:17:32","guid":{"rendered":"https:\/\/migrate.worlddancemovement.com\/?post_type=product&#038;p=4149"},"modified":"2022-11-16T16:28:14","modified_gmt":"2022-11-16T16:28:14","slug":"turns-turn-combos-dvd-with-michele-assaf","status":"publish","type":"product","link":"https:\/\/worlddancemovement.com\/de\/produkt\/turns-turn-combos-dvd-with-michele-assaf\/","title":{"rendered":"Turns &amp; Turn Combos DVD mit Mich\u00e8le Assaf"},"content":{"rendered":"","protected":false},"excerpt":{"rendered":"<p>Begleiten Sie die international bekannte Regisseurin, Choreografin und Meisterlehrerin Mich\u00e8le Assaf, w\u00e4hrend sie einen umfassenden Einblick in die grundlegenden Techniken von \u201eTurns\u201c gibt. Dieses unverzichtbare \u201eW\u00f6rterbuch\u201c ist perfekt f\u00fcr Tanzsch\u00fcler, vom Anf\u00e4nger bis zum Fortgeschrittenen. Tanzlehrer werden diesen Leitfaden als ein Muss empfinden, da Mich\u00e8les einzigartige F\u00e4higkeiten einzelne Drehungen zu wundersch\u00f6nen, durchdachten Kombinationen zusammenf\u00fcgen, wobei Richtungswechsel sowie eine gro\u00dfe Vielfalt an Vorbereitungen und \u00dcberg\u00e4ngen in und aus den Drehungen im Vordergrund stehen. Die Drehungen k\u00f6nnen sowohl im Technikunterricht als auch in der Choreografie eingesetzt werden. Jede Runde ist in drei Stufen unterteilt, vom Grundzustand bis zum Fortschritt f\u00fcr den fortgeschritteneren Sch\u00fcler. Zu h\u00f6ren, wie Mich\u00e8le Korrekturen an ihrer vielf\u00e4ltigen Gruppe von T\u00e4nzern vornimmt, und einige in Zeitlupe analysierte Bewegungen zu beobachten, steigert den enormen Nutzen, den dieses 60-min\u00fctige Video bietet.<\/p>\n<p><b>Mich\u00e8le Assaf\u00a0<\/b>hat an Broadway-, Off-Broadway-, regionalen und internationalen Theaterprojekten gearbeitet. Mich\u00e8le f\u00fchrte Regie und choreografierte die Mariah Carey Charmbracelet World Tour, die Mick Jagger Solo Tour, die Michael Bolton 2002-6 Tour, Matchbox Twenty, die international gefeierten Multimedia-Opern f\u00fcr die Houston Grand Opera; Carmen, Pagliacci und Madame Butterfly und die Gala zum 50-j\u00e4hrigen Jubil\u00e4um von HGO sowie Aida, Samson und Delilah, Candide und Opera Pacific von Opera Pacific. Weitere Theaterprojekte sind: Starmites (Tony Nomination), Bring In The Morning, Scenes From an Execution, Neun Armenier, It&#039;s A Bird... It&#039;s A Plane... It&#039;s Superman, Sweet Charity, Jesus Christ Superstar, Mata Hari, Bring In The Morning, Can Can, Jeanne La Pucelle, Strides, Topper und Annie. Sie f\u00fchrte Regie beim Broadway-Musical \u201eThe Alchemist\u201c. Sie ist die Gr\u00fcnderin von World Dance Movement \u2013 The International Workshop and Competition\u00a0<a href=\"https:\/\/worlddancemovement.com\/de\/\" target=\"_blank\" rel=\"noopener\">www.worlddancemovement.com<\/a>. Ihr Lehrhintergrund ist umfassend, da sie in den letzten 30 Jahren T\u00e4nzer\/Lehrer und renommierte Choreografen von NYC bis LA und international ausgebildet hat.<\/p>","protected":false},"featured_media":4189,"comment_status":"closed","ping_status":"closed","template":"","meta":{"_acf_changed":false,"site-sidebar-layout":"default","site-content-layout":"default","ast-site-content-layout":"default","site-content-style":"default","site-sidebar-style":"default","ast-global-header-display":"","ast-banner-title-visibility":"","ast-main-header-display":"","ast-hfb-above-header-display":"","ast-hfb-below-header-display":"","ast-hfb-mobile-header-display":"","site-post-title":"","ast-breadcrumbs-content":"","ast-featured-img":"","footer-sml-layout":"","ast-disable-related-posts":"","theme-transparent-header-meta":"default","adv-header-id-meta":"","stick-header-meta":"default","header-above-stick-meta":"","header-main-stick-meta":"","header-below-stick-meta":"","astra-migrate-meta-layouts":"default","ast-page-background-enabled":"default","ast-page-background-meta":{"desktop":{"background-color":"","background-image":"","background-repeat":"repeat","background-position":"center center","background-size":"auto","background-attachment":"scroll","background-type":"","background-media":"","overlay-type":"","overlay-color":"","overlay-opacity":"","overlay-gradient":""},"tablet":{"background-color":"","background-image":"","background-repeat":"repeat","background-position":"center center","background-size":"auto","background-attachment":"scroll","background-type":"","background-media":"","overlay-type":"","overlay-color":"","overlay-opacity":"","overlay-gradient":""},"mobile":{"background-color":"","background-image":"","background-repeat":"repeat","background-position":"center center","background-size":"auto","background-attachment":"scroll","background-type":"","background-media":"","overlay-type":"","overlay-color":"","overlay-opacity":"","overlay-gradient":""}},"ast-content-background-meta":{"desktop":{"background-color":"var(--ast-global-color-5)","background-image":"","background-repeat":"repeat","background-position":"center center","background-size":"auto","background-attachment":"scroll","background-type":"","background-media":"","overlay-type":"","overlay-color":"","overlay-opacity":"","overlay-gradient":""},"tablet":{"background-color":"var(--ast-global-color-5)","background-image":"","background-repeat":"repeat","background-position":"center center","background-size":"auto","background-attachment":"scroll","background-type":"","background-media":"","overlay-type":"","overlay-color":"","overlay-opacity":"","overlay-gradient":""},"mobile":{"background-color":"var(--ast-global-color-5)","background-image":"","background-repeat":"repeat","background-position":"center center","background-size":"auto","background-attachment":"scroll","background-type":"","background-media":"","overlay-type":"","overlay-color":"","overlay-opacity":"","overlay-gradient":""}}},"product_brand":[],"product_cat":[32,58,36,29],"product_tag":[],"wpstream_actors":[],"wpstream_category":[],"wpstream_movie_rating":[],"class_list":{"0":"post-4149","1":"product","2":"type-product","3":"status-publish","4":"has-post-thumbnail","6":"product_cat-choreography","7":"product_cat-dance-videos","8":"product_cat-technique","9":"product_cat-warm-up","10":"desktop-align-left","11":"tablet-align-left","12":"mobile-align-left","14":"first","15":"instock","16":"sale","17":"shipping-taxable","18":"purchasable","19":"product-type-simple"},"acf":[],"jetpack_sharing_enabled":true,"_links":{"self":[{"href":"https:\/\/worlddancemovement.com\/de\/wp-json\/wp\/v2\/product\/4149","targetHints":{"allow":["GET"]}}],"collection":[{"href":"https:\/\/worlddancemovement.com\/de\/wp-json\/wp\/v2\/product"}],"about":[{"href":"https:\/\/worlddancemovement.com\/de\/wp-json\/wp\/v2\/types\/product"}],"replies":[{"embeddable":true,"href":"https:\/\/worlddancemovement.com\/de\/wp-json\/wp\/v2\/comments?post=4149"}],"wp:featuredmedia":[{"embeddable":true,"href":"https:\/\/worlddancemovement.com\/de\/wp-json\/wp\/v2\/media\/4189"}],"wp:attachment":[{"href":"https:\/\/worlddancemovement.com\/de\/wp-json\/wp\/v2\/media?parent=4149"}],"wp:term":[{"taxonomy":"product_brand","embeddable":true,"href":"https:\/\/worlddancemovement.com\/de\/wp-json\/wp\/v2\/product_brand?post=4149"},{"taxonomy":"product_cat","embeddable":true,"href":"https:\/\/worlddancemovement.com\/de\/wp-json\/wp\/v2\/product_cat?post=4149"},{"taxonomy":"product_tag","embeddable":true,"href":"https:\/\/worlddancemovement.com\/de\/wp-json\/wp\/v2\/product_tag?post=4149"},{"taxonomy":"wpstream_actors","embeddable":true,"href":"https:\/\/worlddancemovement.com\/de\/wp-json\/wp\/v2\/wpstream_actors?post=4149"},{"taxonomy":"wpstream_category","embeddable":true,"href":"https:\/\/worlddancemovement.com\/de\/wp-json\/wp\/v2\/wpstream_category?post=4149"},{"taxonomy":"wpstream_movie_rating","embeddable":true,"href":"https:\/\/worlddancemovement.com\/de\/wp-json\/wp\/v2\/wpstream_movie_rating?post=4149"}],"curies":[{"name":"wp","href":"https:\/\/api.w.org\/{rel}","templated":true}]}}