{"id":4157,"date":"2021-09-13T12:17:32","date_gmt":"2021-09-13T12:17:32","guid":{"rendered":"https:\/\/migrate.worlddancemovement.com\/?post_type=product&#038;p=4157"},"modified":"2022-02-02T17:05:46","modified_gmt":"2022-02-02T17:05:46","slug":"the-complete-assaf-warm-up-music-cd","status":"publish","type":"product","link":"https:\/\/worlddancemovement.com\/de\/produkt\/the-complete-assaf-warm-up-music-cd\/","title":{"rendered":"Das komplette Assaf Warm-Up \u2013 Musik-CD"},"content":{"rendered":"","protected":false},"excerpt":{"rendered":"<p style=\"font-weight: 400;\">Zusammen mit den Komponisten\/Musikproduzenten Philip Hamilton und Roderick Jackson hat Mich\u00e8le Assaf eine leidenschaftliche, perkussive und fl\u00fcssige Musik-CD f\u00fcr ihr Jazz Warm-Up zusammengestellt.<\/p>\n<p style=\"font-weight: 400;\"><em><strong>Philip Hamilton<\/strong><\/em>\u00a0gilt als der f\u00fchrende zeitgen\u00f6ssische Komponist von Tanzmusik. Hamilton erhielt 2004 den New York Dance and Performance Award (Bessie) f\u00fcr sein Gesamtwerk im Bereich Komposition f\u00fcr Tanz und kreiert Musik, die Geist, Seele und K\u00f6rper in Bewegung bringt. Er hat f\u00fcr die weltweit f\u00fchrenden Choreografen und Tanzkompanien komponiert, darunter die\u00a0<strong>Alvin Ailey American Dance Theater, Ron Brown, Mia Michaels, Ballet Hispanico, Rennie Harris, Robert Battle<\/strong>\u00a0Und\u00a0<strong>Ann Reinking<\/strong>, der mit dem Tony Award ausgezeichnete Choreograf von\u00a0<strong>Chicago<\/strong>\u00a0Und\u00a0<strong>Fosse<\/strong>.\u00a0<strong>Hesekiels Rad<\/strong>, Hamiltons von der Kritik gefeierte Arbeit mit\u00a0<strong>Danny Buraczeski\/Jazzdance<\/strong>\u00a0wird in der Minneapolis Star Tribune als \u201emodernes Meisterwerk\u201c gefeiert.<\/p>\n<p style=\"font-weight: 400;\"><em><strong>Roderick Jackson<\/strong><\/em>\u00a0ist derzeit Musikdirektor f\u00fcr\u00a0<strong>Batoto Yetu Kinderafrikanische Tanzkompanie.<\/strong>\u00a0\u00a0Er arbeitet auch mit mehreren Tanzkompanien zusammen, darunter dem Choreografen \u201eFosse\u201c.\u00a0<strong>Chet Walkers Tanzensemble Eight And Ah 1<\/strong>,\u00a0<strong>Omar Edwards\u2018<\/strong>\u00a0(am bekanntesten f\u00fcr seine Arbeit in Broadways \u201eBring in Da Noise, Bring in Da Funk\u201c)\u00a0<strong>Jeremiah Funk Ensemble<\/strong>,\u00a0<strong>David Pleasnats<\/strong>\u00a0<strong>Riddim Athon Percussion Ensemble\u00a0<\/strong>(das sich mit schwarzer amerikanischer Musik und der Gullah-Kultur befasst) und\u00a0<strong>Young Soon Kims White Wave Rising Dance Company.<\/strong>\u00a0Roderick ist Schlagzeuger im Team\u00a0<strong>Alvin Ailey School of American Dance<\/strong>\u00a0Und\u00a0<strong>Broadway-Tanzzentrum<\/strong>. Er hat Werke f\u00fcr aufgenommen\u00a0<strong>Der Kinderfernsehworkshop<\/strong>,\u00a0<strong>Sesamstra\u00dfe<\/strong>,\u00a0<strong>Rabbit Ears Productions<\/strong>\u00a0Und\u00a0<strong>Das Smithsonian Institute<\/strong>. Au\u00dferdem unterst\u00fctzte er den Filmregisseur Jonathan Demme bei der Entwicklung der Szenenmusik f\u00fcr den Film\u00a0<strong>&quot;Geliebten&quot;<\/strong>, mit Oprah Winfrey und Danny Glover. Roderick war die Zweitbesetzung f\u00fcr die Hauptrolle des Schlagzeugers<strong>\u00a0\u201eChaka\u201c<\/strong>, im Broadway-Musical\u00a0<strong>Marie Christine<\/strong>, mit Audra McDonald.<\/p>\n<p style=\"font-weight: 400;\">Jede Audio-CD enth\u00e4lt genau die Musik, die Sie in den Videos h\u00f6ren.<\/p>","protected":false},"featured_media":4196,"comment_status":"closed","ping_status":"closed","template":"","meta":{"_acf_changed":false,"site-sidebar-layout":"default","site-content-layout":"default","ast-site-content-layout":"default","site-content-style":"default","site-sidebar-style":"default","ast-global-header-display":"","ast-banner-title-visibility":"","ast-main-header-display":"","ast-hfb-above-header-display":"","ast-hfb-below-header-display":"","ast-hfb-mobile-header-display":"","site-post-title":"","ast-breadcrumbs-content":"","ast-featured-img":"","footer-sml-layout":"","ast-disable-related-posts":"","theme-transparent-header-meta":"default","adv-header-id-meta":"","stick-header-meta":"default","header-above-stick-meta":"","header-main-stick-meta":"","header-below-stick-meta":"","astra-migrate-meta-layouts":"default","ast-page-background-enabled":"default","ast-page-background-meta":{"desktop":{"background-color":"","background-image":"","background-repeat":"repeat","background-position":"center center","background-size":"auto","background-attachment":"scroll","background-type":"","background-media":"","overlay-type":"","overlay-color":"","overlay-opacity":"","overlay-gradient":""},"tablet":{"background-color":"","background-image":"","background-repeat":"repeat","background-position":"center center","background-size":"auto","background-attachment":"scroll","background-type":"","background-media":"","overlay-type":"","overlay-color":"","overlay-opacity":"","overlay-gradient":""},"mobile":{"background-color":"","background-image":"","background-repeat":"repeat","background-position":"center center","background-size":"auto","background-attachment":"scroll","background-type":"","background-media":"","overlay-type":"","overlay-color":"","overlay-opacity":"","overlay-gradient":""}},"ast-content-background-meta":{"desktop":{"background-color":"var(--ast-global-color-5)","background-image":"","background-repeat":"repeat","background-position":"center center","background-size":"auto","background-attachment":"scroll","background-type":"","background-media":"","overlay-type":"","overlay-color":"","overlay-opacity":"","overlay-gradient":""},"tablet":{"background-color":"var(--ast-global-color-5)","background-image":"","background-repeat":"repeat","background-position":"center center","background-size":"auto","background-attachment":"scroll","background-type":"","background-media":"","overlay-type":"","overlay-color":"","overlay-opacity":"","overlay-gradient":""},"mobile":{"background-color":"var(--ast-global-color-5)","background-image":"","background-repeat":"repeat","background-position":"center center","background-size":"auto","background-attachment":"scroll","background-type":"","background-media":"","overlay-type":"","overlay-color":"","overlay-opacity":"","overlay-gradient":""}}},"product_brand":[],"product_cat":[37],"product_tag":[],"wpstream_actors":[],"wpstream_category":[],"wpstream_movie_rating":[],"class_list":{"0":"post-4157","1":"product","2":"type-product","3":"status-publish","4":"has-post-thumbnail","6":"product_cat-music-cds","7":"desktop-align-left","8":"tablet-align-left","9":"mobile-align-left","11":"first","12":"instock","13":"shipping-taxable","14":"purchasable","15":"product-type-simple"},"acf":[],"jetpack_sharing_enabled":true,"_links":{"self":[{"href":"https:\/\/worlddancemovement.com\/de\/wp-json\/wp\/v2\/product\/4157","targetHints":{"allow":["GET"]}}],"collection":[{"href":"https:\/\/worlddancemovement.com\/de\/wp-json\/wp\/v2\/product"}],"about":[{"href":"https:\/\/worlddancemovement.com\/de\/wp-json\/wp\/v2\/types\/product"}],"replies":[{"embeddable":true,"href":"https:\/\/worlddancemovement.com\/de\/wp-json\/wp\/v2\/comments?post=4157"}],"wp:featuredmedia":[{"embeddable":true,"href":"https:\/\/worlddancemovement.com\/de\/wp-json\/wp\/v2\/media\/4196"}],"wp:attachment":[{"href":"https:\/\/worlddancemovement.com\/de\/wp-json\/wp\/v2\/media?parent=4157"}],"wp:term":[{"taxonomy":"product_brand","embeddable":true,"href":"https:\/\/worlddancemovement.com\/de\/wp-json\/wp\/v2\/product_brand?post=4157"},{"taxonomy":"product_cat","embeddable":true,"href":"https:\/\/worlddancemovement.com\/de\/wp-json\/wp\/v2\/product_cat?post=4157"},{"taxonomy":"product_tag","embeddable":true,"href":"https:\/\/worlddancemovement.com\/de\/wp-json\/wp\/v2\/product_tag?post=4157"},{"taxonomy":"wpstream_actors","embeddable":true,"href":"https:\/\/worlddancemovement.com\/de\/wp-json\/wp\/v2\/wpstream_actors?post=4157"},{"taxonomy":"wpstream_category","embeddable":true,"href":"https:\/\/worlddancemovement.com\/de\/wp-json\/wp\/v2\/wpstream_category?post=4157"},{"taxonomy":"wpstream_movie_rating","embeddable":true,"href":"https:\/\/worlddancemovement.com\/de\/wp-json\/wp\/v2\/wpstream_movie_rating?post=4157"}],"curies":[{"name":"wp","href":"https:\/\/api.w.org\/{rel}","templated":true}]}}