{"id":4173,"date":"2021-09-13T12:17:54","date_gmt":"2021-09-13T12:17:54","guid":{"rendered":"https:\/\/migrate.worlddancemovement.com\/?post_type=product&#038;p=4173"},"modified":"2022-01-31T23:56:44","modified_gmt":"2022-01-31T23:56:44","slug":"active-isolated-strength-program-vhs-ntsc","status":"publish","type":"product","link":"https:\/\/worlddancemovement.com\/de\/produkt\/active-isolated-strength-program-vhs-ntsc\/","title":{"rendered":"Aktiv-isoliertes Kraftprogramm \u2013 VHS\/NTSC"},"content":{"rendered":"","protected":false},"excerpt":{"rendered":"<h3><i>Dies ist die VHS\/NTSC-Version, NICHT DIE DVD!<\/i><\/h3>\n<p>Aktiv-isolierte Kr\u00e4ftigung ist eine revolution\u00e4re Technik, bei der wir jeden einzelnen Muskel, mit dem Sie als T\u00e4nzer oder Sportler H\u00f6chstleistungen erbringen, gezielt lokalisieren, isolieren und st\u00e4rken: ein Werkzeugkasten f\u00fcr F\u00fc\u00dfe, Kn\u00f6chel, Waden, Knie, Oberschenkelmuskulatur, Quadrizeps und H\u00fcfte und Rumpf, R\u00fccken und Schultern mit Schritt-f\u00fcr-Schritt-Anleitungen, die auf die Arbeit bestimmter Muskelgruppen zugeschnitten sind. Dieses Schulungsprogramm basiert auf fundierten wissenschaftlichen Prinzipien und kann auf Ihre spezifischen Ziele und Bed\u00fcrfnisse zugeschnitten werden. Warten Sie nicht, bis Sie verletzt sind, um sich zu st\u00e4rken!<\/p>\n<p>Sie erfahren eine F\u00fclle von Informationen, die Ihnen helfen, H\u00f6chstleistungen zu erbringen, ohne dass Sie in die Arztpraxis m\u00fcssen. Dieses Programm geht Hand in Hand mit dem Active-Isolated Flexibility-Programm, das auch auf VHS und DVD erh\u00e4ltlich ist.<\/p>\n<p>Mich\u00e8le Assaf hat in den letzten 20 Jahren T\u00e4nzer von NYC bis LA und international ausgebildet. Sie ist bekannt f\u00fcr ihre hervorragende Technik und ihren Stil. Beruflich erhielt sie eine Tony Award-Nominierung f\u00fcr \u201eStarmites\u201c am Broadway und leitete und choreografierte f\u00fcr die Houston Grand Opera, Mick Jagger, Michael Bolton Tour, Matchbox Twenty und die Mariah Carey Charmbracelet World Tour.<\/p>\n<p>Jim Wharton, ein Sportphysiologe, der wegen seiner F\u00e4higkeit, Sportler zu verfeinern, als \u201eder Mechaniker\u201c bekannt ist, und sein Sohn Phil Wharton, ein Sporttherapeut und Wettkampf-Langstreckenl\u00e4ufer, sind Pr\u00e4sident und Vizepr\u00e4sident von Wharton Performance, Inc. in NYC. Ihre revolution\u00e4re Active-Isolated-Technik wird in Fitnesscentern auf der ganzen Welt praktiziert.<\/p>","protected":false},"featured_media":4191,"comment_status":"closed","ping_status":"closed","template":"","meta":{"_acf_changed":false,"site-sidebar-layout":"default","site-content-layout":"default","ast-site-content-layout":"default","site-content-style":"default","site-sidebar-style":"default","ast-global-header-display":"","ast-banner-title-visibility":"","ast-main-header-display":"","ast-hfb-above-header-display":"","ast-hfb-below-header-display":"","ast-hfb-mobile-header-display":"","site-post-title":"","ast-breadcrumbs-content":"","ast-featured-img":"","footer-sml-layout":"","ast-disable-related-posts":"","theme-transparent-header-meta":"default","adv-header-id-meta":"","stick-header-meta":"default","header-above-stick-meta":"","header-main-stick-meta":"","header-below-stick-meta":"","astra-migrate-meta-layouts":"default","ast-page-background-enabled":"default","ast-page-background-meta":{"desktop":{"background-color":"","background-image":"","background-repeat":"repeat","background-position":"center center","background-size":"auto","background-attachment":"scroll","background-type":"","background-media":"","overlay-type":"","overlay-color":"","overlay-opacity":"","overlay-gradient":""},"tablet":{"background-color":"","background-image":"","background-repeat":"repeat","background-position":"center center","background-size":"auto","background-attachment":"scroll","background-type":"","background-media":"","overlay-type":"","overlay-color":"","overlay-opacity":"","overlay-gradient":""},"mobile":{"background-color":"","background-image":"","background-repeat":"repeat","background-position":"center center","background-size":"auto","background-attachment":"scroll","background-type":"","background-media":"","overlay-type":"","overlay-color":"","overlay-opacity":"","overlay-gradient":""}},"ast-content-background-meta":{"desktop":{"background-color":"var(--ast-global-color-5)","background-image":"","background-repeat":"repeat","background-position":"center center","background-size":"auto","background-attachment":"scroll","background-type":"","background-media":"","overlay-type":"","overlay-color":"","overlay-opacity":"","overlay-gradient":""},"tablet":{"background-color":"var(--ast-global-color-5)","background-image":"","background-repeat":"repeat","background-position":"center center","background-size":"auto","background-attachment":"scroll","background-type":"","background-media":"","overlay-type":"","overlay-color":"","overlay-opacity":"","overlay-gradient":""},"mobile":{"background-color":"var(--ast-global-color-5)","background-image":"","background-repeat":"repeat","background-position":"center center","background-size":"auto","background-attachment":"scroll","background-type":"","background-media":"","overlay-type":"","overlay-color":"","overlay-opacity":"","overlay-gradient":""}}},"product_brand":[],"product_cat":[38],"product_tag":[],"wpstream_actors":[],"wpstream_category":[],"wpstream_movie_rating":[],"class_list":{"0":"post-4173","1":"product","2":"type-product","3":"status-publish","4":"has-post-thumbnail","6":"product_cat-ntsc-usa-systems","7":"desktop-align-left","8":"tablet-align-left","9":"mobile-align-left","11":"first","12":"instock","13":"sale","14":"shipping-taxable","15":"purchasable","16":"product-type-simple"},"acf":[],"jetpack_sharing_enabled":true,"_links":{"self":[{"href":"https:\/\/worlddancemovement.com\/de\/wp-json\/wp\/v2\/product\/4173","targetHints":{"allow":["GET"]}}],"collection":[{"href":"https:\/\/worlddancemovement.com\/de\/wp-json\/wp\/v2\/product"}],"about":[{"href":"https:\/\/worlddancemovement.com\/de\/wp-json\/wp\/v2\/types\/product"}],"replies":[{"embeddable":true,"href":"https:\/\/worlddancemovement.com\/de\/wp-json\/wp\/v2\/comments?post=4173"}],"wp:featuredmedia":[{"embeddable":true,"href":"https:\/\/worlddancemovement.com\/de\/wp-json\/wp\/v2\/media\/4191"}],"wp:attachment":[{"href":"https:\/\/worlddancemovement.com\/de\/wp-json\/wp\/v2\/media?parent=4173"}],"wp:term":[{"taxonomy":"product_brand","embeddable":true,"href":"https:\/\/worlddancemovement.com\/de\/wp-json\/wp\/v2\/product_brand?post=4173"},{"taxonomy":"product_cat","embeddable":true,"href":"https:\/\/worlddancemovement.com\/de\/wp-json\/wp\/v2\/product_cat?post=4173"},{"taxonomy":"product_tag","embeddable":true,"href":"https:\/\/worlddancemovement.com\/de\/wp-json\/wp\/v2\/product_tag?post=4173"},{"taxonomy":"wpstream_actors","embeddable":true,"href":"https:\/\/worlddancemovement.com\/de\/wp-json\/wp\/v2\/wpstream_actors?post=4173"},{"taxonomy":"wpstream_category","embeddable":true,"href":"https:\/\/worlddancemovement.com\/de\/wp-json\/wp\/v2\/wpstream_category?post=4173"},{"taxonomy":"wpstream_movie_rating","embeddable":true,"href":"https:\/\/worlddancemovement.com\/de\/wp-json\/wp\/v2\/wpstream_movie_rating?post=4173"}],"curies":[{"name":"wp","href":"https:\/\/api.w.org\/{rel}","templated":true}]}}