{"id":4176,"date":"2021-09-13T12:17:54","date_gmt":"2021-09-13T12:17:54","guid":{"rendered":"https:\/\/migrate.worlddancemovement.com\/?post_type=product&#038;p=4176"},"modified":"2022-01-31T23:57:20","modified_gmt":"2022-01-31T23:57:20","slug":"street-jazz-dvd-with-rhapsody-vhs-pal","status":"publish","type":"product","link":"https:\/\/worlddancemovement.com\/de\/produkt\/street-jazz-dvd-with-rhapsody-vhs-pal\/","title":{"rendered":"Street Jazz DVD mit Rhapsody \u2013 VHS\/PAL"},"content":{"rendered":"","protected":false},"excerpt":{"rendered":"<h3>Dies ist die VHS\/PAL-Version, NICHT DIE DVD!<\/h3>\n<h3>Wenn Sie \u00fcber die neuesten Hip-Hop-Tanzstile auf dem Laufenden bleiben und ein st\u00e4rkerer Hip-Hop-T\u00e4nzer und Performer werden m\u00f6chten, ist dieses Video genau das Richtige f\u00fcr SIE! Rhapsody und ihre Tanzkompanie nehmen Sie mit auf eine Reise, w\u00e4hrend Sie die Tanzbewegungen lernen, die die Nation erobern. Street Jazz vereint Hip-Hop und Jazz und ist der charakteristische Stil von Rhapsody und ihrem Unternehmen. Auf dieser Street Jazz-DVD lernen Sie drei hei\u00dfe Routinen f\u00fcr Anf\u00e4nger, Fortgeschrittene und Fortgeschrittene. Rhapsody beinhaltet den Einsatz von K\u00f6rpermechanik, Musikalit\u00e4t und besonderen Darbietungstechniken, um Ihnen zu helfen, ein besserer Hip-Hop-T\u00e4nzer zu werden. Wenn Ihnen harte Arbeit, Hingabe und Spa\u00df am Herzen liegen, dann ist dieses Video genau das Richtige f\u00fcr Sie!<\/h3>\n<p>Das Auff\u00fchren war eine gro\u00dfe Leidenschaft von Rhapsody, aber sie erkannte bald, dass sie, um eine gro\u00dfartige Choreografin zu werden, zun\u00e4chst einmal eine gro\u00dfartige Lehrerin sein musste. Rhapsody begann am Broadway Dance Center zu unterrichten, wo ihre Kurse florierten und sie heute zu einer der angesagtesten und beliebtesten kommerziellen Hip-Hop-Lehrerinnen wurde. Rhapsody ist auch Teil der angesehenen Fakult\u00e4t der Monsters of Hip-Hop Dance Convention. Disziplin und eine gesunde Lernumgebung sind das, was sie in ihrer Klasse ebenso f\u00f6rdert wie viel Spa\u00df. Los Angeles, Miami, Japan, London, Finnland, die Schweiz, Deutschland und Australien sind nur einige Orte, an denen Rhapsody unterrichtet hat.<\/p>\n<p>Jetzt ein professioneller Choreograf im Musikgesch\u00e4ft. Zu Rhapsodys Auftritten z\u00e4hlen unter anderem Beyonc\u00e9, die Jonas Brothers, die Pussycat Dolls, die Spice Girls, Cassie, Jay Sean, Donnie Klang, der Spielfilm \u201eStep Up 2: The Streets\u201c, \u201eMaking The Band 4\u201c, \u201c sowie Werbespots f\u00fcr die New Yorker Lotterie, Citeron Car Company und ESPN. Rhapsody ist nicht nur eine weltbekannte Lehrerin und Choreografin, sondern auch k\u00fcnstlerische Leiterin\/Choreographin ihrer eigenen Tanzkompanie namens Rhapsody: The Company. Rhapsody: Das Unternehmen hat sich zum Ziel gesetzt, die Grenzen zwischen Hip-Hop, Modern und Jazz mit seinem einzigartigen zeitgen\u00f6ssischen Fusion-Stil des \u201eStreet Jazz\u201c zu verwischen, der eine eklektische Vision von Sch\u00f6nheit und Rohheit zum Ausdruck bringt. Durch dynamische Choreografien, die eine Vision von Komplexit\u00e4t und Dramatik zeigen, wird dieses Unternehmen Sie mit einer positiven Energie einfangen, die Ihre Seele erregt und beruhigt.<\/p>\n<p>Rhapsodie auf dem Cover des Dance Teacher Magazine! Lesen Sie mehr: https:\/\/www.dance-teacher.com\/content\/rhapsody-rhythm<\/p>","protected":false},"featured_media":4136,"comment_status":"closed","ping_status":"closed","template":"","meta":{"_acf_changed":false,"site-sidebar-layout":"default","site-content-layout":"default","ast-site-content-layout":"default","site-content-style":"default","site-sidebar-style":"default","ast-global-header-display":"","ast-banner-title-visibility":"","ast-main-header-display":"","ast-hfb-above-header-display":"","ast-hfb-below-header-display":"","ast-hfb-mobile-header-display":"","site-post-title":"","ast-breadcrumbs-content":"","ast-featured-img":"","footer-sml-layout":"","ast-disable-related-posts":"","theme-transparent-header-meta":"default","adv-header-id-meta":"","stick-header-meta":"default","header-above-stick-meta":"","header-main-stick-meta":"","header-below-stick-meta":"","astra-migrate-meta-layouts":"default","ast-page-background-enabled":"default","ast-page-background-meta":{"desktop":{"background-color":"","background-image":"","background-repeat":"repeat","background-position":"center center","background-size":"auto","background-attachment":"scroll","background-type":"","background-media":"","overlay-type":"","overlay-color":"","overlay-opacity":"","overlay-gradient":""},"tablet":{"background-color":"","background-image":"","background-repeat":"repeat","background-position":"center center","background-size":"auto","background-attachment":"scroll","background-type":"","background-media":"","overlay-type":"","overlay-color":"","overlay-opacity":"","overlay-gradient":""},"mobile":{"background-color":"","background-image":"","background-repeat":"repeat","background-position":"center center","background-size":"auto","background-attachment":"scroll","background-type":"","background-media":"","overlay-type":"","overlay-color":"","overlay-opacity":"","overlay-gradient":""}},"ast-content-background-meta":{"desktop":{"background-color":"var(--ast-global-color-5)","background-image":"","background-repeat":"repeat","background-position":"center center","background-size":"auto","background-attachment":"scroll","background-type":"","background-media":"","overlay-type":"","overlay-color":"","overlay-opacity":"","overlay-gradient":""},"tablet":{"background-color":"var(--ast-global-color-5)","background-image":"","background-repeat":"repeat","background-position":"center center","background-size":"auto","background-attachment":"scroll","background-type":"","background-media":"","overlay-type":"","overlay-color":"","overlay-opacity":"","overlay-gradient":""},"mobile":{"background-color":"var(--ast-global-color-5)","background-image":"","background-repeat":"repeat","background-position":"center center","background-size":"auto","background-attachment":"scroll","background-type":"","background-media":"","overlay-type":"","overlay-color":"","overlay-opacity":"","overlay-gradient":""}}},"product_brand":[],"product_cat":[39],"product_tag":[],"wpstream_actors":[],"wpstream_category":[],"wpstream_movie_rating":[],"class_list":{"0":"post-4176","1":"product","2":"type-product","3":"status-publish","4":"has-post-thumbnail","6":"product_cat-pal-eur-systems","7":"desktop-align-left","8":"tablet-align-left","9":"mobile-align-left","11":"first","12":"instock","13":"sale","14":"shipping-taxable","15":"purchasable","16":"product-type-simple"},"acf":[],"jetpack_sharing_enabled":true,"_links":{"self":[{"href":"https:\/\/worlddancemovement.com\/de\/wp-json\/wp\/v2\/product\/4176","targetHints":{"allow":["GET"]}}],"collection":[{"href":"https:\/\/worlddancemovement.com\/de\/wp-json\/wp\/v2\/product"}],"about":[{"href":"https:\/\/worlddancemovement.com\/de\/wp-json\/wp\/v2\/types\/product"}],"replies":[{"embeddable":true,"href":"https:\/\/worlddancemovement.com\/de\/wp-json\/wp\/v2\/comments?post=4176"}],"wp:featuredmedia":[{"embeddable":true,"href":"https:\/\/worlddancemovement.com\/de\/wp-json\/wp\/v2\/media\/4136"}],"wp:attachment":[{"href":"https:\/\/worlddancemovement.com\/de\/wp-json\/wp\/v2\/media?parent=4176"}],"wp:term":[{"taxonomy":"product_brand","embeddable":true,"href":"https:\/\/worlddancemovement.com\/de\/wp-json\/wp\/v2\/product_brand?post=4176"},{"taxonomy":"product_cat","embeddable":true,"href":"https:\/\/worlddancemovement.com\/de\/wp-json\/wp\/v2\/product_cat?post=4176"},{"taxonomy":"product_tag","embeddable":true,"href":"https:\/\/worlddancemovement.com\/de\/wp-json\/wp\/v2\/product_tag?post=4176"},{"taxonomy":"wpstream_actors","embeddable":true,"href":"https:\/\/worlddancemovement.com\/de\/wp-json\/wp\/v2\/wpstream_actors?post=4176"},{"taxonomy":"wpstream_category","embeddable":true,"href":"https:\/\/worlddancemovement.com\/de\/wp-json\/wp\/v2\/wpstream_category?post=4176"},{"taxonomy":"wpstream_movie_rating","embeddable":true,"href":"https:\/\/worlddancemovement.com\/de\/wp-json\/wp\/v2\/wpstream_movie_rating?post=4176"}],"curies":[{"name":"wp","href":"https:\/\/api.w.org\/{rel}","templated":true}]}}