{"id":4180,"date":"2021-09-13T12:17:54","date_gmt":"2021-09-13T12:17:54","guid":{"rendered":"https:\/\/migrate.worlddancemovement.com\/?post_type=product&#038;p=4180"},"modified":"2022-01-31T23:58:06","modified_gmt":"2022-01-31T23:58:06","slug":"takes-on-theatre-dance-vhs-pal","status":"publish","type":"product","link":"https:\/\/worlddancemovement.com\/de\/produkt\/takes-on-theatre-dance-vhs-pal\/","title":{"rendered":"\u201eTAKES\u201c zum Thema Theatertanz \u2013 VHS\/PAL"},"content":{"rendered":"","protected":false},"excerpt":{"rendered":"<h3><i>Dies ist die VHS\/PAL-Version, NICHT DIE DVD!<\/i><\/h3>\n<p><b>Andy Blankenb\u00fchler:\u00a0<\/b>Ein Vaudeville Charleston ist ein dynamischer Theatertanzstil, der die Energie und Leistung der klassischen Musikkom\u00f6die vereint. Dieser von Andy Blankenbuehler choreografierte Tanz konzentriert sich darauf, die scharfen, humorvollen und aufregenden Akzente und Rhythmen dieser besonderen Musikperiode zu verk\u00f6rpern. Diese Choreografie isoliert feste Trommelschl\u00e4ge, verl\u00e4ngert sich durch das lange Heulen einer Posaune oder zittert, um sich an die Synkopen eines Klavierlaufs anzupassen. Sie bietet dem T\u00e4nzer eine klare Blaupause f\u00fcr den Aufbau einer aufregenden Auff\u00fchrung aus den 1920er Jahren. Diese Choreografie eignet sich am besten f\u00fcr fortgeschrittene bis fortgeschrittene T\u00e4nzer.<\/p>\n<p><b>Eugene Fleming:<\/b><\/p>\n<p>Genie\u00dfen Sie die innovative Choreografie von Eugene Fleming, dessen Broadway-Karriere mehr als ein Jahrzehnt umfasst. Dieser Savoy Strut ist eine Kombination, die die Essenz des Theatertanzes einf\u00e4ngt. Der Strut erinnert an die 1940er Jahre, als Harlem seine Bl\u00fctezeit erlebte. Seine sanften, geschmeidigen und straffen Bewegungen erm\u00f6glichen es dem T\u00e4nzer, die Ausgelassenheit dieser \u00c4ra auszudr\u00fccken. Diese Choreografie eignet sich am besten f\u00fcr Anf\u00e4nger bis Fortgeschrittene.<\/p>\n<p><b>Danny Herman:<\/b><\/p>\n<p>Danny Herman unterrichtet eine klassische Jazzkombination, die eine Hommage an den legend\u00e4ren Jack Cole ist, den Choreografen, der die theatralische Jazztanzsprache praktisch erfunden hat. Herr Cole entwickelte eine ganz pers\u00f6nliche Art des Jazz-Ethno-Balletts, die als vorherrschender Stil und Technik f\u00fcr den amerikanischen Showtanz vorherrscht. Jack Coles unverwechselbarer Stil findet sich in den Werken von Gwen Verdon, Bob Fosse, Jerome Robbins, Gower Champion, Peter Gennaro, Michael Bennett, Matt Maddox, Tommy Tune und unz\u00e4hligen T\u00e4nzern und Choreografen fort. Entwickeln Sie Ihr Wissen, Ihre F\u00e4higkeiten, Ihre Disziplin, Ihren Enthusiasmus, Ihre Ausdauer, Ihre K\u00f6rperkraft und Ihr Verst\u00e4ndnis f\u00fcr kom\u00f6diantische Bewegungen. Diese Choreografie ist f\u00fcr fortgeschrittene bis fortgeschrittene T\u00e4nzer geeignet.<\/p>","protected":false},"featured_media":4219,"comment_status":"closed","ping_status":"closed","template":"","meta":{"_acf_changed":false,"site-sidebar-layout":"default","site-content-layout":"default","ast-site-content-layout":"default","site-content-style":"default","site-sidebar-style":"default","ast-global-header-display":"","ast-banner-title-visibility":"","ast-main-header-display":"","ast-hfb-above-header-display":"","ast-hfb-below-header-display":"","ast-hfb-mobile-header-display":"","site-post-title":"","ast-breadcrumbs-content":"","ast-featured-img":"","footer-sml-layout":"","ast-disable-related-posts":"","theme-transparent-header-meta":"default","adv-header-id-meta":"","stick-header-meta":"default","header-above-stick-meta":"","header-main-stick-meta":"","header-below-stick-meta":"","astra-migrate-meta-layouts":"default","ast-page-background-enabled":"default","ast-page-background-meta":{"desktop":{"background-color":"","background-image":"","background-repeat":"repeat","background-position":"center center","background-size":"auto","background-attachment":"scroll","background-type":"","background-media":"","overlay-type":"","overlay-color":"","overlay-opacity":"","overlay-gradient":""},"tablet":{"background-color":"","background-image":"","background-repeat":"repeat","background-position":"center center","background-size":"auto","background-attachment":"scroll","background-type":"","background-media":"","overlay-type":"","overlay-color":"","overlay-opacity":"","overlay-gradient":""},"mobile":{"background-color":"","background-image":"","background-repeat":"repeat","background-position":"center center","background-size":"auto","background-attachment":"scroll","background-type":"","background-media":"","overlay-type":"","overlay-color":"","overlay-opacity":"","overlay-gradient":""}},"ast-content-background-meta":{"desktop":{"background-color":"var(--ast-global-color-5)","background-image":"","background-repeat":"repeat","background-position":"center center","background-size":"auto","background-attachment":"scroll","background-type":"","background-media":"","overlay-type":"","overlay-color":"","overlay-opacity":"","overlay-gradient":""},"tablet":{"background-color":"var(--ast-global-color-5)","background-image":"","background-repeat":"repeat","background-position":"center center","background-size":"auto","background-attachment":"scroll","background-type":"","background-media":"","overlay-type":"","overlay-color":"","overlay-opacity":"","overlay-gradient":""},"mobile":{"background-color":"var(--ast-global-color-5)","background-image":"","background-repeat":"repeat","background-position":"center center","background-size":"auto","background-attachment":"scroll","background-type":"","background-media":"","overlay-type":"","overlay-color":"","overlay-opacity":"","overlay-gradient":""}}},"product_brand":[],"product_cat":[39],"product_tag":[],"wpstream_actors":[],"wpstream_category":[],"wpstream_movie_rating":[],"class_list":{"0":"post-4180","1":"product","2":"type-product","3":"status-publish","4":"has-post-thumbnail","6":"product_cat-pal-eur-systems","7":"desktop-align-left","8":"tablet-align-left","9":"mobile-align-left","11":"first","12":"instock","13":"sale","14":"shipping-taxable","15":"purchasable","16":"product-type-simple"},"acf":[],"jetpack_sharing_enabled":true,"_links":{"self":[{"href":"https:\/\/worlddancemovement.com\/de\/wp-json\/wp\/v2\/product\/4180","targetHints":{"allow":["GET"]}}],"collection":[{"href":"https:\/\/worlddancemovement.com\/de\/wp-json\/wp\/v2\/product"}],"about":[{"href":"https:\/\/worlddancemovement.com\/de\/wp-json\/wp\/v2\/types\/product"}],"replies":[{"embeddable":true,"href":"https:\/\/worlddancemovement.com\/de\/wp-json\/wp\/v2\/comments?post=4180"}],"wp:featuredmedia":[{"embeddable":true,"href":"https:\/\/worlddancemovement.com\/de\/wp-json\/wp\/v2\/media\/4219"}],"wp:attachment":[{"href":"https:\/\/worlddancemovement.com\/de\/wp-json\/wp\/v2\/media?parent=4180"}],"wp:term":[{"taxonomy":"product_brand","embeddable":true,"href":"https:\/\/worlddancemovement.com\/de\/wp-json\/wp\/v2\/product_brand?post=4180"},{"taxonomy":"product_cat","embeddable":true,"href":"https:\/\/worlddancemovement.com\/de\/wp-json\/wp\/v2\/product_cat?post=4180"},{"taxonomy":"product_tag","embeddable":true,"href":"https:\/\/worlddancemovement.com\/de\/wp-json\/wp\/v2\/product_tag?post=4180"},{"taxonomy":"wpstream_actors","embeddable":true,"href":"https:\/\/worlddancemovement.com\/de\/wp-json\/wp\/v2\/wpstream_actors?post=4180"},{"taxonomy":"wpstream_category","embeddable":true,"href":"https:\/\/worlddancemovement.com\/de\/wp-json\/wp\/v2\/wpstream_category?post=4180"},{"taxonomy":"wpstream_movie_rating","embeddable":true,"href":"https:\/\/worlddancemovement.com\/de\/wp-json\/wp\/v2\/wpstream_movie_rating?post=4180"}],"curies":[{"name":"wp","href":"https:\/\/api.w.org\/{rel}","templated":true}]}}