{"id":4182,"date":"2021-09-13T12:17:54","date_gmt":"2021-09-13T12:17:54","guid":{"rendered":"https:\/\/migrate.worlddancemovement.com\/?post_type=product&#038;p=4182"},"modified":"2022-02-03T04:03:33","modified_gmt":"2022-02-03T04:03:33","slug":"hip-hop-with-dana-foglia-beginner-dvd-series","status":"publish","type":"product","link":"https:\/\/worlddancemovement.com\/de\/produkt\/hip-hop-with-dana-foglia-beginner-dvd-series\/","title":{"rendered":"HIP HOP mit Dana Foglia Anf\u00e4nger-DVD-Serie"},"content":{"rendered":"","protected":false},"excerpt":{"rendered":"<p><strong>Holen Sie sich alle 3 Einsteiger-HIP-HOP-DVDs mit Dana Foglia und <span style=\"color: #ff0000;\">SPAREN Sie 40%!<\/span><\/strong><\/p>\n<p>Dana und ihre T\u00e4nzer bringen Ihnen innovative Streetdance-Bewegungen bei, die f\u00fcr Anf\u00e4ngert\u00e4nzer jeden Alters entwickelt wurden. W\u00e4hrend sie verschiedene Grooves demonstrieren, die f\u00fcr diesen funkigen Hip-Hop-Tanzstil erforderlich sind, werden Sie Ihrem Repertoire neue Schritte hinzuf\u00fcgen. Sie werden die Choreografie aus Blickwinkeln betrachten, die eine Unterrichtsumgebung widerspiegeln, sodass Sie das Gef\u00fchl haben, mit Dana und ihren T\u00e4nzern direkt dabei zu sein.<\/p>\n<p>Jeder K\u00f6rper kann tanzen! Es macht Spa\u00df und ist aufregend, also machen Sie sich bereit, sich wie die Profis zu bewegen!<\/p>\n<h3>VERKAUFSPREIS: $47,85 \u2013 RABATTPREIS: <span style=\"color: #ff0000;\">$28.71 \u2013 40% SPAREN.<\/span><\/h3>\n<p>Dana Foglia hat Tanz in den gesamten Vereinigten Staaten und international unterrichtet. Sie absolvierte eine umfassende Ballett- und Modernisierungsausbildung an der Seiskaya Ballet Academy und erhielt sp\u00e4ter ein Vollstipendium an der Ailey School. Parallel dazu studierte sie auch Hip-Hop, Pointe, Jazz, Stepp und African.<\/p>\n<p>Dana f\u00fchlte sich geehrt, als nur einige wenige ausgew\u00e4hlt wurden, mit der Ailey Company in Memoria aufzutreten. Sie tourte und trat mit Top-K\u00fcnstlern auf, darunter Beyonc\u00e9, Janet Jackson, Rihanna, Kelis, New Kids on the Block, Fantasia und der Latin-Sensation Thalia und anderen. Dana arbeitete mit Beyonce f\u00fcr ihre \u201eI Am\u20262009 Tour\u201c als Assistenzchoreografin zusammen und trainierte und bereitete Beyonce pers\u00f6nlich auf diese Tour vor. Dana hat mit Top-Choreografen wie Frank Gaston, Brian Friedman, Gil Duldalao, Tony Michaels, Rosaro und anderen zusammengearbeitet.<\/p>\n<p>Sie trat in zahlreichen Fernseh- und Preisverleihungen auf, darunter \u201eSo You Think You Can Dance\u201c, \u201eQueer Eye for the Straight Guy\u201c, \u201eMTV VMA Awards\u201c, \u201eTeen Choice Awards\u201c, \u201eAMA Awards\u201c, \u201eWorld Music Awards\u201c, \u201eBillboard Awards\u201c, \u201eAll My Children\u201c, \u201eRegis and Kelly\u201c. Dick Clark&#039;s Rockin Silvester, die Today Show, Good Morning America, BET 106 &amp; Park, Nobelfriedenspreiskonzert, Jimmy Kimmel, Carson Daly und Jay Leno Shows. M\u00f6glicherweise haben Sie sie Seite an Seite mit Beyonc\u00e9 in \u201eSingle Ladies\u201c bei den World Music Awards tanzen sehen. Dana hat in zahlreichen Werbespots mitgewirkt, darunter Haagen Daaz als Hauptt\u00e4nzerin und Acura. Dana ist auch in einem Hip-Hop-Lehrvideo zu sehen, das teilweise vom Broadway Dance Center produziert wurde.<br \/>\nDana bringt ihren Sch\u00fclern stets ihr Wissen, ihre Erfahrung und ihre Leidenschaft f\u00fcr den Tanz n\u00e4her. Bleiben Sie \u00fcber alle Neuigkeiten von Dana auf dem Laufenden, indem Sie ihre Website unter besuchen\u00a0<a href=\"https:\/\/www.danafoglia.com\/\" target=\"_blank\" rel=\"noopener\">www.danafoglia.com<\/a><\/p>","protected":false},"featured_media":4220,"comment_status":"closed","ping_status":"closed","template":"","meta":{"_acf_changed":false,"site-sidebar-layout":"default","site-content-layout":"default","ast-site-content-layout":"default","site-content-style":"default","site-sidebar-style":"default","ast-global-header-display":"","ast-banner-title-visibility":"","ast-main-header-display":"","ast-hfb-above-header-display":"","ast-hfb-below-header-display":"","ast-hfb-mobile-header-display":"","site-post-title":"","ast-breadcrumbs-content":"","ast-featured-img":"","footer-sml-layout":"","ast-disable-related-posts":"","theme-transparent-header-meta":"default","adv-header-id-meta":"","stick-header-meta":"default","header-above-stick-meta":"","header-main-stick-meta":"","header-below-stick-meta":"","astra-migrate-meta-layouts":"default","ast-page-background-enabled":"default","ast-page-background-meta":{"desktop":{"background-color":"","background-image":"","background-repeat":"repeat","background-position":"center center","background-size":"auto","background-attachment":"scroll","background-type":"","background-media":"","overlay-type":"","overlay-color":"","overlay-opacity":"","overlay-gradient":""},"tablet":{"background-color":"","background-image":"","background-repeat":"repeat","background-position":"center center","background-size":"auto","background-attachment":"scroll","background-type":"","background-media":"","overlay-type":"","overlay-color":"","overlay-opacity":"","overlay-gradient":""},"mobile":{"background-color":"","background-image":"","background-repeat":"repeat","background-position":"center center","background-size":"auto","background-attachment":"scroll","background-type":"","background-media":"","overlay-type":"","overlay-color":"","overlay-opacity":"","overlay-gradient":""}},"ast-content-background-meta":{"desktop":{"background-color":"var(--ast-global-color-5)","background-image":"","background-repeat":"repeat","background-position":"center center","background-size":"auto","background-attachment":"scroll","background-type":"","background-media":"","overlay-type":"","overlay-color":"","overlay-opacity":"","overlay-gradient":""},"tablet":{"background-color":"var(--ast-global-color-5)","background-image":"","background-repeat":"repeat","background-position":"center center","background-size":"auto","background-attachment":"scroll","background-type":"","background-media":"","overlay-type":"","overlay-color":"","overlay-opacity":"","overlay-gradient":""},"mobile":{"background-color":"var(--ast-global-color-5)","background-image":"","background-repeat":"repeat","background-position":"center center","background-size":"auto","background-attachment":"scroll","background-type":"","background-media":"","overlay-type":"","overlay-color":"","overlay-opacity":"","overlay-gradient":""}}},"product_brand":[],"product_cat":[40],"product_tag":[],"wpstream_actors":[],"wpstream_category":[],"wpstream_movie_rating":[],"class_list":{"0":"post-4182","1":"product","2":"type-product","3":"status-publish","4":"has-post-thumbnail","6":"product_cat-special-collections","7":"desktop-align-left","8":"tablet-align-left","9":"mobile-align-left","11":"first","12":"instock","13":"sale","14":"shipping-taxable","15":"purchasable","16":"product-type-simple"},"acf":[],"jetpack_sharing_enabled":true,"_links":{"self":[{"href":"https:\/\/worlddancemovement.com\/de\/wp-json\/wp\/v2\/product\/4182","targetHints":{"allow":["GET"]}}],"collection":[{"href":"https:\/\/worlddancemovement.com\/de\/wp-json\/wp\/v2\/product"}],"about":[{"href":"https:\/\/worlddancemovement.com\/de\/wp-json\/wp\/v2\/types\/product"}],"replies":[{"embeddable":true,"href":"https:\/\/worlddancemovement.com\/de\/wp-json\/wp\/v2\/comments?post=4182"}],"wp:featuredmedia":[{"embeddable":true,"href":"https:\/\/worlddancemovement.com\/de\/wp-json\/wp\/v2\/media\/4220"}],"wp:attachment":[{"href":"https:\/\/worlddancemovement.com\/de\/wp-json\/wp\/v2\/media?parent=4182"}],"wp:term":[{"taxonomy":"product_brand","embeddable":true,"href":"https:\/\/worlddancemovement.com\/de\/wp-json\/wp\/v2\/product_brand?post=4182"},{"taxonomy":"product_cat","embeddable":true,"href":"https:\/\/worlddancemovement.com\/de\/wp-json\/wp\/v2\/product_cat?post=4182"},{"taxonomy":"product_tag","embeddable":true,"href":"https:\/\/worlddancemovement.com\/de\/wp-json\/wp\/v2\/product_tag?post=4182"},{"taxonomy":"wpstream_actors","embeddable":true,"href":"https:\/\/worlddancemovement.com\/de\/wp-json\/wp\/v2\/wpstream_actors?post=4182"},{"taxonomy":"wpstream_category","embeddable":true,"href":"https:\/\/worlddancemovement.com\/de\/wp-json\/wp\/v2\/wpstream_category?post=4182"},{"taxonomy":"wpstream_movie_rating","embeddable":true,"href":"https:\/\/worlddancemovement.com\/de\/wp-json\/wp\/v2\/wpstream_movie_rating?post=4182"}],"curies":[{"name":"wp","href":"https:\/\/api.w.org\/{rel}","templated":true}]}}