{"id":4207,"date":"2021-09-13T12:18:15","date_gmt":"2021-09-13T12:18:15","guid":{"rendered":"https:\/\/migrate.worlddancemovement.com\/?post_type=product&#038;p=4207"},"modified":"2022-02-02T16:40:02","modified_gmt":"2022-02-02T16:40:02","slug":"latin-dance-series-with-luis-salgado","status":"publish","type":"product","link":"https:\/\/worlddancemovement.com\/de\/produkt\/latin-dance-series-with-luis-salgado\/","title":{"rendered":"LATEINISCHE TANZREIHE mit Luis Salgado"},"content":{"rendered":"","protected":false},"excerpt":{"rendered":"<p>Tezoros aufregende lateinamerikanische Tanzserie mit den Stilen Plena, Merengue, Cha-Cha Mambo, Salsa und Carnival mit Luis Salgado ist die perfekte Erg\u00e4nzung zu Ihrem Tezoro <i>LIVE\u00a0<\/i>Sammlung!<\/p>\n<p>Greifen Sie auf die 5-teilige Latin Dance-Serie von Spicey in DVD-Form f\u00fcr jeweils nur $9,60 zu<\/p>\n<p>Das breite Spektrum an lateinamerikanischen Tanz\u00fcbungen ist auf die Bed\u00fcrfnisse ausgebildeter T\u00e4nzer, Tanzlehrer, M\u00fctter und sogar Kinder zugeschnitten! Professionelle T\u00e4nzer k\u00f6nnen die Latin Dance Series nutzen, um ihr Repertoire zu erweitern, Paare k\u00f6nnen gemeinsam Latin Dance lernen, um den \u201eDate Night\u201c aufzupeppen, oder Familien k\u00f6nnen mit lateinamerikanischem Flair trainieren. Diese Tezoro-Latin-Tanzserie ist wirklich f\u00fcr jeden gedacht!<\/p>\n<h3>VERKAUFSPREIS: $80 \u2013 RABATTPREIS: <span style=\"color: #ff0000;\">$48 \u2013 40% SPAREN!<\/span><\/h3>\n<p>(Solange der Vorrat reicht!)<\/p>\n<p><strong>\u00dcber Luis:<\/strong><\/p>\n<p>Luis Salgado spielt \u201eJose\u201c und ist lateinamerikanischer Assistenzchoreograf des neuen erfolgreichen Broadway-Musicals \u201eIn The Heights \u2013 BESTES MUSICAL 2008 bei den Tony Awards\u201c. Im Jahr 2002 zog er nach New York und tr\u00e4umte davon, seine Leidenschaft zu verwirklichen und auf einer Broadway-B\u00fchne aufzutreten. Bis heute ist Luis unter anderem in Shows wie The Mambo Kings (Frankie Suarez), Fame on 42nd Street (Joe Vegas u\/s) und Aida aufgetreten. Zu den Filmcredits geh\u00f6rt: Step Up 2 The Streets (Alejandro). Dirty Dancing 2 (Diego Lunas Tanzdouble), Enchanted, Across the Universe, American Gangster und The Great Observer. Im Jahr 2007 choreografierte Luis die Musicals Serenade und The Drop Outs in NYC und war Co-Regisseur\/Choreografie der Originalshow Mezcla in Peru. Luis war\u00a0<span class=\"details\">in der Lage, Choreografen wie zu unterst\u00fctzen\u00a0<\/span><span class=\"yshortcuts\">Maria Torres<\/span><span class=\"details\">\u00a0im Film Enchanted; Jamal Sims im Film\u00a0<\/span><span class=\"yshortcuts\">Steigern Sie die Stra\u00dfen<\/span><span class=\"details\">\u00a0und ist begeistert, seine Kultur als lateinamerikanischer Assistenzchoreograf bei In The Heights zu repr\u00e4sentieren.\u00a0<span class=\"yshortcuts\"><u>BroadwayWorld.com<\/u><\/span>\u00a0Zigeuner des Monats und a\u00a0<\/span><span class=\"yshortcuts\">Drama Desk Award<\/span><span class=\"details\">\u00a0f\u00fcr herausragendes Ensemble f\u00fcr\u00a0<\/span><span class=\"yshortcuts\">In den H\u00f6hen<\/span><span class=\"details\">. Luis war Co-Produzent seiner eigenen DVD \u201eLatin Fusion with Luis Salgado\u201c und ist Direktor von R.Evolucion Latina \u2013 DARE TO GO BEYOND!, einer k\u00fcnstlerischen Bewegung, die das Leben, die Karriere, die Triumphe und die Existenz aller Latino-K\u00fcnstler aller Art feiert des\u00a0<\/span><span class=\"yshortcuts\">New York<\/span><span class=\"details\">\u00a0<\/span><span class=\"yshortcuts\">Gemeinschaft darstellender K\u00fcnste<\/span><span class=\"details\">.<\/span><\/p>\n<p><b><big><small><span class=\"details\">\u201eWenn Sie sich daf\u00fcr entscheiden, dem Weg Ihrer Tr\u00e4ume zu folgen, verpflichten Sie sich dazu. Akzeptiere deinen Weg.\u201c<\/span><\/small><\/big><\/b><\/p>","protected":false},"featured_media":4226,"comment_status":"closed","ping_status":"closed","template":"","meta":{"_acf_changed":false,"site-sidebar-layout":"default","site-content-layout":"default","ast-site-content-layout":"default","site-content-style":"default","site-sidebar-style":"default","ast-global-header-display":"","ast-banner-title-visibility":"","ast-main-header-display":"","ast-hfb-above-header-display":"","ast-hfb-below-header-display":"","ast-hfb-mobile-header-display":"","site-post-title":"","ast-breadcrumbs-content":"","ast-featured-img":"","footer-sml-layout":"","ast-disable-related-posts":"","theme-transparent-header-meta":"default","adv-header-id-meta":"","stick-header-meta":"default","header-above-stick-meta":"","header-main-stick-meta":"","header-below-stick-meta":"","astra-migrate-meta-layouts":"default","ast-page-background-enabled":"default","ast-page-background-meta":{"desktop":{"background-color":"","background-image":"","background-repeat":"repeat","background-position":"center center","background-size":"auto","background-attachment":"scroll","background-type":"","background-media":"","overlay-type":"","overlay-color":"","overlay-opacity":"","overlay-gradient":""},"tablet":{"background-color":"","background-image":"","background-repeat":"repeat","background-position":"center center","background-size":"auto","background-attachment":"scroll","background-type":"","background-media":"","overlay-type":"","overlay-color":"","overlay-opacity":"","overlay-gradient":""},"mobile":{"background-color":"","background-image":"","background-repeat":"repeat","background-position":"center center","background-size":"auto","background-attachment":"scroll","background-type":"","background-media":"","overlay-type":"","overlay-color":"","overlay-opacity":"","overlay-gradient":""}},"ast-content-background-meta":{"desktop":{"background-color":"var(--ast-global-color-5)","background-image":"","background-repeat":"repeat","background-position":"center center","background-size":"auto","background-attachment":"scroll","background-type":"","background-media":"","overlay-type":"","overlay-color":"","overlay-opacity":"","overlay-gradient":""},"tablet":{"background-color":"var(--ast-global-color-5)","background-image":"","background-repeat":"repeat","background-position":"center center","background-size":"auto","background-attachment":"scroll","background-type":"","background-media":"","overlay-type":"","overlay-color":"","overlay-opacity":"","overlay-gradient":""},"mobile":{"background-color":"var(--ast-global-color-5)","background-image":"","background-repeat":"repeat","background-position":"center center","background-size":"auto","background-attachment":"scroll","background-type":"","background-media":"","overlay-type":"","overlay-color":"","overlay-opacity":"","overlay-gradient":""}}},"product_brand":[],"product_cat":[40],"product_tag":[],"wpstream_actors":[],"wpstream_category":[],"wpstream_movie_rating":[],"class_list":{"0":"post-4207","1":"product","2":"type-product","3":"status-publish","4":"has-post-thumbnail","6":"product_cat-special-collections","7":"desktop-align-left","8":"tablet-align-left","9":"mobile-align-left","11":"first","12":"instock","13":"sale","14":"shipping-taxable","15":"purchasable","16":"product-type-simple"},"acf":[],"jetpack_sharing_enabled":true,"_links":{"self":[{"href":"https:\/\/worlddancemovement.com\/de\/wp-json\/wp\/v2\/product\/4207","targetHints":{"allow":["GET"]}}],"collection":[{"href":"https:\/\/worlddancemovement.com\/de\/wp-json\/wp\/v2\/product"}],"about":[{"href":"https:\/\/worlddancemovement.com\/de\/wp-json\/wp\/v2\/types\/product"}],"replies":[{"embeddable":true,"href":"https:\/\/worlddancemovement.com\/de\/wp-json\/wp\/v2\/comments?post=4207"}],"wp:featuredmedia":[{"embeddable":true,"href":"https:\/\/worlddancemovement.com\/de\/wp-json\/wp\/v2\/media\/4226"}],"wp:attachment":[{"href":"https:\/\/worlddancemovement.com\/de\/wp-json\/wp\/v2\/media?parent=4207"}],"wp:term":[{"taxonomy":"product_brand","embeddable":true,"href":"https:\/\/worlddancemovement.com\/de\/wp-json\/wp\/v2\/product_brand?post=4207"},{"taxonomy":"product_cat","embeddable":true,"href":"https:\/\/worlddancemovement.com\/de\/wp-json\/wp\/v2\/product_cat?post=4207"},{"taxonomy":"product_tag","embeddable":true,"href":"https:\/\/worlddancemovement.com\/de\/wp-json\/wp\/v2\/product_tag?post=4207"},{"taxonomy":"wpstream_actors","embeddable":true,"href":"https:\/\/worlddancemovement.com\/de\/wp-json\/wp\/v2\/wpstream_actors?post=4207"},{"taxonomy":"wpstream_category","embeddable":true,"href":"https:\/\/worlddancemovement.com\/de\/wp-json\/wp\/v2\/wpstream_category?post=4207"},{"taxonomy":"wpstream_movie_rating","embeddable":true,"href":"https:\/\/worlddancemovement.com\/de\/wp-json\/wp\/v2\/wpstream_movie_rating?post=4207"}],"curies":[{"name":"wp","href":"https:\/\/api.w.org\/{rel}","templated":true}]}}