{"id":4208,"date":"2021-09-13T12:18:15","date_gmt":"2021-09-13T12:18:15","guid":{"rendered":"https:\/\/migrate.worlddancemovement.com\/?post_type=product&#038;p=4208"},"modified":"2022-02-03T04:20:42","modified_gmt":"2022-02-03T04:20:42","slug":"dancemix-dvd-series","status":"publish","type":"product","link":"https:\/\/worlddancemovement.com\/de\/produkt\/dancemix-dvd-series\/","title":{"rendered":"DanceMIX DVD-Serie"},"content":{"rendered":"","protected":false},"excerpt":{"rendered":"<p>HOPSDance \/ DanceMIX ist ein einzigartiges Tanzlehrprogramm, das kreative Inszenierungen als Leitfaden f\u00fcr das Lernen beinhaltet. Wenn Sie jemals Tanzplattformspiele gespielt haben oder tanzen lernen m\u00f6chten, stellen Sie m\u00f6glicherweise fest, dass eines fehlt \u2026. LIVE-UNTERRICHT. Hier ist DanceMIX einzigartig. Sie erhalten LIVE-Tanzunterricht, um die grundlegenden Grundlagen des Tanzes besser zu verstehen und zu erlernen!<\/p>\n<p>DanceMIX ist ideal f\u00fcr Tanzanf\u00e4nger und ein gro\u00dfartiges Werkzeug zum Unterrichten von Kindern. Es f\u00fchrt Sie auf unterhaltsame, kreative und leicht verst\u00e4ndliche Weise in verschiedene Stile ein. Tyce Diorio und Krista Saab f\u00fchren Sie durch Kombinationen aus Jazz, Hip Hop, Theater und lateinamerikanischem Tanz und nutzen die Matten in verschiedenen Anordnungen, um die Schritte zu leiten und Ihnen r\u00e4umliches Bewusstsein zu vermitteln. Sie werden Sie auch durch grundlegende Abl\u00e4ufe auf dem gesamten Boden f\u00fchren, um einige grundlegende Techniken einzuf\u00fchren. Lernen Sie von ihnen und fordern Sie sich dann selbst heraus, der Choreograf zu sein! Sie haben die Freiheit, die Matten in vielen verschiedenen Anordnungen zu platzieren und Muster zu schaffen, die optisch atemberaubend sind. Ideal f\u00fcr gro\u00dfe Gruppen!<\/p>\n<p>DanceMIX ist ein unterhaltsames und energiegeladenes Programm, das Ihre Herzfrequenz in die H\u00f6he treibt und Ihren K\u00f6rper auf innovative Weise in Bewegung bringt.<\/p>\n<p>Gem\u00e4\u00df den Anweisungen von Tyce und Krista auf der DVD k\u00f6nnen Sie:<\/p>\n<p>1. Verwenden Sie eine HOPSports-Matte<br \/>\n2. Kleben Sie Ihren Boden in der Konfiguration der Matten fest oder machen Sie einfach Xs auf Ihrem Boden<br \/>\n3. Lernen und f\u00fchren Sie die Choreografie ohne die Grenzen der Matte durch.<\/p>\n<p><strong>(HINWEIS! Die gesamte Choreografie kann auch ohne die HOPSports-Matten erlernt und aufgef\u00fchrt werden!)\u00a0<\/strong><\/p>\n<p>VERKAUFSPREIS: $25,90 \u2013 <span style=\"color: #ff0000;\">RABATTPREIS: $18.13 \u2013 SPAREN Sie 30%! <span style=\"color: #000000;\">(solange der Vorrat reicht!)<\/span><\/span><\/p>\n<p><b><big>\u00dcber Tyce &amp; Krista:<\/big><\/b><\/p>\n<p><i><strong>Tyce Diorio<\/strong> hat mit namhaften K\u00fcnstlern wie Janet Jackson, Paula Abdul, Jennifer Lopez, Samantha Mumba und Ricky Martin getanzt. Er war Gastt\u00e4nzer bei den American Music Awards, der Oprah Winfrey Show und Saturday Night Live und trat als Solist in der erfolgreichen Broadway-Show \u201eFosse\u201c auf. Zu Tyces TV- und Filmauftritten z\u00e4hlen \u201eShowgirls\u201c, \u201eStarsky and Hutch\u201c, 13 bis 30, und \u201eMr. and Mrs. Smith\u201c mit Angelina Jolie und Brad Pitt. Er hatte die Gelegenheit, im U2-iPod-Werbespot mit ihrem Hit \u201eVertigo\u201c mitzuwirken. Tyce war au\u00dferdem einer der Hauptchoreografen der FOX Summer Sensation \u201eSo You Think You Can Dance\u201c, ist Taylor Swifts Choreograf und Dozent bei Radix.<\/i><\/p>\n<p><em><strong>Krista Saab<\/strong> stammt urspr\u00fcnglich aus Toronto, Kanada. Sie ist seit f\u00fcnf Jahren Mitglied der Radio City Rockette in New York City und tritt derzeit im Revival von \u201ePal Joey\u201c am Broadway auf. Ausgew\u00e4hlte Auftritte mit den Rockettes umfassen die Macy&#039;s Thanksgiving Day Parade und die Ellen Degeneres Show. Kristas Karriere sowohl im Konzerttanz als auch im Theater f\u00fchrte sie um die ganze Welt, wo sie in Shows wie \u201eCamelot \u2013 PBS Live From LincolnCenter\u201c, \u201eCarnival\u201c und \u201e42nd St.\u201c auftrat. und die mit dem Ovation Award ausgezeichnete Besetzung von \u201eCrazy for You\u201c. Sie hat Workshops in der Radio City Music Hall in NYC unterrichtet und mit legend\u00e4ren K\u00fcnstlern wie Stevie Wonder, Hinton Battle, Jason Alexander, Stockard Channing und Gabriel Byrne zusammengearbeitet. Krista ist auch als T\u00e4nzerin in den Spielfilmen \u201eThe Great Observer\u201c und \u201eAmerican Gangster\u201c zu sehen.<\/em><\/p>","protected":false},"featured_media":4227,"comment_status":"closed","ping_status":"closed","template":"","meta":{"_acf_changed":false,"site-sidebar-layout":"default","site-content-layout":"default","ast-site-content-layout":"default","site-content-style":"default","site-sidebar-style":"default","ast-global-header-display":"","ast-banner-title-visibility":"","ast-main-header-display":"","ast-hfb-above-header-display":"","ast-hfb-below-header-display":"","ast-hfb-mobile-header-display":"","site-post-title":"","ast-breadcrumbs-content":"","ast-featured-img":"","footer-sml-layout":"","ast-disable-related-posts":"","theme-transparent-header-meta":"default","adv-header-id-meta":"","stick-header-meta":"default","header-above-stick-meta":"","header-main-stick-meta":"","header-below-stick-meta":"","astra-migrate-meta-layouts":"default","ast-page-background-enabled":"default","ast-page-background-meta":{"desktop":{"background-color":"","background-image":"","background-repeat":"repeat","background-position":"center center","background-size":"auto","background-attachment":"scroll","background-type":"","background-media":"","overlay-type":"","overlay-color":"","overlay-opacity":"","overlay-gradient":""},"tablet":{"background-color":"","background-image":"","background-repeat":"repeat","background-position":"center center","background-size":"auto","background-attachment":"scroll","background-type":"","background-media":"","overlay-type":"","overlay-color":"","overlay-opacity":"","overlay-gradient":""},"mobile":{"background-color":"","background-image":"","background-repeat":"repeat","background-position":"center center","background-size":"auto","background-attachment":"scroll","background-type":"","background-media":"","overlay-type":"","overlay-color":"","overlay-opacity":"","overlay-gradient":""}},"ast-content-background-meta":{"desktop":{"background-color":"var(--ast-global-color-5)","background-image":"","background-repeat":"repeat","background-position":"center center","background-size":"auto","background-attachment":"scroll","background-type":"","background-media":"","overlay-type":"","overlay-color":"","overlay-opacity":"","overlay-gradient":""},"tablet":{"background-color":"var(--ast-global-color-5)","background-image":"","background-repeat":"repeat","background-position":"center center","background-size":"auto","background-attachment":"scroll","background-type":"","background-media":"","overlay-type":"","overlay-color":"","overlay-opacity":"","overlay-gradient":""},"mobile":{"background-color":"var(--ast-global-color-5)","background-image":"","background-repeat":"repeat","background-position":"center center","background-size":"auto","background-attachment":"scroll","background-type":"","background-media":"","overlay-type":"","overlay-color":"","overlay-opacity":"","overlay-gradient":""}}},"product_brand":[],"product_cat":[40],"product_tag":[],"wpstream_actors":[],"wpstream_category":[],"wpstream_movie_rating":[],"class_list":{"0":"post-4208","1":"product","2":"type-product","3":"status-publish","4":"has-post-thumbnail","6":"product_cat-special-collections","7":"desktop-align-left","8":"tablet-align-left","9":"mobile-align-left","11":"first","12":"instock","13":"sale","14":"shipping-taxable","15":"purchasable","16":"product-type-simple"},"acf":[],"jetpack_sharing_enabled":true,"_links":{"self":[{"href":"https:\/\/worlddancemovement.com\/de\/wp-json\/wp\/v2\/product\/4208","targetHints":{"allow":["GET"]}}],"collection":[{"href":"https:\/\/worlddancemovement.com\/de\/wp-json\/wp\/v2\/product"}],"about":[{"href":"https:\/\/worlddancemovement.com\/de\/wp-json\/wp\/v2\/types\/product"}],"replies":[{"embeddable":true,"href":"https:\/\/worlddancemovement.com\/de\/wp-json\/wp\/v2\/comments?post=4208"}],"wp:featuredmedia":[{"embeddable":true,"href":"https:\/\/worlddancemovement.com\/de\/wp-json\/wp\/v2\/media\/4227"}],"wp:attachment":[{"href":"https:\/\/worlddancemovement.com\/de\/wp-json\/wp\/v2\/media?parent=4208"}],"wp:term":[{"taxonomy":"product_brand","embeddable":true,"href":"https:\/\/worlddancemovement.com\/de\/wp-json\/wp\/v2\/product_brand?post=4208"},{"taxonomy":"product_cat","embeddable":true,"href":"https:\/\/worlddancemovement.com\/de\/wp-json\/wp\/v2\/product_cat?post=4208"},{"taxonomy":"product_tag","embeddable":true,"href":"https:\/\/worlddancemovement.com\/de\/wp-json\/wp\/v2\/product_tag?post=4208"},{"taxonomy":"wpstream_actors","embeddable":true,"href":"https:\/\/worlddancemovement.com\/de\/wp-json\/wp\/v2\/wpstream_actors?post=4208"},{"taxonomy":"wpstream_category","embeddable":true,"href":"https:\/\/worlddancemovement.com\/de\/wp-json\/wp\/v2\/wpstream_category?post=4208"},{"taxonomy":"wpstream_movie_rating","embeddable":true,"href":"https:\/\/worlddancemovement.com\/de\/wp-json\/wp\/v2\/wpstream_movie_rating?post=4208"}],"curies":[{"name":"wp","href":"https:\/\/api.w.org\/{rel}","templated":true}]}}