{"id":4241,"date":"2021-09-13T12:18:37","date_gmt":"2021-09-13T12:18:37","guid":{"rendered":"https:\/\/migrate.worlddancemovement.com\/?post_type=product&#038;p=4241"},"modified":"2022-02-02T16:39:41","modified_gmt":"2022-02-02T16:39:41","slug":"the-complete-live-beginners-series-15-dvds-2","status":"publish","type":"product","link":"https:\/\/worlddancemovement.com\/de\/produkt\/the-complete-live-beginners-series-15-dvds-2\/","title":{"rendered":"DIE KOMPLETTE LIVE-ANF\u00c4NGER-REIHE \u2013 15 DVDs"},"content":{"rendered":"","protected":false},"excerpt":{"rendered":"<div class=\"area offsets-products\">\n<p><big>Lernen Sie alle Tanzstile auf der Anf\u00e4ngerstufe! Tolles Material f\u00fcr neue T\u00e4nzer und Lehrer, die neues Material f\u00fcr ihre Anf\u00e4nger- und Kinderkurse suchen.<\/big><\/p>\n<p><big><b>Beinhaltet:<br \/>\n<\/b><\/big><br \/>\nJAZZ mit Sheila Barker Band I<br \/>\nJAZZ mit Sheila Barker Band II<br \/>\nSTREET FUNK mit Joe Loera Band I<br \/>\nSTREET FUNK mit Joe Loera Band I<br \/>\nHIP HOP mit Dana Foglia Band I<br \/>\nHIP HOP mit Dana Foglia Band II<br \/>\nHIP HOP mit Dana Foglia Band III<br \/>\nLATEINISCHER TANZ \u201ePLENA\u201c mit Luis Salgado Band I<br \/>\nLATEINISCHER TANZ \u201eMERENGUE\u201c mit Luis Salgado Band II<br \/>\nLATEINISCHER TANZ \u201eCHA-CHA MAMBO\u201c mit Luis Salgado Band III<br \/>\nLATEINISCHER TANZ \u201eSALSA\u201c mit Luis Salgado Band IV<br \/>\nLATEINISCHER TANZ \u201eKARNEVAL\u201c mit Luis Salgado Band V<br \/>\nCOUNTRY LINE DANCE mit Summyr Whaley Band I<br \/>\nHOPSDANCE mit Tyce Diorio und Krista Saab Band I<br \/>\nDANCEMIX mit Tyce Diorio und Krista Saab Band II<\/p>\n<h3>VERKAUFSPREIS: $240 \u2013 RABATTPREIS: <span style=\"color: #ff0000;\">$145 \u2013 40% SPAREN!<\/span><\/h3>\n<p>(Solange der Vorrat reicht!)<\/p>\n<\/div>","protected":false},"featured_media":5006,"comment_status":"closed","ping_status":"closed","template":"","meta":{"_acf_changed":false,"site-sidebar-layout":"default","site-content-layout":"default","ast-site-content-layout":"default","site-content-style":"default","site-sidebar-style":"default","ast-global-header-display":"","ast-banner-title-visibility":"","ast-main-header-display":"","ast-hfb-above-header-display":"","ast-hfb-below-header-display":"","ast-hfb-mobile-header-display":"","site-post-title":"","ast-breadcrumbs-content":"","ast-featured-img":"","footer-sml-layout":"","ast-disable-related-posts":"","theme-transparent-header-meta":"default","adv-header-id-meta":"","stick-header-meta":"default","header-above-stick-meta":"","header-main-stick-meta":"","header-below-stick-meta":"","astra-migrate-meta-layouts":"default","ast-page-background-enabled":"default","ast-page-background-meta":{"desktop":{"background-color":"","background-image":"","background-repeat":"repeat","background-position":"center center","background-size":"auto","background-attachment":"scroll","background-type":"","background-media":"","overlay-type":"","overlay-color":"","overlay-opacity":"","overlay-gradient":""},"tablet":{"background-color":"","background-image":"","background-repeat":"repeat","background-position":"center center","background-size":"auto","background-attachment":"scroll","background-type":"","background-media":"","overlay-type":"","overlay-color":"","overlay-opacity":"","overlay-gradient":""},"mobile":{"background-color":"","background-image":"","background-repeat":"repeat","background-position":"center center","background-size":"auto","background-attachment":"scroll","background-type":"","background-media":"","overlay-type":"","overlay-color":"","overlay-opacity":"","overlay-gradient":""}},"ast-content-background-meta":{"desktop":{"background-color":"var(--ast-global-color-5)","background-image":"","background-repeat":"repeat","background-position":"center center","background-size":"auto","background-attachment":"scroll","background-type":"","background-media":"","overlay-type":"","overlay-color":"","overlay-opacity":"","overlay-gradient":""},"tablet":{"background-color":"var(--ast-global-color-5)","background-image":"","background-repeat":"repeat","background-position":"center center","background-size":"auto","background-attachment":"scroll","background-type":"","background-media":"","overlay-type":"","overlay-color":"","overlay-opacity":"","overlay-gradient":""},"mobile":{"background-color":"var(--ast-global-color-5)","background-image":"","background-repeat":"repeat","background-position":"center center","background-size":"auto","background-attachment":"scroll","background-type":"","background-media":"","overlay-type":"","overlay-color":"","overlay-opacity":"","overlay-gradient":""}}},"product_brand":[],"product_cat":[40],"product_tag":[],"wpstream_actors":[],"wpstream_category":[],"wpstream_movie_rating":[],"class_list":{"0":"post-4241","1":"product","2":"type-product","3":"status-publish","4":"has-post-thumbnail","6":"product_cat-special-collections","7":"desktop-align-left","8":"tablet-align-left","9":"mobile-align-left","11":"first","12":"instock","13":"sale","14":"shipping-taxable","15":"purchasable","16":"product-type-simple"},"acf":[],"jetpack_sharing_enabled":true,"_links":{"self":[{"href":"https:\/\/worlddancemovement.com\/de\/wp-json\/wp\/v2\/product\/4241","targetHints":{"allow":["GET"]}}],"collection":[{"href":"https:\/\/worlddancemovement.com\/de\/wp-json\/wp\/v2\/product"}],"about":[{"href":"https:\/\/worlddancemovement.com\/de\/wp-json\/wp\/v2\/types\/product"}],"replies":[{"embeddable":true,"href":"https:\/\/worlddancemovement.com\/de\/wp-json\/wp\/v2\/comments?post=4241"}],"wp:featuredmedia":[{"embeddable":true,"href":"https:\/\/worlddancemovement.com\/de\/wp-json\/wp\/v2\/media\/5006"}],"wp:attachment":[{"href":"https:\/\/worlddancemovement.com\/de\/wp-json\/wp\/v2\/media?parent=4241"}],"wp:term":[{"taxonomy":"product_brand","embeddable":true,"href":"https:\/\/worlddancemovement.com\/de\/wp-json\/wp\/v2\/product_brand?post=4241"},{"taxonomy":"product_cat","embeddable":true,"href":"https:\/\/worlddancemovement.com\/de\/wp-json\/wp\/v2\/product_cat?post=4241"},{"taxonomy":"product_tag","embeddable":true,"href":"https:\/\/worlddancemovement.com\/de\/wp-json\/wp\/v2\/product_tag?post=4241"},{"taxonomy":"wpstream_actors","embeddable":true,"href":"https:\/\/worlddancemovement.com\/de\/wp-json\/wp\/v2\/wpstream_actors?post=4241"},{"taxonomy":"wpstream_category","embeddable":true,"href":"https:\/\/worlddancemovement.com\/de\/wp-json\/wp\/v2\/wpstream_category?post=4241"},{"taxonomy":"wpstream_movie_rating","embeddable":true,"href":"https:\/\/worlddancemovement.com\/de\/wp-json\/wp\/v2\/wpstream_movie_rating?post=4241"}],"curies":[{"name":"wp","href":"https:\/\/api.w.org\/{rel}","templated":true}]}}