{"id":10057,"date":"2022-08-17T00:33:14","date_gmt":"2022-08-17T00:33:14","guid":{"rendered":"https:\/\/worlddancemovement.com\/?page_id=10057"},"modified":"2023-10-05T23:56:30","modified_gmt":"2023-10-05T23:56:30","slug":"tyce-diorio","status":"publish","type":"page","link":"https:\/\/worlddancemovement.com\/fr\/faculty-italy\/tyce-diorio\/","title":{"rendered":"TYCE DIORIO"},"content":{"rendered":"<div data-elementor-type=\"wp-page\" data-elementor-id=\"10057\" class=\"elementor elementor-10057\" data-elementor-post-type=\"page\">\n\t\t\t\t\t\t<section class=\"elementor-section elementor-top-section elementor-element elementor-element-94ec49d elementor-section-full_width elementor-section-height-min-height elementor-section-height-default elementor-section-items-middle\" data-id=\"94ec49d\" data-element_type=\"section\" data-e-type=\"section\" data-settings=\"{&quot;background_background&quot;:&quot;classic&quot;}\">\n\t\t\t\t\t\t\t<div class=\"elementor-background-overlay\"><\/div>\n\t\t\t\t\t\t\t<div class=\"elementor-container elementor-column-gap-no\">\n\t\t\t\t\t<div class=\"elementor-column elementor-col-100 elementor-top-column elementor-element elementor-element-8268956\" data-id=\"8268956\" data-element_type=\"column\" data-e-type=\"column\">\n\t\t\t<div class=\"elementor-widget-wrap elementor-element-populated\">\n\t\t\t\t\t\t<div class=\"elementor-element elementor-element-5016628 elementor-widget elementor-widget-heading\" data-id=\"5016628\" data-element_type=\"widget\" data-e-type=\"widget\" data-widget_type=\"heading.default\">\n\t\t\t\t<div class=\"elementor-widget-container\">\n\t\t\t\t\t<h2 class=\"elementor-heading-title elementor-size-default\">TYCE DIORIO<\/h2>\t\t\t\t<\/div>\n\t\t\t\t<\/div>\n\t\t\t\t<div class=\"elementor-element elementor-element-a86216f elementor-widget-divider--view-line elementor-widget elementor-widget-divider\" data-id=\"a86216f\" data-element_type=\"widget\" data-e-type=\"widget\" data-widget_type=\"divider.default\">\n\t\t\t\t<div class=\"elementor-widget-container\">\n\t\t\t\t\t\t\t<div class=\"elementor-divider\">\n\t\t\t<span class=\"elementor-divider-separator\">\n\t\t\t\t\t\t<\/span>\n\t\t<\/div>\n\t\t\t\t\t\t<\/div>\n\t\t\t\t<\/div>\n\t\t\t\t\t<\/div>\n\t\t<\/div>\n\t\t\t\t\t<\/div>\n\t\t<\/section>\n\t\t\t\t<section class=\"elementor-section elementor-top-section elementor-element elementor-element-a2d6cca elementor-section-full_width elementor-section-height-default elementor-section-height-default\" data-id=\"a2d6cca\" data-element_type=\"section\" data-e-type=\"section\">\n\t\t\t\t\t\t<div class=\"elementor-container elementor-column-gap-default\">\n\t\t\t\t\t<div class=\"elementor-column elementor-col-100 elementor-top-column elementor-element elementor-element-a45c6d3\" data-id=\"a45c6d3\" data-element_type=\"column\" data-e-type=\"column\">\n\t\t\t<div class=\"elementor-widget-wrap elementor-element-populated\">\n\t\t\t\t\t\t<div class=\"elementor-element elementor-element-f854b1f elementor-widget elementor-widget-heading\" data-id=\"f854b1f\" data-element_type=\"widget\" data-e-type=\"widget\" data-widget_type=\"heading.default\">\n\t\t\t\t<div class=\"elementor-widget-container\">\n\t\t\t\t\t<h2 class=\"elementor-heading-title elementor-size-default\">Tyce Diorio - Los Angeles, Californie (\u00c9tats-Unis)\n<\/h2>\t\t\t\t<\/div>\n\t\t\t\t<\/div>\n\t\t\t\t\t<\/div>\n\t\t<\/div>\n\t\t\t\t\t<\/div>\n\t\t<\/section>\n\t\t\t\t<section class=\"elementor-section elementor-top-section elementor-element elementor-element-f5b32bd elementor-section-full_width elementor-section-height-default elementor-section-height-default\" data-id=\"f5b32bd\" data-element_type=\"section\" data-e-type=\"section\">\n\t\t\t\t\t\t<div class=\"elementor-container elementor-column-gap-default\">\n\t\t\t\t\t<div class=\"elementor-column elementor-col-100 elementor-top-column elementor-element elementor-element-5014bc3\" data-id=\"5014bc3\" data-element_type=\"column\" data-e-type=\"column\">\n\t\t\t<div class=\"elementor-widget-wrap elementor-element-populated\">\n\t\t\t\t\t\t<div class=\"elementor-element elementor-element-714f52d elementor-widget elementor-widget-text-editor\" data-id=\"714f52d\" data-element_type=\"widget\" data-e-type=\"widget\" data-widget_type=\"text-editor.default\">\n\t\t\t\t<div class=\"elementor-widget-container\">\n\t\t\t\t\t\t\t\t\t<h4>CLASSE:<\/h4><p>Fusion contemporaine<\/p><ul><li>La plus grande passion de Tyce Diorio est de raconter des histoires \u00e0 travers la danse. Son enthousiasme et son amour de cette forme d&#039;art l&#039;ont amen\u00e9 \u00e0 chor\u00e9graphier des \u0153uvres prim\u00e9es pour la t\u00e9l\u00e9vision, le cin\u00e9ma et la sc\u00e8ne. En tant que l&#039;un des chor\u00e9graphes les plus reconnaissables de l&#039;\u00e9mission \u00e0 succ\u00e8s de Fox Television, \u00ab So You Think You Can Dance \u00bb, o\u00f9 il a \u00e9galement \u00e9t\u00e9 juge invit\u00e9 pendant six saisons, Diorio est devenu connu comme l&#039;un des chor\u00e9graphes les plus polyvalents de l&#039;industrie. En tant qu&#039;innovateur derri\u00e8re les albums Red, 1989 et Reputation de Taylor Swift, ses performances live et ses tourn\u00e9es mondiales, Tyce est devenu l&#039;un des chor\u00e9graphes les plus recherch\u00e9s d&#039;Hollywood, avec \u00ab Shake it Off \u00bb et \u00ab Look What You Made Me Do \u00bb. &quot; des vid\u00e9oclips parmi certaines de ses \u0153uvres les plus populaires.<\/li><li>La connaissance de Diorio de l&#039;histoire de la danse et sa capacit\u00e9 \u00e0 emmener le public dans un voyage font d\u00e9sormais partie de son style, ce qui lui vaut le respect de ses pairs et un Emmy\u00ae Award tr\u00e8s convoit\u00e9. Il continue d&#039;\u00e9voluer dans les domaines de la t\u00e9l\u00e9vision, des sc\u00e8nes de concert, des publicit\u00e9s et du cin\u00e9ma, restant \u00e0 la pointe de l&#039;\u00e9volution du march\u00e9 et faisant sa marque en tant que cr\u00e9ateur de tendances. Sa capacit\u00e9 \u00e0 naviguer entre diff\u00e9rents genres tels que les vid\u00e9os \u00ab Greenlight \u00bb de Lorde et \u00ab Can&#039;t Feel My Face \u00bb de The Weeknd, des \u00e9missions de t\u00e9l\u00e9vision comme Grey&#039;s Anatomy et Drop Dead Diva, et des films comme la suite qui sortira bient\u00f4t de \u00ab High Strung \u00bb \u00ab Film de danse, parle de sa cr\u00e9ativit\u00e9.\u00a0<\/li><li>Il a compl\u00e9t\u00e9 sa carri\u00e8re en chor\u00e9graphiant des publicit\u00e9s nationales pour Nike, I Can&#039;t Believe It&#039;s Not Butter, Gillette et bien d&#039;autres, ainsi que des \u00e9missions de t\u00e9l\u00e9vision telles que Drop Dead Diva, Carrie Underwood&#039;s Christmas Special, Bones, Grey&#039;s Anatomy, American Idol, et Danse avec les stars avec les incomparables Annie Lennox et Jewel.<\/li><li>Tyce a un talent unique pour cultiver l&#039;affinit\u00e9 avec les acteurs avec lesquels il travaille et a eu beaucoup de succ\u00e8s dans le coaching et la chor\u00e9graphie de c\u00e9l\u00e9brit\u00e9s telles que Cameron Diaz, Megan Mullally, Katie Holmes, Christina Applegate, Tom Cruise, Queen Latifah, Tobey Maguire et Laverne Cox. Son exp\u00e9rience en tant que danseur professionnel, travaillant avec certains des artistes les plus embl\u00e9matiques de la musique, notamment Janet Jackson, Jennifer Lopez, Ricky Martin, Mya, *NSYNC, Paula Abdul, Kelly Osbourne et Toni Braxton, lui a donn\u00e9 une base de connaissances approfondie sur laquelle s&#039;appuyer.<\/li><li>Broadway \u00e9tait le premier amour de Tyce, et en tant qu&#039;adolescent et passionn\u00e9, il est probable qu&#039;il ait vu tous les spectacles jamais produits, voyant parfois ses favoris jusqu&#039;\u00e0 dix fois. Il a lui-m\u00eame honor\u00e9 la sc\u00e8ne de Broadway dans les spectacles Chicago et Fosse, laur\u00e9ats d&#039;un Tony Award, et il continue d&#039;apporter sa comp\u00e9tence et sa profonde affection \u00e0 chaque spectacle auquel il donne vie.<\/li><li>Diorio a eu l&#039;honneur de chor\u00e9graphier \u00ab Sweet Smell Of Success \u00bb du Hudson&#039;s Theatre, un hommage \u00e0 Marvin Hamlisch, avec Lindsey Mendez et Jeremy Jordan. Plus r\u00e9cemment, il travaille sur \u00ab\u00a0Music City\u00a0\u00bb, une com\u00e9die musicale country moderne dirig\u00e9e par Mary Kate Burke, qui doit ouvrir ses portes au Cape Fear Theatre \u00e0 l&#039;automne 2018. Il attend avec impatience son succ\u00e8s et s&#039;engage \u00e0 repousser les fronti\u00e8res. du th\u00e9\u00e2tre et de l&#039;art.<\/li><li>Les meilleures choses chez Tyce Diorio ne sont pas son \u00e9thique de travail sans pr\u00e9c\u00e9dent ni sa passion incontestable pour la danse, mais plut\u00f4t son sens de l&#039;humour aiguis\u00e9 et sa capacit\u00e9 \u00e0 ne pas se prendre trop au s\u00e9rieux. Son travail parle de lui-m\u00eame. Ceux qui connaissent, respectent et aiment Tyce chanteront ses louanges \u00e0 tout moment.<\/li><\/ul>\t\t\t\t\t\t\t\t<\/div>\n\t\t\t\t<\/div>\n\t\t\t\t\t<\/div>\n\t\t<\/div>\n\t\t\t\t\t<\/div>\n\t\t<\/section>\n\t\t\t\t<\/div>","protected":false},"excerpt":{"rendered":"<p>TYCE DIORIO Tyce Diorio &#8211; Los Angeles, California (USA) CLASS: Contemporary Fusion Tyce Diorio\u2019s greatest passion in life is telling stories through dance. His enthusiasm and love of the art form have led him to choreograph award-winning works for television, film, and stage. As one of the most recognizable choreographers on Fox Television\u2019s hit show, [&hellip;]<\/p>\n","protected":false},"author":6,"featured_media":0,"parent":329,"menu_order":0,"comment_status":"closed","ping_status":"closed","template":"","meta":{"_acf_changed":false,"site-sidebar-layout":"no-sidebar","site-content-layout":"page-builder","ast-site-content-layout":"default","site-content-style":"default","site-sidebar-style":"default","ast-global-header-display":"","ast-banner-title-visibility":"","ast-main-header-display":"","ast-hfb-above-header-display":"","ast-hfb-below-header-display":"","ast-hfb-mobile-header-display":"","site-post-title":"disabled","ast-breadcrumbs-content":"","ast-featured-img":"disabled","footer-sml-layout":"","ast-disable-related-posts":"","theme-transparent-header-meta":"default","adv-header-id-meta":"","stick-header-meta":"default","header-above-stick-meta":"","header-main-stick-meta":"","header-below-stick-meta":"","astra-migrate-meta-layouts":"default","ast-page-background-enabled":"default","ast-page-background-meta":{"desktop":{"background-color":"","background-image":"","background-repeat":"repeat","background-position":"center center","background-size":"auto","background-attachment":"scroll","background-type":"","background-media":"","overlay-type":"","overlay-color":"","overlay-opacity":"","overlay-gradient":""},"tablet":{"background-color":"","background-image":"","background-repeat":"repeat","background-position":"center center","background-size":"auto","background-attachment":"scroll","background-type":"","background-media":"","overlay-type":"","overlay-color":"","overlay-opacity":"","overlay-gradient":""},"mobile":{"background-color":"","background-image":"","background-repeat":"repeat","background-position":"center center","background-size":"auto","background-attachment":"scroll","background-type":"","background-media":"","overlay-type":"","overlay-color":"","overlay-opacity":"","overlay-gradient":""}},"ast-content-background-meta":{"desktop":{"background-color":"var(--ast-global-color-5)","background-image":"","background-repeat":"repeat","background-position":"center center","background-size":"auto","background-attachment":"scroll","background-type":"","background-media":"","overlay-type":"","overlay-color":"","overlay-opacity":"","overlay-gradient":""},"tablet":{"background-color":"var(--ast-global-color-5)","background-image":"","background-repeat":"repeat","background-position":"center center","background-size":"auto","background-attachment":"scroll","background-type":"","background-media":"","overlay-type":"","overlay-color":"","overlay-opacity":"","overlay-gradient":""},"mobile":{"background-color":"var(--ast-global-color-5)","background-image":"","background-repeat":"repeat","background-position":"center center","background-size":"auto","background-attachment":"scroll","background-type":"","background-media":"","overlay-type":"","overlay-color":"","overlay-opacity":"","overlay-gradient":""}},"footnotes":""},"class_list":["post-10057","page","type-page","status-publish","hentry"],"acf":[],"jetpack_sharing_enabled":true,"_links":{"self":[{"href":"https:\/\/worlddancemovement.com\/fr\/wp-json\/wp\/v2\/pages\/10057","targetHints":{"allow":["GET"]}}],"collection":[{"href":"https:\/\/worlddancemovement.com\/fr\/wp-json\/wp\/v2\/pages"}],"about":[{"href":"https:\/\/worlddancemovement.com\/fr\/wp-json\/wp\/v2\/types\/page"}],"author":[{"embeddable":true,"href":"https:\/\/worlddancemovement.com\/fr\/wp-json\/wp\/v2\/users\/6"}],"replies":[{"embeddable":true,"href":"https:\/\/worlddancemovement.com\/fr\/wp-json\/wp\/v2\/comments?post=10057"}],"version-history":[{"count":10,"href":"https:\/\/worlddancemovement.com\/fr\/wp-json\/wp\/v2\/pages\/10057\/revisions"}],"predecessor-version":[{"id":13455,"href":"https:\/\/worlddancemovement.com\/fr\/wp-json\/wp\/v2\/pages\/10057\/revisions\/13455"}],"up":[{"embeddable":true,"href":"https:\/\/worlddancemovement.com\/fr\/wp-json\/wp\/v2\/pages\/329"}],"wp:attachment":[{"href":"https:\/\/worlddancemovement.com\/fr\/wp-json\/wp\/v2\/media?parent=10057"}],"curies":[{"name":"wp","href":"https:\/\/api.w.org\/{rel}","templated":true}]}}