{"id":12904,"date":"2023-09-26T17:33:02","date_gmt":"2023-09-26T17:33:02","guid":{"rendered":"https:\/\/worlddancemovement.com\/?page_id=12904"},"modified":"2026-02-21T00:23:07","modified_gmt":"2026-02-21T00:23:07","slug":"rws-global-auditions","status":"publish","type":"page","link":"https:\/\/worlddancemovement.com\/fr\/rws-global-auditions\/","title":{"rendered":"AUDITIONS MONDIALES RWS"},"content":{"rendered":"<div data-elementor-type=\"wp-page\" data-elementor-id=\"12904\" class=\"elementor elementor-12904\" data-elementor-post-type=\"page\">\n\t\t\t\t\t\t<section class=\"elementor-section elementor-top-section elementor-element elementor-element-3a1c807 elementor-section-full_width elementor-section-height-default elementor-section-height-default\" data-id=\"3a1c807\" data-element_type=\"section\" data-e-type=\"section\">\n\t\t\t\t\t\t<div class=\"elementor-container elementor-column-gap-default\">\n\t\t\t\t\t<div class=\"elementor-column elementor-col-100 elementor-top-column elementor-element elementor-element-b3ce9ab\" data-id=\"b3ce9ab\" data-element_type=\"column\" data-e-type=\"column\">\n\t\t\t<div class=\"elementor-widget-wrap elementor-element-populated\">\n\t\t\t\t\t\t<div class=\"elementor-element elementor-element-8ac59d4 elementor-widget elementor-widget-video\" data-id=\"8ac59d4\" data-element_type=\"widget\" data-e-type=\"widget\" data-settings=\"{&quot;video_type&quot;:&quot;hosted&quot;,&quot;controls&quot;:&quot;yes&quot;}\" data-widget_type=\"video.default\">\n\t\t\t\t<div class=\"elementor-widget-container\">\n\t\t\t\t\t\t\t<div class=\"e-hosted-video elementor-wrapper elementor-open-inline\">\n\t\t\t\t\t<video class=\"elementor-video\" src=\"https:\/\/worlddancemovement.com\/wp-content\/uploads\/2026\/02\/WDM-Casting-Sizzle.mov\" controls=\"\" preload=\"metadata\" controlslist=\"nodownload\"><\/video>\n\t\t\t\t<\/div>\n\t\t\t\t\t\t<\/div>\n\t\t\t\t<\/div>\n\t\t\t\t<div class=\"elementor-element elementor-element-e75d4d6 elementor-widget elementor-widget-heading\" data-id=\"e75d4d6\" data-element_type=\"widget\" data-e-type=\"widget\" data-widget_type=\"heading.default\">\n\t\t\t\t<div class=\"elementor-widget-container\">\n\t\t\t\t\t<h2 class=\"elementor-heading-title elementor-size-medium\">WDM ITALIE - Festival International 2026 - CASTING OUVERT \"\u00a0En pr\u00e9sentiel\u00a0\"<\/h2>\t\t\t\t<\/div>\n\t\t\t\t<\/div>\n\t\t\t\t<div class=\"elementor-element elementor-element-febdb13 elementor-widget-divider--view-line_icon elementor-view-default elementor-widget-divider--element-align-center elementor-widget elementor-widget-divider\" data-id=\"febdb13\" data-element_type=\"widget\" data-e-type=\"widget\" data-widget_type=\"divider.default\">\n\t\t\t\t<div class=\"elementor-widget-container\">\n\t\t\t\t\t\t\t<div class=\"elementor-divider\">\n\t\t\t<span class=\"elementor-divider-separator\">\n\t\t\t\t\t\t\t<div class=\"elementor-icon elementor-divider__element\">\n\t\t\t\t\t<i aria-hidden=\"true\" class=\"fas fa-star-of-life\"><\/i><\/div>\n\t\t\t\t\t\t<\/span>\n\t\t<\/div>\n\t\t\t\t\t\t<\/div>\n\t\t\t\t<\/div>\n\t\t\t\t<div class=\"elementor-element elementor-element-04ccd3a elementor-widget__width-inherit elementor-widget elementor-widget-image-box\" data-id=\"04ccd3a\" data-element_type=\"widget\" data-e-type=\"widget\" data-widget_type=\"image-box.default\">\n\t\t\t\t<div class=\"elementor-widget-container\">\n\t\t\t\t\t<div class=\"elementor-image-box-wrapper\"><div class=\"elementor-image-box-content\"><h3 class=\"elementor-image-box-title\">LA PREMI\u00c8RE DESTINATION MONDIALE POUR LES TALENTS <\/h3><p class=\"elementor-image-box-description\">Un seul poste peut ouvrir la voie \u00e0 votre avenir. Votre premier emploi chez RWS Global est le point de d\u00e9part d&#039;une carri\u00e8re prometteuse. Sous une m\u00eame banni\u00e8re, vous trouverez des opportunit\u00e9s dans les parcs et complexes h\u00f4teliers, les navires de croisi\u00e8re, les publicit\u00e9s t\u00e9l\u00e9vis\u00e9es, les spectacles de Broadway et bien plus encore. Si vous avez le talent et la motivation, votre prochain poste vous attend.<\/p><\/div><\/div>\t\t\t\t<\/div>\n\t\t\t\t<\/div>\n\t\t\t\t<div class=\"elementor-element elementor-element-1fcd75b elementor-widget elementor-widget-image\" data-id=\"1fcd75b\" data-element_type=\"widget\" data-e-type=\"widget\" data-widget_type=\"image.default\">\n\t\t\t\t<div class=\"elementor-widget-container\">\n\t\t\t\t\t\t\t\t\t\t\t\t\t\t\t<img fetchpriority=\"high\" decoding=\"async\" width=\"1536\" height=\"640\" src=\"https:\/\/worlddancemovement.com\/wp-content\/uploads\/2026\/02\/World-Dance-Movement-1536x640.png\" class=\"attachment-1536x1536 size-1536x1536 wp-image-19685\" alt=\"\" srcset=\"https:\/\/worlddancemovement.com\/wp-content\/uploads\/2026\/02\/World-Dance-Movement-1536x640.png 1536w, https:\/\/worlddancemovement.com\/wp-content\/uploads\/2026\/02\/World-Dance-Movement-300x125.png 300w, https:\/\/worlddancemovement.com\/wp-content\/uploads\/2026\/02\/World-Dance-Movement-1024x427.png 1024w, https:\/\/worlddancemovement.com\/wp-content\/uploads\/2026\/02\/World-Dance-Movement-768x320.png 768w, https:\/\/worlddancemovement.com\/wp-content\/uploads\/2026\/02\/World-Dance-Movement-2048x853.png 2048w, https:\/\/worlddancemovement.com\/wp-content\/uploads\/2026\/02\/World-Dance-Movement-18x8.png 18w, https:\/\/worlddancemovement.com\/wp-content\/uploads\/2026\/02\/World-Dance-Movement-1320x550.png 1320w, https:\/\/worlddancemovement.com\/wp-content\/uploads\/2026\/02\/World-Dance-Movement-scaled.png 1200w\" sizes=\"(max-width: 1536px) 100vw, 1536px\" \/>\t\t\t\t\t\t\t\t\t\t\t\t\t\t\t<\/div>\n\t\t\t\t<\/div>\n\t\t\t\t<div class=\"elementor-element elementor-element-3a7e523 elementor-widget__width-initial elementor-widget elementor-widget-text-editor\" data-id=\"3a7e523\" data-element_type=\"widget\" data-e-type=\"widget\" data-widget_type=\"text-editor.default\">\n\t\t\t\t<div class=\"elementor-widget-container\">\n\t\t\t\t\t\t\t\t\t<p><strong>APPEL A\u00c9RIALISTE<\/strong><\/p><ul><li>DATE : vendredi 10 juillet 2026<\/li><li>HEURE\u00a0:\u00a010h00-13h00<\/li><li>O\u00d9 : Palestra Comunale \u00ab Angiulli \u00bb, via Carlo Poerio, 31, 70013 Castellana Grotte (BA), Italie<\/li><\/ul><p><strong>APPEL DU DANSEUR<\/strong><\/p><ul><li>DATE : Samedi 11 juillet 2026<\/li><li>HEURE\u00a0:\u00a010h00-13h00<\/li><li>O\u00d9 : Palestra Comunale \u00ab Angiulli \u00bb, via Carlo Poerio, 31, 70013 Castellana Grotte (BA), Italie<\/li><\/ul><p><strong>Les directeurs de casting de RWS Global seront \u00e9galement pr\u00e9sents pour recruter des candidats de toutes les cat\u00e9gories lors du WDM Italie 2026.<\/strong><\/p>\t\t\t\t\t\t\t\t<\/div>\n\t\t\t\t<\/div>\n\t\t\t\t<div class=\"elementor-element elementor-element-1fe1b73 elementor-widget-divider--view-line_icon elementor-view-default elementor-widget-divider--element-align-center elementor-widget elementor-widget-divider\" data-id=\"1fe1b73\" data-element_type=\"widget\" data-e-type=\"widget\" data-widget_type=\"divider.default\">\n\t\t\t\t<div class=\"elementor-widget-container\">\n\t\t\t\t\t\t\t<div class=\"elementor-divider\">\n\t\t\t<span class=\"elementor-divider-separator\">\n\t\t\t\t\t\t\t<div class=\"elementor-icon elementor-divider__element\">\n\t\t\t\t\t<i aria-hidden=\"true\" class=\"fas fa-star-of-life\"><\/i><\/div>\n\t\t\t\t\t\t<\/span>\n\t\t<\/div>\n\t\t\t\t\t\t<\/div>\n\t\t\t\t<\/div>\n\t\t\t\t<div class=\"elementor-element elementor-element-25d9718 elementor-widget elementor-widget-heading\" data-id=\"25d9718\" data-element_type=\"widget\" data-e-type=\"widget\" data-widget_type=\"heading.default\">\n\t\t\t\t<div class=\"elementor-widget-container\">\n\t\t\t\t\t<h2 class=\"elementor-heading-title elementor-size-default\">COMMENT S&#039;INSCRIRE<\/h2>\t\t\t\t<\/div>\n\t\t\t\t<\/div>\n\t\t\t\t<div class=\"elementor-element elementor-element-d5504ae elementor-widget elementor-widget-text-editor\" data-id=\"d5504ae\" data-element_type=\"widget\" data-e-type=\"widget\" data-widget_type=\"text-editor.default\">\n\t\t\t\t<div class=\"elementor-widget-container\">\n\t\t\t\t\t\t\t\t\t<h3><a href=\"https:\/\/forms.gle\/GV3beK1NB7oJohtP6\"><strong>CLIQUEZ SUR CE LIEN POUR VOUS INSCRIRE<\/strong><\/a><\/h3>\t\t\t\t\t\t\t\t<\/div>\n\t\t\t\t<\/div>\n\t\t\t\t<div class=\"elementor-element elementor-element-a0097c4 elementor-icon-list--layout-traditional elementor-list-item-link-full_width elementor-widget elementor-widget-icon-list\" data-id=\"a0097c4\" data-element_type=\"widget\" data-e-type=\"widget\" data-widget_type=\"icon-list.default\">\n\t\t\t\t<div class=\"elementor-widget-container\">\n\t\t\t\t\t\t\t<ul class=\"elementor-icon-list-items\">\n\t\t\t\t\t\t\t<li class=\"elementor-icon-list-item\">\n\t\t\t\t\t\t\t\t\t\t\t<span class=\"elementor-icon-list-icon\">\n\t\t\t\t\t\t\t<i aria-hidden=\"true\" class=\"fas fa-dot-circle\"><\/i>\t\t\t\t\t\t<\/span>\n\t\t\t\t\t\t\t\t\t\t<span class=\"elementor-icon-list-text\">NOUS AVONS BESOIN DE CV OU DE PHOTOS\/VID\u00c9OS - Veuillez apporter votre CV et votre photo \u00e0 l&#039;audition.<\/span>\n\t\t\t\t\t\t\t\t\t<\/li>\n\t\t\t\t\t\t\t\t<li class=\"elementor-icon-list-item\">\n\t\t\t\t\t\t\t\t\t\t\t<span class=\"elementor-icon-list-icon\">\n\t\t\t\t\t\t\t<i aria-hidden=\"true\" class=\"fas fa-dot-circle\"><\/i>\t\t\t\t\t\t<\/span>\n\t\t\t\t\t\t\t\t\t\t<span class=\"elementor-icon-list-text\">Artistes syndiqu\u00e9s et non syndiqu\u00e9s. Il faut avoir 18 ans ou plus pour auditionner pour RWS. Exp\u00e9rience pr\u00e9alable au th\u00e9\u00e2tre ou autre exp\u00e9rience de divertissement en direct pr\u00e9f\u00e9r\u00e9e.<\/span>\n\t\t\t\t\t\t\t\t\t<\/li>\n\t\t\t\t\t\t\t\t<li class=\"elementor-icon-list-item\">\n\t\t\t\t\t\t\t\t\t\t\t<span class=\"elementor-icon-list-icon\">\n\t\t\t\t\t\t\t<i aria-hidden=\"true\" class=\"fas fa-dot-circle\"><\/i>\t\t\t\t\t\t<\/span>\n\t\t\t\t\t\t\t\t\t\t<span class=\"elementor-icon-list-text\">Les artistes peuvent \u00eatre noirs, autochtones, latinos, asiatiques\/insulaires du Pacifique, du Moyen-Orient\/Afrique du Nord\/Asie du Sud et\/ou blancs, ainsi que toutes les identit\u00e9s de genre.<\/span>\n\t\t\t\t\t\t\t\t\t<\/li>\n\t\t\t\t\t\t\t\t<li class=\"elementor-icon-list-item\">\n\t\t\t\t\t\t\t\t\t\t\t<span class=\"elementor-icon-list-icon\">\n\t\t\t\t\t\t\t<i aria-hidden=\"true\" class=\"fas fa-dot-circle\"><\/i>\t\t\t\t\t\t<\/span>\n\t\t\t\t\t\t\t\t\t\t<span class=\"elementor-icon-list-text\">DATE LIMITE d&#039;inscription aux auditions RWS Global au WDM Italie\u00a0: 1er juillet 2026 pour les acrobates a\u00e9riens et 6 juillet 2026 pour les danseurs.<\/span>\n\t\t\t\t\t\t\t\t\t<\/li>\n\t\t\t\t\t\t<\/ul>\n\t\t\t\t\t\t<\/div>\n\t\t\t\t<\/div>\n\t\t\t\t<div class=\"elementor-element elementor-element-2b7fca2 elementor-widget elementor-widget-heading\" data-id=\"2b7fca2\" data-element_type=\"widget\" data-e-type=\"widget\" data-widget_type=\"heading.default\">\n\t\t\t\t<div class=\"elementor-widget-container\">\n\t\t\t\t\t<h2 class=\"elementor-heading-title elementor-size-default\">\u00c0 PROPOS DE CETTE AUDITION<\/h2>\t\t\t\t<\/div>\n\t\t\t\t<\/div>\n\t\t\t\t<div class=\"elementor-element elementor-element-56b257a elementor-list-item-link-full_width elementor-widget elementor-widget-icon-list\" data-id=\"56b257a\" data-element_type=\"widget\" data-e-type=\"widget\" data-widget_type=\"icon-list.default\">\n\t\t\t\t<div class=\"elementor-widget-container\">\n\t\t\t\t\t\t\t<ul class=\"elementor-icon-list-items\">\n\t\t\t\t\t\t\t<li class=\"elementor-icon-list-item\">\n\t\t\t\t\t\t\t\t\t\t\t<span class=\"elementor-icon-list-icon\">\n\t\t\t\t\t\t\t<i aria-hidden=\"true\" class=\"fas fa-dot-circle\"><\/i>\t\t\t\t\t\t<\/span>\n\t\t\t\t\t\t\t\t\t\t<span class=\"elementor-icon-list-text\">RWS Global s&#039;associe au World Dance Movement pour rechercher de nouveaux talents.<\/span>\n\t\t\t\t\t\t\t\t\t<\/li>\n\t\t\t\t\t\t\t\t<li class=\"elementor-icon-list-item\">\n\t\t\t\t\t\t\t\t\t\t\t<span class=\"elementor-icon-list-icon\">\n\t\t\t\t\t\t\t<i aria-hidden=\"true\" class=\"fas fa-dot-circle\"><\/i>\t\t\t\t\t\t<\/span>\n\t\t\t\t\t\t\t\t\t\t<span class=\"elementor-icon-list-text\">Auditions ouvertes pour les acrobates a\u00e9riens et les danseurs. Consultez la liste des auditions pour plus de d\u00e9tails.<\/span>\n\t\t\t\t\t\t\t\t\t<\/li>\n\t\t\t\t\t\t\t\t<li class=\"elementor-icon-list-item\">\n\t\t\t\t\t\t\t\t\t\t\t<span class=\"elementor-icon-list-icon\">\n\t\t\t\t\t\t\t<i aria-hidden=\"true\" class=\"fas fa-dot-circle\"><\/i>\t\t\t\t\t\t<\/span>\n\t\t\t\t\t\t\t\t\t\t<span class=\"elementor-icon-list-text\">RWS Global organise des auditions \u00e0 la recherche d&#039;artistes pour \u2026 &amp; COMPANY \u00e0 bord de HOLLAND AMERICA LINE.<\/span>\n\t\t\t\t\t\t\t\t\t<\/li>\n\t\t\t\t\t\t\t\t<li class=\"elementor-icon-list-item\">\n\t\t\t\t\t\t\t\t\t\t\t<span class=\"elementor-icon-list-icon\">\n\t\t\t\t\t\t\t<i aria-hidden=\"true\" class=\"fas fa-dot-circle\"><\/i>\t\t\t\t\t\t<\/span>\n\t\t\t\t\t\t\t\t\t\t<span class=\"elementor-icon-list-text\">Veuillez noter que ces opportunit\u00e9s concernent des \u00ab productions de classe mondiale dans le monde entier, sur terre et en mer \u00bb. Des d\u00e9placements sont requis.<\/span>\n\t\t\t\t\t\t\t\t\t<\/li>\n\t\t\t\t\t\t<\/ul>\n\t\t\t\t\t\t<\/div>\n\t\t\t\t<\/div>\n\t\t\t\t<div class=\"elementor-element elementor-element-7e1f6ac elementor-widget elementor-widget-heading\" data-id=\"7e1f6ac\" data-element_type=\"widget\" data-e-type=\"widget\" data-widget_type=\"heading.default\">\n\t\t\t\t<div class=\"elementor-widget-container\">\n\t\t\t\t\t<h2 class=\"elementor-heading-title elementor-size-default\"><b><u>ILS OFFRENT<\/u><\/b><\/h2>\t\t\t\t<\/div>\n\t\t\t\t<\/div>\n\t\t\t\t<div class=\"elementor-element elementor-element-0554b1d elementor-icon-list--layout-traditional elementor-list-item-link-full_width elementor-widget elementor-widget-icon-list\" data-id=\"0554b1d\" data-element_type=\"widget\" data-e-type=\"widget\" data-widget_type=\"icon-list.default\">\n\t\t\t\t<div class=\"elementor-widget-container\">\n\t\t\t\t\t\t\t<ul class=\"elementor-icon-list-items\">\n\t\t\t\t\t\t\t<li class=\"elementor-icon-list-item\">\n\t\t\t\t\t\t\t\t\t\t\t<span class=\"elementor-icon-list-icon\">\n\t\t\t\t\t\t\t<i aria-hidden=\"true\" class=\"fas fa-dot-circle\"><\/i>\t\t\t\t\t\t<\/span>\n\t\t\t\t\t\t\t\t\t\t<span class=\"elementor-icon-list-text\">Dates de d\u00e9but variables jusqu&#039;en 2027.<\/span>\n\t\t\t\t\t\t\t\t\t<\/li>\n\t\t\t\t\t\t\t\t<li class=\"elementor-icon-list-item\">\n\t\t\t\t\t\t\t\t\t\t\t<span class=\"elementor-icon-list-icon\">\n\t\t\t\t\t\t\t<i aria-hidden=\"true\" class=\"fas fa-dot-circle\"><\/i>\t\t\t\t\t\t<\/span>\n\t\t\t\t\t\t\t\t\t\t<span class=\"elementor-icon-list-text\">Environnement de travail professionnel<\/span>\n\t\t\t\t\t\t\t\t\t<\/li>\n\t\t\t\t\t\t\t\t<li class=\"elementor-icon-list-item\">\n\t\t\t\t\t\t\t\t\t\t\t<span class=\"elementor-icon-list-icon\">\n\t\t\t\t\t\t\t<i aria-hidden=\"true\" class=\"fas fa-dot-circle\"><\/i>\t\t\t\t\t\t<\/span>\n\t\t\t\t\t\t\t\t\t\t<span class=\"elementor-icon-list-text\">Des productions signature uniques en leur genre sur sc\u00e8ne, dans les airs, sur la glace et dans l&#039;eau<\/span>\n\t\t\t\t\t\t\t\t\t<\/li>\n\t\t\t\t\t\t\t\t<li class=\"elementor-icon-list-item\">\n\t\t\t\t\t\t\t\t\t\t\t<span class=\"elementor-icon-list-icon\">\n\t\t\t\t\t\t\t<i aria-hidden=\"true\" class=\"fas fa-dot-circle\"><\/i>\t\t\t\t\t\t<\/span>\n\t\t\t\t\t\t\t\t\t\t<span class=\"elementor-icon-list-text\">D\u00e9placement, h\u00e9bergement et salaire comp\u00e9titif fournis.<\/span>\n\t\t\t\t\t\t\t\t\t<\/li>\n\t\t\t\t\t\t\t\t<li class=\"elementor-icon-list-item\">\n\t\t\t\t\t\t\t\t\t\t\t<span class=\"elementor-icon-list-icon\">\n\t\t\t\t\t\t\t<i aria-hidden=\"true\" class=\"fas fa-dot-circle\"><\/i>\t\t\t\t\t\t<\/span>\n\t\t\t\t\t\t\t\t\t\t<span class=\"elementor-icon-list-text\">Tous les artistes doivent avoir un passeport valide ou pouvoir en acqu\u00e9rir un.<\/span>\n\t\t\t\t\t\t\t\t\t<\/li>\n\t\t\t\t\t\t<\/ul>\n\t\t\t\t\t\t<\/div>\n\t\t\t\t<\/div>\n\t\t\t\t<div class=\"elementor-element elementor-element-31636e1 elementor-widget elementor-widget-text-editor\" data-id=\"31636e1\" data-element_type=\"widget\" data-e-type=\"widget\" data-widget_type=\"text-editor.default\">\n\t\t\t\t<div class=\"elementor-widget-container\">\n\t\t\t\t\t\t\t\t\t<p>Pour en savoir plus, visitez leur site Web :<a href=\"https:\/\/www.rwsglobal.com\/auditions-gigs\">\u00a0<strong>RWSGLOBAL.COM<\/strong><\/a><\/p>\t\t\t\t\t\t\t\t<\/div>\n\t\t\t\t<\/div>\n\t\t\t\t<div class=\"elementor-element elementor-element-9123da7 elementor-widget-divider--view-line_icon elementor-view-default elementor-widget-divider--element-align-center elementor-widget elementor-widget-divider\" data-id=\"9123da7\" data-element_type=\"widget\" data-e-type=\"widget\" data-widget_type=\"divider.default\">\n\t\t\t\t<div class=\"elementor-widget-container\">\n\t\t\t\t\t\t\t<div class=\"elementor-divider\">\n\t\t\t<span class=\"elementor-divider-separator\">\n\t\t\t\t\t\t\t<div class=\"elementor-icon elementor-divider__element\">\n\t\t\t\t\t<i aria-hidden=\"true\" class=\"fas fa-star-of-life\"><\/i><\/div>\n\t\t\t\t\t\t<\/span>\n\t\t<\/div>\n\t\t\t\t\t\t<\/div>\n\t\t\t\t<\/div>\n\t\t\t\t<div class=\"elementor-element elementor-element-b790ffe elementor-widget elementor-widget-heading\" data-id=\"b790ffe\" data-element_type=\"widget\" data-e-type=\"widget\" data-widget_type=\"heading.default\">\n\t\t\t\t<div class=\"elementor-widget-container\">\n\t\t\t\t\t<h4 class=\"elementor-heading-title elementor-size-default\">INFORMATIONS POUR LES A\u00c9RIALISTES\u00a0:<\/h4>\t\t\t\t<\/div>\n\t\t\t\t<\/div>\n\t\t\t\t<div class=\"elementor-element elementor-element-d2aac6d elementor-widget elementor-widget-text-editor\" data-id=\"d2aac6d\" data-element_type=\"widget\" data-e-type=\"widget\" data-widget_type=\"text-editor.default\">\n\t\t\t\t<div class=\"elementor-widget-container\">\n\t\t\t\t\t\t\t\t\t<ul><li>RWS Global recherche des acrobates a\u00e9riens exp\u00e9riment\u00e9s, avec une exp\u00e9rience professionnelle en performance (c&#039;est-\u00e0-dire th\u00e9\u00e2tre, concert, navires, etc.). La polyvalence sur les appareils est un plus.<\/li><li>Nous aurons des soieries et des cerceaux lors de l&#039;audition, mais vous pourrez apporter votre propre agr\u00e8s.\u00a0<\/li><li style=\"font-size: 18px;\">WDM fournira 3 sliks, longueur : 8 m\u00e8tres, certifi\u00e9s Monocycle (Hoop).<\/li><li>INFORMATIONS SUR LES POINTS DE SUSPENSION : une poutre de support (10 m\u00e8tres de long et 7 m\u00e8tres de haut) avec n. 3points.\u00a0<\/li><\/ul><p><em>En vous inscrivant \u00e0 une audition ou en soumettant vos documents en ligne, vous reconnaissez que vous \u00eates pr\u00eat et dispos\u00e9 \u00e0 effectuer les t\u00e2ches physiques du r\u00f4le pour lequel vous auditionnez. Cela peut inclure, sans s&#039;y limiter, soulever des poids allant jusqu&#039;\u00e0 50 lb, pratiquer une activit\u00e9 physique tout au long de vos heures de travail et travailler dans un environnement au rythme rapide exigeant des niveaux \u00e9lev\u00e9s d&#039;adaptabilit\u00e9. De plus, vous reconnaissez que le r\u00f4le peut vous obliger \u00e0 apprendre et \u00e0 mettre en \u0153uvre des \u00e9l\u00e9ments de chor\u00e9graphie et de spectacle\/sc\u00e9nario dans de courtes p\u00e9riodes de temps sans aide.\u00a0<\/em><\/p>\t\t\t\t\t\t\t\t<\/div>\n\t\t\t\t<\/div>\n\t\t\t\t<div class=\"elementor-element elementor-element-f07e62c elementor-widget elementor-widget-heading\" data-id=\"f07e62c\" data-element_type=\"widget\" data-e-type=\"widget\" data-widget_type=\"heading.default\">\n\t\t\t\t<div class=\"elementor-widget-container\">\n\t\t\t\t\t<h4 class=\"elementor-heading-title elementor-size-default\">INFORMATIONS POUR LES DANSEURS\u00a0:<\/h4>\t\t\t\t<\/div>\n\t\t\t\t<\/div>\n\t\t\t\t<div class=\"elementor-element elementor-element-a5aebb8 elementor-widget elementor-widget-text-editor\" data-id=\"a5aebb8\" data-element_type=\"widget\" data-e-type=\"widget\" data-widget_type=\"text-editor.default\">\n\t\t\t\t<div class=\"elementor-widget-container\">\n\t\t\t\t\t\t\t\t\t<ul><li>RWS Global recherche des danseurs forts, professionnels, chevronn\u00e9s et polyvalents de 18 ans et plus avec des styles incluant le contemporain, le jazz, la danse de th\u00e9\u00e2tre, le showgirl et le hip hop.<\/li><li>Les candidats doivent \u00eatre disponibles et dispos\u00e9s \u00e0 voyager \u00e0 l\u2019international \u00e0 bord de nos navires.<\/li><li>Tous les candidats \u00e0 l&#039;audition seront re\u00e7us \u00e0 10 heures.\u00a0<\/li><li>Les d\u00e9tails de l\u2019audition et les liens seront envoy\u00e9s par e-mail de confirmation apr\u00e8s l\u2019inscription.<\/li><li>Veuillez \u00eatre \u00e9chauff\u00e9 et pr\u00eat \u00e0 danser \u00e0 l&#039;heure pr\u00e9vue.\u00a0<\/li><li>Apportez un portrait et un CV agraf\u00e9 dos \u00e0 dos.\u00a0<\/li><li>Portez une tenue ajust\u00e9e qui montre les lignes et l&#039;esth\u00e9tique.\u00a0<\/li><li>Apportez des chaussures de jazz et de ballet. Les artistes f\u00e9minines doivent \u00e9galement apporter des talons.<\/li><\/ul><div><em>En vous inscrivant \u00e0 l&#039;audition ou en soumettant votre dossier en ligne, vous reconnaissez \u00eatre pr\u00eat et dispos\u00e9 \u00e0 effectuer les t\u00e2ches physiques du r\u00f4le pour lequel vous auditionnez. Cela peut inclure, sans s&#039;y limiter, la lev\u00e9e de poids jusqu&#039;\u00e0 22 kg, la pratique d&#039;une activit\u00e9 physique pendant vos heures de travail et un environnement de travail dynamique exigeant une grande adaptabilit\u00e9. De plus, vous reconnaissez que le r\u00f4le peut n\u00e9cessiter l&#039;apprentissage et la mise en \u0153uvre de chor\u00e9graphies et d&#039;\u00e9l\u00e9ments de sc\u00e9nario dans de courts d\u00e9lais, sans assistance.<\/em><\/div>\t\t\t\t\t\t\t\t<\/div>\n\t\t\t\t<\/div>\n\t\t\t\t<div class=\"elementor-element elementor-element-85a770f elementor-widget-divider--view-line_icon elementor-view-default elementor-widget-divider--element-align-center elementor-widget elementor-widget-divider\" data-id=\"85a770f\" data-element_type=\"widget\" data-e-type=\"widget\" data-widget_type=\"divider.default\">\n\t\t\t\t<div class=\"elementor-widget-container\">\n\t\t\t\t\t\t\t<div class=\"elementor-divider\">\n\t\t\t<span class=\"elementor-divider-separator\">\n\t\t\t\t\t\t\t<div class=\"elementor-icon elementor-divider__element\">\n\t\t\t\t\t<i aria-hidden=\"true\" class=\"fas fa-star-of-life\"><\/i><\/div>\n\t\t\t\t\t\t<\/span>\n\t\t<\/div>\n\t\t\t\t\t\t<\/div>\n\t\t\t\t<\/div>\n\t\t\t\t\t<\/div>\n\t\t<\/div>\n\t\t\t\t\t<\/div>\n\t\t<\/section>\n\t\t\t\t<\/div>","protected":false},"excerpt":{"rendered":"<p>https:\/\/worlddancemovement.com\/wp-content\/uploads\/2026\/02\/WDM-Casting-Sizzle.mov WDM ITALY &#8211; The International Festival 2026 &#8211; OPEN &#8220;In person&#8221; CASTING CALL THE LEADING GLOBAL DESTINATION FOR TALENT One role unlocks your future. Your first gig at RWS Global is a doorway to a whole career. Under one umbrella, you\u2019ll find opportunities in parks and resorts, cruise ships, TV commercials, Broadway shows and [&hellip;]<\/p>\n","protected":false},"author":6,"featured_media":0,"parent":0,"menu_order":0,"comment_status":"closed","ping_status":"closed","template":"","meta":{"_acf_changed":false,"site-sidebar-layout":"no-sidebar","site-content-layout":"page-builder","ast-site-content-layout":"default","site-content-style":"default","site-sidebar-style":"default","ast-global-header-display":"","ast-banner-title-visibility":"","ast-main-header-display":"","ast-hfb-above-header-display":"","ast-hfb-below-header-display":"","ast-hfb-mobile-header-display":"","site-post-title":"disabled","ast-breadcrumbs-content":"","ast-featured-img":"disabled","footer-sml-layout":"","ast-disable-related-posts":"","theme-transparent-header-meta":"default","adv-header-id-meta":"","stick-header-meta":"default","header-above-stick-meta":"","header-main-stick-meta":"","header-below-stick-meta":"","astra-migrate-meta-layouts":"default","ast-page-background-enabled":"default","ast-page-background-meta":{"desktop":{"background-color":"","background-image":"","background-repeat":"repeat","background-position":"center center","background-size":"auto","background-attachment":"scroll","background-type":"","background-media":"","overlay-type":"","overlay-color":"","overlay-opacity":"","overlay-gradient":""},"tablet":{"background-color":"","background-image":"","background-repeat":"repeat","background-position":"center center","background-size":"auto","background-attachment":"scroll","background-type":"","background-media":"","overlay-type":"","overlay-color":"","overlay-opacity":"","overlay-gradient":""},"mobile":{"background-color":"","background-image":"","background-repeat":"repeat","background-position":"center center","background-size":"auto","background-attachment":"scroll","background-type":"","background-media":"","overlay-type":"","overlay-color":"","overlay-opacity":"","overlay-gradient":""}},"ast-content-background-meta":{"desktop":{"background-color":"var(--ast-global-color-5)","background-image":"","background-repeat":"repeat","background-position":"center center","background-size":"auto","background-attachment":"scroll","background-type":"","background-media":"","overlay-type":"","overlay-color":"","overlay-opacity":"","overlay-gradient":""},"tablet":{"background-color":"var(--ast-global-color-5)","background-image":"","background-repeat":"repeat","background-position":"center center","background-size":"auto","background-attachment":"scroll","background-type":"","background-media":"","overlay-type":"","overlay-color":"","overlay-opacity":"","overlay-gradient":""},"mobile":{"background-color":"var(--ast-global-color-5)","background-image":"","background-repeat":"repeat","background-position":"center center","background-size":"auto","background-attachment":"scroll","background-type":"","background-media":"","overlay-type":"","overlay-color":"","overlay-opacity":"","overlay-gradient":""}},"footnotes":""},"class_list":["post-12904","page","type-page","status-publish","hentry"],"acf":[],"jetpack_sharing_enabled":true,"_links":{"self":[{"href":"https:\/\/worlddancemovement.com\/fr\/wp-json\/wp\/v2\/pages\/12904","targetHints":{"allow":["GET"]}}],"collection":[{"href":"https:\/\/worlddancemovement.com\/fr\/wp-json\/wp\/v2\/pages"}],"about":[{"href":"https:\/\/worlddancemovement.com\/fr\/wp-json\/wp\/v2\/types\/page"}],"author":[{"embeddable":true,"href":"https:\/\/worlddancemovement.com\/fr\/wp-json\/wp\/v2\/users\/6"}],"replies":[{"embeddable":true,"href":"https:\/\/worlddancemovement.com\/fr\/wp-json\/wp\/v2\/comments?post=12904"}],"version-history":[{"count":10,"href":"https:\/\/worlddancemovement.com\/fr\/wp-json\/wp\/v2\/pages\/12904\/revisions"}],"predecessor-version":[{"id":19688,"href":"https:\/\/worlddancemovement.com\/fr\/wp-json\/wp\/v2\/pages\/12904\/revisions\/19688"}],"wp:attachment":[{"href":"https:\/\/worlddancemovement.com\/fr\/wp-json\/wp\/v2\/media?parent=12904"}],"curies":[{"name":"wp","href":"https:\/\/api.w.org\/{rel}","templated":true}]}}