{"id":13196,"date":"2023-10-05T03:33:15","date_gmt":"2023-10-05T03:33:15","guid":{"rendered":"https:\/\/worlddancemovement.com\/?page_id=13196"},"modified":"2024-05-02T19:13:58","modified_gmt":"2024-05-02T19:13:58","slug":"sara-greenberg","status":"publish","type":"page","link":"https:\/\/worlddancemovement.com\/fr\/faculty-italy\/sara-greenberg\/","title":{"rendered":"SARAH GREENBERG"},"content":{"rendered":"<div data-elementor-type=\"wp-page\" data-elementor-id=\"13196\" class=\"elementor elementor-13196\" data-elementor-post-type=\"page\">\n\t\t\t\t\t\t<section class=\"elementor-section elementor-top-section elementor-element elementor-element-94ec49d elementor-section-full_width elementor-section-height-min-height elementor-section-height-default elementor-section-items-middle\" data-id=\"94ec49d\" data-element_type=\"section\" data-e-type=\"section\" data-settings=\"{&quot;background_background&quot;:&quot;classic&quot;}\">\n\t\t\t\t\t\t\t<div class=\"elementor-background-overlay\"><\/div>\n\t\t\t\t\t\t\t<div class=\"elementor-container elementor-column-gap-no\">\n\t\t\t\t\t<div class=\"elementor-column elementor-col-100 elementor-top-column elementor-element elementor-element-8268956\" data-id=\"8268956\" data-element_type=\"column\" data-e-type=\"column\">\n\t\t\t<div class=\"elementor-widget-wrap elementor-element-populated\">\n\t\t\t\t\t\t<div class=\"elementor-element elementor-element-5016628 elementor-widget elementor-widget-heading\" data-id=\"5016628\" data-element_type=\"widget\" data-e-type=\"widget\" data-widget_type=\"heading.default\">\n\t\t\t\t<div class=\"elementor-widget-container\">\n\t\t\t\t\t<h2 class=\"elementor-heading-title elementor-size-default\">SARAH GREENBERG<\/h2>\t\t\t\t<\/div>\n\t\t\t\t<\/div>\n\t\t\t\t<div class=\"elementor-element elementor-element-a86216f elementor-widget-divider--view-line elementor-widget elementor-widget-divider\" data-id=\"a86216f\" data-element_type=\"widget\" data-e-type=\"widget\" data-widget_type=\"divider.default\">\n\t\t\t\t<div class=\"elementor-widget-container\">\n\t\t\t\t\t\t\t<div class=\"elementor-divider\">\n\t\t\t<span class=\"elementor-divider-separator\">\n\t\t\t\t\t\t<\/span>\n\t\t<\/div>\n\t\t\t\t\t\t<\/div>\n\t\t\t\t<\/div>\n\t\t\t\t\t<\/div>\n\t\t<\/div>\n\t\t\t\t\t<\/div>\n\t\t<\/section>\n\t\t\t\t<section class=\"elementor-section elementor-top-section elementor-element elementor-element-a2d6cca elementor-section-full_width elementor-section-height-default elementor-section-height-default\" data-id=\"a2d6cca\" data-element_type=\"section\" data-e-type=\"section\">\n\t\t\t\t\t\t<div class=\"elementor-container elementor-column-gap-default\">\n\t\t\t\t\t<div class=\"elementor-column elementor-col-100 elementor-top-column elementor-element elementor-element-a45c6d3\" data-id=\"a45c6d3\" data-element_type=\"column\" data-e-type=\"column\">\n\t\t\t<div class=\"elementor-widget-wrap elementor-element-populated\">\n\t\t\t\t\t\t<div class=\"elementor-element elementor-element-f854b1f elementor-widget elementor-widget-heading\" data-id=\"f854b1f\" data-element_type=\"widget\" data-e-type=\"widget\" data-widget_type=\"heading.default\">\n\t\t\t\t<div class=\"elementor-widget-container\">\n\t\t\t\t\t<h2 class=\"elementor-heading-title elementor-size-default\"><span style=\"font-style: normal;clear: both;line-height: 1.3em;font-family: Oswald, sans-serif;white-space: normal\">SARAH GREENBERG&nbsp;<font color=\"#000000\" style=\"font-size: 26px\"><span style=\"font-size: 26px\"><\/span><\/font>- \ud83c\uddeb\ud83c\uddf7 FRANCE<br>COURS\u00a0: A\u00c9RIEN POUR DANSEURS<\/span><\/h2>\t\t\t\t<\/div>\n\t\t\t\t<\/div>\n\t\t\t\t<div class=\"elementor-element elementor-element-c624028 elementor-widget elementor-widget-gallery\" data-id=\"c624028\" data-element_type=\"widget\" data-e-type=\"widget\" data-settings=\"{&quot;columns&quot;:3,&quot;lazyload&quot;:&quot;yes&quot;,&quot;gallery_layout&quot;:&quot;grid&quot;,&quot;columns_tablet&quot;:2,&quot;columns_mobile&quot;:1,&quot;gap&quot;:{&quot;unit&quot;:&quot;px&quot;,&quot;size&quot;:10,&quot;sizes&quot;:[]},&quot;gap_tablet&quot;:{&quot;unit&quot;:&quot;px&quot;,&quot;size&quot;:10,&quot;sizes&quot;:[]},&quot;gap_mobile&quot;:{&quot;unit&quot;:&quot;px&quot;,&quot;size&quot;:10,&quot;sizes&quot;:[]},&quot;link_to&quot;:&quot;file&quot;,&quot;aspect_ratio&quot;:&quot;3:2&quot;,&quot;overlay_background&quot;:&quot;yes&quot;,&quot;content_hover_animation&quot;:&quot;fade-in&quot;}\" data-widget_type=\"gallery.default\">\n\t\t\t\t<div class=\"elementor-widget-container\">\n\t\t\t\t\t\t\t<div class=\"elementor-gallery__container\">\n\t\t\t\t\t\t\t<a class=\"e-gallery-item elementor-gallery-item elementor-animated-content\" href=\"https:\/\/worlddancemovement.com\/wp-content\/uploads\/2023\/10\/Sara-Greenberg_3-scaled.jpg\" data-elementor-open-lightbox=\"yes\" data-elementor-lightbox-slideshow=\"c624028\" data-elementor-lightbox-title=\"Sara Greenberg_3\" data-e-action-hash=\"#elementor-action%3Aaction%3Dlightbox%26settings%3DeyJpZCI6MTMxNzQsInVybCI6Imh0dHBzOlwvXC93b3JsZGRhbmNlbW92ZW1lbnQuY29tXC93cC1jb250ZW50XC91cGxvYWRzXC8yMDIzXC8xMFwvU2FyYS1HcmVlbmJlcmdfMy1zY2FsZWQuanBnIiwic2xpZGVzaG93IjoiYzYyNDAyOCJ9\">\n\t\t\t\t\t<div class=\"e-gallery-image elementor-gallery-item__image\" data-thumbnail=\"https:\/\/worlddancemovement.com\/wp-content\/uploads\/2023\/10\/Sara-Greenberg_3-1024x686.jpg\" data-width=\"1024\" data-height=\"686\" aria-label=\"\" role=\"img\" ><\/div>\n\t\t\t\t\t\t\t\t\t\t\t<div class=\"elementor-gallery-item__overlay\"><\/div>\n\t\t\t\t\t\t\t\t\t\t\t\t\t\t<\/a>\n\t\t\t\t\t\t\t<a class=\"e-gallery-item elementor-gallery-item elementor-animated-content\" href=\"https:\/\/worlddancemovement.com\/wp-content\/uploads\/2023\/10\/Sara-Greenberg-scaled-e1696475311963.jpg\" data-elementor-open-lightbox=\"yes\" data-elementor-lightbox-slideshow=\"c624028\" data-elementor-lightbox-title=\"Sara Greenberg\" data-e-action-hash=\"#elementor-action%3Aaction%3Dlightbox%26settings%3DeyJpZCI6MTMxNzEsInVybCI6Imh0dHBzOlwvXC93b3JsZGRhbmNlbW92ZW1lbnQuY29tXC93cC1jb250ZW50XC91cGxvYWRzXC8yMDIzXC8xMFwvU2FyYS1HcmVlbmJlcmctc2NhbGVkLWUxNjk2NDc1MzExOTYzLmpwZyIsInNsaWRlc2hvdyI6ImM2MjQwMjgifQ%3D%3D\">\n\t\t\t\t\t<div class=\"e-gallery-image elementor-gallery-item__image\" data-thumbnail=\"https:\/\/worlddancemovement.com\/wp-content\/uploads\/2023\/10\/Sara-Greenberg-scaled-e1696475311963-1024x689.jpg\" data-width=\"1024\" data-height=\"689\" aria-label=\"\" role=\"img\" ><\/div>\n\t\t\t\t\t\t\t\t\t\t\t<div class=\"elementor-gallery-item__overlay\"><\/div>\n\t\t\t\t\t\t\t\t\t\t\t\t\t\t<\/a>\n\t\t\t\t\t\t\t<a class=\"e-gallery-item elementor-gallery-item elementor-animated-content\" href=\"https:\/\/worlddancemovement.com\/wp-content\/uploads\/2023\/10\/Sara-Greenberg_6-scaled.jpg\" data-elementor-open-lightbox=\"yes\" data-elementor-lightbox-slideshow=\"c624028\" data-elementor-lightbox-title=\"Sara Greenberg_6\" data-e-action-hash=\"#elementor-action%3Aaction%3Dlightbox%26settings%3DeyJpZCI6MTMxNzksInVybCI6Imh0dHBzOlwvXC93b3JsZGRhbmNlbW92ZW1lbnQuY29tXC93cC1jb250ZW50XC91cGxvYWRzXC8yMDIzXC8xMFwvU2FyYS1HcmVlbmJlcmdfNi1zY2FsZWQuanBnIiwic2xpZGVzaG93IjoiYzYyNDAyOCJ9\">\n\t\t\t\t\t<div class=\"e-gallery-image elementor-gallery-item__image\" data-thumbnail=\"https:\/\/worlddancemovement.com\/wp-content\/uploads\/2023\/10\/Sara-Greenberg_6-1024x693.jpg\" data-width=\"1024\" data-height=\"693\" aria-label=\"\" role=\"img\" ><\/div>\n\t\t\t\t\t\t\t\t\t\t\t<div class=\"elementor-gallery-item__overlay\"><\/div>\n\t\t\t\t\t\t\t\t\t\t\t\t\t\t<\/a>\n\t\t\t\t\t<\/div>\n\t\t\t\t\t<\/div>\n\t\t\t\t<\/div>\n\t\t\t\t<div class=\"elementor-element elementor-element-afa7c4f elementor-widget elementor-widget-text-editor\" data-id=\"afa7c4f\" data-element_type=\"widget\" data-e-type=\"widget\" data-widget_type=\"text-editor.default\">\n\t\t\t\t<div class=\"elementor-widget-container\">\n\t\t\t\t\t\t\t\t\t<div><div data-animation-override=\"\" data-width-percentage=\"27.5\"><p>Sara est une artiste de cirque et chor\u00e9graphe multidisciplinaire. Elle se forme, enseigne et se produit depuis plus d&#039;une d\u00e9cennie, apr\u00e8s avoir \u00e9t\u00e9 accueillie pour la premi\u00e8re fois dans le monde du cirque \u00e0 l&#039;Atlantic Cirque \u00e0 Halifax, au Canada. Elle s&#039;est d\u00e9couvert une passion pour cette forme d&#039;art et a continu\u00e9 \u00e0 se former intensivement tout au long d&#039;un dipl\u00f4me d&#039;ing\u00e9nieur et demi. Elle a laiss\u00e9 sa ma\u00eetrise inachev\u00e9e pour se produire avec Cavalia en Chine en 2017, et m\u00eame si elle se consacre d\u00e9sormais \u00e0 sa pratique artistique, elle reste une amoureuse des math\u00e9matiques et des sciences. Son \u00e9merveillement pour le fonctionnement de l\u2019univers est sa plus grande inspiration.\u00a0<\/p><\/div><\/div><div><div data-animation-override=\"\" data-width-percentage=\"27.5\"><p>Sp\u00e9cialis\u00e9e dans le cerceau a\u00e9rien et les soieries, la chor\u00e9graphie de Sara allie technique de haut niveau et mouvement contemporain. Outre les activit\u00e9s a\u00e9riennes, la ceinture \u00e0 outils de Sara comprend \u00e9galement la danse, les acrobaties, l&#039;\u00e9quitation, le chant et le violon. N\u00e9e dans une famille de musiciens, la musicalit\u00e9 fait partie intrins\u00e8que de son travail.<\/p><p>Sara s&#039;est produite avec des compagnies telles que Disney, Cavalia et La Folie Douce, et a aim\u00e9 enseigner et se produire sur sc\u00e8ne \u00e0 travers le monde. Sa passion pour la fusion du multim\u00e9dia et des arts de la sc\u00e8ne lui a valu d&#039;\u00eatre reconnue comme artiste \u00e9mergente au Festival des arts du cirque contemporain de Toronto en 2016. R\u00e9sidant d\u00e9sormais dans la campagne fran\u00e7aise, Sara continue de cr\u00e9er entre bouch\u00e9es de fromage et caresses des chevaux.<\/p><p>\u00a0<\/p><h4 style=\"font-size: 1.111111rem; font-style: normal;\"><b>Pour apprendre plus:<\/b><\/h4><div><a href=\"https:\/\/www.saragreenberg.com\" target=\"_blank\" rel=\"noopener\">SITE WEB DE SARA<\/a><\/div><div><a href=\"https:\/\/www.instagram.com\/saramalaney\/?img_index=1\" target=\"_blank\" rel=\"noopener\">INSTAGRAM DE SARA<\/a><\/div><\/div><\/div>\t\t\t\t\t\t\t\t<\/div>\n\t\t\t\t<\/div>\n\t\t\t\t\t<\/div>\n\t\t<\/div>\n\t\t\t\t\t<\/div>\n\t\t<\/section>\n\t\t\t\t<\/div>","protected":false},"excerpt":{"rendered":"<p>SARA GREENBERG SARA GREENBERG&nbsp;&#8211; \ud83c\uddeb\ud83c\uddf7 FRANCECLASS: AERIAL FOR DANCERS Sara is a multi-disciplinary circus artist and choreographer. She has been training, teaching and performing for over a decade, after being first welcomed into the circus world at Atlantic Cirque in Halifax, Canada. She discovered a passion for the art form, continuing to train intensively throughout [&hellip;]<\/p>\n","protected":false},"author":6,"featured_media":0,"parent":329,"menu_order":0,"comment_status":"closed","ping_status":"closed","template":"","meta":{"_acf_changed":false,"site-sidebar-layout":"no-sidebar","site-content-layout":"page-builder","ast-site-content-layout":"default","site-content-style":"default","site-sidebar-style":"default","ast-global-header-display":"","ast-banner-title-visibility":"","ast-main-header-display":"","ast-hfb-above-header-display":"","ast-hfb-below-header-display":"","ast-hfb-mobile-header-display":"","site-post-title":"disabled","ast-breadcrumbs-content":"","ast-featured-img":"disabled","footer-sml-layout":"","ast-disable-related-posts":"","theme-transparent-header-meta":"default","adv-header-id-meta":"","stick-header-meta":"default","header-above-stick-meta":"","header-main-stick-meta":"","header-below-stick-meta":"","astra-migrate-meta-layouts":"default","ast-page-background-enabled":"default","ast-page-background-meta":{"desktop":{"background-color":"","background-image":"","background-repeat":"repeat","background-position":"center center","background-size":"auto","background-attachment":"scroll","background-type":"","background-media":"","overlay-type":"","overlay-color":"","overlay-opacity":"","overlay-gradient":""},"tablet":{"background-color":"","background-image":"","background-repeat":"repeat","background-position":"center center","background-size":"auto","background-attachment":"scroll","background-type":"","background-media":"","overlay-type":"","overlay-color":"","overlay-opacity":"","overlay-gradient":""},"mobile":{"background-color":"","background-image":"","background-repeat":"repeat","background-position":"center center","background-size":"auto","background-attachment":"scroll","background-type":"","background-media":"","overlay-type":"","overlay-color":"","overlay-opacity":"","overlay-gradient":""}},"ast-content-background-meta":{"desktop":{"background-color":"var(--ast-global-color-5)","background-image":"","background-repeat":"repeat","background-position":"center center","background-size":"auto","background-attachment":"scroll","background-type":"","background-media":"","overlay-type":"","overlay-color":"","overlay-opacity":"","overlay-gradient":""},"tablet":{"background-color":"var(--ast-global-color-5)","background-image":"","background-repeat":"repeat","background-position":"center center","background-size":"auto","background-attachment":"scroll","background-type":"","background-media":"","overlay-type":"","overlay-color":"","overlay-opacity":"","overlay-gradient":""},"mobile":{"background-color":"var(--ast-global-color-5)","background-image":"","background-repeat":"repeat","background-position":"center center","background-size":"auto","background-attachment":"scroll","background-type":"","background-media":"","overlay-type":"","overlay-color":"","overlay-opacity":"","overlay-gradient":""}},"footnotes":""},"class_list":["post-13196","page","type-page","status-publish","hentry"],"acf":[],"jetpack_sharing_enabled":true,"_links":{"self":[{"href":"https:\/\/worlddancemovement.com\/fr\/wp-json\/wp\/v2\/pages\/13196","targetHints":{"allow":["GET"]}}],"collection":[{"href":"https:\/\/worlddancemovement.com\/fr\/wp-json\/wp\/v2\/pages"}],"about":[{"href":"https:\/\/worlddancemovement.com\/fr\/wp-json\/wp\/v2\/types\/page"}],"author":[{"embeddable":true,"href":"https:\/\/worlddancemovement.com\/fr\/wp-json\/wp\/v2\/users\/6"}],"replies":[{"embeddable":true,"href":"https:\/\/worlddancemovement.com\/fr\/wp-json\/wp\/v2\/comments?post=13196"}],"version-history":[{"count":11,"href":"https:\/\/worlddancemovement.com\/fr\/wp-json\/wp\/v2\/pages\/13196\/revisions"}],"predecessor-version":[{"id":18252,"href":"https:\/\/worlddancemovement.com\/fr\/wp-json\/wp\/v2\/pages\/13196\/revisions\/18252"}],"up":[{"embeddable":true,"href":"https:\/\/worlddancemovement.com\/fr\/wp-json\/wp\/v2\/pages\/329"}],"wp:attachment":[{"href":"https:\/\/worlddancemovement.com\/fr\/wp-json\/wp\/v2\/media?parent=13196"}],"curies":[{"name":"wp","href":"https:\/\/api.w.org\/{rel}","templated":true}]}}