{"id":13777,"date":"2023-10-20T00:38:09","date_gmt":"2023-10-20T00:38:09","guid":{"rendered":"https:\/\/worlddancemovement.com\/?page_id=13777"},"modified":"2024-05-15T16:08:39","modified_gmt":"2024-05-15T16:08:39","slug":"humanhood-2","status":"publish","type":"page","link":"https:\/\/worlddancemovement.com\/fr\/faculty-italy\/humanhood-2\/","title":{"rendered":"L&#039;HUMANIT\u00c9"},"content":{"rendered":"<div data-elementor-type=\"wp-page\" data-elementor-id=\"13777\" class=\"elementor elementor-13777\" data-elementor-post-type=\"page\">\n\t\t\t\t\t\t<section class=\"elementor-section elementor-top-section elementor-element elementor-element-94ec49d elementor-section-full_width elementor-section-height-min-height elementor-section-height-default elementor-section-items-middle\" data-id=\"94ec49d\" data-element_type=\"section\" data-e-type=\"section\" data-settings=\"{&quot;background_background&quot;:&quot;classic&quot;}\">\n\t\t\t\t\t\t\t<div class=\"elementor-background-overlay\"><\/div>\n\t\t\t\t\t\t\t<div class=\"elementor-container elementor-column-gap-no\">\n\t\t\t\t\t<div class=\"elementor-column elementor-col-100 elementor-top-column elementor-element elementor-element-8268956\" data-id=\"8268956\" data-element_type=\"column\" data-e-type=\"column\">\n\t\t\t<div class=\"elementor-widget-wrap elementor-element-populated\">\n\t\t\t\t\t\t<div class=\"elementor-element elementor-element-5016628 elementor-widget elementor-widget-heading\" data-id=\"5016628\" data-element_type=\"widget\" data-e-type=\"widget\" data-widget_type=\"heading.default\">\n\t\t\t\t<div class=\"elementor-widget-container\">\n\t\t\t\t\t<h2 class=\"elementor-heading-title elementor-size-default\">L&#039;HUMANIT\u00c9 - Rom\u00e9e van de Meent<br><\/h2>\t\t\t\t<\/div>\n\t\t\t\t<\/div>\n\t\t\t\t<div class=\"elementor-element elementor-element-a86216f elementor-widget-divider--view-line elementor-widget elementor-widget-divider\" data-id=\"a86216f\" data-element_type=\"widget\" data-e-type=\"widget\" data-widget_type=\"divider.default\">\n\t\t\t\t<div class=\"elementor-widget-container\">\n\t\t\t\t\t\t\t<div class=\"elementor-divider\">\n\t\t\t<span class=\"elementor-divider-separator\">\n\t\t\t\t\t\t<\/span>\n\t\t<\/div>\n\t\t\t\t\t\t<\/div>\n\t\t\t\t<\/div>\n\t\t\t\t\t<\/div>\n\t\t<\/div>\n\t\t\t\t\t<\/div>\n\t\t<\/section>\n\t\t\t\t<section class=\"elementor-section elementor-top-section elementor-element elementor-element-a2d6cca elementor-section-full_width elementor-section-height-default elementor-section-height-default\" data-id=\"a2d6cca\" data-element_type=\"section\" data-e-type=\"section\">\n\t\t\t\t\t\t<div class=\"elementor-container elementor-column-gap-default\">\n\t\t\t\t\t<div class=\"elementor-column elementor-col-100 elementor-top-column elementor-element elementor-element-a45c6d3\" data-id=\"a45c6d3\" data-element_type=\"column\" data-e-type=\"column\">\n\t\t\t<div class=\"elementor-widget-wrap elementor-element-populated\">\n\t\t\t\t\t\t<div class=\"elementor-element elementor-element-f854b1f elementor-widget elementor-widget-heading\" data-id=\"f854b1f\" data-element_type=\"widget\" data-e-type=\"widget\" data-widget_type=\"heading.default\">\n\t\t\t\t<div class=\"elementor-widget-container\">\n\t\t\t\t\t<h2 class=\"elementor-heading-title elementor-size-default\">HUMANIT\u00c9 - ROMEE VAN DE MEENT - \ud83c\uddec\ud83c\udde7 UK<br>COURS\u00a0: ATELIER CHOR\u00c9GRAPHIQUE HUMANIT\u00c9\n<\/h2>\t\t\t\t<\/div>\n\t\t\t\t<\/div>\n\t\t\t\t<div class=\"elementor-element elementor-element-6a167fb elementor-widget elementor-widget-gallery\" data-id=\"6a167fb\" data-element_type=\"widget\" data-e-type=\"widget\" data-settings=\"{&quot;gap&quot;:{&quot;unit&quot;:&quot;px&quot;,&quot;size&quot;:9,&quot;sizes&quot;:[]},&quot;lazyload&quot;:&quot;yes&quot;,&quot;gallery_layout&quot;:&quot;grid&quot;,&quot;columns&quot;:4,&quot;columns_tablet&quot;:2,&quot;columns_mobile&quot;:1,&quot;gap_tablet&quot;:{&quot;unit&quot;:&quot;px&quot;,&quot;size&quot;:10,&quot;sizes&quot;:[]},&quot;gap_mobile&quot;:{&quot;unit&quot;:&quot;px&quot;,&quot;size&quot;:10,&quot;sizes&quot;:[]},&quot;link_to&quot;:&quot;file&quot;,&quot;aspect_ratio&quot;:&quot;3:2&quot;,&quot;overlay_background&quot;:&quot;yes&quot;,&quot;content_hover_animation&quot;:&quot;fade-in&quot;}\" data-widget_type=\"gallery.default\">\n\t\t\t\t<div class=\"elementor-widget-container\">\n\t\t\t\t\t\t\t<div class=\"elementor-gallery__container\">\n\t\t\t\t\t\t\t<a class=\"e-gallery-item elementor-gallery-item elementor-animated-content\" href=\"https:\/\/worlddancemovement.com\/wp-content\/uploads\/2023\/10\/Romee-Van-De-Meent_-1x1-1.jpg\" data-elementor-open-lightbox=\"yes\" data-elementor-lightbox-slideshow=\"6a167fb\" data-elementor-lightbox-title=\"Romee Van De Meent_ 1x1\" data-e-action-hash=\"#elementor-action%3Aaction%3Dlightbox%26settings%3DeyJpZCI6MTM4MjIsInVybCI6Imh0dHBzOlwvXC93b3JsZGRhbmNlbW92ZW1lbnQuY29tXC93cC1jb250ZW50XC91cGxvYWRzXC8yMDIzXC8xMFwvUm9tZWUtVmFuLURlLU1lZW50Xy0xeDEtMS5qcGciLCJzbGlkZXNob3ciOiI2YTE2N2ZiIn0%3D\">\n\t\t\t\t\t<div class=\"e-gallery-image elementor-gallery-item__image\" data-thumbnail=\"https:\/\/worlddancemovement.com\/wp-content\/uploads\/2023\/10\/Romee-Van-De-Meent_-1x1-1.jpg\" data-width=\"1000\" data-height=\"1000\" aria-label=\"\" role=\"img\" ><\/div>\n\t\t\t\t\t\t\t\t\t\t\t<div class=\"elementor-gallery-item__overlay\"><\/div>\n\t\t\t\t\t\t\t\t\t\t\t\t\t\t<\/a>\n\t\t\t\t\t\t\t<a class=\"e-gallery-item elementor-gallery-item elementor-animated-content\" href=\"https:\/\/worlddancemovement.com\/wp-content\/uploads\/2023\/11\/Humanhood_Portraits_6841-scaled.jpg\" data-elementor-open-lightbox=\"yes\" data-elementor-lightbox-slideshow=\"6a167fb\" data-elementor-lightbox-title=\"Humanhood_Portraits_6841\" data-e-action-hash=\"#elementor-action%3Aaction%3Dlightbox%26settings%3DeyJpZCI6MTQxMjYsInVybCI6Imh0dHBzOlwvXC93b3JsZGRhbmNlbW92ZW1lbnQuY29tXC93cC1jb250ZW50XC91cGxvYWRzXC8yMDIzXC8xMVwvSHVtYW5ob29kX1BvcnRyYWl0c182ODQxLXNjYWxlZC5qcGciLCJzbGlkZXNob3ciOiI2YTE2N2ZiIn0%3D\">\n\t\t\t\t\t<div class=\"e-gallery-image elementor-gallery-item__image\" data-thumbnail=\"https:\/\/worlddancemovement.com\/wp-content\/uploads\/2023\/11\/Humanhood_Portraits_6841-731x1024.jpg\" data-width=\"731\" data-height=\"1024\" aria-label=\"\" role=\"img\" ><\/div>\n\t\t\t\t\t\t\t\t\t\t\t<div class=\"elementor-gallery-item__overlay\"><\/div>\n\t\t\t\t\t\t\t\t\t\t\t\t\t\t<\/a>\n\t\t\t\t\t\t\t<a class=\"e-gallery-item elementor-gallery-item elementor-animated-content\" href=\"https:\/\/worlddancemovement.com\/wp-content\/uploads\/2023\/10\/Humanhood2-scaled.jpg\" data-elementor-open-lightbox=\"yes\" data-elementor-lightbox-slideshow=\"6a167fb\" data-elementor-lightbox-title=\"Humanhood2\" data-e-action-hash=\"#elementor-action%3Aaction%3Dlightbox%26settings%3DeyJpZCI6MTM4MTksInVybCI6Imh0dHBzOlwvXC93b3JsZGRhbmNlbW92ZW1lbnQuY29tXC93cC1jb250ZW50XC91cGxvYWRzXC8yMDIzXC8xMFwvSHVtYW5ob29kMi1zY2FsZWQuanBnIiwic2xpZGVzaG93IjoiNmExNjdmYiJ9\">\n\t\t\t\t\t<div class=\"e-gallery-image elementor-gallery-item__image\" data-thumbnail=\"https:\/\/worlddancemovement.com\/wp-content\/uploads\/2023\/10\/Humanhood2-1024x910.jpg\" data-width=\"1024\" data-height=\"910\" aria-label=\"\" role=\"img\" ><\/div>\n\t\t\t\t\t\t\t\t\t\t\t<div class=\"elementor-gallery-item__overlay\"><\/div>\n\t\t\t\t\t\t\t\t\t\t\t\t\t\t<\/a>\n\t\t\t\t\t\t\t<a class=\"e-gallery-item elementor-gallery-item elementor-animated-content\" href=\"https:\/\/worlddancemovement.com\/wp-content\/uploads\/2023\/10\/Humanhood-scaled.jpg\" data-elementor-open-lightbox=\"yes\" data-elementor-lightbox-slideshow=\"6a167fb\" data-elementor-lightbox-title=\"Humanhood\" data-e-action-hash=\"#elementor-action%3Aaction%3Dlightbox%26settings%3DeyJpZCI6MTM4MTgsInVybCI6Imh0dHBzOlwvXC93b3JsZGRhbmNlbW92ZW1lbnQuY29tXC93cC1jb250ZW50XC91cGxvYWRzXC8yMDIzXC8xMFwvSHVtYW5ob29kLXNjYWxlZC5qcGciLCJzbGlkZXNob3ciOiI2YTE2N2ZiIn0%3D\">\n\t\t\t\t\t<div class=\"e-gallery-image elementor-gallery-item__image\" data-thumbnail=\"https:\/\/worlddancemovement.com\/wp-content\/uploads\/2023\/10\/Humanhood-576x1024.jpg\" data-width=\"576\" data-height=\"1024\" aria-label=\"\" role=\"img\" ><\/div>\n\t\t\t\t\t\t\t\t\t\t\t<div class=\"elementor-gallery-item__overlay\"><\/div>\n\t\t\t\t\t\t\t\t\t\t\t\t\t\t<\/a>\n\t\t\t\t\t<\/div>\n\t\t\t\t\t<\/div>\n\t\t\t\t<\/div>\n\t\t\t\t<div class=\"elementor-element elementor-element-54d4613 elementor-widget elementor-widget-text-editor\" data-id=\"54d4613\" data-element_type=\"widget\" data-e-type=\"widget\" data-widget_type=\"text-editor.default\">\n\t\t\t\t<div class=\"elementor-widget-container\">\n\t\t\t\t\t\t\t\t\t<h4><strong>Rom\u00e9e van de Meent<\/strong><\/h4><p>Romee van de Meent, originaire des Pays-Bas, est une danseuse professionnelle qui a rejoint HUMANHOOD en ao\u00fbt 2021 et a jou\u00e9 dans les productions de la compagnie \u221e {Infinite} et Sphera. Elle a donn\u00e9 des ateliers en personne dans toute l&#039;Europe et a form\u00e9 de nombreux professionnels du mouvement en ligne dans le cadre du programme de formation des danseurs HUMANHOOD.<\/p><p>\u00a0<\/p><h4><strong>\u00c0 propos de l\u2019HUMANIT\u00c9<\/strong><\/h4><h4><strong>La compagnie de danse<\/strong><\/h4><p>\u00ab HUMANHOOD est une compagnie de danse qui existe pour \u00e9lever la conscience humaine et renforcer le potentiel humain \u00e0 travers des productions de danse mystiques et colossales, dans le monde entier. Dirig\u00e9e artistiquement et fond\u00e9e par les visionnaires et cr\u00e9atifs Julia Robert et Rudi Cole, la compagnie trace un chemin radieux sur la sc\u00e8ne internationale, cr\u00e9ant des m\u00e9ditations de th\u00e9\u00e2tre-danse au pouvoir \u00e9nerg\u00e9tique pour la nouvelle \u00e8re.<\/p><p>Avec un engagement envers la croissance personnelle et l&#039;expression artistique, le travail de HUMANHOOD combine le style chor\u00e9graphique et la physicalit\u00e9 exceptionnelle de Julia et Rudi avec la recherche scientifique en physique et en astrophysique, ainsi qu&#039;un accent sur le mysticisme oriental, pour explorer comment ces mondes apparemment diff\u00e9rents peuvent s&#039;unir pour fa\u00e7onner notre exp\u00e9riences humaines.<\/p><p>Ces explorations ont amen\u00e9 les artistes du monde entier \u00e0 travailler avec un large \u00e9ventail d&#039;artistes multidisciplinaires, de praticiens spirituels, de chamans et de tribus autochtones, pour mettre en sc\u00e8ne des productions d&#039;un haut niveau de complexit\u00e9 artistique et de r\u00e9sonance spirituelle, fusionnant le son, la lumi\u00e8re et le changement d&#039;\u00e9nergie. mouvement transportant le public vers un lieu au-del\u00e0 des sens. L&#039;entreprise collabore \u00e9galement avec des scientifiques, notamment l&#039;\u00e9quipe de recherche du d\u00e9partement de physique et d&#039;astrophysique de l&#039;universit\u00e9 de Birmingham.<\/p>\t\t\t\t\t\t\t\t<\/div>\n\t\t\t\t<\/div>\n\t\t\t\t<div class=\"elementor-element elementor-element-0d5469a elementor-widget elementor-widget-video\" data-id=\"0d5469a\" data-element_type=\"widget\" data-e-type=\"widget\" data-settings=\"{&quot;youtube_url&quot;:&quot;https:\\\/\\\/www.youtube.com\\\/watch?v=NtzsMkZapRA&quot;,&quot;video_type&quot;:&quot;youtube&quot;,&quot;controls&quot;:&quot;yes&quot;}\" data-widget_type=\"video.default\">\n\t\t\t\t<div class=\"elementor-widget-container\">\n\t\t\t\t\t\t\t<div class=\"elementor-wrapper elementor-open-inline\">\n\t\t\t<div class=\"elementor-video\"><\/div>\t\t<\/div>\n\t\t\t\t\t\t<\/div>\n\t\t\t\t<\/div>\n\t\t\t\t<div class=\"elementor-element elementor-element-05cdd24 elementor-widget elementor-widget-text-editor\" data-id=\"05cdd24\" data-element_type=\"widget\" data-e-type=\"widget\" data-widget_type=\"text-editor.default\">\n\t\t\t\t<div class=\"elementor-widget-container\">\n\t\t\t\t\t\t\t\t\t<h4><strong>Chor\u00e9graphe\/Codirectrice artistique \u2013 Julia Robert<\/strong><\/h4><p>Julia a dans\u00e9 depuis son plus jeune \u00e2ge sur cette plan\u00e8te, exprimant sa fluidit\u00e9 et sa gr\u00e2ce inn\u00e9es. Captiv\u00e9e par les merveilles de l&#039;Univers, elle \u00e9tudie la physique \u00e0 l&#039;Universit\u00e9 de Barcelone pendant un semestre. Cependant, elle r\u00e9alisa que cette voie n\u2019\u00e9tait pas conforme au but de son \u00e2me. Depuis ce moment, Julia a tourn\u00e9 toute son attention vers la danse, obtenant son dipl\u00f4me de la London Contemporary Dance School en 2011 et se produisant dans certains des th\u00e9\u00e2tres les plus renomm\u00e9s au monde. Elle est pass\u00e9e de la th\u00e9orie \u00e0 la pratique, plongeant profond\u00e9ment dans les questions existentielles et acc\u00e9dant au mouvement du corps comme portail vers des \u00e9tats de conscience sup\u00e9rieurs. Son approche holistique de la vie et du mouvement l&#039;a amen\u00e9e \u00e0 se former \u00e0 diff\u00e9rentes modalit\u00e9s de gu\u00e9rison et \u00e9nerg\u00e9tiques dont la communication animale, la bioneuro\u00e9motion, le chamanisme entre autres.<\/p><h4><strong>Chor\u00e9graphe\/Co-directeur artistique \u2013 Rudi Cole<\/strong><\/h4><p>Issu d&#039;une famille d&#039;artistes ayant un sens inn\u00e9 du rythme, de la musicalit\u00e9 et un sens aigu de la qualit\u00e9 du mouvement, Rudi a identifi\u00e9 la danse comme sa passion d\u00e8s son plus jeune \u00e2ge. Il est dipl\u00f4m\u00e9 de la Northern School of Contemporary Dance et a men\u00e9 une carri\u00e8re prolifique en tant que danseur professionnel, notamment lors des Jeux olympiques de Londres en 2012. Il est un pratiquant d\u00e9vou\u00e9 des arts martiaux internes fusionnant la puissance \u00e9nerg\u00e9tique du corps avec la qualit\u00e9 du mouvement de l&#039;entreprise. Sa curiosit\u00e9 enfantine l&#039;a amen\u00e9 \u00e0 rechercher des pratiques anciennes et chamaniques \u00e0 travers le monde, \u00e9largissant ainsi le potentiel de la physicalit\u00e9 humaine.<\/p><h4><strong>Julia et Rudi (HUMANIT\u00c9)<\/strong><\/h4><p>Julia et Rudi ont fond\u00e9 HUMANHOOD en 2016 avec la vision de cr\u00e9er un mouvement mondial pour l&#039;expansion de la conscience humaine. Depuis la cr\u00e9ation de leur premier duo ZERO, ils ont \u00e9tabli un langage chor\u00e9graphique clair exprimant une sublime sensibilit\u00e9 spirituelle d&#039;HUMANIT\u00c9 qui a suscit\u00e9 l&#039;int\u00e9r\u00eat et l&#039;adh\u00e9sion du secteur de la danse et au-del\u00e0, y compris du bien-\u00eatre et des communaut\u00e9s holistiques. Leur \u0153uvre prim\u00e9e a \u00e9t\u00e9 jou\u00e9e dans certaines des salles (Sadler&#039;s Wells et Mercat de les Flors) et festivals (Festival Grec et Biennale de Venise) les plus prestigieux au monde.<\/p><p>Ensemble, ils sont \u00e9galement les fondateurs de weflowexperience.com, une plateforme en ligne permettant aux personnes de tous horizons de se connecter au pouvoir du mouvement. Ils organisent \u00e9galement des retraites et des ateliers de mouvement holistique Weflow pour les personnes cherchant \u00e0 se connecter avec leur essence \u00e9nerg\u00e9tique et leur pouvoir expressif \u00e0 travers le mouvement et la danse.\u00a0<\/p><p>En 2021, ils ont commenc\u00e9 \u00e0 proposer des programmes de coaching transformateurs en ligne, partageant leurs pratiques mystiques et guidant des milliers d&#039;individus cr\u00e9atifs pour concr\u00e9tiser leur vision. Ils croient qu&#039;il est temps pour chacun d&#039;acc\u00e9der \u00e0 la vraie sc\u00e8ne, aux fondements de la Terre dans la vie de tous les jours, et de devenir une lumi\u00e8re pour l&#039;avenir de l&#039;humanit\u00e9.<\/p><p>Le Dr Jean Houston, chercheur principal en capacit\u00e9s humaines et l&#039;un des plus grands penseurs et acteurs visionnaires de notre \u00e9poque, d\u00e9clare\u00a0: <em>&quot;Le couple mystique\u2026 Julia et Rudi redonnent aux gens leur essence originelle, leur \u00eatre originel\u2026 que ce soit \u00e0 travers la danse, que ce soit \u00e0 travers les mots, que ce soit \u00e0 travers la beaut\u00e9 radicale qu&#039;ils partagent ensemble et individuellement.&quot;<\/em><\/p><h4><b>Pour apprendre plus<\/b><\/h4><p><a href=\"https:\/\/www.weflowexperience.com\/\">SITE WEB DE L&#039;HUMANIT\u00c9<\/a><\/p><p><a href=\"https:\/\/www.facebook.com\/groups\/embodyingyourtruepower\">FACEBOOK DE L&#039;HUMANIT\u00c9<\/a><\/p><p><a href=\"https:\/\/www.instagram.com\/humanhooddanceco\/\">INSTAGRAM DE L&#039;HUMANIT\u00c9<\/a><\/p><p><a href=\"https:\/\/www.instagram.com\/romeevdmeent\/\">ROM\u00c9E VAN DE MEENT INSTAGRAM<\/a><\/p>\t\t\t\t\t\t\t\t<\/div>\n\t\t\t\t<\/div>\n\t\t\t\t\t<\/div>\n\t\t<\/div>\n\t\t\t\t\t<\/div>\n\t\t<\/section>\n\t\t\t\t<\/div>","protected":false},"excerpt":{"rendered":"<p>HUMANHOOD &#8211; Romee van de Meent HUMANHOOD &#8211; ROMEE VAN DE MEENT &#8211; \ud83c\uddec\ud83c\udde7 UKCLASS: HUMANHOOD CHOREOGRAPHIC WORKSHOP Romee van de Meent Romee van de Meent, from the Netherlands, is a professional dancer who joined HUMANHOOD in August 2021, and has performed in the company&#8217;s productions \u221e {Infinite} and Sphera. She has delivered workshops around [&hellip;]<\/p>\n","protected":false},"author":6,"featured_media":0,"parent":329,"menu_order":0,"comment_status":"closed","ping_status":"closed","template":"","meta":{"_acf_changed":false,"site-sidebar-layout":"no-sidebar","site-content-layout":"page-builder","ast-site-content-layout":"default","site-content-style":"default","site-sidebar-style":"default","ast-global-header-display":"","ast-banner-title-visibility":"","ast-main-header-display":"","ast-hfb-above-header-display":"","ast-hfb-below-header-display":"","ast-hfb-mobile-header-display":"","site-post-title":"disabled","ast-breadcrumbs-content":"","ast-featured-img":"disabled","footer-sml-layout":"","ast-disable-related-posts":"","theme-transparent-header-meta":"default","adv-header-id-meta":"","stick-header-meta":"default","header-above-stick-meta":"","header-main-stick-meta":"","header-below-stick-meta":"","astra-migrate-meta-layouts":"default","ast-page-background-enabled":"default","ast-page-background-meta":{"desktop":{"background-color":"","background-image":"","background-repeat":"repeat","background-position":"center center","background-size":"auto","background-attachment":"scroll","background-type":"","background-media":"","overlay-type":"","overlay-color":"","overlay-opacity":"","overlay-gradient":""},"tablet":{"background-color":"","background-image":"","background-repeat":"repeat","background-position":"center center","background-size":"auto","background-attachment":"scroll","background-type":"","background-media":"","overlay-type":"","overlay-color":"","overlay-opacity":"","overlay-gradient":""},"mobile":{"background-color":"","background-image":"","background-repeat":"repeat","background-position":"center center","background-size":"auto","background-attachment":"scroll","background-type":"","background-media":"","overlay-type":"","overlay-color":"","overlay-opacity":"","overlay-gradient":""}},"ast-content-background-meta":{"desktop":{"background-color":"var(--ast-global-color-5)","background-image":"","background-repeat":"repeat","background-position":"center center","background-size":"auto","background-attachment":"scroll","background-type":"","background-media":"","overlay-type":"","overlay-color":"","overlay-opacity":"","overlay-gradient":""},"tablet":{"background-color":"var(--ast-global-color-5)","background-image":"","background-repeat":"repeat","background-position":"center center","background-size":"auto","background-attachment":"scroll","background-type":"","background-media":"","overlay-type":"","overlay-color":"","overlay-opacity":"","overlay-gradient":""},"mobile":{"background-color":"var(--ast-global-color-5)","background-image":"","background-repeat":"repeat","background-position":"center center","background-size":"auto","background-attachment":"scroll","background-type":"","background-media":"","overlay-type":"","overlay-color":"","overlay-opacity":"","overlay-gradient":""}},"footnotes":""},"class_list":["post-13777","page","type-page","status-publish","hentry"],"acf":[],"jetpack_sharing_enabled":true,"_links":{"self":[{"href":"https:\/\/worlddancemovement.com\/fr\/wp-json\/wp\/v2\/pages\/13777","targetHints":{"allow":["GET"]}}],"collection":[{"href":"https:\/\/worlddancemovement.com\/fr\/wp-json\/wp\/v2\/pages"}],"about":[{"href":"https:\/\/worlddancemovement.com\/fr\/wp-json\/wp\/v2\/types\/page"}],"author":[{"embeddable":true,"href":"https:\/\/worlddancemovement.com\/fr\/wp-json\/wp\/v2\/users\/6"}],"replies":[{"embeddable":true,"href":"https:\/\/worlddancemovement.com\/fr\/wp-json\/wp\/v2\/comments?post=13777"}],"version-history":[{"count":10,"href":"https:\/\/worlddancemovement.com\/fr\/wp-json\/wp\/v2\/pages\/13777\/revisions"}],"predecessor-version":[{"id":15583,"href":"https:\/\/worlddancemovement.com\/fr\/wp-json\/wp\/v2\/pages\/13777\/revisions\/15583"}],"up":[{"embeddable":true,"href":"https:\/\/worlddancemovement.com\/fr\/wp-json\/wp\/v2\/pages\/329"}],"wp:attachment":[{"href":"https:\/\/worlddancemovement.com\/fr\/wp-json\/wp\/v2\/media?parent=13777"}],"curies":[{"name":"wp","href":"https:\/\/api.w.org\/{rel}","templated":true}]}}