{"id":1574,"date":"2021-01-01T12:27:00","date_gmt":"2021-01-01T12:27:00","guid":{"rendered":"https:\/\/migrate.worlddancemovement.com\/?page_id=1574"},"modified":"2021-01-23T20:03:42","modified_gmt":"2021-01-23T20:03:42","slug":"sidi-larbi-cherkaoui","status":"publish","type":"page","link":"https:\/\/worlddancemovement.com\/fr\/faculty\/sidi-larbi-cherkaoui\/","title":{"rendered":"Sidi Larbi Cherkaoui"},"content":{"rendered":"<div data-elementor-type=\"wp-page\" data-elementor-id=\"1574\" class=\"elementor elementor-1574\" data-elementor-post-type=\"page\">\n\t\t\t\t\t\t<section class=\"elementor-section elementor-top-section elementor-element elementor-element-94ec49d elementor-section-full_width elementor-section-height-min-height elementor-section-height-default elementor-section-items-middle\" data-id=\"94ec49d\" data-element_type=\"section\" data-e-type=\"section\" data-settings=\"{&quot;background_background&quot;:&quot;classic&quot;}\">\n\t\t\t\t\t\t\t<div class=\"elementor-background-overlay\"><\/div>\n\t\t\t\t\t\t\t<div class=\"elementor-container elementor-column-gap-no\">\n\t\t\t\t\t<div class=\"elementor-column elementor-col-100 elementor-top-column elementor-element elementor-element-8268956\" data-id=\"8268956\" data-element_type=\"column\" data-e-type=\"column\">\n\t\t\t<div class=\"elementor-widget-wrap elementor-element-populated\">\n\t\t\t\t\t\t<div class=\"elementor-element elementor-element-5016628 elementor-widget elementor-widget-heading\" data-id=\"5016628\" data-element_type=\"widget\" data-e-type=\"widget\" data-widget_type=\"heading.default\">\n\t\t\t\t<div class=\"elementor-widget-container\">\n\t\t\t\t\t<h2 class=\"elementor-heading-title elementor-size-default\">SIDI LARBI CHERKAOUI<\/h2>\t\t\t\t<\/div>\n\t\t\t\t<\/div>\n\t\t\t\t<div class=\"elementor-element elementor-element-a86216f elementor-widget-divider--view-line elementor-widget elementor-widget-divider\" data-id=\"a86216f\" data-element_type=\"widget\" data-e-type=\"widget\" data-widget_type=\"divider.default\">\n\t\t\t\t<div class=\"elementor-widget-container\">\n\t\t\t\t\t\t\t<div class=\"elementor-divider\">\n\t\t\t<span class=\"elementor-divider-separator\">\n\t\t\t\t\t\t<\/span>\n\t\t<\/div>\n\t\t\t\t\t\t<\/div>\n\t\t\t\t<\/div>\n\t\t\t\t\t<\/div>\n\t\t<\/div>\n\t\t\t\t\t<\/div>\n\t\t<\/section>\n\t\t\t\t<section class=\"elementor-section elementor-top-section elementor-element elementor-element-a2d6cca elementor-section-full_width elementor-section-height-default elementor-section-height-default\" data-id=\"a2d6cca\" data-element_type=\"section\" data-e-type=\"section\">\n\t\t\t\t\t\t<div class=\"elementor-container elementor-column-gap-default\">\n\t\t\t\t\t<div class=\"elementor-column elementor-col-100 elementor-top-column elementor-element elementor-element-a45c6d3\" data-id=\"a45c6d3\" data-element_type=\"column\" data-e-type=\"column\">\n\t\t\t<div class=\"elementor-widget-wrap elementor-element-populated\">\n\t\t\t\t\t\t<div class=\"elementor-element elementor-element-f854b1f elementor-widget elementor-widget-heading\" data-id=\"f854b1f\" data-element_type=\"widget\" data-e-type=\"widget\" data-widget_type=\"heading.default\">\n\t\t\t\t<div class=\"elementor-widget-container\">\n\t\t\t\t\t<h2 class=\"elementor-heading-title elementor-size-default\">ATELIER CHOR\u00c9OGRAFIQUE - BELGIQUE \n\n\n\n\n\n\n\n<\/h2>\t\t\t\t<\/div>\n\t\t\t\t<\/div>\n\t\t\t\t<div class=\"elementor-element elementor-element-3947f8e elementor-widget elementor-widget-text-editor\" data-id=\"3947f8e\" data-element_type=\"widget\" data-e-type=\"widget\" data-widget_type=\"text-editor.default\">\n\t\t\t\t<div class=\"elementor-widget-container\">\n\t\t\t\t\t\t\t\t\t<p>Les d\u00e9buts de Sidi Larbi Cherkaoui en tant que chor\u00e9graphe ont eu lieu en 1999 avec la com\u00e9die musicale contemporaine d&#039;Andrew Wale, Anonymous Society. Depuis, il a r\u00e9alis\u00e9 plus de 50 pi\u00e8ces chor\u00e9graphiques \u00e0 part enti\u00e8re et a remport\u00e9 de nombreux prix, dont deux Olivier Awards, deux prix Ballet Tanz du meilleur chor\u00e9graphe (2008, 2011) et le prix Kairos (2009) pour sa vision artistique et son qu\u00eate du dialogue interculturel.<\/p><p>Les premi\u00e8res pi\u00e8ces de Cherkaoui ont \u00e9t\u00e9 r\u00e9alis\u00e9es aux Ballets C. de la B. \u2013 Rien de Rien (2000), Foi (2003) et Tempus Fugit (2004). Il entreprend des projets parall\u00e8les qui \u00e0 la fois \u00e9largissent et consolident sa vision artistique ; D&#039;avant (2002) avec son partenaire artistique de longue date Damien Jalet de la compagnie Sasha Waltz &amp; Guest et Zero Degrees (2005) avec Akram Khan. Il a travaill\u00e9 avec divers th\u00e9\u00e2tres, op\u00e9ras et compagnies de ballet. De 2004 \u00e0 2009, Cherkaoui \u00e9tait bas\u00e9 \u00e0 Anvers en tant qu&#039;artiste en r\u00e9sidence \u00e0 la Toneelhuis, qui a produit Myth (2007) et Origine (2008).<\/p><p>En 2008, Cherkaoui a cr\u00e9\u00e9 Sutra au Sadler&#039;s Wells. Cette collaboration prim\u00e9e avec l&#039;artiste Antony Gormley et les moines Shaolin continue de parcourir le monde avec un grand succ\u00e8s critique. Apr\u00e8s sa premi\u00e8re commande en Am\u00e9rique du Nord, Orbo Novo (Cedar Lake Contemporary Ballet) et une s\u00e9rie de duos tels que Faun (cr\u00e9\u00e9 \u00e0 Sadler&#039;s Wells dans le cadre de In the Spirit of Diaghilev) et Dunas avec la danseuse flamenco Mar\u00eda Pag\u00e9s (tous deux en 2009 ), il lance sa propre compagnie Eastman, en r\u00e9sidence au deSingel International Arts Campus (Anvers)<\/p><p>Au printemps 2010, il retrouve le chor\u00e9graphe Damien Jalet et Antony Gormley pour cr\u00e9er Babel(mots) qui remporte un Olivier. La m\u00eame ann\u00e9e, il cr\u00e9e Rein, un duo avec Guro Nagelhus Schia et Vebj\u00f8rn Sundby, ainsi que Play, un duo avec la danseuse de Kuchipudi Shantala Shivalingappa et Bound, un duo pour Shanell Winlock et Gregory Maqoma dans le cadre de Southern Bound Comfort. En 2011, il cr\u00e9e TeZukA et Labyrinth (pour le Dutch National Ballet). En 2012, il cr\u00e9e Puz\/zle, qui lui vaut un deuxi\u00e8me Olivier. Cette ann\u00e9e-l\u00e0, il collabore \u00e9galement avec Joe Wright sur son film Anna Kar\u00e9nine, pour lequel Cherkaoui r\u00e9alise la chor\u00e9graphie.<\/p><p>2013 a vu la premi\u00e8re de 4D et \u751f\u957fgenesis (Eastman), Bol\u00e9ro (co-cr\u00e9\u00e9 avec Damien Jalet et Marina Abramovi\u0107, pour le Ballet de l&#039;Op\u00e9ra de Paris) et m\u00a1longa (Sadler&#039;s Wells). Il a retrouv\u00e9 Joe Wright pour co-r\u00e9aliser A Season in the Congo au Young Vic. En 2014, il cr\u00e9e Noetic pour les G\u00f6teborgsOperans Danskompani, Mercy (de Solo for Two) pour Natalia Osipova et Ivan Vasiliev, qu&#039;ils jouent au London Coliseum et il met en sc\u00e8ne son premier op\u00e9ra, Shell Shock, pour La Monnaie, sur une musique de Nicholas. Objectif et texte de Nick Cave.<\/p><p>En 2015, Cherkaoui a r\u00e9alis\u00e9 sa premi\u00e8re production th\u00e9\u00e2trale compl\u00e8te Pluto bas\u00e9e sur la s\u00e9rie manga prim\u00e9e de Naoki Urasawa et Takashi Nagasaki \u00e0 Bunkamura \u00e0 Tokyo, donnant vie sur sc\u00e8ne au personnage de manga bien-aim\u00e9 Astro Boy, et a \u00e9t\u00e9 directeur du mouvement pour Lyndsey. Turner&#039;s Hamlet avec Benedict Cumberbatch au Barbican Centre de Londres. Il a \u00e9galement cr\u00e9\u00e9 un trio Harbour Me command\u00e9 par le LA Dance Project et a chor\u00e9graphi\u00e9 un nouveau Firebird pour le Stuttgart Ballet. La m\u00eame ann\u00e9e, Cherkaoui cr\u00e9e une nouvelle production Fractus V pour sa compagnie Eastman, dans laquelle il se produit \u00e9galement.<\/p><p>Depuis 2015, Cherkaoui assume le r\u00f4le de directeur artistique du Ballet Royal de Flandre, o\u00f9 il a cr\u00e9\u00e9 Automne (2015), Tableaux d&#039;une exposition (2016) et Requiem (2017). Il cumule cette fonction avec son titre de directeur artistique d&#039;Eastman et continue de cr\u00e9er de nouvelles \u0153uvres avec l&#039;entourage artistique de cette compagnie, par exemple Qutb (2016), trio command\u00e9 par Natalia Osipova, les op\u00e9ras Les Indes Galantes (2016) pour la Bayerische Staatsoper et Satyagraha (2017) pour le Theater Basel, Icon (2016) pour le G\u00f6teborgsOperans Danskompani et Mosaic (2017) pour la Martha Graham Dance Company. Sidi Larbi Cherkaoui est \u00e9galement artiste associ\u00e9 au Sadler&#039;s Wells, Londres.<\/p><p>Musique suppl\u00e9mentaire<br \/>\u751f\u957fgen\u00e8se<\/p><p>Chor\u00e9graphie<br \/>Pell\u00e9as et M\u00e9lisande, Sir\u00e8ne, Memento Mori, Satyagraha, Qutb, Mosa\u00efque, Requiem, Ic\u00f4ne, Les Indes Galantes, Babel 7.16, Exposition, Fractus V, Der Feuervogel, No\u00e9tique, \u751f\u957fgenesis, Puz\/zle, m\u00a1longa, Bol\u00e9ro, 4D , G\u00f6tterd\u00e4mmerung, Apocrifu, Siegfried, D&#039;avant, Sutra, Tezuka, Babel(words), Anna Karenina, Faun, Dunas, Constellation, Automaton, Orbo Novo, Bound, Labyrinth, It 3.0, Das Rheingold, Foi, Myth, Rein, 49-jae, Adam&#039;s Appels, House Of The Sleeping Beauties, Origine, L&#039;homme De Bois, Intermezzo, La Zon-mai, End, Mea Culpa, Aleko, Corpus Bach, Zero Degrees, Some Girls Are Bigger Than Others, Loin, In Memoriam, Tempus Fugit, It, Ook, Rien de Rien, Afwezen (fatalidad), Anonymous Society, Michael Jackson ONE, Valtari<\/p><p>Chor\u00e9graphie et mise en sc\u00e8ne<br \/>Choc de coque<\/p><p>Conception de costumes<br \/>Automate<\/p><p>Danse<br \/>Fractus V, Play, Apocrifu, D&#039;avant, Sutra, Dunas, It 3.0, La Zon-mai, Corpus Bach, Zero Degrees, Tempus Fugit, It, Rien de Rien, Iets Op Bach, Meilleur Dancesolo belge<\/p><p>Directeur<br \/>Play, Bound, It 3.0, Foi, La Zon-mai, Zero Degrees, Tempus Fugit, Rien de Rien, Meilleur Dancesolo belge<\/p><p>Composition musicale<br \/>Fractus V<\/p><p>Sc\u00e9nographie<br \/>Satyagraha, Les Indes Galantes<\/p><p>D\u00e9cor<br \/>Requiem, Fractus V, Puz\/zle, Mythe, Tempus Fugit<\/p>\t\t\t\t\t\t\t\t<\/div>\n\t\t\t\t<\/div>\n\t\t\t\t\t<\/div>\n\t\t<\/div>\n\t\t\t\t\t<\/div>\n\t\t<\/section>\n\t\t\t\t<\/div>","protected":false},"excerpt":{"rendered":"<p>SIDI LARBI CHERKAOUI CHOREOGRAFIC WORKSHOP &#8211; BELGIUM Sidi Larbi Cherkaoui&#8217;s debut as a choreographer was in 1999 with Andrew Wale&#8217;s contemporary musical, Anonymous Society. Since then he has made over 50 full-fledged choreographic pieces and picked up a slew of awards, including two Olivier Awards, two Ballet Tanz awards for best choreographer (2008, 2011) and [&hellip;]<\/p>\n","protected":false},"author":6,"featured_media":0,"parent":1562,"menu_order":0,"comment_status":"closed","ping_status":"closed","template":"","meta":{"_acf_changed":false,"site-sidebar-layout":"no-sidebar","site-content-layout":"page-builder","ast-site-content-layout":"default","site-content-style":"default","site-sidebar-style":"default","ast-global-header-display":"","ast-banner-title-visibility":"","ast-main-header-display":"","ast-hfb-above-header-display":"","ast-hfb-below-header-display":"","ast-hfb-mobile-header-display":"","site-post-title":"disabled","ast-breadcrumbs-content":"","ast-featured-img":"disabled","footer-sml-layout":"","ast-disable-related-posts":"","theme-transparent-header-meta":"default","adv-header-id-meta":"","stick-header-meta":"default","header-above-stick-meta":"","header-main-stick-meta":"","header-below-stick-meta":"","astra-migrate-meta-layouts":"default","ast-page-background-enabled":"default","ast-page-background-meta":{"desktop":{"background-color":"","background-image":"","background-repeat":"repeat","background-position":"center center","background-size":"auto","background-attachment":"scroll","background-type":"","background-media":"","overlay-type":"","overlay-color":"","overlay-opacity":"","overlay-gradient":""},"tablet":{"background-color":"","background-image":"","background-repeat":"repeat","background-position":"center center","background-size":"auto","background-attachment":"scroll","background-type":"","background-media":"","overlay-type":"","overlay-color":"","overlay-opacity":"","overlay-gradient":""},"mobile":{"background-color":"","background-image":"","background-repeat":"repeat","background-position":"center center","background-size":"auto","background-attachment":"scroll","background-type":"","background-media":"","overlay-type":"","overlay-color":"","overlay-opacity":"","overlay-gradient":""}},"ast-content-background-meta":{"desktop":{"background-color":"var(--ast-global-color-5)","background-image":"","background-repeat":"repeat","background-position":"center center","background-size":"auto","background-attachment":"scroll","background-type":"","background-media":"","overlay-type":"","overlay-color":"","overlay-opacity":"","overlay-gradient":""},"tablet":{"background-color":"var(--ast-global-color-5)","background-image":"","background-repeat":"repeat","background-position":"center center","background-size":"auto","background-attachment":"scroll","background-type":"","background-media":"","overlay-type":"","overlay-color":"","overlay-opacity":"","overlay-gradient":""},"mobile":{"background-color":"var(--ast-global-color-5)","background-image":"","background-repeat":"repeat","background-position":"center center","background-size":"auto","background-attachment":"scroll","background-type":"","background-media":"","overlay-type":"","overlay-color":"","overlay-opacity":"","overlay-gradient":""}},"footnotes":""},"class_list":["post-1574","page","type-page","status-publish","hentry"],"acf":[],"jetpack_sharing_enabled":true,"_links":{"self":[{"href":"https:\/\/worlddancemovement.com\/fr\/wp-json\/wp\/v2\/pages\/1574","targetHints":{"allow":["GET"]}}],"collection":[{"href":"https:\/\/worlddancemovement.com\/fr\/wp-json\/wp\/v2\/pages"}],"about":[{"href":"https:\/\/worlddancemovement.com\/fr\/wp-json\/wp\/v2\/types\/page"}],"author":[{"embeddable":true,"href":"https:\/\/worlddancemovement.com\/fr\/wp-json\/wp\/v2\/users\/6"}],"replies":[{"embeddable":true,"href":"https:\/\/worlddancemovement.com\/fr\/wp-json\/wp\/v2\/comments?post=1574"}],"version-history":[{"count":10,"href":"https:\/\/worlddancemovement.com\/fr\/wp-json\/wp\/v2\/pages\/1574\/revisions"}],"predecessor-version":[{"id":3243,"href":"https:\/\/worlddancemovement.com\/fr\/wp-json\/wp\/v2\/pages\/1574\/revisions\/3243"}],"up":[{"embeddable":true,"href":"https:\/\/worlddancemovement.com\/fr\/wp-json\/wp\/v2\/pages\/1562"}],"wp:attachment":[{"href":"https:\/\/worlddancemovement.com\/fr\/wp-json\/wp\/v2\/media?parent=1574"}],"curies":[{"name":"wp","href":"https:\/\/api.w.org\/{rel}","templated":true}]}}