{"id":1601,"date":"2021-01-01T12:49:15","date_gmt":"2021-01-01T12:49:15","guid":{"rendered":"https:\/\/migrate.worlddancemovement.com\/?page_id=1601"},"modified":"2021-01-23T20:02:42","modified_gmt":"2021-01-23T20:02:42","slug":"jon-ole-olstad","status":"publish","type":"page","link":"https:\/\/worlddancemovement.com\/fr\/faculty\/jon-ole-olstad\/","title":{"rendered":"Jon Ole Olstad"},"content":{"rendered":"<div data-elementor-type=\"wp-page\" data-elementor-id=\"1601\" class=\"elementor elementor-1601\" data-elementor-post-type=\"page\">\n\t\t\t\t\t\t<section class=\"elementor-section elementor-top-section elementor-element elementor-element-94ec49d elementor-section-full_width elementor-section-height-min-height elementor-section-height-default elementor-section-items-middle\" data-id=\"94ec49d\" data-element_type=\"section\" data-e-type=\"section\" data-settings=\"{&quot;background_background&quot;:&quot;classic&quot;}\">\n\t\t\t\t\t\t\t<div class=\"elementor-background-overlay\"><\/div>\n\t\t\t\t\t\t\t<div class=\"elementor-container elementor-column-gap-no\">\n\t\t\t\t\t<div class=\"elementor-column elementor-col-100 elementor-top-column elementor-element elementor-element-8268956\" data-id=\"8268956\" data-element_type=\"column\" data-e-type=\"column\">\n\t\t\t<div class=\"elementor-widget-wrap elementor-element-populated\">\n\t\t\t\t\t\t<div class=\"elementor-element elementor-element-5016628 elementor-widget elementor-widget-heading\" data-id=\"5016628\" data-element_type=\"widget\" data-e-type=\"widget\" data-widget_type=\"heading.default\">\n\t\t\t\t<div class=\"elementor-widget-container\">\n\t\t\t\t\t<h2 class=\"elementor-heading-title elementor-size-default\">Jon Ole Olstad\n<\/h2>\t\t\t\t<\/div>\n\t\t\t\t<\/div>\n\t\t\t\t<div class=\"elementor-element elementor-element-a86216f elementor-widget-divider--view-line elementor-widget elementor-widget-divider\" data-id=\"a86216f\" data-element_type=\"widget\" data-e-type=\"widget\" data-widget_type=\"divider.default\">\n\t\t\t\t<div class=\"elementor-widget-container\">\n\t\t\t\t\t\t\t<div class=\"elementor-divider\">\n\t\t\t<span class=\"elementor-divider-separator\">\n\t\t\t\t\t\t<\/span>\n\t\t<\/div>\n\t\t\t\t\t\t<\/div>\n\t\t\t\t<\/div>\n\t\t\t\t\t<\/div>\n\t\t<\/div>\n\t\t\t\t\t<\/div>\n\t\t<\/section>\n\t\t\t\t<section class=\"elementor-section elementor-top-section elementor-element elementor-element-a2d6cca elementor-section-full_width elementor-section-height-default elementor-section-height-default\" data-id=\"a2d6cca\" data-element_type=\"section\" data-e-type=\"section\">\n\t\t\t\t\t\t<div class=\"elementor-container elementor-column-gap-default\">\n\t\t\t\t\t<div class=\"elementor-column elementor-col-100 elementor-top-column elementor-element elementor-element-a45c6d3\" data-id=\"a45c6d3\" data-element_type=\"column\" data-e-type=\"column\">\n\t\t\t<div class=\"elementor-widget-wrap elementor-element-populated\">\n\t\t\t\t\t\t<div class=\"elementor-element elementor-element-f854b1f elementor-widget elementor-widget-heading\" data-id=\"f854b1f\" data-element_type=\"widget\" data-e-type=\"widget\" data-widget_type=\"heading.default\">\n\t\t\t\t<div class=\"elementor-widget-container\">\n\t\t\t\t\t<h2 class=\"elementor-heading-title elementor-size-default\">CONTEMPORAIN - NORV\u00c8GE \/ USA \n\n\n\n\n\n\n\n\n<\/h2>\t\t\t\t<\/div>\n\t\t\t\t<\/div>\n\t\t\t\t<div class=\"elementor-element elementor-element-3947f8e elementor-widget elementor-widget-text-editor\" data-id=\"3947f8e\" data-element_type=\"widget\" data-e-type=\"widget\" data-widget_type=\"text-editor.default\">\n\t\t\t\t<div class=\"elementor-widget-container\">\n\t\t\t\t\t\t\t\t\t<p>Jon Ole Olstad a commenc\u00e9 \u00e0 danser \u00e0 l&#039;\u00e2ge de 16 ans et a suivi son premier cours de ballet lors d&#039;une audition pour un d\u00e9partement de danse au lyc\u00e9e. Il r\u00e9alise rapidement que la danse est sa grande passion et qu&#039;il fera tout pour r\u00e9aliser son r\u00eave de devenir danseur professionnel. Plus tard, il a \u00e9t\u00e9 accept\u00e9 \u00e0 l\u2019Acad\u00e9mie nationale des arts d\u2019Oslo et a obtenu une licence en 2009.<\/p><p>Apr\u00e8s l&#039;universit\u00e9, il a \u00e9t\u00e9 embauch\u00e9 pour le projet de tourn\u00e9e \u00ab Kamuyot \u00bb, une collaboration entre le Riksteatern su\u00e9dois et la Batsheva Dance Company dirig\u00e9e par le directeur artistique Ohad Naharin.<\/p><p>En 2013, Jon Ole est embauch\u00e9 par le Nederlands Dans Theater 1, dirig\u00e9 par le directeur artistique Paul Lightfoot. Il a travaill\u00e9 avec des chor\u00e9graphes tels que Paul Lighfoot et Sol Leon, Johan Inger, Hofesh Shechter, Marco Goecke, Alexander Ekman, Jiri Kylian, Mehdi Walerski et Crystal Pite.<\/p><p>Son propre travail chor\u00e9graphique a particip\u00e9 \u00e0 plusieurs festivals, salles et concours de chor\u00e9graphie comme le Cross Connection Choreography Competition \u00e0 Copenhague et le Stockholm Dance Film Festival.<\/p><p>En 2015, il a re\u00e7u le 1. Prix du prestigieux concours International Solo-Tanz Festival \u00e0 Stuttgart. Avec son solo \u00ab et nous connaissions d\u00e9j\u00e0 les noms \u00bb, il a re\u00e7u le 1.Prix en Danse et le 1.Prix dans la cat\u00e9gorie Chor\u00e9graphie.<\/p><p>Il a commenc\u00e9 \u00e0 enseigner en 2009 et a une grande passion pour le partage de ses connaissances et de son amour de la danse. Il a enseign\u00e9 et chor\u00e9graphi\u00e9 dans de nombreux coll\u00e8ges, studios, cours intensifs et compagnies dans toute l&#039;Europe et aux \u00c9tats-Unis, tels que Lines Ballet, Gallim Dance, Ballet Hisp\u00e1nico, Juilliard, NYU-Tisch, Marymount Manhattan University, Alvin Ailey School, Edge PAC, Movement. Lifestyle, Millenium Dance Complex, Opificio Movimento, Peridance et Broadway Dance Center.<\/p><p>Jon vit actuellement \u00e0 New York o\u00f9 il continue de d\u00e9velopper son enseignement, son travail chor\u00e9graphique et sa danse avec diff\u00e9rents chor\u00e9graphes et des projets crois\u00e9s avec le cin\u00e9ma et la photo.<\/p>\t\t\t\t\t\t\t\t<\/div>\n\t\t\t\t<\/div>\n\t\t\t\t\t<\/div>\n\t\t<\/div>\n\t\t\t\t\t<\/div>\n\t\t<\/section>\n\t\t\t\t<\/div>","protected":false},"excerpt":{"rendered":"<p>Jon Ole Olstad CONTEMPORARY &#8211; NORWAY \/ USA Jon Ole Olstad started dancing at the age of 16 and took his first ballet class when auditioning for a high school dance department. He quickly realized dancing was his big passion and that he would do anything to make his dream of becoming a professional dancer [&hellip;]<\/p>\n","protected":false},"author":6,"featured_media":0,"parent":1562,"menu_order":0,"comment_status":"closed","ping_status":"closed","template":"","meta":{"_acf_changed":false,"site-sidebar-layout":"no-sidebar","site-content-layout":"page-builder","ast-site-content-layout":"default","site-content-style":"default","site-sidebar-style":"default","ast-global-header-display":"","ast-banner-title-visibility":"","ast-main-header-display":"","ast-hfb-above-header-display":"","ast-hfb-below-header-display":"","ast-hfb-mobile-header-display":"","site-post-title":"disabled","ast-breadcrumbs-content":"","ast-featured-img":"disabled","footer-sml-layout":"","ast-disable-related-posts":"","theme-transparent-header-meta":"default","adv-header-id-meta":"","stick-header-meta":"default","header-above-stick-meta":"","header-main-stick-meta":"","header-below-stick-meta":"","astra-migrate-meta-layouts":"default","ast-page-background-enabled":"default","ast-page-background-meta":{"desktop":{"background-color":"","background-image":"","background-repeat":"repeat","background-position":"center center","background-size":"auto","background-attachment":"scroll","background-type":"","background-media":"","overlay-type":"","overlay-color":"","overlay-opacity":"","overlay-gradient":""},"tablet":{"background-color":"","background-image":"","background-repeat":"repeat","background-position":"center center","background-size":"auto","background-attachment":"scroll","background-type":"","background-media":"","overlay-type":"","overlay-color":"","overlay-opacity":"","overlay-gradient":""},"mobile":{"background-color":"","background-image":"","background-repeat":"repeat","background-position":"center center","background-size":"auto","background-attachment":"scroll","background-type":"","background-media":"","overlay-type":"","overlay-color":"","overlay-opacity":"","overlay-gradient":""}},"ast-content-background-meta":{"desktop":{"background-color":"var(--ast-global-color-5)","background-image":"","background-repeat":"repeat","background-position":"center center","background-size":"auto","background-attachment":"scroll","background-type":"","background-media":"","overlay-type":"","overlay-color":"","overlay-opacity":"","overlay-gradient":""},"tablet":{"background-color":"var(--ast-global-color-5)","background-image":"","background-repeat":"repeat","background-position":"center center","background-size":"auto","background-attachment":"scroll","background-type":"","background-media":"","overlay-type":"","overlay-color":"","overlay-opacity":"","overlay-gradient":""},"mobile":{"background-color":"var(--ast-global-color-5)","background-image":"","background-repeat":"repeat","background-position":"center center","background-size":"auto","background-attachment":"scroll","background-type":"","background-media":"","overlay-type":"","overlay-color":"","overlay-opacity":"","overlay-gradient":""}},"footnotes":""},"class_list":["post-1601","page","type-page","status-publish","hentry"],"acf":[],"jetpack_sharing_enabled":true,"_links":{"self":[{"href":"https:\/\/worlddancemovement.com\/fr\/wp-json\/wp\/v2\/pages\/1601","targetHints":{"allow":["GET"]}}],"collection":[{"href":"https:\/\/worlddancemovement.com\/fr\/wp-json\/wp\/v2\/pages"}],"about":[{"href":"https:\/\/worlddancemovement.com\/fr\/wp-json\/wp\/v2\/types\/page"}],"author":[{"embeddable":true,"href":"https:\/\/worlddancemovement.com\/fr\/wp-json\/wp\/v2\/users\/6"}],"replies":[{"embeddable":true,"href":"https:\/\/worlddancemovement.com\/fr\/wp-json\/wp\/v2\/comments?post=1601"}],"version-history":[{"count":10,"href":"https:\/\/worlddancemovement.com\/fr\/wp-json\/wp\/v2\/pages\/1601\/revisions"}],"predecessor-version":[{"id":3212,"href":"https:\/\/worlddancemovement.com\/fr\/wp-json\/wp\/v2\/pages\/1601\/revisions\/3212"}],"up":[{"embeddable":true,"href":"https:\/\/worlddancemovement.com\/fr\/wp-json\/wp\/v2\/pages\/1562"}],"wp:attachment":[{"href":"https:\/\/worlddancemovement.com\/fr\/wp-json\/wp\/v2\/media?parent=1601"}],"curies":[{"name":"wp","href":"https:\/\/api.w.org\/{rel}","templated":true}]}}