{"id":1612,"date":"2021-01-01T12:55:23","date_gmt":"2021-01-01T12:55:23","guid":{"rendered":"https:\/\/migrate.worlddancemovement.com\/?page_id=1612"},"modified":"2023-03-10T22:22:32","modified_gmt":"2023-03-10T22:22:32","slug":"tiziana-pagliarulo","status":"publish","type":"page","link":"https:\/\/worlddancemovement.com\/fr\/faculty\/tiziana-pagliarulo\/","title":{"rendered":"TIZIANA PAGLIARULO"},"content":{"rendered":"<div data-elementor-type=\"wp-page\" data-elementor-id=\"1612\" class=\"elementor elementor-1612\" data-elementor-post-type=\"page\">\n\t\t\t\t\t\t<section class=\"elementor-section elementor-top-section elementor-element elementor-element-94ec49d elementor-section-full_width elementor-section-height-min-height elementor-section-height-default elementor-section-items-middle\" data-id=\"94ec49d\" data-element_type=\"section\" data-e-type=\"section\" data-settings=\"{&quot;background_background&quot;:&quot;classic&quot;}\">\n\t\t\t\t\t\t\t<div class=\"elementor-background-overlay\"><\/div>\n\t\t\t\t\t\t\t<div class=\"elementor-container elementor-column-gap-no\">\n\t\t\t\t\t<div class=\"elementor-column elementor-col-100 elementor-top-column elementor-element elementor-element-8268956\" data-id=\"8268956\" data-element_type=\"column\" data-e-type=\"column\">\n\t\t\t<div class=\"elementor-widget-wrap elementor-element-populated\">\n\t\t\t\t\t\t<div class=\"elementor-element elementor-element-5016628 elementor-widget elementor-widget-heading\" data-id=\"5016628\" data-element_type=\"widget\" data-e-type=\"widget\" data-widget_type=\"heading.default\">\n\t\t\t\t<div class=\"elementor-widget-container\">\n\t\t\t\t\t<h2 class=\"elementor-heading-title elementor-size-default\">TIZIANA PAGLIARULO\n<\/h2>\t\t\t\t<\/div>\n\t\t\t\t<\/div>\n\t\t\t\t<div class=\"elementor-element elementor-element-a86216f elementor-widget-divider--view-line elementor-widget elementor-widget-divider\" data-id=\"a86216f\" data-element_type=\"widget\" data-e-type=\"widget\" data-widget_type=\"divider.default\">\n\t\t\t\t<div class=\"elementor-widget-container\">\n\t\t\t\t\t\t\t<div class=\"elementor-divider\">\n\t\t\t<span class=\"elementor-divider-separator\">\n\t\t\t\t\t\t<\/span>\n\t\t<\/div>\n\t\t\t\t\t\t<\/div>\n\t\t\t\t<\/div>\n\t\t\t\t\t<\/div>\n\t\t<\/div>\n\t\t\t\t\t<\/div>\n\t\t<\/section>\n\t\t\t\t<section class=\"elementor-section elementor-top-section elementor-element elementor-element-a2d6cca elementor-section-full_width elementor-section-height-default elementor-section-height-default\" data-id=\"a2d6cca\" data-element_type=\"section\" data-e-type=\"section\">\n\t\t\t\t\t\t<div class=\"elementor-container elementor-column-gap-default\">\n\t\t\t\t\t<div class=\"elementor-column elementor-col-100 elementor-top-column elementor-element elementor-element-a45c6d3\" data-id=\"a45c6d3\" data-element_type=\"column\" data-e-type=\"column\">\n\t\t\t<div class=\"elementor-widget-wrap elementor-element-populated\">\n\t\t\t\t\t\t<div class=\"elementor-element elementor-element-f854b1f elementor-widget elementor-widget-heading\" data-id=\"f854b1f\" data-element_type=\"widget\" data-e-type=\"widget\" data-widget_type=\"heading.default\">\n\t\t\t\t<div class=\"elementor-widget-container\">\n\t\t\t\t\t<h2 class=\"elementor-heading-title elementor-size-default\">JAZZ FUNK - ITALIE \/ FRANCE\n\n\n\n\n\n\n\n\n\n<\/h2>\t\t\t\t<\/div>\n\t\t\t\t<\/div>\n\t\t\t\t<div class=\"elementor-element elementor-element-a1ee9d5 elementor-widget elementor-widget-heading\" data-id=\"a1ee9d5\" data-element_type=\"widget\" data-e-type=\"widget\" data-widget_type=\"heading.default\">\n\t\t\t\t<div class=\"elementor-widget-container\">\n\t\t\t\t\t<h4 class=\"elementor-heading-title elementor-size-default\">TH\u00c9\u00c2TRE DANSEUSE\/COMEDIENNE\/CHOREGRAPHE\n\n\n\n\n\n\n\n\n\n\n<\/h4>\t\t\t\t<\/div>\n\t\t\t\t<\/div>\n\t\t\t\t<div class=\"elementor-element elementor-element-3947f8e elementor-widget elementor-widget-text-editor\" data-id=\"3947f8e\" data-element_type=\"widget\" data-e-type=\"widget\" data-widget_type=\"text-editor.default\">\n\t\t\t\t<div class=\"elementor-widget-container\">\n\t\t\t\t\t\t\t\t\t<p>\u00ab Les Ann\u00e9es 60 \u00bb Arc en ciel Production, Danseuse Chor\u00e9graphe, \u00ab La Veuve Joyeuse \u00bb de J\u00e9rome Savarit \u00e0 l&#039;Op\u00e9ra de Vichy, Chor\u00e9graphie Nad\u00e9ge Maruta, \u00ab La Vie Parisienne \u00bb de J\u00e9rome Savarit \u00e0 l&#039;Op\u00e9ra de Li\u00e8ge, Chor\u00e9graphie Nad\u00e9ge Maruta , \u00ab Famille De Stars \u00bb de R\u00e9mi Rosello avec Brigitte Fossey et Philippe Khorsande Tourn\u00e9e dans toute la France, Com\u00e9dienne\/Danseuse\/Chor\u00e9graphe, \u00ab R\u00e9gine en concert \u00bb aux Folies Berg\u00e9res et \u00e0 l&#039;Espace Pierre Cardin, Mise en sc\u00e8ne Pierre Palmade Chor\u00e9graphe Bruno Agati, \u00ab Compagnie de Fabienne Hamel \u00bb, \u00ab Best Off \u00bb one man show de R\u00e9mi Rosello au Th\u00e9\u00e2tre de la Main d&#039;OR, Danseuse\/Chor\u00e9graphe\/Com\u00e9dienne, \u00ab Compagnie Arc en Ciel \u00bb Tourn\u00e9e dans toute la France, \u00ab Travelling \u00bb au Th\u00e9\u00e2tre du Casino de Deauville, Chor\u00e9graphie Molly Molloy, \u00ab Repertory \u00bb Ohio State University USA, Baroque Dance Company, \u00ab Christmas Show \u00bb Manhattan Mail Performances New York, Noel De Mickey \u00bb Disneyland Paris.<\/p>\n<p>TV et CINEMA : \u00ab MTV Music Awards \u00bb \u00e0 Rome, Chor\u00e9graphie Luca Tommassini et Bryant Baldwyn, \u00ab Dansez Maintenant \u00bb France2, Anim\u00e9e par Dave, \u00ab Roland Garros \u00bb Tournage mini clips France2 Comedienne, \u00ab Footloose Company \u00bb Vid\u00e9o Clips New York, \u00ab Coco \u00bb avant Chanel \u00bb Long-M\u00e9trage, \u00ab The Dancer \u00bb Long-M\u00e9trage de Luc Besson, \u00ab Toi moi et les autres \u00bb Long-M\u00e9trage-Commedie musicale avec C\u00e9cile Cassel, EVENEMENTIEL : , \u00ab Soir\u00e9e priv\u00e9e avec DJ Clamaran \u00bb Chor\u00e9graphie Fabienne Hamel \u00ab 40eme Anniversaire De La Revolution Libyenne\u201d Chor\u00e9grapie Martin Ysebaert,Jean-Pierre Chandler,Mary-Laure Philippon et Pierre Boisseire, \u201cConcert Les Enfants Du Soleil\u201d au Stade De France Chor\u00e9graphie Bruno Agati, \u201cAbsolute Event Lola Show\u201d Avec Loic Pontieux, \u201cSoir\u00e9e d&#039;ouverture du mondial de la p\u00e9tanque\u201d \u00e0 Marseille Chor\u00e9graphie Alain Gr\u00e9co, \u201cConcert pour la Convention Business Century 21\u201d Palais du festival de Cannes. \u00ab Ouverture du nouveau Parc \u00bb Disneyland Paris Avec Tina Arena<\/p>\n<p>CABARET : \u00ab Le Strass \u00bb Rennes, \u00ab Cesar Palace \u00bb Compagnie Hou La La \u00ab Williams Le Roi \u00bb Milan Chor\u00e9graphie Thierry Godefroy, \u00ab Croisi\u00e8res Barcelone\/Palma De Mjorque \u00bb Chor\u00e9graphie Thierry Godefroy, \u00ab Norton&#039;s Family \u00bb, \u00ab Little Step Compagnie \u00bb, \u00ab Glamour Paradise \u00bb, \u00ab Paris Musical \u00bb Milan\/Croatie Chor\u00e9graphie Thierry Godefroy,<\/p>\n<p>ASSISTANTE CHOREGRAPHE : BRUNO COLLINET, JAY T. JENKINS, BRYANT BALDWYN, SIGNE PARTICULIER : Langues parl\u00e9es : Italien, Fran\u00e7ais et Anglais.<\/p>\t\t\t\t\t\t\t\t<\/div>\n\t\t\t\t<\/div>\n\t\t\t\t\t<\/div>\n\t\t<\/div>\n\t\t\t\t\t<\/div>\n\t\t<\/section>\n\t\t\t\t<\/div>","protected":false},"excerpt":{"rendered":"<p>TIZIANA PAGLIARULO JAZZ FUNK &#8211; ITALY \/ FRANCE DANSEUSE\/COMEDIENNE\/CHOREGRAPHE THEATRE &#8220;Les Ann\u00e9es 60&#8221; Arc en ciel Production, Danseuse Chor\u00e9graphe, &#8220;La Veuve Joyeuse&#8221; de J\u00e9rome Savarit \u00e0 l&#8217;Opera de Vichy, Chor\u00e9graphie Nad\u00e9ge Maruta, &#8220;La Vie Parisienne&#8221; de J\u00e9rome Savarit \u00e0 l&#8217;Opera de Li\u00e8ge, Chor\u00e9graphie Nad\u00e9ge Maruta, &#8220;Famille De Stars&#8221; de R\u00e9mi Rosello avec Brigitte Fossey et [&hellip;]<\/p>\n","protected":false},"author":6,"featured_media":0,"parent":1562,"menu_order":0,"comment_status":"closed","ping_status":"closed","template":"","meta":{"_acf_changed":false,"site-sidebar-layout":"no-sidebar","site-content-layout":"page-builder","ast-site-content-layout":"default","site-content-style":"default","site-sidebar-style":"default","ast-global-header-display":"","ast-banner-title-visibility":"","ast-main-header-display":"","ast-hfb-above-header-display":"","ast-hfb-below-header-display":"","ast-hfb-mobile-header-display":"","site-post-title":"disabled","ast-breadcrumbs-content":"","ast-featured-img":"disabled","footer-sml-layout":"","ast-disable-related-posts":"","theme-transparent-header-meta":"default","adv-header-id-meta":"","stick-header-meta":"default","header-above-stick-meta":"","header-main-stick-meta":"","header-below-stick-meta":"","astra-migrate-meta-layouts":"default","ast-page-background-enabled":"default","ast-page-background-meta":{"desktop":{"background-color":"","background-image":"","background-repeat":"repeat","background-position":"center center","background-size":"auto","background-attachment":"scroll","background-type":"","background-media":"","overlay-type":"","overlay-color":"","overlay-opacity":"","overlay-gradient":""},"tablet":{"background-color":"","background-image":"","background-repeat":"repeat","background-position":"center center","background-size":"auto","background-attachment":"scroll","background-type":"","background-media":"","overlay-type":"","overlay-color":"","overlay-opacity":"","overlay-gradient":""},"mobile":{"background-color":"","background-image":"","background-repeat":"repeat","background-position":"center center","background-size":"auto","background-attachment":"scroll","background-type":"","background-media":"","overlay-type":"","overlay-color":"","overlay-opacity":"","overlay-gradient":""}},"ast-content-background-meta":{"desktop":{"background-color":"var(--ast-global-color-5)","background-image":"","background-repeat":"repeat","background-position":"center center","background-size":"auto","background-attachment":"scroll","background-type":"","background-media":"","overlay-type":"","overlay-color":"","overlay-opacity":"","overlay-gradient":""},"tablet":{"background-color":"var(--ast-global-color-5)","background-image":"","background-repeat":"repeat","background-position":"center center","background-size":"auto","background-attachment":"scroll","background-type":"","background-media":"","overlay-type":"","overlay-color":"","overlay-opacity":"","overlay-gradient":""},"mobile":{"background-color":"var(--ast-global-color-5)","background-image":"","background-repeat":"repeat","background-position":"center center","background-size":"auto","background-attachment":"scroll","background-type":"","background-media":"","overlay-type":"","overlay-color":"","overlay-opacity":"","overlay-gradient":""}},"footnotes":""},"class_list":["post-1612","page","type-page","status-publish","hentry"],"acf":[],"jetpack_sharing_enabled":true,"_links":{"self":[{"href":"https:\/\/worlddancemovement.com\/fr\/wp-json\/wp\/v2\/pages\/1612","targetHints":{"allow":["GET"]}}],"collection":[{"href":"https:\/\/worlddancemovement.com\/fr\/wp-json\/wp\/v2\/pages"}],"about":[{"href":"https:\/\/worlddancemovement.com\/fr\/wp-json\/wp\/v2\/types\/page"}],"author":[{"embeddable":true,"href":"https:\/\/worlddancemovement.com\/fr\/wp-json\/wp\/v2\/users\/6"}],"replies":[{"embeddable":true,"href":"https:\/\/worlddancemovement.com\/fr\/wp-json\/wp\/v2\/comments?post=1612"}],"version-history":[{"count":10,"href":"https:\/\/worlddancemovement.com\/fr\/wp-json\/wp\/v2\/pages\/1612\/revisions"}],"predecessor-version":[{"id":11007,"href":"https:\/\/worlddancemovement.com\/fr\/wp-json\/wp\/v2\/pages\/1612\/revisions\/11007"}],"up":[{"embeddable":true,"href":"https:\/\/worlddancemovement.com\/fr\/wp-json\/wp\/v2\/pages\/1562"}],"wp:attachment":[{"href":"https:\/\/worlddancemovement.com\/fr\/wp-json\/wp\/v2\/media?parent=1612"}],"curies":[{"name":"wp","href":"https:\/\/api.w.org\/{rel}","templated":true}]}}