{"id":1613,"date":"2021-01-01T12:55:35","date_gmt":"2021-01-01T12:55:35","guid":{"rendered":"https:\/\/migrate.worlddancemovement.com\/?page_id=1613"},"modified":"2021-01-23T20:05:29","modified_gmt":"2021-01-23T20:05:29","slug":"valentina-franchino","status":"publish","type":"page","link":"https:\/\/worlddancemovement.com\/fr\/faculty\/valentina-franchino\/","title":{"rendered":"VALENTINE FRANCHINO"},"content":{"rendered":"<div data-elementor-type=\"wp-page\" data-elementor-id=\"1613\" class=\"elementor elementor-1613\" data-elementor-post-type=\"page\">\n\t\t\t\t\t\t<section class=\"elementor-section elementor-top-section elementor-element elementor-element-94ec49d elementor-section-full_width elementor-section-height-min-height elementor-section-height-default elementor-section-items-middle\" data-id=\"94ec49d\" data-element_type=\"section\" data-e-type=\"section\" data-settings=\"{&quot;background_background&quot;:&quot;classic&quot;}\">\n\t\t\t\t\t\t\t<div class=\"elementor-background-overlay\"><\/div>\n\t\t\t\t\t\t\t<div class=\"elementor-container elementor-column-gap-no\">\n\t\t\t\t\t<div class=\"elementor-column elementor-col-100 elementor-top-column elementor-element elementor-element-8268956\" data-id=\"8268956\" data-element_type=\"column\" data-e-type=\"column\">\n\t\t\t<div class=\"elementor-widget-wrap elementor-element-populated\">\n\t\t\t\t\t\t<div class=\"elementor-element elementor-element-5016628 elementor-widget elementor-widget-heading\" data-id=\"5016628\" data-element_type=\"widget\" data-e-type=\"widget\" data-widget_type=\"heading.default\">\n\t\t\t\t<div class=\"elementor-widget-container\">\n\t\t\t\t\t<h2 class=\"elementor-heading-title elementor-size-default\">Valentina Francino\n<\/h2>\t\t\t\t<\/div>\n\t\t\t\t<\/div>\n\t\t\t\t<div class=\"elementor-element elementor-element-a86216f elementor-widget-divider--view-line elementor-widget elementor-widget-divider\" data-id=\"a86216f\" data-element_type=\"widget\" data-e-type=\"widget\" data-widget_type=\"divider.default\">\n\t\t\t\t<div class=\"elementor-widget-container\">\n\t\t\t\t\t\t\t<div class=\"elementor-divider\">\n\t\t\t<span class=\"elementor-divider-separator\">\n\t\t\t\t\t\t<\/span>\n\t\t<\/div>\n\t\t\t\t\t\t<\/div>\n\t\t\t\t<\/div>\n\t\t\t\t\t<\/div>\n\t\t<\/div>\n\t\t\t\t\t<\/div>\n\t\t<\/section>\n\t\t\t\t<section class=\"elementor-section elementor-top-section elementor-element elementor-element-a2d6cca elementor-section-full_width elementor-section-height-default elementor-section-height-default\" data-id=\"a2d6cca\" data-element_type=\"section\" data-e-type=\"section\">\n\t\t\t\t\t\t<div class=\"elementor-container elementor-column-gap-default\">\n\t\t\t\t\t<div class=\"elementor-column elementor-col-100 elementor-top-column elementor-element elementor-element-a45c6d3\" data-id=\"a45c6d3\" data-element_type=\"column\" data-e-type=\"column\">\n\t\t\t<div class=\"elementor-widget-wrap elementor-element-populated\">\n\t\t\t\t\t\t<div class=\"elementor-element elementor-element-f854b1f elementor-widget elementor-widget-heading\" data-id=\"f854b1f\" data-element_type=\"widget\" data-e-type=\"widget\" data-widget_type=\"heading.default\">\n\t\t\t\t<div class=\"elementor-widget-container\">\n\t\t\t\t\t<h2 class=\"elementor-heading-title elementor-size-default\">ITALIE \/ Cours : Danse A\u00e9rienne\n\n\n\n\n\n\n\n\n\n<\/h2>\t\t\t\t<\/div>\n\t\t\t\t<\/div>\n\t\t\t\t<div class=\"elementor-element elementor-element-3947f8e elementor-widget elementor-widget-text-editor\" data-id=\"3947f8e\" data-element_type=\"widget\" data-e-type=\"widget\" data-widget_type=\"text-editor.default\">\n\t\t\t\t<div class=\"elementor-widget-container\">\n\t\t\t\t\t\t\t\t\t<p>Valentina est professeur de danse a\u00e9rienne et de techniques de mouvement \u00e0 la Scuola di Teatro di Bologna Alessandra Galante Garrone et dans plusieurs studios et th\u00e9\u00e2tres de danse italiens. Elle est com\u00e9dienne et acrobate a\u00e9rienne, elle a obtenu un dipl\u00f4me dans les disciplines des Arts du Cirque et s&#039;est sp\u00e9cialis\u00e9e en danse et Danse A\u00e9rienne en France.<\/p><p>En 2004, elle a travaill\u00e9 comme acrobate a\u00e9rienne au Teatro Massimo de Palerme, en Italie et pour plusieurs \u00e9v\u00e9nements publics populaires tels que la Smart Night sur la Piazza Maggiore (Bologne, Italie), les Nuits Blanches \u00e0 Teramo, Rimini, Ravenne et Plaisance (Italie). Elle est acrobate a\u00e9rienne pour le spectacle Rami r\u00e9alis\u00e9 par l&#039;actrice\/acrobate Nicole Kehrberger (Totales Theatre International). Elle travaille pour la compagnie Chi\u00e8discena pour le spectacle Cirque Cabaret. En 2006, elle participe \u00e0 de grands \u00e9v\u00e9nements et festivals en tant qu&#039;interpr\u00e8te de danse a\u00e9rienne dans toute l&#039;Italie (Castelli in Aria e Sogni in Volo). Elle a travaill\u00e9 comme acrobate dans le spectacle v\u00e9nitien Serata Futurista, au Th\u00e9\u00e2tre Goldoni. Elle collabore p\u00e9riodiquement avec la compagnie Visonaria pour plusieurs spectacles de Danse A\u00e9rienne. En 2009, elle travaille comme actrice et danseuse a\u00e9rienne avec la compagnie Teatro Kismet Opera, dans le spectacle Reine des Neiges, mis en sc\u00e8ne par Teresa Ludovico. Depuis 2013, elle est actrice et danseuse a\u00e9rienne pour le spectacle Sposa Sirena, mis en sc\u00e8ne par Michelangelo Campanale, produit par Teatro Crest. Elle travaille actuellement pour la nouvelle production du Teatro di Milano, Peter Pan e la Scatola Magica.<\/p><p>Elle enseigne la danse a\u00e9rienne avec du tissu, du trap\u00e8ze fixe, du cerceau, en utilisant les comp\u00e9tences physiques de ses \u00e9l\u00e8ves pour cr\u00e9er des chor\u00e9graphies a\u00e9riennes. Programme de master class Cette master class permet aux \u00e9tudiants d&#039;apprendre et de se sp\u00e9cialiser en Danse A\u00e9rienne avec tissu, trap\u00e8ze fixe, cerceau,. Valentina est capable de travailler avec les comp\u00e9tences physiques de ses \u00e9l\u00e8ves. La master class est ouverte aux danseurs, com\u00e9diens et \u00e0 tous ceux qui souhaitent apprendre la danse a\u00e9rienne pour explorer les possibilit\u00e9s de leur corps suspendu dans les airs. Programme des master classes : \u2013 Exercices d&#039;\u00e9chauffement et de renforcement \u2013 Enseignement de quelques figures de base en tissu, trap\u00e8ze fixe, cerceau \u2013 Improvisation chor\u00e9graphique pour d\u00e9velopper l&#039;expression corporelle avec le tissu.<\/p>\t\t\t\t\t\t\t\t<\/div>\n\t\t\t\t<\/div>\n\t\t\t\t\t<\/div>\n\t\t<\/div>\n\t\t\t\t\t<\/div>\n\t\t<\/section>\n\t\t\t\t<\/div>","protected":false},"excerpt":{"rendered":"<p>Valentina Franchino ITALY \/ Class: Aerial Dance Valentina is an Aerial Dance and Movement Techniques teacher at Scuola di Teatro di Bologna Alessandra Galante Garrone and in several Italian dance studios and theaters. She is an actress and an Aerial acrobat, she obtained a diploma in Circus Arts disciplines and she specialized in dance and [&hellip;]<\/p>\n","protected":false},"author":6,"featured_media":0,"parent":1562,"menu_order":0,"comment_status":"closed","ping_status":"closed","template":"","meta":{"_acf_changed":false,"site-sidebar-layout":"no-sidebar","site-content-layout":"page-builder","ast-site-content-layout":"default","site-content-style":"default","site-sidebar-style":"default","ast-global-header-display":"","ast-banner-title-visibility":"","ast-main-header-display":"","ast-hfb-above-header-display":"","ast-hfb-below-header-display":"","ast-hfb-mobile-header-display":"","site-post-title":"disabled","ast-breadcrumbs-content":"","ast-featured-img":"disabled","footer-sml-layout":"","ast-disable-related-posts":"","theme-transparent-header-meta":"default","adv-header-id-meta":"","stick-header-meta":"default","header-above-stick-meta":"","header-main-stick-meta":"","header-below-stick-meta":"","astra-migrate-meta-layouts":"default","ast-page-background-enabled":"default","ast-page-background-meta":{"desktop":{"background-color":"","background-image":"","background-repeat":"repeat","background-position":"center center","background-size":"auto","background-attachment":"scroll","background-type":"","background-media":"","overlay-type":"","overlay-color":"","overlay-opacity":"","overlay-gradient":""},"tablet":{"background-color":"","background-image":"","background-repeat":"repeat","background-position":"center center","background-size":"auto","background-attachment":"scroll","background-type":"","background-media":"","overlay-type":"","overlay-color":"","overlay-opacity":"","overlay-gradient":""},"mobile":{"background-color":"","background-image":"","background-repeat":"repeat","background-position":"center center","background-size":"auto","background-attachment":"scroll","background-type":"","background-media":"","overlay-type":"","overlay-color":"","overlay-opacity":"","overlay-gradient":""}},"ast-content-background-meta":{"desktop":{"background-color":"var(--ast-global-color-5)","background-image":"","background-repeat":"repeat","background-position":"center center","background-size":"auto","background-attachment":"scroll","background-type":"","background-media":"","overlay-type":"","overlay-color":"","overlay-opacity":"","overlay-gradient":""},"tablet":{"background-color":"var(--ast-global-color-5)","background-image":"","background-repeat":"repeat","background-position":"center center","background-size":"auto","background-attachment":"scroll","background-type":"","background-media":"","overlay-type":"","overlay-color":"","overlay-opacity":"","overlay-gradient":""},"mobile":{"background-color":"var(--ast-global-color-5)","background-image":"","background-repeat":"repeat","background-position":"center center","background-size":"auto","background-attachment":"scroll","background-type":"","background-media":"","overlay-type":"","overlay-color":"","overlay-opacity":"","overlay-gradient":""}},"footnotes":""},"class_list":["post-1613","page","type-page","status-publish","hentry"],"acf":[],"jetpack_sharing_enabled":true,"_links":{"self":[{"href":"https:\/\/worlddancemovement.com\/fr\/wp-json\/wp\/v2\/pages\/1613","targetHints":{"allow":["GET"]}}],"collection":[{"href":"https:\/\/worlddancemovement.com\/fr\/wp-json\/wp\/v2\/pages"}],"about":[{"href":"https:\/\/worlddancemovement.com\/fr\/wp-json\/wp\/v2\/types\/page"}],"author":[{"embeddable":true,"href":"https:\/\/worlddancemovement.com\/fr\/wp-json\/wp\/v2\/users\/6"}],"replies":[{"embeddable":true,"href":"https:\/\/worlddancemovement.com\/fr\/wp-json\/wp\/v2\/comments?post=1613"}],"version-history":[{"count":10,"href":"https:\/\/worlddancemovement.com\/fr\/wp-json\/wp\/v2\/pages\/1613\/revisions"}],"predecessor-version":[{"id":3264,"href":"https:\/\/worlddancemovement.com\/fr\/wp-json\/wp\/v2\/pages\/1613\/revisions\/3264"}],"up":[{"embeddable":true,"href":"https:\/\/worlddancemovement.com\/fr\/wp-json\/wp\/v2\/pages\/1562"}],"wp:attachment":[{"href":"https:\/\/worlddancemovement.com\/fr\/wp-json\/wp\/v2\/media?parent=1613"}],"curies":[{"name":"wp","href":"https:\/\/api.w.org\/{rel}","templated":true}]}}