{"id":1628,"date":"2021-01-01T13:04:29","date_gmt":"2021-01-01T13:04:29","guid":{"rendered":"https:\/\/migrate.worlddancemovement.com\/?page_id=1628"},"modified":"2021-01-23T20:03:48","modified_gmt":"2021-01-23T20:03:48","slug":"silvia-humaila","status":"publish","type":"page","link":"https:\/\/worlddancemovement.com\/fr\/faculty\/silvia-humaila\/","title":{"rendered":"Silvia Huma\u00efla"},"content":{"rendered":"<div data-elementor-type=\"wp-page\" data-elementor-id=\"1628\" class=\"elementor elementor-1628\" data-elementor-post-type=\"page\">\n\t\t\t\t\t\t<section class=\"elementor-section elementor-top-section elementor-element elementor-element-94ec49d elementor-section-full_width elementor-section-height-min-height elementor-section-height-default elementor-section-items-middle\" data-id=\"94ec49d\" data-element_type=\"section\" data-e-type=\"section\" data-settings=\"{&quot;background_background&quot;:&quot;classic&quot;}\">\n\t\t\t\t\t\t\t<div class=\"elementor-background-overlay\"><\/div>\n\t\t\t\t\t\t\t<div class=\"elementor-container elementor-column-gap-no\">\n\t\t\t\t\t<div class=\"elementor-column elementor-col-100 elementor-top-column elementor-element elementor-element-8268956\" data-id=\"8268956\" data-element_type=\"column\" data-e-type=\"column\">\n\t\t\t<div class=\"elementor-widget-wrap elementor-element-populated\">\n\t\t\t\t\t\t<div class=\"elementor-element elementor-element-5016628 elementor-widget elementor-widget-heading\" data-id=\"5016628\" data-element_type=\"widget\" data-e-type=\"widget\" data-widget_type=\"heading.default\">\n\t\t\t\t<div class=\"elementor-widget-container\">\n\t\t\t\t\t<h2 class=\"elementor-heading-title elementor-size-default\">Silvia Huma\u00efla\n<\/h2>\t\t\t\t<\/div>\n\t\t\t\t<\/div>\n\t\t\t\t<div class=\"elementor-element elementor-element-a86216f elementor-widget-divider--view-line elementor-widget elementor-widget-divider\" data-id=\"a86216f\" data-element_type=\"widget\" data-e-type=\"widget\" data-widget_type=\"divider.default\">\n\t\t\t\t<div class=\"elementor-widget-container\">\n\t\t\t\t\t\t\t<div class=\"elementor-divider\">\n\t\t\t<span class=\"elementor-divider-separator\">\n\t\t\t\t\t\t<\/span>\n\t\t<\/div>\n\t\t\t\t\t\t<\/div>\n\t\t\t\t<\/div>\n\t\t\t\t\t<\/div>\n\t\t<\/div>\n\t\t\t\t\t<\/div>\n\t\t<\/section>\n\t\t\t\t<section class=\"elementor-section elementor-top-section elementor-element elementor-element-a2d6cca elementor-section-full_width elementor-section-height-default elementor-section-height-default\" data-id=\"a2d6cca\" data-element_type=\"section\" data-e-type=\"section\">\n\t\t\t\t\t\t<div class=\"elementor-container elementor-column-gap-default\">\n\t\t\t\t\t<div class=\"elementor-column elementor-col-100 elementor-top-column elementor-element elementor-element-a45c6d3\" data-id=\"a45c6d3\" data-element_type=\"column\" data-e-type=\"column\">\n\t\t\t<div class=\"elementor-widget-wrap elementor-element-populated\">\n\t\t\t\t\t\t<div class=\"elementor-element elementor-element-f854b1f elementor-widget elementor-widget-heading\" data-id=\"f854b1f\" data-element_type=\"widget\" data-e-type=\"widget\" data-widget_type=\"heading.default\">\n\t\t\t\t<div class=\"elementor-widget-container\">\n\t\t\t\t\t<h2 class=\"elementor-heading-title elementor-size-default\">Roumanie-Italie \/ Classe : Ballet\n\n\n\n\n\n\n\n\n\n<\/h2>\t\t\t\t<\/div>\n\t\t\t\t<\/div>\n\t\t\t\t<div class=\"elementor-element elementor-element-3947f8e elementor-widget elementor-widget-text-editor\" data-id=\"3947f8e\" data-element_type=\"widget\" data-e-type=\"widget\" data-widget_type=\"text-editor.default\">\n\t\t\t\t<div class=\"elementor-widget-container\">\n\t\t\t\t\t\t\t\t\t<p>Dipl\u00f4m\u00e9 de l&#039;Acad\u00e9mie de Chor\u00e9graphie de Clui (Roumanie). Danseur principal, p\u00e9dagogue, Ma\u00eetre du Ballet et chor\u00e9graphe du State Ballet de Timisoara (Roumanie) et du Th\u00e9\u00e2tre National de Sarajevo (Yougoslavie).<\/p><p>Elle a re\u00e7u une bourse de m\u00e9rite du Th\u00e9\u00e2tre Kirov Mariynski de Saint-P\u00e9tersbourg (Russie) o\u00f9 elle a perfectionn\u00e9 ses comp\u00e9tences en ballet en se sp\u00e9cialisant dans la p\u00e9dagogie du ballet (m\u00e9thode Vaganova). elle \u00e9tudie aupr\u00e8s de grands danseurs de ballet russes dont Alla Shelest et Ninel Kurgapkina, assistante de Rudolf Nourejev \u00e0 l&#039;Op\u00e9ra de Paris.<\/p><p>En tant que danseuse principale, elle a dans\u00e9 dans Giselle, Don Quichotte, Casse-Noisette, La Belle au bois dormant, Coppelia, Sinfonia Fantastica et dans plusieurs productions contemporaines telles que Patetica PI Ciakovski, Omagin a Br\u00e0ncusi T. Olah, Carmina Burana&#039;K.Orff. Elle s&#039;est produite dans plusieurs th\u00e9\u00e2tres \u00e0 travers le monde tels que l&#039;Acad\u00e9mie de Russie (Odessa), l&#039;Italie, l&#039;Allemagne, les Pays-Bas, la Belgique, l&#039;Autriche, la Turquie, le Liban, l&#039;\u00c9gypte, l&#039;Alg\u00e9rie, l&#039;Inde, l&#039;Iran, le Luxembourg et la Tunisie.<\/p><p>En 1968, elle commence \u00e0 travailler comme Ma\u00eetre du Ballet et chor\u00e9graphe au Th\u00e9\u00e2tre National de Sarajevo (Yougoslavie) pour Giselle et Don Quichotte. Parall\u00e8lement, elle travaille comme chor\u00e9graphe en Roumanie (Timisoara) et au Th\u00e9\u00e2tre National du Ballet d&#039;Oleg D\u00e0vrovski. En 1985, elle collabore \u00e0 la Stagione Lirica di Lecce (Italie) en tant que danseuse principale et chor\u00e9graphe (Aida, Faust, Adriana Lecouvreur, I Puritani).<\/p><p>En 1997, elle remporte une bourse en Italie pour \u00e9tudier \u00e0 New York au Joffrey Ballet, Steps Ballet Studio, Broadway Dance Center, Alvin Ailey. En ce qui concerne son activit\u00e9 p\u00e9dagogique, elle a remport\u00e9 plusieurs concours internationaux importants tels que : Prix de Lausanne, Concorso Varna Bulgarie, Luxembourg, Eurovision Paris, Tokio, avec l&#039;\u00c9toile Internationale Danilo Mazzotta. Ses anciens \u00e9l\u00e8ves sont solistes et danseurs principaux de la Scala di Milano, du Balletto di Roma, de Maggio<br \/>La Fiorentine.<\/p><p>Actuellement, elle poursuit son activit\u00e9 p\u00e9dagogique au Centre de Danse \u00ab Pas de deux \u00bb \u00e0 Fasano (Italie) et elle enseigne des ateliers de M\u00e9thode Vaganova pour les professeurs du Centro Studi Danza de Bari (Italie) et du Centro Danza \u00ab Nuova Era \u00bb de Lecce (Italie). .<\/p>\t\t\t\t\t\t\t\t<\/div>\n\t\t\t\t<\/div>\n\t\t\t\t\t<\/div>\n\t\t<\/div>\n\t\t\t\t\t<\/div>\n\t\t<\/section>\n\t\t\t\t<\/div>","protected":false},"excerpt":{"rendered":"<p>Silvia Humaila Romania-Italy \/ Class: Ballet Graduated from Clui Choreography Accademy (Romania). Principal dancer, pedagogue, Ma\u00eetre du Ballet and choreographer for State Ballet in Timisoara (Romania) and Sarajevo National Theater (Jugoslavia). She received a Merit Scholarship from Saint Petersburg&#8217;s Kirov Mariynski Theater (Russia) where she perfected her ballet skills specializing in ballet pedagogy (Vaganova method). [&hellip;]<\/p>\n","protected":false},"author":6,"featured_media":0,"parent":1562,"menu_order":0,"comment_status":"closed","ping_status":"closed","template":"","meta":{"_acf_changed":false,"site-sidebar-layout":"no-sidebar","site-content-layout":"page-builder","ast-site-content-layout":"default","site-content-style":"default","site-sidebar-style":"default","ast-global-header-display":"","ast-banner-title-visibility":"","ast-main-header-display":"","ast-hfb-above-header-display":"","ast-hfb-below-header-display":"","ast-hfb-mobile-header-display":"","site-post-title":"disabled","ast-breadcrumbs-content":"","ast-featured-img":"disabled","footer-sml-layout":"","ast-disable-related-posts":"","theme-transparent-header-meta":"default","adv-header-id-meta":"","stick-header-meta":"default","header-above-stick-meta":"","header-main-stick-meta":"","header-below-stick-meta":"","astra-migrate-meta-layouts":"default","ast-page-background-enabled":"default","ast-page-background-meta":{"desktop":{"background-color":"","background-image":"","background-repeat":"repeat","background-position":"center center","background-size":"auto","background-attachment":"scroll","background-type":"","background-media":"","overlay-type":"","overlay-color":"","overlay-opacity":"","overlay-gradient":""},"tablet":{"background-color":"","background-image":"","background-repeat":"repeat","background-position":"center center","background-size":"auto","background-attachment":"scroll","background-type":"","background-media":"","overlay-type":"","overlay-color":"","overlay-opacity":"","overlay-gradient":""},"mobile":{"background-color":"","background-image":"","background-repeat":"repeat","background-position":"center center","background-size":"auto","background-attachment":"scroll","background-type":"","background-media":"","overlay-type":"","overlay-color":"","overlay-opacity":"","overlay-gradient":""}},"ast-content-background-meta":{"desktop":{"background-color":"var(--ast-global-color-5)","background-image":"","background-repeat":"repeat","background-position":"center center","background-size":"auto","background-attachment":"scroll","background-type":"","background-media":"","overlay-type":"","overlay-color":"","overlay-opacity":"","overlay-gradient":""},"tablet":{"background-color":"var(--ast-global-color-5)","background-image":"","background-repeat":"repeat","background-position":"center center","background-size":"auto","background-attachment":"scroll","background-type":"","background-media":"","overlay-type":"","overlay-color":"","overlay-opacity":"","overlay-gradient":""},"mobile":{"background-color":"var(--ast-global-color-5)","background-image":"","background-repeat":"repeat","background-position":"center center","background-size":"auto","background-attachment":"scroll","background-type":"","background-media":"","overlay-type":"","overlay-color":"","overlay-opacity":"","overlay-gradient":""}},"footnotes":""},"class_list":["post-1628","page","type-page","status-publish","hentry"],"acf":[],"jetpack_sharing_enabled":true,"_links":{"self":[{"href":"https:\/\/worlddancemovement.com\/fr\/wp-json\/wp\/v2\/pages\/1628","targetHints":{"allow":["GET"]}}],"collection":[{"href":"https:\/\/worlddancemovement.com\/fr\/wp-json\/wp\/v2\/pages"}],"about":[{"href":"https:\/\/worlddancemovement.com\/fr\/wp-json\/wp\/v2\/types\/page"}],"author":[{"embeddable":true,"href":"https:\/\/worlddancemovement.com\/fr\/wp-json\/wp\/v2\/users\/6"}],"replies":[{"embeddable":true,"href":"https:\/\/worlddancemovement.com\/fr\/wp-json\/wp\/v2\/comments?post=1628"}],"version-history":[{"count":10,"href":"https:\/\/worlddancemovement.com\/fr\/wp-json\/wp\/v2\/pages\/1628\/revisions"}],"predecessor-version":[{"id":3246,"href":"https:\/\/worlddancemovement.com\/fr\/wp-json\/wp\/v2\/pages\/1628\/revisions\/3246"}],"up":[{"embeddable":true,"href":"https:\/\/worlddancemovement.com\/fr\/wp-json\/wp\/v2\/pages\/1562"}],"wp:attachment":[{"href":"https:\/\/worlddancemovement.com\/fr\/wp-json\/wp\/v2\/media?parent=1628"}],"curies":[{"name":"wp","href":"https:\/\/api.w.org\/{rel}","templated":true}]}}