{"id":1650,"date":"2021-01-01T13:21:40","date_gmt":"2021-01-01T13:21:40","guid":{"rendered":"https:\/\/migrate.worlddancemovement.com\/?page_id=1650"},"modified":"2023-10-05T21:51:21","modified_gmt":"2023-10-05T21:51:21","slug":"benoit-swan-pouffer","status":"publish","type":"page","link":"https:\/\/worlddancemovement.com\/fr\/faculty\/benoit-swan-pouffer\/","title":{"rendered":"Pouf Benoit Cygne"},"content":{"rendered":"<div data-elementor-type=\"wp-page\" data-elementor-id=\"1650\" class=\"elementor elementor-1650\" data-elementor-post-type=\"page\">\n\t\t\t\t\t\t<section class=\"elementor-section elementor-top-section elementor-element elementor-element-94ec49d elementor-section-full_width elementor-section-height-min-height elementor-section-height-default elementor-section-items-middle\" data-id=\"94ec49d\" data-element_type=\"section\" data-e-type=\"section\" data-settings=\"{&quot;background_background&quot;:&quot;classic&quot;}\">\n\t\t\t\t\t\t\t<div class=\"elementor-background-overlay\"><\/div>\n\t\t\t\t\t\t\t<div class=\"elementor-container elementor-column-gap-no\">\n\t\t\t\t\t<div class=\"elementor-column elementor-col-100 elementor-top-column elementor-element elementor-element-8268956\" data-id=\"8268956\" data-element_type=\"column\" data-e-type=\"column\">\n\t\t\t<div class=\"elementor-widget-wrap elementor-element-populated\">\n\t\t\t\t\t\t<div class=\"elementor-element elementor-element-5016628 elementor-widget elementor-widget-heading\" data-id=\"5016628\" data-element_type=\"widget\" data-e-type=\"widget\" data-widget_type=\"heading.default\">\n\t\t\t\t<div class=\"elementor-widget-container\">\n\t\t\t\t\t<h2 class=\"elementor-heading-title elementor-size-default\">Pouf Benoit Cygne\n<\/h2>\t\t\t\t<\/div>\n\t\t\t\t<\/div>\n\t\t\t\t<div class=\"elementor-element elementor-element-a86216f elementor-widget-divider--view-line elementor-widget elementor-widget-divider\" data-id=\"a86216f\" data-element_type=\"widget\" data-e-type=\"widget\" data-widget_type=\"divider.default\">\n\t\t\t\t<div class=\"elementor-widget-container\">\n\t\t\t\t\t\t\t<div class=\"elementor-divider\">\n\t\t\t<span class=\"elementor-divider-separator\">\n\t\t\t\t\t\t<\/span>\n\t\t<\/div>\n\t\t\t\t\t\t<\/div>\n\t\t\t\t<\/div>\n\t\t\t\t\t<\/div>\n\t\t<\/div>\n\t\t\t\t\t<\/div>\n\t\t<\/section>\n\t\t\t\t<section class=\"elementor-section elementor-top-section elementor-element elementor-element-a2d6cca elementor-section-full_width elementor-section-height-default elementor-section-height-default\" data-id=\"a2d6cca\" data-element_type=\"section\" data-e-type=\"section\">\n\t\t\t\t\t\t<div class=\"elementor-container elementor-column-gap-default\">\n\t\t\t\t\t<div class=\"elementor-column elementor-col-100 elementor-top-column elementor-element elementor-element-a45c6d3\" data-id=\"a45c6d3\" data-element_type=\"column\" data-e-type=\"column\">\n\t\t\t<div class=\"elementor-widget-wrap elementor-element-populated\">\n\t\t\t\t\t\t<div class=\"elementor-element elementor-element-f854b1f elementor-widget elementor-widget-heading\" data-id=\"f854b1f\" data-element_type=\"widget\" data-e-type=\"widget\" data-widget_type=\"heading.default\">\n\t\t\t\t<div class=\"elementor-widget-container\">\n\t\t\t\t\t<h2 class=\"elementor-heading-title elementor-size-default\">FRANCE \/ Classe : Ballet Contemporain\n\n\n\n\n\n\n\n\n\n\n\n<\/h2>\t\t\t\t<\/div>\n\t\t\t\t<\/div>\n\t\t\t\t<div class=\"elementor-element elementor-element-3947f8e elementor-widget elementor-widget-text-editor\" data-id=\"3947f8e\" data-element_type=\"widget\" data-e-type=\"widget\" data-widget_type=\"text-editor.default\">\n\t\t\t\t<div class=\"elementor-widget-container\">\n\t\t\t\t\t\t\t\t\t<p>Benoit Swan Pouffer \u00e9tait plus r\u00e9cemment directeur artistique du Cedar Lake Contemporary Ballet, poste qu&#039;il occupait depuis 2005.<\/p><p>N\u00e9 et \u00e9lev\u00e9 \u00e0 Paris, sa carri\u00e8re a d\u00e9but\u00e9 par des \u00e9tudes au prestigieux Conservatoire National Sup\u00e9rieur de Musique et de Danse, o\u00f9 il a interpr\u00e9t\u00e9 des \u0153uvres de chor\u00e9graphes fran\u00e7ais de renom tels que Claude Brumachon, Daniel Larrieu et Angelin Preljocaj. En avril 1993, Pouffer remporte la premi\u00e8re place du concours europ\u00e9en de danse Benetton.<\/p><p>Sa carri\u00e8re distingu\u00e9e en tant que danseur professionnel comprend un mandat de sept ans au Alvin Ailey American Dance Theater, des saisons avec Philadanco et Donald Byrd\/The Group, ainsi que des programmes de sensibilisation en Afrique du Sud et des master classes dans toute l&#039;Europe.<\/p><p>Le New York Times a attribu\u00e9 \u00e0 Pouffer une vision artistique et pionni\u00e8re qui combine une technique habile et un r\u00e9pertoire de classe mondiale remarquablement distinctif qui insuffle une nouvelle vie \u00e0 cette forme d&#039;art. Il s&#039;est \u00e9galement b\u00e2ti une r\u00e9putation internationale dans l&#039;identification et le d\u00e9veloppement de danseurs exceptionnellement talentueux.<\/p><p>Le New York Times d\u00e9clarait r\u00e9cemment : \u00ab Heureusement, Benoit-Swan Pouffer, le directeur artistique d&#039;origine fran\u00e7aise de Cedar Lake, semble avoir pris sur lui de faire d\u00e9couvrir au public une nouvelle g\u00e9n\u00e9ration de chor\u00e9graphes europ\u00e9ens. \u00bb<\/p><p>En 2005, Pouffer a pr\u00e9sent\u00e9 et chor\u00e9graphi\u00e9 la premi\u00e8re d&#039;une s\u00e9rie de performances d&#039;installation. Acclam\u00e9 par la critique et repr\u00e9sentant une approche innovante et moins formalis\u00e9e du spectacle de danse, Pouffer a fait progresser l&#039;exp\u00e9rience traditionnelle du public pour cr\u00e9er une v\u00e9ritable \u0153uvre de collaboration entre l&#039;interpr\u00e8te et le public.<\/p><p>Ses \u0153uvres originales pour Cedar Lake incluent \u00e9galement Seed, Between Here and Now, Hammer, Vastav, Glassy Essence, On This Planet et NU.<\/p><p>Pouffer a \u00e9galement \u00e9t\u00e9 pr\u00e9sent\u00e9 et a cr\u00e9\u00e9 les s\u00e9quences de danse du grand film The Adjustment Bureau, y compris la chor\u00e9graphie originale de la principale dame du film, Emily Blunt. Son travail sur le film lui a valu une nomination aux prix Fred et Adele Astaire 2011 pour la meilleure chor\u00e9graphie de film.<\/p><p>Pouffer a \u00e9galement chor\u00e9graphi\u00e9 Dangerous Beauty au Pasadena Playhouse, r\u00e9alis\u00e9 par Sheryl Kaller, nomin\u00e9e aux Tony. En 2012, Pouffer rejoint l&#039;\u00e9quipe cr\u00e9ative en tant que chor\u00e9graphe dans la com\u00e9die musicale Amazing Grace au Goodspeed Opera House, mise en sc\u00e8ne par Gabriel Barre.<\/p><p>Le travail de Pouffer a \u00e9t\u00e9 vu dans le spectacle de Broadway Soul Doctor r\u00e9alis\u00e9 par Daniel Wise, qui a d\u00e9but\u00e9 en ao\u00fbt 2013.<\/p><p>Actuellement, Pouffer travaille sur une nouvelle revue pour le Lido de Paris dirig\u00e9e par Franco Dragone.<\/p><p><strong>Diffusez le cours de Benoit et bien d&#039;autres sur notre<a href=\"https:\/\/worlddancemovement.com\/fr\/categorie-produit\/streaming\/\" target=\"_blank\" rel=\"noopener\">\u00a0Site Web en ligne<\/a>.<\/strong><\/p>\t\t\t\t\t\t\t\t<\/div>\n\t\t\t\t<\/div>\n\t\t\t\t\t<\/div>\n\t\t<\/div>\n\t\t\t\t\t<\/div>\n\t\t<\/section>\n\t\t\t\t<\/div>","protected":false},"excerpt":{"rendered":"<p>Benoit Swan Pouffer FRANCE \/ Class: Contemporary Ballet Benoit Swan Pouffer was most recently the Artistic Director of Cedar Lake Contemporary Ballet, a position he held since 2005. Born and raised in Paris, his career began with study at the prestigious Conservatoire National Superieur de Musique et de Danse, where he performed works by such [&hellip;]<\/p>\n","protected":false},"author":6,"featured_media":0,"parent":1562,"menu_order":0,"comment_status":"closed","ping_status":"closed","template":"","meta":{"_acf_changed":false,"site-sidebar-layout":"no-sidebar","site-content-layout":"page-builder","ast-site-content-layout":"default","site-content-style":"default","site-sidebar-style":"default","ast-global-header-display":"","ast-banner-title-visibility":"","ast-main-header-display":"","ast-hfb-above-header-display":"","ast-hfb-below-header-display":"","ast-hfb-mobile-header-display":"","site-post-title":"disabled","ast-breadcrumbs-content":"","ast-featured-img":"disabled","footer-sml-layout":"","ast-disable-related-posts":"","theme-transparent-header-meta":"default","adv-header-id-meta":"","stick-header-meta":"default","header-above-stick-meta":"","header-main-stick-meta":"","header-below-stick-meta":"","astra-migrate-meta-layouts":"default","ast-page-background-enabled":"default","ast-page-background-meta":{"desktop":{"background-color":"","background-image":"","background-repeat":"repeat","background-position":"center center","background-size":"auto","background-attachment":"scroll","background-type":"","background-media":"","overlay-type":"","overlay-color":"","overlay-opacity":"","overlay-gradient":""},"tablet":{"background-color":"","background-image":"","background-repeat":"repeat","background-position":"center center","background-size":"auto","background-attachment":"scroll","background-type":"","background-media":"","overlay-type":"","overlay-color":"","overlay-opacity":"","overlay-gradient":""},"mobile":{"background-color":"","background-image":"","background-repeat":"repeat","background-position":"center center","background-size":"auto","background-attachment":"scroll","background-type":"","background-media":"","overlay-type":"","overlay-color":"","overlay-opacity":"","overlay-gradient":""}},"ast-content-background-meta":{"desktop":{"background-color":"var(--ast-global-color-5)","background-image":"","background-repeat":"repeat","background-position":"center center","background-size":"auto","background-attachment":"scroll","background-type":"","background-media":"","overlay-type":"","overlay-color":"","overlay-opacity":"","overlay-gradient":""},"tablet":{"background-color":"var(--ast-global-color-5)","background-image":"","background-repeat":"repeat","background-position":"center center","background-size":"auto","background-attachment":"scroll","background-type":"","background-media":"","overlay-type":"","overlay-color":"","overlay-opacity":"","overlay-gradient":""},"mobile":{"background-color":"var(--ast-global-color-5)","background-image":"","background-repeat":"repeat","background-position":"center center","background-size":"auto","background-attachment":"scroll","background-type":"","background-media":"","overlay-type":"","overlay-color":"","overlay-opacity":"","overlay-gradient":""}},"footnotes":""},"class_list":["post-1650","page","type-page","status-publish","hentry"],"acf":[],"jetpack_sharing_enabled":true,"_links":{"self":[{"href":"https:\/\/worlddancemovement.com\/fr\/wp-json\/wp\/v2\/pages\/1650","targetHints":{"allow":["GET"]}}],"collection":[{"href":"https:\/\/worlddancemovement.com\/fr\/wp-json\/wp\/v2\/pages"}],"about":[{"href":"https:\/\/worlddancemovement.com\/fr\/wp-json\/wp\/v2\/types\/page"}],"author":[{"embeddable":true,"href":"https:\/\/worlddancemovement.com\/fr\/wp-json\/wp\/v2\/users\/6"}],"replies":[{"embeddable":true,"href":"https:\/\/worlddancemovement.com\/fr\/wp-json\/wp\/v2\/comments?post=1650"}],"version-history":[{"count":10,"href":"https:\/\/worlddancemovement.com\/fr\/wp-json\/wp\/v2\/pages\/1650\/revisions"}],"predecessor-version":[{"id":13337,"href":"https:\/\/worlddancemovement.com\/fr\/wp-json\/wp\/v2\/pages\/1650\/revisions\/13337"}],"up":[{"embeddable":true,"href":"https:\/\/worlddancemovement.com\/fr\/wp-json\/wp\/v2\/pages\/1562"}],"wp:attachment":[{"href":"https:\/\/worlddancemovement.com\/fr\/wp-json\/wp\/v2\/media?parent=1650"}],"curies":[{"name":"wp","href":"https:\/\/api.w.org\/{rel}","templated":true}]}}