{"id":1658,"date":"2021-01-01T13:32:10","date_gmt":"2021-01-01T13:32:10","guid":{"rendered":"https:\/\/migrate.worlddancemovement.com\/?page_id=1658"},"modified":"2025-03-27T18:40:10","modified_gmt":"2025-03-27T18:40:10","slug":"eva-sanchez-martz","status":"publish","type":"page","link":"https:\/\/worlddancemovement.com\/fr\/faculty\/eva-sanchez-martz\/","title":{"rendered":"EVA S\u00c1NCHEZ MARTZ"},"content":{"rendered":"<div data-elementor-type=\"wp-page\" data-elementor-id=\"1658\" class=\"elementor elementor-1658\" data-elementor-post-type=\"page\">\n\t\t\t\t\t\t<section class=\"elementor-section elementor-top-section elementor-element elementor-element-94ec49d elementor-section-full_width elementor-section-height-min-height elementor-section-height-default elementor-section-items-middle\" data-id=\"94ec49d\" data-element_type=\"section\" data-e-type=\"section\" data-settings=\"{&quot;background_background&quot;:&quot;classic&quot;}\">\n\t\t\t\t\t\t\t<div class=\"elementor-background-overlay\"><\/div>\n\t\t\t\t\t\t\t<div class=\"elementor-container elementor-column-gap-no\">\n\t\t\t\t\t<div class=\"elementor-column elementor-col-100 elementor-top-column elementor-element elementor-element-8268956\" data-id=\"8268956\" data-element_type=\"column\" data-e-type=\"column\">\n\t\t\t<div class=\"elementor-widget-wrap elementor-element-populated\">\n\t\t\t\t\t\t<div class=\"elementor-element elementor-element-5016628 elementor-widget elementor-widget-heading\" data-id=\"5016628\" data-element_type=\"widget\" data-e-type=\"widget\" data-widget_type=\"heading.default\">\n\t\t\t\t<div class=\"elementor-widget-container\">\n\t\t\t\t\t<h2 class=\"elementor-heading-title elementor-size-default\">Eva S\u00e1nchez Martz\n<\/h2>\t\t\t\t<\/div>\n\t\t\t\t<\/div>\n\t\t\t\t<div class=\"elementor-element elementor-element-a86216f elementor-widget-divider--view-line elementor-widget elementor-widget-divider\" data-id=\"a86216f\" data-element_type=\"widget\" data-e-type=\"widget\" data-widget_type=\"divider.default\">\n\t\t\t\t<div class=\"elementor-widget-container\">\n\t\t\t\t\t\t\t<div class=\"elementor-divider\">\n\t\t\t<span class=\"elementor-divider-separator\">\n\t\t\t\t\t\t<\/span>\n\t\t<\/div>\n\t\t\t\t\t\t<\/div>\n\t\t\t\t<\/div>\n\t\t\t\t\t<\/div>\n\t\t<\/div>\n\t\t\t\t\t<\/div>\n\t\t<\/section>\n\t\t\t\t<section class=\"elementor-section elementor-top-section elementor-element elementor-element-a2d6cca elementor-section-full_width elementor-section-height-default elementor-section-height-default\" data-id=\"a2d6cca\" data-element_type=\"section\" data-e-type=\"section\">\n\t\t\t\t\t\t<div class=\"elementor-container elementor-column-gap-default\">\n\t\t\t\t\t<div class=\"elementor-column elementor-col-100 elementor-top-column elementor-element elementor-element-a45c6d3\" data-id=\"a45c6d3\" data-element_type=\"column\" data-e-type=\"column\">\n\t\t\t<div class=\"elementor-widget-wrap elementor-element-populated\">\n\t\t\t\t\t\t<div class=\"elementor-element elementor-element-f854b1f elementor-widget elementor-widget-heading\" data-id=\"f854b1f\" data-element_type=\"widget\" data-e-type=\"widget\" data-widget_type=\"heading.default\">\n\t\t\t\t<div class=\"elementor-widget-container\">\n\t\t\t\t\t<h2 class=\"elementor-heading-title elementor-size-default\">EVA S\u00c1NCHEZ MARTZ - \ud83c\uddea\ud83c\uddf8 ESPAGNE\n<br>COURS : ATELIER CONTEMPORAIN\n\n\n\n\n\n\n\n\n\n<\/h2>\t\t\t\t<\/div>\n\t\t\t\t<\/div>\n\t\t\t\t<div class=\"elementor-element elementor-element-1463d24 elementor-widget elementor-widget-gallery\" data-id=\"1463d24\" data-element_type=\"widget\" data-e-type=\"widget\" data-settings=\"{&quot;columns&quot;:3,&quot;lazyload&quot;:&quot;yes&quot;,&quot;gallery_layout&quot;:&quot;grid&quot;,&quot;columns_tablet&quot;:2,&quot;columns_mobile&quot;:1,&quot;gap&quot;:{&quot;unit&quot;:&quot;px&quot;,&quot;size&quot;:10,&quot;sizes&quot;:[]},&quot;gap_tablet&quot;:{&quot;unit&quot;:&quot;px&quot;,&quot;size&quot;:10,&quot;sizes&quot;:[]},&quot;gap_mobile&quot;:{&quot;unit&quot;:&quot;px&quot;,&quot;size&quot;:10,&quot;sizes&quot;:[]},&quot;link_to&quot;:&quot;file&quot;,&quot;aspect_ratio&quot;:&quot;3:2&quot;,&quot;overlay_background&quot;:&quot;yes&quot;,&quot;content_hover_animation&quot;:&quot;fade-in&quot;}\" data-widget_type=\"gallery.default\">\n\t\t\t\t<div class=\"elementor-widget-container\">\n\t\t\t\t\t\t\t<div class=\"elementor-gallery__container\">\n\t\t\t\t\t\t\t<a class=\"e-gallery-item elementor-gallery-item elementor-animated-content\" href=\"https:\/\/worlddancemovement.com\/wp-content\/uploads\/2025\/03\/Eva-Sanchez-Martz-Contemporary-Dance-e1743100544164.png\" data-elementor-open-lightbox=\"yes\" data-elementor-lightbox-slideshow=\"1463d24\" data-elementor-lightbox-title=\"Eva Sanchez Martz - Contemporary Dance\" data-e-action-hash=\"#elementor-action%3Aaction%3Dlightbox%26settings%3DeyJpZCI6MTgyMzgsInVybCI6Imh0dHBzOlwvXC93b3JsZGRhbmNlbW92ZW1lbnQuY29tXC93cC1jb250ZW50XC91cGxvYWRzXC8yMDI1XC8wM1wvRXZhLVNhbmNoZXotTWFydHotQ29udGVtcG9yYXJ5LURhbmNlLWUxNzQzMTAwNTQ0MTY0LnBuZyIsInNsaWRlc2hvdyI6IjE0NjNkMjQifQ%3D%3D\">\n\t\t\t\t\t<div class=\"e-gallery-image elementor-gallery-item__image\" data-thumbnail=\"https:\/\/worlddancemovement.com\/wp-content\/uploads\/2025\/03\/Eva-Sanchez-Martz-Contemporary-Dance-815x1024.png\" data-width=\"815\" data-height=\"1024\" aria-label=\"Eva Sanchez Martz - Danse contemporaine\" role=\"img\" ><\/div>\n\t\t\t\t\t\t\t\t\t\t\t<div class=\"elementor-gallery-item__overlay\"><\/div>\n\t\t\t\t\t\t\t\t\t\t\t\t\t\t<\/a>\n\t\t\t\t\t\t\t<a class=\"e-gallery-item elementor-gallery-item elementor-animated-content\" href=\"https:\/\/worlddancemovement.com\/wp-content\/uploads\/2020\/12\/The-fabulous-Eva-Sanchez-Martz.jpg\" data-elementor-open-lightbox=\"yes\" data-elementor-lightbox-slideshow=\"1463d24\" data-elementor-lightbox-title=\"The fabulous Eva Sanchez Martz!\" data-e-action-hash=\"#elementor-action%3Aaction%3Dlightbox%26settings%3DeyJpZCI6NjE2LCJ1cmwiOiJodHRwczpcL1wvd29ybGRkYW5jZW1vdmVtZW50LmNvbVwvd3AtY29udGVudFwvdXBsb2Fkc1wvMjAyMFwvMTJcL1RoZS1mYWJ1bG91cy1FdmEtU2FuY2hlei1NYXJ0ei5qcGciLCJzbGlkZXNob3ciOiIxNDYzZDI0In0%3D\">\n\t\t\t\t\t<div class=\"e-gallery-image elementor-gallery-item__image\" data-thumbnail=\"https:\/\/worlddancemovement.com\/wp-content\/uploads\/2020\/12\/The-fabulous-Eva-Sanchez-Martz.jpg\" data-width=\"889\" data-height=\"500\" aria-label=\"Eva Sanchez Martz\" role=\"img\" ><\/div>\n\t\t\t\t\t\t\t\t\t\t\t<div class=\"elementor-gallery-item__overlay\"><\/div>\n\t\t\t\t\t\t\t\t\t\t\t\t\t\t<\/a>\n\t\t\t\t\t\t\t<a class=\"e-gallery-item elementor-gallery-item elementor-animated-content\" href=\"https:\/\/worlddancemovement.com\/wp-content\/uploads\/2025\/03\/Eva-Sanchez-Marts-Contemporary-Dance-Workshop.png\" data-elementor-open-lightbox=\"yes\" data-elementor-lightbox-slideshow=\"1463d24\" data-elementor-lightbox-title=\"Eva Sanchez Marts - Contemporary Dance Workshop\" data-e-action-hash=\"#elementor-action%3Aaction%3Dlightbox%26settings%3DeyJpZCI6MTgyMzksInVybCI6Imh0dHBzOlwvXC93b3JsZGRhbmNlbW92ZW1lbnQuY29tXC93cC1jb250ZW50XC91cGxvYWRzXC8yMDI1XC8wM1wvRXZhLVNhbmNoZXotTWFydHMtQ29udGVtcG9yYXJ5LURhbmNlLVdvcmtzaG9wLnBuZyIsInNsaWRlc2hvdyI6IjE0NjNkMjQifQ%3D%3D\">\n\t\t\t\t\t<div class=\"e-gallery-image elementor-gallery-item__image\" data-thumbnail=\"https:\/\/worlddancemovement.com\/wp-content\/uploads\/2025\/03\/Eva-Sanchez-Marts-Contemporary-Dance-Workshop.png\" data-width=\"592\" data-height=\"646\" aria-label=\"Eva Sanchez Marts - Atelier de danse contemporaine\" role=\"img\" ><\/div>\n\t\t\t\t\t\t\t\t\t\t\t<div class=\"elementor-gallery-item__overlay\"><\/div>\n\t\t\t\t\t\t\t\t\t\t\t\t\t\t<\/a>\n\t\t\t\t\t<\/div>\n\t\t\t\t\t<\/div>\n\t\t\t\t<\/div>\n\t\t\t\t<div class=\"elementor-element elementor-element-3947f8e elementor-widget elementor-widget-text-editor\" data-id=\"3947f8e\" data-element_type=\"widget\" data-e-type=\"widget\" data-widget_type=\"text-editor.default\">\n\t\t\t\t<div class=\"elementor-widget-container\">\n\t\t\t\t\t\t\t\t\t<p>N\u00e9e \u00e0 Madrid en 1980, elle suit son premier cours de ballet en 1985. Cependant, ce n&#039;est pas la danse mais la musique qui la passionne et elle s&#039;y consacre en \u00e9tudiant au Conservatoire Royal de Musique de Madrid. Ce n\u2019est qu\u2019en 1998 qu\u2019elle s\u2019\u00e9loigne du piano et choisit la danse comme m\u00e9tier. A partir de ce moment, plus rien ne fut suffisant.<\/p><p>La gymnastique acrobatique provoque un voyage qui va changer toute sa carri\u00e8re. Avec le Cirque du Soleil, elle s&#039;est lanc\u00e9e dans un voyage transformateur, elle a commenc\u00e9 \u00e0 sentir que chaque minute qui passait \u00e9tait une minute de moins qu&#039;il lui restait et a choisi le Royaume-Uni, l&#039;Italie et les \u00c9tats-Unis pour compl\u00e9ter sa formation. Une aventure continue qu\u2019elle esp\u00e8re durer toute une vie.<\/p><p>Se consacrant \u00e0 l&#039;enseignement, elle fonde sa propre \u00e9cole en 2003 : \u00ab International Dance Studio \u00bb et \u00ab Club de gymnasia Acrob\u00e1tica Madrid \u00bb. En 2006, elle commence \u00e0 d\u00e9velopper son travail chor\u00e9graphique. Son point de vue sp\u00e9cifique et unique sur l&#039;art chor\u00e9graphique est transf\u00e9rable \u00e0 n&#039;importe quel domaine ou contexte audiovisuel. Elle a r\u00e9alis\u00e9 ses premi\u00e8res \u0153uvres \u00e0 travers Acrodance SL, tout en collaborant \u00e0 une grande vari\u00e9t\u00e9 de projets o\u00f9 elle a mis son expertise et ses exp\u00e9riences \u00e0 la disposition des autres.<\/p><p>Dipl\u00f4m\u00e9e en psychologie et engag\u00e9e socialement, ses \u0153uvres se veulent des v\u00e9hicules de communication, recherchant constamment l&#039;\u00e9quilibre entre son langage personnel et la lutte contre les perspectives commerciales et puristes.<\/p><h4 style=\"font-size: 1.111111rem; font-style: normal;\"><b>Pour apprendre plus:<\/b><\/h4><p style=\"font-size: 18px; font-style: normal; caret-color: #000000; color: #000000; font-family: Oswald, sans-serif;\"><a style=\"font-size: 18px; transition-property: all;\" href=\"https:\/\/www.evamartz.com\" target=\"_blank\" rel=\"noopener\">SITE WEB D&#039;EVA<\/a><\/p><p style=\"font-size: 18px; font-style: normal; caret-color: #000000; color: #000000; font-family: Oswald, sans-serif;\"><a style=\"font-size: 18px; transition-property: all;\" href=\"https:\/\/www.instagram.com\/evasanchezmartz\/\" target=\"_blank\" rel=\"noopener\">L&#039;INSTAGRAM D&#039;EVA<\/a><\/p>\t\t\t\t\t\t\t\t<\/div>\n\t\t\t\t<\/div>\n\t\t\t\t\t<\/div>\n\t\t<\/div>\n\t\t\t\t\t<\/div>\n\t\t<\/section>\n\t\t\t\t<\/div>","protected":false},"excerpt":{"rendered":"<p>Eva S\u00e1nchez Martz EVA S\u00c1NCHEZ MARTZ &#8211; \ud83c\uddea\ud83c\uddf8 SPAIN CLASS: CONTEMPORARY WORKSHOP Born in Madrid in 1980, she attends her first ballet class in 1985. Nevertheless it was not dancing but music what enthralled her, and she devoted herself to it, studying at the Real Conservatory of Music in Madrid. It was not until in [&hellip;]<\/p>\n","protected":false},"author":6,"featured_media":0,"parent":1562,"menu_order":0,"comment_status":"closed","ping_status":"closed","template":"","meta":{"_acf_changed":false,"site-sidebar-layout":"no-sidebar","site-content-layout":"page-builder","ast-site-content-layout":"default","site-content-style":"default","site-sidebar-style":"default","ast-global-header-display":"","ast-banner-title-visibility":"","ast-main-header-display":"","ast-hfb-above-header-display":"","ast-hfb-below-header-display":"","ast-hfb-mobile-header-display":"","site-post-title":"disabled","ast-breadcrumbs-content":"","ast-featured-img":"disabled","footer-sml-layout":"","ast-disable-related-posts":"","theme-transparent-header-meta":"default","adv-header-id-meta":"","stick-header-meta":"default","header-above-stick-meta":"","header-main-stick-meta":"","header-below-stick-meta":"","astra-migrate-meta-layouts":"default","ast-page-background-enabled":"default","ast-page-background-meta":{"desktop":{"background-color":"","background-image":"","background-repeat":"repeat","background-position":"center center","background-size":"auto","background-attachment":"scroll","background-type":"","background-media":"","overlay-type":"","overlay-color":"","overlay-opacity":"","overlay-gradient":""},"tablet":{"background-color":"","background-image":"","background-repeat":"repeat","background-position":"center center","background-size":"auto","background-attachment":"scroll","background-type":"","background-media":"","overlay-type":"","overlay-color":"","overlay-opacity":"","overlay-gradient":""},"mobile":{"background-color":"","background-image":"","background-repeat":"repeat","background-position":"center center","background-size":"auto","background-attachment":"scroll","background-type":"","background-media":"","overlay-type":"","overlay-color":"","overlay-opacity":"","overlay-gradient":""}},"ast-content-background-meta":{"desktop":{"background-color":"var(--ast-global-color-5)","background-image":"","background-repeat":"repeat","background-position":"center center","background-size":"auto","background-attachment":"scroll","background-type":"","background-media":"","overlay-type":"","overlay-color":"","overlay-opacity":"","overlay-gradient":""},"tablet":{"background-color":"var(--ast-global-color-5)","background-image":"","background-repeat":"repeat","background-position":"center center","background-size":"auto","background-attachment":"scroll","background-type":"","background-media":"","overlay-type":"","overlay-color":"","overlay-opacity":"","overlay-gradient":""},"mobile":{"background-color":"var(--ast-global-color-5)","background-image":"","background-repeat":"repeat","background-position":"center center","background-size":"auto","background-attachment":"scroll","background-type":"","background-media":"","overlay-type":"","overlay-color":"","overlay-opacity":"","overlay-gradient":""}},"footnotes":""},"class_list":["post-1658","page","type-page","status-publish","hentry"],"acf":[],"jetpack_sharing_enabled":true,"_links":{"self":[{"href":"https:\/\/worlddancemovement.com\/fr\/wp-json\/wp\/v2\/pages\/1658","targetHints":{"allow":["GET"]}}],"collection":[{"href":"https:\/\/worlddancemovement.com\/fr\/wp-json\/wp\/v2\/pages"}],"about":[{"href":"https:\/\/worlddancemovement.com\/fr\/wp-json\/wp\/v2\/types\/page"}],"author":[{"embeddable":true,"href":"https:\/\/worlddancemovement.com\/fr\/wp-json\/wp\/v2\/users\/6"}],"replies":[{"embeddable":true,"href":"https:\/\/worlddancemovement.com\/fr\/wp-json\/wp\/v2\/comments?post=1658"}],"version-history":[{"count":10,"href":"https:\/\/worlddancemovement.com\/fr\/wp-json\/wp\/v2\/pages\/1658\/revisions"}],"predecessor-version":[{"id":18251,"href":"https:\/\/worlddancemovement.com\/fr\/wp-json\/wp\/v2\/pages\/1658\/revisions\/18251"}],"up":[{"embeddable":true,"href":"https:\/\/worlddancemovement.com\/fr\/wp-json\/wp\/v2\/pages\/1562"}],"wp:attachment":[{"href":"https:\/\/worlddancemovement.com\/fr\/wp-json\/wp\/v2\/media?parent=1658"}],"curies":[{"name":"wp","href":"https:\/\/api.w.org\/{rel}","templated":true}]}}