{"id":16589,"date":"2024-09-24T19:20:56","date_gmt":"2024-09-24T19:20:56","guid":{"rendered":"https:\/\/worlddancemovement.com\/?page_id=16589"},"modified":"2024-09-24T19:56:22","modified_gmt":"2024-09-24T19:56:22","slug":"steve-lachance","status":"publish","type":"page","link":"https:\/\/worlddancemovement.com\/fr\/faculty-italy\/steve-lachance\/","title":{"rendered":"STEVE LACHANCE"},"content":{"rendered":"<div data-elementor-type=\"wp-page\" data-elementor-id=\"16589\" class=\"elementor elementor-16589\" data-elementor-post-type=\"page\">\n\t\t\t\t\t\t<section class=\"elementor-section elementor-top-section elementor-element elementor-element-94ec49d elementor-section-full_width elementor-section-height-min-height elementor-section-height-default elementor-section-items-middle\" data-id=\"94ec49d\" data-element_type=\"section\" data-e-type=\"section\" data-settings=\"{&quot;background_background&quot;:&quot;classic&quot;}\">\n\t\t\t\t\t\t\t<div class=\"elementor-background-overlay\"><\/div>\n\t\t\t\t\t\t\t<div class=\"elementor-container elementor-column-gap-no\">\n\t\t\t\t\t<div class=\"elementor-column elementor-col-100 elementor-top-column elementor-element elementor-element-8268956\" data-id=\"8268956\" data-element_type=\"column\" data-e-type=\"column\">\n\t\t\t<div class=\"elementor-widget-wrap elementor-element-populated\">\n\t\t\t\t\t\t<div class=\"elementor-element elementor-element-5016628 elementor-widget elementor-widget-heading\" data-id=\"5016628\" data-element_type=\"widget\" data-e-type=\"widget\" data-widget_type=\"heading.default\">\n\t\t\t\t<div class=\"elementor-widget-container\">\n\t\t\t\t\t<h2 class=\"elementor-heading-title elementor-size-default\">STEVE LACHANCE\n<\/h2>\t\t\t\t<\/div>\n\t\t\t\t<\/div>\n\t\t\t\t<div class=\"elementor-element elementor-element-a86216f elementor-widget-divider--view-line elementor-widget elementor-widget-divider\" data-id=\"a86216f\" data-element_type=\"widget\" data-e-type=\"widget\" data-widget_type=\"divider.default\">\n\t\t\t\t<div class=\"elementor-widget-container\">\n\t\t\t\t\t\t\t<div class=\"elementor-divider\">\n\t\t\t<span class=\"elementor-divider-separator\">\n\t\t\t\t\t\t<\/span>\n\t\t<\/div>\n\t\t\t\t\t\t<\/div>\n\t\t\t\t<\/div>\n\t\t\t\t\t<\/div>\n\t\t<\/div>\n\t\t\t\t\t<\/div>\n\t\t<\/section>\n\t\t\t\t<section class=\"elementor-section elementor-top-section elementor-element elementor-element-a2d6cca elementor-section-full_width elementor-section-height-default elementor-section-height-default\" data-id=\"a2d6cca\" data-element_type=\"section\" data-e-type=\"section\">\n\t\t\t\t\t\t<div class=\"elementor-container elementor-column-gap-default\">\n\t\t\t\t\t<div class=\"elementor-column elementor-col-100 elementor-top-column elementor-element elementor-element-a45c6d3\" data-id=\"a45c6d3\" data-element_type=\"column\" data-e-type=\"column\">\n\t\t\t<div class=\"elementor-widget-wrap elementor-element-populated\">\n\t\t\t\t\t\t<div class=\"elementor-element elementor-element-f854b1f elementor-widget elementor-widget-heading\" data-id=\"f854b1f\" data-element_type=\"widget\" data-e-type=\"widget\" data-widget_type=\"heading.default\">\n\t\t\t\t<div class=\"elementor-widget-container\">\n\t\t\t\t\t<h2 class=\"elementor-heading-title elementor-size-default\">STEVE LACHANCE <font color=\"#000000\"><span style=\"font-weight: 400\"> <\/span><\/font>- \ud83c\uddfa\ud83c\uddf8 \u00c9tats-Unis \/ \ud83c\uddee\ud83c\uddf9 ITALIE<br>COURS : JAZZ MODERNE <\/h2>\t\t\t\t<\/div>\n\t\t\t\t<\/div>\n\t\t\t\t<div class=\"elementor-element elementor-element-494939a elementor-widget elementor-widget-gallery\" data-id=\"494939a\" data-element_type=\"widget\" data-e-type=\"widget\" data-settings=\"{&quot;columns&quot;:3,&quot;lazyload&quot;:&quot;yes&quot;,&quot;gallery_layout&quot;:&quot;grid&quot;,&quot;columns_tablet&quot;:2,&quot;columns_mobile&quot;:1,&quot;gap&quot;:{&quot;unit&quot;:&quot;px&quot;,&quot;size&quot;:10,&quot;sizes&quot;:[]},&quot;gap_tablet&quot;:{&quot;unit&quot;:&quot;px&quot;,&quot;size&quot;:10,&quot;sizes&quot;:[]},&quot;gap_mobile&quot;:{&quot;unit&quot;:&quot;px&quot;,&quot;size&quot;:10,&quot;sizes&quot;:[]},&quot;link_to&quot;:&quot;file&quot;,&quot;aspect_ratio&quot;:&quot;3:2&quot;,&quot;overlay_background&quot;:&quot;yes&quot;,&quot;content_hover_animation&quot;:&quot;fade-in&quot;}\" data-widget_type=\"gallery.default\">\n\t\t\t\t<div class=\"elementor-widget-container\">\n\t\t\t\t\t\t\t<div class=\"elementor-gallery__container\">\n\t\t\t\t\t\t\t<a class=\"e-gallery-item elementor-gallery-item elementor-animated-content\" href=\"https:\/\/worlddancemovement.com\/wp-content\/uploads\/2024\/09\/Steve-LaChance-teaching.jpg\" data-elementor-open-lightbox=\"yes\" data-elementor-lightbox-slideshow=\"494939a\" data-elementor-lightbox-title=\"Steve LaChance teaching\" data-e-action-hash=\"#elementor-action%3Aaction%3Dlightbox%26settings%3DeyJpZCI6MTY1OTEsInVybCI6Imh0dHBzOlwvXC93b3JsZGRhbmNlbW92ZW1lbnQuY29tXC93cC1jb250ZW50XC91cGxvYWRzXC8yMDI0XC8wOVwvU3RldmUtTGFDaGFuY2UtdGVhY2hpbmcuanBnIiwic2xpZGVzaG93IjoiNDk0OTM5YSJ9\">\n\t\t\t\t\t<div class=\"e-gallery-image elementor-gallery-item__image\" data-thumbnail=\"https:\/\/worlddancemovement.com\/wp-content\/uploads\/2024\/09\/Steve-LaChance-teaching.jpg\" data-width=\"750\" data-height=\"563\" aria-label=\"\" role=\"img\" ><\/div>\n\t\t\t\t\t\t\t\t\t\t\t<div class=\"elementor-gallery-item__overlay\"><\/div>\n\t\t\t\t\t\t\t\t\t\t\t\t\t\t<\/a>\n\t\t\t\t\t\t\t<a class=\"e-gallery-item elementor-gallery-item elementor-animated-content\" href=\"https:\/\/worlddancemovement.com\/wp-content\/uploads\/2024\/09\/stevelachance-580x360-1.jpg\" data-elementor-open-lightbox=\"yes\" data-elementor-lightbox-slideshow=\"494939a\" data-elementor-lightbox-title=\"stevelachance-580x360\" data-e-action-hash=\"#elementor-action%3Aaction%3Dlightbox%26settings%3DeyJpZCI6MTY1OTMsInVybCI6Imh0dHBzOlwvXC93b3JsZGRhbmNlbW92ZW1lbnQuY29tXC93cC1jb250ZW50XC91cGxvYWRzXC8yMDI0XC8wOVwvc3RldmVsYWNoYW5jZS01ODB4MzYwLTEuanBnIiwic2xpZGVzaG93IjoiNDk0OTM5YSJ9\">\n\t\t\t\t\t<div class=\"e-gallery-image elementor-gallery-item__image\" data-thumbnail=\"https:\/\/worlddancemovement.com\/wp-content\/uploads\/2024\/09\/stevelachance-580x360-1.jpg\" data-width=\"580\" data-height=\"360\" aria-label=\"\" role=\"img\" ><\/div>\n\t\t\t\t\t\t\t\t\t\t\t<div class=\"elementor-gallery-item__overlay\"><\/div>\n\t\t\t\t\t\t\t\t\t\t\t\t\t\t<\/a>\n\t\t\t\t\t\t\t<a class=\"e-gallery-item elementor-gallery-item elementor-animated-content\" href=\"https:\/\/worlddancemovement.com\/wp-content\/uploads\/2024\/09\/Steve-LaChance-1.jpg\" data-elementor-open-lightbox=\"yes\" data-elementor-lightbox-slideshow=\"494939a\" data-elementor-lightbox-title=\"Steve-LaChance\" data-e-action-hash=\"#elementor-action%3Aaction%3Dlightbox%26settings%3DeyJpZCI6MTY1OTIsInVybCI6Imh0dHBzOlwvXC93b3JsZGRhbmNlbW92ZW1lbnQuY29tXC93cC1jb250ZW50XC91cGxvYWRzXC8yMDI0XC8wOVwvU3RldmUtTGFDaGFuY2UtMS5qcGciLCJzbGlkZXNob3ciOiI0OTQ5MzlhIn0%3D\">\n\t\t\t\t\t<div class=\"e-gallery-image elementor-gallery-item__image\" data-thumbnail=\"https:\/\/worlddancemovement.com\/wp-content\/uploads\/2024\/09\/Steve-LaChance-1-1024x679.jpg\" data-width=\"1024\" data-height=\"679\" aria-label=\"\" role=\"img\" ><\/div>\n\t\t\t\t\t\t\t\t\t\t\t<div class=\"elementor-gallery-item__overlay\"><\/div>\n\t\t\t\t\t\t\t\t\t\t\t\t\t\t<\/a>\n\t\t\t\t\t<\/div>\n\t\t\t\t\t<\/div>\n\t\t\t\t<\/div>\n\t\t\t\t<div class=\"elementor-element elementor-element-3947f8e elementor-widget elementor-widget-text-editor\" data-id=\"3947f8e\" data-element_type=\"widget\" data-e-type=\"widget\" data-widget_type=\"text-editor.default\">\n\t\t\t\t<div class=\"elementor-widget-container\">\n\t\t\t\t\t\t\t\t\t<p>Steve LaChance est un danseur, chor\u00e9graphe et professeur am\u00e9ricain dont la carri\u00e8re dure depuis plusieurs d\u00e9cennies. N\u00e9 aux Philippines en 1961, il vit \u00e0 Los Angeles, en Californie, o\u00f9 il a \u00e9tudi\u00e9 la danse classique, le jazz et les claquettes.<\/p><p>A quinze ans, il travaille d\u00e9j\u00e0 avec Juliet Prowse. Il participe aux c\u00e9l\u00e8bres com\u00e9dies musicales <em>Danser<\/em> et <em>Tout ce jazz<\/em>par Bob Fosse. \u00c0 Los Angeles, il est apparu dans de nombreuses \u00e9missions de t\u00e9l\u00e9vision et plusieurs films, notamment <em>Effraction&#039;<\/em>, <em>Les filles veulent juste s&#039;amuser<\/em>, et <em>Acad\u00e9mie de danse<\/em>.<\/p><p>\u00c0 l&#039;\u00e2ge de vingt-quatre ans, il s&#039;installe en Italie, o\u00f9 son grand talent et sa pr\u00e9sence imposante conqui\u00e8rent rapidement le public t\u00e9l\u00e9visuel. Il participe aux VIe et IXe \u00e9ditions de <em>Fantastique<\/em>, ainsi que dans des \u00e9missions comme <em>Spectacle de Sandra et Raimondo<\/em>, <em>Stasera Linol\u00e9um<\/em>, <em>Serata d&#039;Honor<\/em>, <em>Est-ce la derni\u00e8re ?<\/em>, et de nombreux autres programmes t\u00e9l\u00e9vis\u00e9s populaires, se produisant souvent aux c\u00f4t\u00e9s de Heather Parisi. En 1991, il s&#039;est produit en tant que danseur principal lors de la c\u00e9r\u00e9monie des Oscars au Shrine Auditorium de Los Angeles.<\/p><p>En plus de son succ\u00e8s en tant que danseur, Steve LaChance s&#039;est \u00e9galement \u00e9tabli comme chor\u00e9graphe et professeur, dirigeant de nombreux cours et si\u00e9geant comme juge dans des comp\u00e9titions nationales et internationales. De 2001 \u00e0 2010, il a \u00e9t\u00e9 professeur et chor\u00e9graphe dans l&#039;\u00e9mission t\u00e9l\u00e9vis\u00e9e <em>Amis<\/em> de Maria De Filippi. Il a \u00e9galement chor\u00e9graphi\u00e9 la com\u00e9die musicale <em>Libre de toute attache<\/em>, le clip vid\u00e9o <em>Les yeux x les yeux<\/em> par Anna Tatangelo, et divers pas de deux au programme <em>Une Mattina en Famille<\/em> sur Rai Uno.<\/p><p>En 2008, Steve LaChance ouvre son \u00e9cole, le Centro di Formazione alla Danza LaChance Ballet, dans le nord de Rome, qui est depuis devenu un point de r\u00e9f\u00e9rence pour de nombreux jeunes danseurs et interpr\u00e8tes musicaux. Pendant de nombreuses ann\u00e9es, il a \u00e9t\u00e9 directeur artistique d&#039;\u00e9v\u00e9nements internationaux tels que Europa in Danza et le LaChance Dance Competition.<\/p><p>En 2023, il ouvre l&#039;\u00c9cole des Arts LaChance, un lyc\u00e9e chor\u00e9graphique qui devient rapidement un lyc\u00e9e priv\u00e9 reconnu par le minist\u00e8re de l&#039;\u00c9ducation et du M\u00e9rite.<\/p><p>Maestro LaChance est un artiste international qui a contribu\u00e9 de mani\u00e8re significative \u00e0 diffuser la passion pour la danse dans le monde entier. Sa carri\u00e8re est une d\u00e9monstration exemplaire de talent, de d\u00e9vouement et de passion pour l&#039;art de la danse.<\/p>\t\t\t\t\t\t\t\t<\/div>\n\t\t\t\t<\/div>\n\t\t\t\t<div class=\"elementor-element elementor-element-e38c931 elementor-widget elementor-widget-text-editor\" data-id=\"e38c931\" data-element_type=\"widget\" data-e-type=\"widget\" data-widget_type=\"text-editor.default\">\n\t\t\t\t<div class=\"elementor-widget-container\">\n\t\t\t\t\t\t\t\t\t<p><b style=\"font-family: Oswald, sans-serif; font-size: 1.111111rem;\">Pour apprendre plus<\/b><\/p><p style=\"font-size: 18px; font-style: normal; caret-color: #000000; color: #000000; font-family: Oswald, sans-serif;\"><a style=\"font-size: 18px; transition-property: all;\" href=\"https:\/\/www.weflowexperience.com\/\">LA CHANCE BALLET<\/a><\/p><p style=\"font-size: 18px; font-style: normal; caret-color: #000000; color: #000000; font-family: Oswald, sans-serif;\"><a style=\"font-size: 18px; transition-property: all;\" href=\"https:\/\/www.instagram.com\/romeevdmeent\/\">L&#039;INSTAGRAM DE STEVE<\/a><\/p>\t\t\t\t\t\t\t\t<\/div>\n\t\t\t\t<\/div>\n\t\t\t\t\t<\/div>\n\t\t<\/div>\n\t\t\t\t\t<\/div>\n\t\t<\/section>\n\t\t\t\t<\/div>","protected":false},"excerpt":{"rendered":"<p>STEVE LACHANCE STEVE LACHANCE &#8211; \ud83c\uddfa\ud83c\uddf8 USA \/ \ud83c\uddee\ud83c\uddf9 ITALYCLASS: MODERN JAZZ Steve LaChance is an American dancer, choreographer, and teacher with a decades-long career. Born in the Philippines in 1961, he lives in Los Angeles, California, where he studied classical dance, jazz, and tap dance. At fifteen, he was already working with Juliet Prowse. [&hellip;]<\/p>\n","protected":false},"author":40,"featured_media":0,"parent":329,"menu_order":0,"comment_status":"closed","ping_status":"closed","template":"","meta":{"_acf_changed":false,"site-sidebar-layout":"no-sidebar","site-content-layout":"page-builder","ast-site-content-layout":"default","site-content-style":"default","site-sidebar-style":"default","ast-global-header-display":"","ast-banner-title-visibility":"","ast-main-header-display":"","ast-hfb-above-header-display":"","ast-hfb-below-header-display":"","ast-hfb-mobile-header-display":"","site-post-title":"disabled","ast-breadcrumbs-content":"","ast-featured-img":"disabled","footer-sml-layout":"","ast-disable-related-posts":"","theme-transparent-header-meta":"default","adv-header-id-meta":"","stick-header-meta":"default","header-above-stick-meta":"","header-main-stick-meta":"","header-below-stick-meta":"","astra-migrate-meta-layouts":"default","ast-page-background-enabled":"default","ast-page-background-meta":{"desktop":{"background-color":"","background-image":"","background-repeat":"repeat","background-position":"center center","background-size":"auto","background-attachment":"scroll","background-type":"","background-media":"","overlay-type":"","overlay-color":"","overlay-opacity":"","overlay-gradient":""},"tablet":{"background-color":"","background-image":"","background-repeat":"repeat","background-position":"center center","background-size":"auto","background-attachment":"scroll","background-type":"","background-media":"","overlay-type":"","overlay-color":"","overlay-opacity":"","overlay-gradient":""},"mobile":{"background-color":"","background-image":"","background-repeat":"repeat","background-position":"center center","background-size":"auto","background-attachment":"scroll","background-type":"","background-media":"","overlay-type":"","overlay-color":"","overlay-opacity":"","overlay-gradient":""}},"ast-content-background-meta":{"desktop":{"background-color":"var(--ast-global-color-5)","background-image":"","background-repeat":"repeat","background-position":"center center","background-size":"auto","background-attachment":"scroll","background-type":"","background-media":"","overlay-type":"","overlay-color":"","overlay-opacity":"","overlay-gradient":""},"tablet":{"background-color":"var(--ast-global-color-5)","background-image":"","background-repeat":"repeat","background-position":"center center","background-size":"auto","background-attachment":"scroll","background-type":"","background-media":"","overlay-type":"","overlay-color":"","overlay-opacity":"","overlay-gradient":""},"mobile":{"background-color":"var(--ast-global-color-5)","background-image":"","background-repeat":"repeat","background-position":"center center","background-size":"auto","background-attachment":"scroll","background-type":"","background-media":"","overlay-type":"","overlay-color":"","overlay-opacity":"","overlay-gradient":""}},"footnotes":""},"class_list":["post-16589","page","type-page","status-publish","hentry"],"acf":[],"jetpack_sharing_enabled":true,"_links":{"self":[{"href":"https:\/\/worlddancemovement.com\/fr\/wp-json\/wp\/v2\/pages\/16589","targetHints":{"allow":["GET"]}}],"collection":[{"href":"https:\/\/worlddancemovement.com\/fr\/wp-json\/wp\/v2\/pages"}],"about":[{"href":"https:\/\/worlddancemovement.com\/fr\/wp-json\/wp\/v2\/types\/page"}],"author":[{"embeddable":true,"href":"https:\/\/worlddancemovement.com\/fr\/wp-json\/wp\/v2\/users\/40"}],"replies":[{"embeddable":true,"href":"https:\/\/worlddancemovement.com\/fr\/wp-json\/wp\/v2\/comments?post=16589"}],"version-history":[{"count":11,"href":"https:\/\/worlddancemovement.com\/fr\/wp-json\/wp\/v2\/pages\/16589\/revisions"}],"predecessor-version":[{"id":16618,"href":"https:\/\/worlddancemovement.com\/fr\/wp-json\/wp\/v2\/pages\/16589\/revisions\/16618"}],"up":[{"embeddable":true,"href":"https:\/\/worlddancemovement.com\/fr\/wp-json\/wp\/v2\/pages\/329"}],"wp:attachment":[{"href":"https:\/\/worlddancemovement.com\/fr\/wp-json\/wp\/v2\/media?parent=16589"}],"curies":[{"name":"wp","href":"https:\/\/api.w.org\/{rel}","templated":true}]}}