{"id":1660,"date":"2021-01-01T13:32:37","date_gmt":"2021-01-01T13:32:37","guid":{"rendered":"https:\/\/migrate.worlddancemovement.com\/?page_id=1660"},"modified":"2023-10-05T05:31:09","modified_gmt":"2023-10-05T05:31:09","slug":"desmond-richardson","status":"publish","type":"page","link":"https:\/\/worlddancemovement.com\/fr\/faculty\/desmond-richardson\/","title":{"rendered":"DESMOND RICHARDSON"},"content":{"rendered":"<div data-elementor-type=\"wp-page\" data-elementor-id=\"1660\" class=\"elementor elementor-1660\" data-elementor-post-type=\"page\">\n\t\t\t\t\t\t<section class=\"elementor-section elementor-top-section elementor-element elementor-element-94ec49d elementor-section-full_width elementor-section-height-min-height elementor-section-height-default elementor-section-items-middle\" data-id=\"94ec49d\" data-element_type=\"section\" data-e-type=\"section\" data-settings=\"{&quot;background_background&quot;:&quot;classic&quot;}\">\n\t\t\t\t\t\t\t<div class=\"elementor-background-overlay\"><\/div>\n\t\t\t\t\t\t\t<div class=\"elementor-container elementor-column-gap-no\">\n\t\t\t\t\t<div class=\"elementor-column elementor-col-100 elementor-top-column elementor-element elementor-element-8268956\" data-id=\"8268956\" data-element_type=\"column\" data-e-type=\"column\">\n\t\t\t<div class=\"elementor-widget-wrap elementor-element-populated\">\n\t\t\t\t\t\t<div class=\"elementor-element elementor-element-5016628 elementor-widget elementor-widget-heading\" data-id=\"5016628\" data-element_type=\"widget\" data-e-type=\"widget\" data-widget_type=\"heading.default\">\n\t\t\t\t<div class=\"elementor-widget-container\">\n\t\t\t\t\t<h2 class=\"elementor-heading-title elementor-size-default\">DESMOND RICHARDSON\n<\/h2>\t\t\t\t<\/div>\n\t\t\t\t<\/div>\n\t\t\t\t<div class=\"elementor-element elementor-element-a86216f elementor-widget-divider--view-line elementor-widget elementor-widget-divider\" data-id=\"a86216f\" data-element_type=\"widget\" data-e-type=\"widget\" data-widget_type=\"divider.default\">\n\t\t\t\t<div class=\"elementor-widget-container\">\n\t\t\t\t\t\t\t<div class=\"elementor-divider\">\n\t\t\t<span class=\"elementor-divider-separator\">\n\t\t\t\t\t\t<\/span>\n\t\t<\/div>\n\t\t\t\t\t\t<\/div>\n\t\t\t\t<\/div>\n\t\t\t\t\t<\/div>\n\t\t<\/div>\n\t\t\t\t\t<\/div>\n\t\t<\/section>\n\t\t\t\t<section class=\"elementor-section elementor-top-section elementor-element elementor-element-a2d6cca elementor-section-full_width elementor-section-height-default elementor-section-height-default\" data-id=\"a2d6cca\" data-element_type=\"section\" data-e-type=\"section\">\n\t\t\t\t\t\t<div class=\"elementor-container elementor-column-gap-default\">\n\t\t\t\t\t<div class=\"elementor-column elementor-col-100 elementor-top-column elementor-element elementor-element-a45c6d3\" data-id=\"a45c6d3\" data-element_type=\"column\" data-e-type=\"column\">\n\t\t\t<div class=\"elementor-widget-wrap elementor-element-populated\">\n\t\t\t\t\t\t<div class=\"elementor-element elementor-element-f854b1f elementor-widget elementor-widget-heading\" data-id=\"f854b1f\" data-element_type=\"widget\" data-e-type=\"widget\" data-widget_type=\"heading.default\">\n\t\t\t\t<div class=\"elementor-widget-container\">\n\t\t\t\t\t<h2 class=\"elementor-heading-title elementor-size-default\">ATELIER TECHNIQUE BALLET, TEINTS - USA \n\n\n\n\n\n\n\n\n\n\n<\/h2>\t\t\t\t<\/div>\n\t\t\t\t<\/div>\n\t\t\t\t<div class=\"elementor-element elementor-element-3947f8e elementor-widget elementor-widget-text-editor\" data-id=\"3947f8e\" data-element_type=\"widget\" data-e-type=\"widget\" data-widget_type=\"text-editor.default\">\n\t\t\t\t<div class=\"elementor-widget-container\">\n\t\t\t\t\t\t\t\t\t<p>Salu\u00e9 par le New York Times comme \u00ab l\u2019un des grands danseurs modernes de son temps \u00bb, Desmond Richardson est un artiste aux multiples talents qui ma\u00eetrise un large \u00e9ventail de genres de danse depuis ses racines dans le hip hop, le ballet classique, moderne et contemporain. Lou\u00e9 pour sa danse puissante et sa qualit\u00e9 d&#039;interpr\u00e9tation singuli\u00e8re, Richardson a \u00e9t\u00e9 l&#039;interpr\u00e8te embl\u00e9matique qui a fa\u00e7onn\u00e9 l&#039;essence du style Complexions.<\/p><p>En tant que danseur principal et artiste invit\u00e9 de compagnies notables telles que Alvin Ailey, Frankfurt Ballet, American Ballet Theatre, Teatro al La Scala, Royal Swedish Opera Ballet, San Francisco Ballet, Washington Ballet, North Carolina Dance Theater, Austin ballet, Aspen Santa Fe Le ballet, l&#039;Orlando Ballet, le Teatro Massimo et le Complexions Contemporary Ballet ont contribu\u00e9 \u00e0 fa\u00e7onner son talent artistique.<\/p><p>Lorsque Richardson a dans\u00e9 le r\u00f4le titre dans la production de \u00ab Othello \u00bb de l\u2019American Ballet Theatre, le New York Times l\u2019a d\u00e9crit comme \u00ab l\u2019un des danseurs les plus majestueux \u00e0 avoir jamais foul\u00e9 la sc\u00e8ne du Metropolitan Opera House \u00bb.<\/p><p>Travaillant \u00e0 la t\u00e9l\u00e9vision, au cin\u00e9ma et \u00e0 la vid\u00e9o aux \u00c9tats-Unis et \u00e0 l&#039;\u00e9tranger, Richardson s&#039;est produit avec des artistes musicaux tels que Michael Jackson, Prince, Aretha Franklin, En Vogue et Madonna.<\/p><p>Il a fait ses d\u00e9buts en chantant \u00e0 Broadway dans la revue musicale Burt Bacarach\/Hal David.<\/p><p>&quot;The Look Of Love&quot; (Ann Reinking \/ Scott Ellis) 2003, Incarn\u00e9 dans le r\u00f4le principal de &quot;Tony&quot; dans la com\u00e9die musicale \u00e0 succ\u00e8s de Twyla Tharp &quot;Moving Out&quot; 2004. Richardson est apparu dans des films tels que le film oscaris\u00e9 &quot;Chicago&quot;, en chantant dans &quot;Preaching to the Choir&quot; de Charles Randolph Wright, pr\u00e9sent\u00e9 dans le film de Patrick Swayze\/Lisa Niemi &quot;One Last Dance&quot; et dans le film de Julie Taymor &quot;Across The Universe&quot;, ainsi que dans le r\u00f4le principal de &quot;Beowulf&quot; dans l&#039;adaptation de Mme Taymor de \u00ab Grendel \u00bb au LA Opera et au New York State Theatre. On peut \u00e9galement le voir sur DVD au Teatro al La Scala Opera \u00ab Moise e Pharone \u00bb partageant la sc\u00e8ne avec la sensation de danse Roberto Bolle sous la direction du Maestro Riccardo Muti.<\/p><p>Parmi ses nombreux honneurs figurent le prix Bessie, le prix Monarch Benois De la Danse (candidat), le prix Ailey Apex, le prix Presidential Scholar in the Arts et le prix NFAA Alumni. Lui et son collaborateur Dwight Rhoden se sont associ\u00e9s \u00e0 la Prima Ballerina Diana Vishneva pour son spectacle solo \u00ab Beauty In motion \u00bb au New York City Center, \u00e0 l&#039;Orange County Performing Arts Center et \u00e0 Moscou en Russie. Richardson est r\u00e9cemment revenu en Russie en tant qu&#039;artiste invit\u00e9 pour s&#039;associer \u00e0 l&#039;incomparable Diana Vishneva pour le festival White Nights au Th\u00e9\u00e2tre Mariinsky dans un pas de deux cr\u00e9\u00e9 pour Richardson et Mme Vishneva intitul\u00e9 \u00ab Three Point Turn \u00bb.<\/p><p>Richardson a \u00e9t\u00e9 artiste invit\u00e9 lors de la tourn\u00e9e mondiale des \u00abKings Of Dance\u00bb (Ardani Artists). Il est apparu dans l&#039;\u00e9mission \u00e0 succ\u00e8s de Fox Television \u00abSo You Think You Can Dance\u00bb en tant qu&#039;artiste invit\u00e9 et chor\u00e9graphe c\u00e9l\u00e8bre avec Dwight Rhoden et dans une \u00e9mission de t\u00e9l\u00e9vision \u00e0 succ\u00e8s. \u00ab Amici di Maria de Filippi \u00bb en Italie.<\/p><p>Vous pouvez acheter ses DVD p\u00e9dagogiques de danse TezoroLIVE <a href=\"https:\/\/worlddancemovement.com\/fr\/categorie-produit\/dance-videos\/contemporary\/\">ICI<\/a> et diffusez ses cours en ligne sur <a href=\"https:\/\/worlddancemovement.com\/fr\/categorie-produit\/streaming\/\">ICI<\/a>\u00a0<\/p>\t\t\t\t\t\t\t\t<\/div>\n\t\t\t\t<\/div>\n\t\t\t\t\t<\/div>\n\t\t<\/div>\n\t\t\t\t\t<\/div>\n\t\t<\/section>\n\t\t\t\t<\/div>","protected":false},"excerpt":{"rendered":"<p>DESMOND RICHARDSON BALLET, COMPLEXIONS TECHNIQUE WORKSHOP &#8211; USA Hailed by the New York Times as \u201cOne of the great modern dancers of his time&#8221; Desmond Richardson is a multi-talented artist who has mastered a wide range of dance genres from his roots in hip hop, classical, modern and contemporary ballet. Praised for his powerful dancing [&hellip;]<\/p>\n","protected":false},"author":6,"featured_media":0,"parent":1562,"menu_order":0,"comment_status":"closed","ping_status":"closed","template":"","meta":{"_acf_changed":false,"site-sidebar-layout":"no-sidebar","site-content-layout":"page-builder","ast-site-content-layout":"default","site-content-style":"default","site-sidebar-style":"default","ast-global-header-display":"","ast-banner-title-visibility":"","ast-main-header-display":"","ast-hfb-above-header-display":"","ast-hfb-below-header-display":"","ast-hfb-mobile-header-display":"","site-post-title":"disabled","ast-breadcrumbs-content":"","ast-featured-img":"disabled","footer-sml-layout":"","ast-disable-related-posts":"","theme-transparent-header-meta":"default","adv-header-id-meta":"","stick-header-meta":"default","header-above-stick-meta":"","header-main-stick-meta":"","header-below-stick-meta":"","astra-migrate-meta-layouts":"default","ast-page-background-enabled":"default","ast-page-background-meta":{"desktop":{"background-color":"","background-image":"","background-repeat":"repeat","background-position":"center center","background-size":"auto","background-attachment":"scroll","background-type":"","background-media":"","overlay-type":"","overlay-color":"","overlay-opacity":"","overlay-gradient":""},"tablet":{"background-color":"","background-image":"","background-repeat":"repeat","background-position":"center center","background-size":"auto","background-attachment":"scroll","background-type":"","background-media":"","overlay-type":"","overlay-color":"","overlay-opacity":"","overlay-gradient":""},"mobile":{"background-color":"","background-image":"","background-repeat":"repeat","background-position":"center center","background-size":"auto","background-attachment":"scroll","background-type":"","background-media":"","overlay-type":"","overlay-color":"","overlay-opacity":"","overlay-gradient":""}},"ast-content-background-meta":{"desktop":{"background-color":"var(--ast-global-color-5)","background-image":"","background-repeat":"repeat","background-position":"center center","background-size":"auto","background-attachment":"scroll","background-type":"","background-media":"","overlay-type":"","overlay-color":"","overlay-opacity":"","overlay-gradient":""},"tablet":{"background-color":"var(--ast-global-color-5)","background-image":"","background-repeat":"repeat","background-position":"center center","background-size":"auto","background-attachment":"scroll","background-type":"","background-media":"","overlay-type":"","overlay-color":"","overlay-opacity":"","overlay-gradient":""},"mobile":{"background-color":"var(--ast-global-color-5)","background-image":"","background-repeat":"repeat","background-position":"center center","background-size":"auto","background-attachment":"scroll","background-type":"","background-media":"","overlay-type":"","overlay-color":"","overlay-opacity":"","overlay-gradient":""}},"footnotes":""},"class_list":["post-1660","page","type-page","status-publish","hentry"],"acf":[],"jetpack_sharing_enabled":true,"_links":{"self":[{"href":"https:\/\/worlddancemovement.com\/fr\/wp-json\/wp\/v2\/pages\/1660","targetHints":{"allow":["GET"]}}],"collection":[{"href":"https:\/\/worlddancemovement.com\/fr\/wp-json\/wp\/v2\/pages"}],"about":[{"href":"https:\/\/worlddancemovement.com\/fr\/wp-json\/wp\/v2\/types\/page"}],"author":[{"embeddable":true,"href":"https:\/\/worlddancemovement.com\/fr\/wp-json\/wp\/v2\/users\/6"}],"replies":[{"embeddable":true,"href":"https:\/\/worlddancemovement.com\/fr\/wp-json\/wp\/v2\/comments?post=1660"}],"version-history":[{"count":10,"href":"https:\/\/worlddancemovement.com\/fr\/wp-json\/wp\/v2\/pages\/1660\/revisions"}],"predecessor-version":[{"id":13247,"href":"https:\/\/worlddancemovement.com\/fr\/wp-json\/wp\/v2\/pages\/1660\/revisions\/13247"}],"up":[{"embeddable":true,"href":"https:\/\/worlddancemovement.com\/fr\/wp-json\/wp\/v2\/pages\/1562"}],"wp:attachment":[{"href":"https:\/\/worlddancemovement.com\/fr\/wp-json\/wp\/v2\/media?parent=1660"}],"curies":[{"name":"wp","href":"https:\/\/api.w.org\/{rel}","templated":true}]}}