{"id":1674,"date":"2021-01-01T13:49:30","date_gmt":"2021-01-01T13:49:30","guid":{"rendered":"https:\/\/migrate.worlddancemovement.com\/?page_id=1674"},"modified":"2023-10-05T22:09:57","modified_gmt":"2023-10-05T22:09:57","slug":"ac-ciulla","status":"publish","type":"page","link":"https:\/\/worlddancemovement.com\/fr\/faculty\/ac-ciulla\/","title":{"rendered":"AC CIULLA"},"content":{"rendered":"<div data-elementor-type=\"wp-page\" data-elementor-id=\"1674\" class=\"elementor elementor-1674\" data-elementor-post-type=\"page\">\n\t\t\t\t\t\t<section class=\"elementor-section elementor-top-section elementor-element elementor-element-94ec49d elementor-section-full_width elementor-section-height-min-height elementor-section-height-default elementor-section-items-middle\" data-id=\"94ec49d\" data-element_type=\"section\" data-e-type=\"section\" data-settings=\"{&quot;background_background&quot;:&quot;classic&quot;}\">\n\t\t\t\t\t\t\t<div class=\"elementor-background-overlay\"><\/div>\n\t\t\t\t\t\t\t<div class=\"elementor-container elementor-column-gap-no\">\n\t\t\t\t\t<div class=\"elementor-column elementor-col-100 elementor-top-column elementor-element elementor-element-8268956\" data-id=\"8268956\" data-element_type=\"column\" data-e-type=\"column\">\n\t\t\t<div class=\"elementor-widget-wrap elementor-element-populated\">\n\t\t\t\t\t\t<div class=\"elementor-element elementor-element-5016628 elementor-widget elementor-widget-heading\" data-id=\"5016628\" data-element_type=\"widget\" data-e-type=\"widget\" data-widget_type=\"heading.default\">\n\t\t\t\t<div class=\"elementor-widget-container\">\n\t\t\t\t\t<h2 class=\"elementor-heading-title elementor-size-default\">AC CIULLA\n<\/h2>\t\t\t\t<\/div>\n\t\t\t\t<\/div>\n\t\t\t\t<div class=\"elementor-element elementor-element-a86216f elementor-widget-divider--view-line elementor-widget elementor-widget-divider\" data-id=\"a86216f\" data-element_type=\"widget\" data-e-type=\"widget\" data-widget_type=\"divider.default\">\n\t\t\t\t<div class=\"elementor-widget-container\">\n\t\t\t\t\t\t\t<div class=\"elementor-divider\">\n\t\t\t<span class=\"elementor-divider-separator\">\n\t\t\t\t\t\t<\/span>\n\t\t<\/div>\n\t\t\t\t\t\t<\/div>\n\t\t\t\t<\/div>\n\t\t\t\t\t<\/div>\n\t\t<\/div>\n\t\t\t\t\t<\/div>\n\t\t<\/section>\n\t\t\t\t<section class=\"elementor-section elementor-top-section elementor-element elementor-element-a2d6cca elementor-section-full_width elementor-section-height-default elementor-section-height-default\" data-id=\"a2d6cca\" data-element_type=\"section\" data-e-type=\"section\">\n\t\t\t\t\t\t<div class=\"elementor-container elementor-column-gap-default\">\n\t\t\t\t\t<div class=\"elementor-column elementor-col-100 elementor-top-column elementor-element elementor-element-a45c6d3\" data-id=\"a45c6d3\" data-element_type=\"column\" data-e-type=\"column\">\n\t\t\t<div class=\"elementor-widget-wrap elementor-element-populated\">\n\t\t\t\t\t\t<div class=\"elementor-element elementor-element-f854b1f elementor-widget elementor-widget-heading\" data-id=\"f854b1f\" data-element_type=\"widget\" data-e-type=\"widget\" data-widget_type=\"heading.default\">\n\t\t\t\t<div class=\"elementor-widget-container\">\n\t\t\t\t\t<h2 class=\"elementor-heading-title elementor-size-default\">USA - TH\u00c9\u00c2TRE DANSE\n\n\n\n\n\n\n\n\n\n\n<\/h2>\t\t\t\t<\/div>\n\t\t\t\t<\/div>\n\t\t\t\t<div class=\"elementor-element elementor-element-3947f8e elementor-widget elementor-widget-text-editor\" data-id=\"3947f8e\" data-element_type=\"widget\" data-e-type=\"widget\" data-widget_type=\"text-editor.default\">\n\t\t\t\t<div class=\"elementor-widget-container\">\n\t\t\t\t\t\t\t\t\t<p>Chor\u00e9graphe laur\u00e9at d&#039;un EMMY Award et nomin\u00e9 aux TONY, AC Ciulla a connu une carri\u00e8re \u00e9clectique couvrant un large \u00e9ventail de travaux dans diff\u00e9rents domaines cr\u00e9atifs.<\/p><p>AC a \u00e9t\u00e9 nomin\u00e9 pour le TONY Award de la meilleure chor\u00e9graphie pour la com\u00e9die musicale \u00e0 succ\u00e8s de Broadway Footloose et a chor\u00e9graphi\u00e9 et r\u00e9alis\u00e9 de nombreuses productions tant au niveau national qu&#039;\u00e0 l&#039;\u00e9tranger. Off-Broadway, AC a chor\u00e9graphi\u00e9 Lucky Guy (nomination au Callaway Award), The Bubbly Black Girl\u2026 (nomination \u00e0 Lucille Lortel), Ghetto Superstar avec Billy Porter, laur\u00e9at de TONY, et Last Smoker In America.<\/p><p>Au niveau r\u00e9gional, AC a chor\u00e9graphi\u00e9 Chess at the Ford Amphitheatre avec Matthew Morrison (de la s\u00e9rie \u00e0 succ\u00e8s Glee de Fox), Being Alive de Stephen Sondheim, The Plexiglass Slipper, The Yiddish Coming, Barrio Babies et The Little Mermaid. Vices : A Love Story, une exploration sophistiqu\u00e9e des relations racont\u00e9es \u00e0 travers la musique et la danse, a valu \u00e0 AC le prix Carbonell 2010 de la \u00ab Meilleure chor\u00e9graphie \u00bb.<\/p><p>AC a co-cr\u00e9\u00e9\/chor\u00e9graphi\u00e9 le hit \u00e0 succ\u00e8s Toni Braxton \u00ab\u00a0Revealed\u00a0\u00bb (Flamingo, Las Vegas), ainsi que la tourn\u00e9e Libra de l&#039;artiste laur\u00e9at d&#039;un Grammy Award et la performance live NBA All-Star. D&#039;autres artistes d&#039;enregistrement incluent des spectacles en direct pour Eden&#039;s Crush avec Nicole Scherzinger, le groupe vocal Duwende et des vid\u00e9os pour Freedom Williams (C&amp;C Music Factory) et le chanteur R&amp;B Billy Porter.<\/p><p>Ciulla a mis en sc\u00e8ne Signed, Sealed, Delivered - A Musical Celebration of Stevie Wonder avec Chaka Khan (Venetian, Las Vegas) et a r\u00e9alis\u00e9\/chor\u00e9graphi\u00e9 Nights on Broadway II &amp; III (Caesars, Atlantic City) mettant en vedette de nombreuses nouvelles stars de Broadway. Plusieurs cr\u00e9dits cin\u00e9matographiques, t\u00e9l\u00e9visuels et commerciaux incluent la victoire de l&#039;Emmy Award 2003 pour la \u00ab Chor\u00e9graphie exceptionnelle d&#039;un sp\u00e9cial t\u00e9l\u00e9vis\u00e9 \u00bb pour Stars on Ice. AC est apparu en tant que chor\u00e9graphe invit\u00e9 sur So You Think You Can Dance (UA) au cours des trois derni\u00e8res saisons et a fait une apparition sp\u00e9ciale sur Dance Moms de Lifetime.<\/p><p>En tant qu&#039;interpr\u00e8te, AC a fait ses d\u00e9buts \u00e0 Broadway dans Starlight Express \u00e0 l&#039;\u00e2ge de 19 ans, a \u00e9t\u00e9 huit fois laur\u00e9at et demi-finaliste de Star Search et a tourn\u00e9 en tant que soliste vedette avec la Jazz Dance Company Waves de renomm\u00e9e mondiale. Il a fait une tourn\u00e9e aux \u00c9tats-Unis avec la sensation de danse C&amp;C Music Factory, a dans\u00e9 aux MTV Video Music Awards et a eu l&#039;honneur de danser aux c\u00f4t\u00e9s de Michael Jackson.<\/p>\t\t\t\t\t\t\t\t<\/div>\n\t\t\t\t<\/div>\n\t\t\t\t\t<\/div>\n\t\t<\/div>\n\t\t\t\t\t<\/div>\n\t\t<\/section>\n\t\t\t\t<\/div>","protected":false},"excerpt":{"rendered":"<p>AC CIULLA USA &#8211; THEATRE DANCE EMMY Award winning, TONY nominated choreographer, AC Ciulla has enjoyed an eclectic career spanning a wide range of work in different creative arenas. AC was nominated for the TONY Award for Best Choreography for Broadway\u2019s hit musical Footloose, and has choreographed\/directed numerous productions both nationally and abroad. Off-Broadway, AC [&hellip;]<\/p>\n","protected":false},"author":6,"featured_media":0,"parent":1562,"menu_order":0,"comment_status":"closed","ping_status":"closed","template":"","meta":{"_acf_changed":false,"site-sidebar-layout":"no-sidebar","site-content-layout":"page-builder","ast-site-content-layout":"default","site-content-style":"default","site-sidebar-style":"default","ast-global-header-display":"","ast-banner-title-visibility":"","ast-main-header-display":"","ast-hfb-above-header-display":"","ast-hfb-below-header-display":"","ast-hfb-mobile-header-display":"","site-post-title":"disabled","ast-breadcrumbs-content":"","ast-featured-img":"disabled","footer-sml-layout":"","ast-disable-related-posts":"","theme-transparent-header-meta":"default","adv-header-id-meta":"","stick-header-meta":"default","header-above-stick-meta":"","header-main-stick-meta":"","header-below-stick-meta":"","astra-migrate-meta-layouts":"default","ast-page-background-enabled":"default","ast-page-background-meta":{"desktop":{"background-color":"","background-image":"","background-repeat":"repeat","background-position":"center center","background-size":"auto","background-attachment":"scroll","background-type":"","background-media":"","overlay-type":"","overlay-color":"","overlay-opacity":"","overlay-gradient":""},"tablet":{"background-color":"","background-image":"","background-repeat":"repeat","background-position":"center center","background-size":"auto","background-attachment":"scroll","background-type":"","background-media":"","overlay-type":"","overlay-color":"","overlay-opacity":"","overlay-gradient":""},"mobile":{"background-color":"","background-image":"","background-repeat":"repeat","background-position":"center center","background-size":"auto","background-attachment":"scroll","background-type":"","background-media":"","overlay-type":"","overlay-color":"","overlay-opacity":"","overlay-gradient":""}},"ast-content-background-meta":{"desktop":{"background-color":"var(--ast-global-color-5)","background-image":"","background-repeat":"repeat","background-position":"center center","background-size":"auto","background-attachment":"scroll","background-type":"","background-media":"","overlay-type":"","overlay-color":"","overlay-opacity":"","overlay-gradient":""},"tablet":{"background-color":"var(--ast-global-color-5)","background-image":"","background-repeat":"repeat","background-position":"center center","background-size":"auto","background-attachment":"scroll","background-type":"","background-media":"","overlay-type":"","overlay-color":"","overlay-opacity":"","overlay-gradient":""},"mobile":{"background-color":"var(--ast-global-color-5)","background-image":"","background-repeat":"repeat","background-position":"center center","background-size":"auto","background-attachment":"scroll","background-type":"","background-media":"","overlay-type":"","overlay-color":"","overlay-opacity":"","overlay-gradient":""}},"footnotes":""},"class_list":["post-1674","page","type-page","status-publish","hentry"],"acf":[],"jetpack_sharing_enabled":true,"_links":{"self":[{"href":"https:\/\/worlddancemovement.com\/fr\/wp-json\/wp\/v2\/pages\/1674","targetHints":{"allow":["GET"]}}],"collection":[{"href":"https:\/\/worlddancemovement.com\/fr\/wp-json\/wp\/v2\/pages"}],"about":[{"href":"https:\/\/worlddancemovement.com\/fr\/wp-json\/wp\/v2\/types\/page"}],"author":[{"embeddable":true,"href":"https:\/\/worlddancemovement.com\/fr\/wp-json\/wp\/v2\/users\/6"}],"replies":[{"embeddable":true,"href":"https:\/\/worlddancemovement.com\/fr\/wp-json\/wp\/v2\/comments?post=1674"}],"version-history":[{"count":10,"href":"https:\/\/worlddancemovement.com\/fr\/wp-json\/wp\/v2\/pages\/1674\/revisions"}],"predecessor-version":[{"id":13343,"href":"https:\/\/worlddancemovement.com\/fr\/wp-json\/wp\/v2\/pages\/1674\/revisions\/13343"}],"up":[{"embeddable":true,"href":"https:\/\/worlddancemovement.com\/fr\/wp-json\/wp\/v2\/pages\/1562"}],"wp:attachment":[{"href":"https:\/\/worlddancemovement.com\/fr\/wp-json\/wp\/v2\/media?parent=1674"}],"curies":[{"name":"wp","href":"https:\/\/api.w.org\/{rel}","templated":true}]}}