{"id":1679,"date":"2021-01-01T13:51:20","date_gmt":"2021-01-01T13:51:20","guid":{"rendered":"https:\/\/migrate.worlddancemovement.com\/?page_id=1679"},"modified":"2023-10-05T22:10:56","modified_gmt":"2023-10-05T22:10:56","slug":"marco-cavalloro","status":"publish","type":"page","link":"https:\/\/worlddancemovement.com\/fr\/faculty\/marco-cavalloro\/","title":{"rendered":"MARCO CAVALLORO"},"content":{"rendered":"<div data-elementor-type=\"wp-page\" data-elementor-id=\"1679\" class=\"elementor elementor-1679\" data-elementor-post-type=\"page\">\n\t\t\t\t\t\t<section class=\"elementor-section elementor-top-section elementor-element elementor-element-94ec49d elementor-section-full_width elementor-section-height-min-height elementor-section-height-default elementor-section-items-middle\" data-id=\"94ec49d\" data-element_type=\"section\" data-e-type=\"section\" data-settings=\"{&quot;background_background&quot;:&quot;classic&quot;}\">\n\t\t\t\t\t\t\t<div class=\"elementor-background-overlay\"><\/div>\n\t\t\t\t\t\t\t<div class=\"elementor-container elementor-column-gap-no\">\n\t\t\t\t\t<div class=\"elementor-column elementor-col-100 elementor-top-column elementor-element elementor-element-8268956\" data-id=\"8268956\" data-element_type=\"column\" data-e-type=\"column\">\n\t\t\t<div class=\"elementor-widget-wrap elementor-element-populated\">\n\t\t\t\t\t\t<div class=\"elementor-element elementor-element-5016628 elementor-widget elementor-widget-heading\" data-id=\"5016628\" data-element_type=\"widget\" data-e-type=\"widget\" data-widget_type=\"heading.default\">\n\t\t\t\t<div class=\"elementor-widget-container\">\n\t\t\t\t\t<h2 class=\"elementor-heading-title elementor-size-default\">MARCO CAVALLORO\n<\/h2>\t\t\t\t<\/div>\n\t\t\t\t<\/div>\n\t\t\t\t<div class=\"elementor-element elementor-element-a86216f elementor-widget-divider--view-line elementor-widget elementor-widget-divider\" data-id=\"a86216f\" data-element_type=\"widget\" data-e-type=\"widget\" data-widget_type=\"divider.default\">\n\t\t\t\t<div class=\"elementor-widget-container\">\n\t\t\t\t\t\t\t<div class=\"elementor-divider\">\n\t\t\t<span class=\"elementor-divider-separator\">\n\t\t\t\t\t\t<\/span>\n\t\t<\/div>\n\t\t\t\t\t\t<\/div>\n\t\t\t\t<\/div>\n\t\t\t\t\t<\/div>\n\t\t<\/div>\n\t\t\t\t\t<\/div>\n\t\t<\/section>\n\t\t\t\t<section class=\"elementor-section elementor-top-section elementor-element elementor-element-a2d6cca elementor-section-full_width elementor-section-height-default elementor-section-height-default\" data-id=\"a2d6cca\" data-element_type=\"section\" data-e-type=\"section\">\n\t\t\t\t\t\t<div class=\"elementor-container elementor-column-gap-default\">\n\t\t\t\t\t<div class=\"elementor-column elementor-col-100 elementor-top-column elementor-element elementor-element-a45c6d3\" data-id=\"a45c6d3\" data-element_type=\"column\" data-e-type=\"column\">\n\t\t\t<div class=\"elementor-widget-wrap elementor-element-populated\">\n\t\t\t\t\t\t<div class=\"elementor-element elementor-element-f854b1f elementor-widget elementor-widget-heading\" data-id=\"f854b1f\" data-element_type=\"widget\" data-e-type=\"widget\" data-widget_type=\"heading.default\">\n\t\t\t\t<div class=\"elementor-widget-container\">\n\t\t\t\t\t<h2 class=\"elementor-heading-title elementor-size-default\">ITALIE \/ Cours : Hip Hop\n\n\n\n\n\n\n\n\n\n\n\n<\/h2>\t\t\t\t<\/div>\n\t\t\t\t<\/div>\n\t\t\t\t<div class=\"elementor-element elementor-element-3947f8e elementor-widget elementor-widget-text-editor\" data-id=\"3947f8e\" data-element_type=\"widget\" data-e-type=\"widget\" data-widget_type=\"text-editor.default\">\n\t\t\t\t<div class=\"elementor-widget-container\">\n\t\t\t\t\t\t\t\t\t<p>Marco est n\u00e9 en 1983 \u00e0 Montalto di Castro, en Italie.<\/p><p>En 1994, \u00e0 l&#039;\u00e2ge de 11 ans, il voyage pour la premi\u00e8re fois \u00e0 Los Angeles, aux \u00c9tats-Unis, o\u00f9 il rencontre son premier professeur, Milo Levell et o\u00f9 il commence \u00e0 danser le Hip Hop. Il a continu\u00e9 \u00e0 danser tout en \u00e9tudiant au lyc\u00e9e puis \u00e0 l&#039;universit\u00e9.<\/p><p>En tant que danseur, il a commenc\u00e9 une recherche minutieuse d&#039;un mouvement propre, expressif et techniquement correct et est devenu un auditeur passionn\u00e9 de musique Hip Hop et R&amp;B.<\/p><p>Il continue \u00e0 voyager aux \u00c9tats-Unis chaque ann\u00e9e pour \u00e9tudier dans certains des studios de danse les plus prestigieux des \u00c9tats-Unis : Los Angeles (Millenium Dance Complex, Debbie Reynold&#039;s, The Edge\u2026), New York (Broadway Dance Center). Il a dans\u00e9 avec des danseurs de renomm\u00e9e mondiale tels que Brian Green, Ejoe Wilson, Superdave, Popin Pete, Mr Wiggles, Link, Loose Joint, Dante, Marty Kudelka, Jayson Wright, RoRo Tabor, Rino, Dave Scott, Shane Sparks, Misha Gabriel, juste pour en citer quelques-uns.<\/p><p>En 1996, \u00e0 l&#039;\u00e2ge de 13 ans, Marco devient l&#039;assistant de Milo et travaille avec lui en Europe et en Am\u00e9rique. Cette exp\u00e9rience lui a permis d&#039;apprendre l&#039;importance d&#039;une m\u00e9thode d&#039;enseignement efficace et d&#039;une relation positive avec les \u00e9tudiants.<\/p><p>En 1998, il commence \u00e0 enseigner \u00e0 Jesolo, en Italie, lors de la convention internationale Fitnesslandia organis\u00e9e par Cruisin&#039;. Il a \u00e9galement commenc\u00e9 \u00e0 enseigner lors de conventions prestigieuses \u00e0 travers l&#039;Europe : Madrid, Barcelone, Chiasso, Saint Tropez, Lisbonne, Zurich, B\u00e2le, Amsterdam.<\/p><p>En voyage le week-end, Marco enseignait dans son studio de danse pendant la semaine. Ses \u00e9tudiants ont particip\u00e9 \u00e0 des concours et congr\u00e8s nationaux et internationaux. En travaillant dans son studio de danse, Marco a pu comprendre les v\u00e9ritables probl\u00e8mes auxquels les \u00e9tudiants sont confront\u00e9s lorsqu&#039;ils suivent des cours et il a pu \u00e9tablir un lien avec les \u00e9tudiants \u00e0 un niveau personnel.<\/p><p>Entre 1999 et 2000, Marco a fait ses premi\u00e8res exp\u00e9riences professionnelles aux \u00c9tats-Unis en tant que professeur d&#039;italien \u00e0 l&#039;\u00e9cole internationale de hip-hop de Madonna Grimes \u00e0 Los Angeles.<\/p><p>En 2006, avec Cruisin&#039;, Marco a cr\u00e9\u00e9 la R&amp;B Dance School, une master class de tourn\u00e9e d&#039;un week-end qui a eu lieu \u00e0 Milan, Pordenone, Mantoue, Montalto di Castro, Venise, Mirandola.<\/p><p>En 2011, Marco a \u00e9t\u00e9 invit\u00e9 \u00e0 enseigner au Amsterdam Dance Center pendant 15 jours. Ces derni\u00e8res ann\u00e9es, Marco s&#039;est concentr\u00e9 sur l&#039;entra\u00eenement et l&#039;am\u00e9lioration de ses techniques de freestyle.<\/p><p>En 2013 et 2014, il a particip\u00e9 avec succ\u00e8s \u00e0 plusieurs concours : Abruzzo Hip Hop Festival 2013, Jambo 2013, Give It Up 2013, Special One 2014.<\/p>\t\t\t\t\t\t\t\t<\/div>\n\t\t\t\t<\/div>\n\t\t\t\t\t<\/div>\n\t\t<\/div>\n\t\t\t\t\t<\/div>\n\t\t<\/section>\n\t\t\t\t<\/div>","protected":false},"excerpt":{"rendered":"<p>MARCO CAVALLORO ITALY \/ Class: Hip Hop Marco was born in 1983 in Montalto di Castro, Italy. In 1994 at the age 11 he traveled to Los Angeles, USA for the firs time where he met his first teacher, Milo Levell and where he started dancing Hip Hop. He continued dancing while studying in high [&hellip;]<\/p>\n","protected":false},"author":6,"featured_media":0,"parent":1562,"menu_order":0,"comment_status":"closed","ping_status":"closed","template":"","meta":{"_acf_changed":false,"site-sidebar-layout":"no-sidebar","site-content-layout":"page-builder","ast-site-content-layout":"default","site-content-style":"default","site-sidebar-style":"default","ast-global-header-display":"","ast-banner-title-visibility":"","ast-main-header-display":"","ast-hfb-above-header-display":"","ast-hfb-below-header-display":"","ast-hfb-mobile-header-display":"","site-post-title":"disabled","ast-breadcrumbs-content":"","ast-featured-img":"disabled","footer-sml-layout":"","ast-disable-related-posts":"","theme-transparent-header-meta":"default","adv-header-id-meta":"","stick-header-meta":"default","header-above-stick-meta":"","header-main-stick-meta":"","header-below-stick-meta":"","astra-migrate-meta-layouts":"default","ast-page-background-enabled":"default","ast-page-background-meta":{"desktop":{"background-color":"","background-image":"","background-repeat":"repeat","background-position":"center center","background-size":"auto","background-attachment":"scroll","background-type":"","background-media":"","overlay-type":"","overlay-color":"","overlay-opacity":"","overlay-gradient":""},"tablet":{"background-color":"","background-image":"","background-repeat":"repeat","background-position":"center center","background-size":"auto","background-attachment":"scroll","background-type":"","background-media":"","overlay-type":"","overlay-color":"","overlay-opacity":"","overlay-gradient":""},"mobile":{"background-color":"","background-image":"","background-repeat":"repeat","background-position":"center center","background-size":"auto","background-attachment":"scroll","background-type":"","background-media":"","overlay-type":"","overlay-color":"","overlay-opacity":"","overlay-gradient":""}},"ast-content-background-meta":{"desktop":{"background-color":"var(--ast-global-color-5)","background-image":"","background-repeat":"repeat","background-position":"center center","background-size":"auto","background-attachment":"scroll","background-type":"","background-media":"","overlay-type":"","overlay-color":"","overlay-opacity":"","overlay-gradient":""},"tablet":{"background-color":"var(--ast-global-color-5)","background-image":"","background-repeat":"repeat","background-position":"center center","background-size":"auto","background-attachment":"scroll","background-type":"","background-media":"","overlay-type":"","overlay-color":"","overlay-opacity":"","overlay-gradient":""},"mobile":{"background-color":"var(--ast-global-color-5)","background-image":"","background-repeat":"repeat","background-position":"center center","background-size":"auto","background-attachment":"scroll","background-type":"","background-media":"","overlay-type":"","overlay-color":"","overlay-opacity":"","overlay-gradient":""}},"footnotes":""},"class_list":["post-1679","page","type-page","status-publish","hentry"],"acf":[],"jetpack_sharing_enabled":true,"_links":{"self":[{"href":"https:\/\/worlddancemovement.com\/fr\/wp-json\/wp\/v2\/pages\/1679","targetHints":{"allow":["GET"]}}],"collection":[{"href":"https:\/\/worlddancemovement.com\/fr\/wp-json\/wp\/v2\/pages"}],"about":[{"href":"https:\/\/worlddancemovement.com\/fr\/wp-json\/wp\/v2\/types\/page"}],"author":[{"embeddable":true,"href":"https:\/\/worlddancemovement.com\/fr\/wp-json\/wp\/v2\/users\/6"}],"replies":[{"embeddable":true,"href":"https:\/\/worlddancemovement.com\/fr\/wp-json\/wp\/v2\/comments?post=1679"}],"version-history":[{"count":10,"href":"https:\/\/worlddancemovement.com\/fr\/wp-json\/wp\/v2\/pages\/1679\/revisions"}],"predecessor-version":[{"id":13346,"href":"https:\/\/worlddancemovement.com\/fr\/wp-json\/wp\/v2\/pages\/1679\/revisions\/13346"}],"up":[{"embeddable":true,"href":"https:\/\/worlddancemovement.com\/fr\/wp-json\/wp\/v2\/pages\/1562"}],"wp:attachment":[{"href":"https:\/\/worlddancemovement.com\/fr\/wp-json\/wp\/v2\/media?parent=1679"}],"curies":[{"name":"wp","href":"https:\/\/api.w.org\/{rel}","templated":true}]}}