{"id":1692,"date":"2021-01-01T14:03:09","date_gmt":"2021-01-01T14:03:09","guid":{"rendered":"https:\/\/migrate.worlddancemovement.com\/?page_id=1692"},"modified":"2023-10-05T22:26:31","modified_gmt":"2023-10-05T22:26:31","slug":"susanna-odevaine","status":"publish","type":"page","link":"https:\/\/worlddancemovement.com\/fr\/faculty\/susanna-odevaine\/","title":{"rendered":"SUSANNA ODEVAINE"},"content":{"rendered":"<div data-elementor-type=\"wp-page\" data-elementor-id=\"1692\" class=\"elementor elementor-1692\" data-elementor-post-type=\"page\">\n\t\t\t\t\t\t<section class=\"elementor-section elementor-top-section elementor-element elementor-element-94ec49d elementor-section-full_width elementor-section-height-min-height elementor-section-height-default elementor-section-items-middle\" data-id=\"94ec49d\" data-element_type=\"section\" data-e-type=\"section\" data-settings=\"{&quot;background_background&quot;:&quot;classic&quot;}\">\n\t\t\t\t\t\t\t<div class=\"elementor-background-overlay\"><\/div>\n\t\t\t\t\t\t\t<div class=\"elementor-container elementor-column-gap-no\">\n\t\t\t\t\t<div class=\"elementor-column elementor-col-100 elementor-top-column elementor-element elementor-element-8268956\" data-id=\"8268956\" data-element_type=\"column\" data-e-type=\"column\">\n\t\t\t<div class=\"elementor-widget-wrap elementor-element-populated\">\n\t\t\t\t\t\t<div class=\"elementor-element elementor-element-5016628 elementor-widget elementor-widget-heading\" data-id=\"5016628\" data-element_type=\"widget\" data-e-type=\"widget\" data-widget_type=\"heading.default\">\n\t\t\t\t<div class=\"elementor-widget-container\">\n\t\t\t\t\t<h2 class=\"elementor-heading-title elementor-size-default\">SUSANNA ODEVAINE\n<\/h2>\t\t\t\t<\/div>\n\t\t\t\t<\/div>\n\t\t\t\t<div class=\"elementor-element elementor-element-a86216f elementor-widget-divider--view-line elementor-widget elementor-widget-divider\" data-id=\"a86216f\" data-element_type=\"widget\" data-e-type=\"widget\" data-widget_type=\"divider.default\">\n\t\t\t\t<div class=\"elementor-widget-container\">\n\t\t\t\t\t\t\t<div class=\"elementor-divider\">\n\t\t\t<span class=\"elementor-divider-separator\">\n\t\t\t\t\t\t<\/span>\n\t\t<\/div>\n\t\t\t\t\t\t<\/div>\n\t\t\t\t<\/div>\n\t\t\t\t\t<\/div>\n\t\t<\/div>\n\t\t\t\t\t<\/div>\n\t\t<\/section>\n\t\t\t\t<section class=\"elementor-section elementor-top-section elementor-element elementor-element-a2d6cca elementor-section-full_width elementor-section-height-default elementor-section-height-default\" data-id=\"a2d6cca\" data-element_type=\"section\" data-e-type=\"section\">\n\t\t\t\t\t\t<div class=\"elementor-container elementor-column-gap-default\">\n\t\t\t\t\t<div class=\"elementor-column elementor-col-100 elementor-top-column elementor-element elementor-element-a45c6d3\" data-id=\"a45c6d3\" data-element_type=\"column\" data-e-type=\"column\">\n\t\t\t<div class=\"elementor-widget-wrap elementor-element-populated\">\n\t\t\t\t\t\t<div class=\"elementor-element elementor-element-f854b1f elementor-widget elementor-widget-heading\" data-id=\"f854b1f\" data-element_type=\"widget\" data-e-type=\"widget\" data-widget_type=\"heading.default\">\n\t\t\t\t<div class=\"elementor-widget-container\">\n\t\t\t\t\t<h2 class=\"elementor-heading-title elementor-size-default\">ITALIE \/ Classe : El\u00e9ments de P\u00e9dagogie Artistique \n\n\n\n\n\n\n\n\n\n\n\n<\/h2>\t\t\t\t<\/div>\n\t\t\t\t<\/div>\n\t\t\t\t<div class=\"elementor-element elementor-element-85d28df elementor-widget elementor-widget-heading\" data-id=\"85d28df\" data-element_type=\"widget\" data-e-type=\"widget\" data-widget_type=\"heading.default\">\n\t\t\t\t<div class=\"elementor-widget-container\">\n\t\t\t\t\t<h2 class=\"elementor-heading-title elementor-size-default\">L&#039;enfant et sa danse :\n\n<\/h2>\t\t\t\t<\/div>\n\t\t\t\t<\/div>\n\t\t\t\t<div class=\"elementor-element elementor-element-3947f8e elementor-widget elementor-widget-text-editor\" data-id=\"3947f8e\" data-element_type=\"widget\" data-e-type=\"widget\" data-widget_type=\"text-editor.default\">\n\t\t\t\t<div class=\"elementor-widget-container\">\n\t\t\t\t\t\t\t\t\t<p>La danse est l&#039;art du mouvement. Le s\u00e9minaire propose un point de vue sur l&#039;art de l&#039;\u00e9ducation \u00e0 la danse dans ses dimensions corporelles, sociales et symboliques.<\/p><p>Le professeur de danse a la responsabilit\u00e9 de cultiver la sensibilit\u00e9, la cr\u00e9ativit\u00e9 et le sens esth\u00e9tique de l&#039;enfant lui permettant de vivre toutes les \u00e9tapes du processus artistique de cr\u00e9ation. La danse de l&#039;enfant contient d\u00e9j\u00e0 tous les \u00e9l\u00e9ments du jeu chor\u00e9graphique : explorer, improviser, composer, observer. La qualit\u00e9 de l&#039;acte est directement li\u00e9e \u00e0 l&#039;intentionnalit\u00e9 expressive de l&#039;acte, elle doit pouvoir se manifester dans tout mouvement au cours du d\u00e9veloppement progressif des comp\u00e9tences techniques.<\/p><p>Cette id\u00e9e de danse laisse un espace ouvert \u00e0 la recherche, dans lequel l&#039;id\u00e9e m\u00eame de technique s&#039;\u00e9tend \u00e0 la question de l&#039;\u00e9coute, de la relation, de l&#039;exp\u00e9rience imaginaire et sensorielle.<\/p><p>Les classes proposent des exemples pratiques d&#039;ateliers destin\u00e9s aux enfants, en r\u00e9f\u00e9rence aux diff\u00e9rentes tranches d&#039;\u00e2ge entre 3 et 8 ans. Chaque participant pourra retravailler le contenu propos\u00e9 en fonction de ses besoins et de sa personnalit\u00e9.<\/p><p>Le projet comporte plusieurs \u00e9tapes : Exp\u00e9rience pratique, analyse du travail (objectif, contenu, r\u00e9f\u00e9rences m\u00e9thodologiques), hypoth\u00e8ses de travail compl\u00e9mentaires (discussion entre les participants sur la mani\u00e8re de d\u00e9velopper et d&#039;appliquer cette m\u00e9thodologie).<\/p><p><strong>BIOGRAPHIE<\/strong><\/p><p>Susanna Odevaine est dipl\u00f4m\u00e9e de l&#039;Institut de Formation Professionnelle pour l&#039;Enseignement de la Danse Contemporaine dirig\u00e9 par Fran\u00e7oise Dupuy (RIDC, Paris 1983-87). Elle a dans\u00e9 avec plusieurs compagnies italiennes en Italie et \u00e0 l&#039;\u00e9tranger.<\/p><p>En 2003, elle commence une intense activit\u00e9 d&#039;enseignement de la danse dans les \u00e9coles publiques. Elle a re\u00e7u un certificat de Danzeducatore\u00ae de Mousik\u00e9 \u00e0 Bologne et le certificat de formatrice d&#039;enseignants DanceAbility de DanceAbility\u00ae International.<\/p><p>De 2006 \u00e0 2012, elle a \u00e9t\u00e9 membre du Conseil ex\u00e9cutif de la National Dance Education Society, DES.<\/p><p>Elle a \u00e9t\u00e9 professeur \u00e0 l&#039;Universit\u00e9 des Sciences du Sport (IUMS, Rome) dans le cadre du projet Enseignement de la danse dans les \u00e9coles ; Cours biennal de musicoth\u00e9rapie Gabriel Marcel \u00e0 Palerme et au Consorzio Universitario Orientale di Noto, MT Academy.<\/p><p>Elle forme des enseignants dans les \u00e9coles maternelles et \u00e9l\u00e9mentaires.<\/p><p>Elle est professeur d&#039;universit\u00e9 dans le programme de master \u00ab Le Artiterapie : metodi e tecniche d&#039;intervento \u00bb \u00e0 l&#039;Universit\u00e9 Roma Tre en Italie. Auteure d&#039;articles et conf\u00e9renci\u00e8re lors de diverses conf\u00e9rences, elle est pr\u00e9sidente du Projet \u00c9ducatif Choronde et directrice de la Formation en P\u00e9dagogie du Mouvement, La Danse Va \u00e0 l&#039;\u00c9cole.<\/p>\t\t\t\t\t\t\t\t<\/div>\n\t\t\t\t<\/div>\n\t\t\t\t\t<\/div>\n\t\t<\/div>\n\t\t\t\t\t<\/div>\n\t\t<\/section>\n\t\t\t\t<\/div>","protected":false},"excerpt":{"rendered":"<p>SUSANNA ODEVAINE ITALY \/ Class: Elements of Artistic Pedagogy The child and his\/her dance: Dance is the art of movement. The seminar offers a point of view regarding the art of dance education in its body, social and symbolic dimensions. The dance teacher is responsible for cultivating sensitivity, creativity and the aesthetic sense of the [&hellip;]<\/p>\n","protected":false},"author":6,"featured_media":0,"parent":1562,"menu_order":0,"comment_status":"closed","ping_status":"closed","template":"","meta":{"_acf_changed":false,"site-sidebar-layout":"no-sidebar","site-content-layout":"page-builder","ast-site-content-layout":"default","site-content-style":"default","site-sidebar-style":"default","ast-global-header-display":"","ast-banner-title-visibility":"","ast-main-header-display":"","ast-hfb-above-header-display":"","ast-hfb-below-header-display":"","ast-hfb-mobile-header-display":"","site-post-title":"disabled","ast-breadcrumbs-content":"","ast-featured-img":"disabled","footer-sml-layout":"","ast-disable-related-posts":"","theme-transparent-header-meta":"default","adv-header-id-meta":"","stick-header-meta":"default","header-above-stick-meta":"","header-main-stick-meta":"","header-below-stick-meta":"","astra-migrate-meta-layouts":"default","ast-page-background-enabled":"default","ast-page-background-meta":{"desktop":{"background-color":"","background-image":"","background-repeat":"repeat","background-position":"center center","background-size":"auto","background-attachment":"scroll","background-type":"","background-media":"","overlay-type":"","overlay-color":"","overlay-opacity":"","overlay-gradient":""},"tablet":{"background-color":"","background-image":"","background-repeat":"repeat","background-position":"center center","background-size":"auto","background-attachment":"scroll","background-type":"","background-media":"","overlay-type":"","overlay-color":"","overlay-opacity":"","overlay-gradient":""},"mobile":{"background-color":"","background-image":"","background-repeat":"repeat","background-position":"center center","background-size":"auto","background-attachment":"scroll","background-type":"","background-media":"","overlay-type":"","overlay-color":"","overlay-opacity":"","overlay-gradient":""}},"ast-content-background-meta":{"desktop":{"background-color":"var(--ast-global-color-5)","background-image":"","background-repeat":"repeat","background-position":"center center","background-size":"auto","background-attachment":"scroll","background-type":"","background-media":"","overlay-type":"","overlay-color":"","overlay-opacity":"","overlay-gradient":""},"tablet":{"background-color":"var(--ast-global-color-5)","background-image":"","background-repeat":"repeat","background-position":"center center","background-size":"auto","background-attachment":"scroll","background-type":"","background-media":"","overlay-type":"","overlay-color":"","overlay-opacity":"","overlay-gradient":""},"mobile":{"background-color":"var(--ast-global-color-5)","background-image":"","background-repeat":"repeat","background-position":"center center","background-size":"auto","background-attachment":"scroll","background-type":"","background-media":"","overlay-type":"","overlay-color":"","overlay-opacity":"","overlay-gradient":""}},"footnotes":""},"class_list":["post-1692","page","type-page","status-publish","hentry"],"acf":[],"jetpack_sharing_enabled":true,"_links":{"self":[{"href":"https:\/\/worlddancemovement.com\/fr\/wp-json\/wp\/v2\/pages\/1692","targetHints":{"allow":["GET"]}}],"collection":[{"href":"https:\/\/worlddancemovement.com\/fr\/wp-json\/wp\/v2\/pages"}],"about":[{"href":"https:\/\/worlddancemovement.com\/fr\/wp-json\/wp\/v2\/types\/page"}],"author":[{"embeddable":true,"href":"https:\/\/worlddancemovement.com\/fr\/wp-json\/wp\/v2\/users\/6"}],"replies":[{"embeddable":true,"href":"https:\/\/worlddancemovement.com\/fr\/wp-json\/wp\/v2\/comments?post=1692"}],"version-history":[{"count":10,"href":"https:\/\/worlddancemovement.com\/fr\/wp-json\/wp\/v2\/pages\/1692\/revisions"}],"predecessor-version":[{"id":13361,"href":"https:\/\/worlddancemovement.com\/fr\/wp-json\/wp\/v2\/pages\/1692\/revisions\/13361"}],"up":[{"embeddable":true,"href":"https:\/\/worlddancemovement.com\/fr\/wp-json\/wp\/v2\/pages\/1562"}],"wp:attachment":[{"href":"https:\/\/worlddancemovement.com\/fr\/wp-json\/wp\/v2\/media?parent=1692"}],"curies":[{"name":"wp","href":"https:\/\/api.w.org\/{rel}","templated":true}]}}