{"id":1697,"date":"2021-01-01T14:06:10","date_gmt":"2021-01-01T14:06:10","guid":{"rendered":"https:\/\/migrate.worlddancemovement.com\/?page_id=1697"},"modified":"2023-10-05T22:27:41","modified_gmt":"2023-10-05T22:27:41","slug":"ezio-schiavulli","status":"publish","type":"page","link":"https:\/\/worlddancemovement.com\/fr\/faculty\/ezio-schiavulli\/","title":{"rendered":"EZIO SCHIAVULLI"},"content":{"rendered":"<div data-elementor-type=\"wp-page\" data-elementor-id=\"1697\" class=\"elementor elementor-1697\" data-elementor-post-type=\"page\">\n\t\t\t\t\t\t<section class=\"elementor-section elementor-top-section elementor-element elementor-element-94ec49d elementor-section-full_width elementor-section-height-min-height elementor-section-height-default elementor-section-items-middle\" data-id=\"94ec49d\" data-element_type=\"section\" data-e-type=\"section\" data-settings=\"{&quot;background_background&quot;:&quot;classic&quot;}\">\n\t\t\t\t\t\t\t<div class=\"elementor-background-overlay\"><\/div>\n\t\t\t\t\t\t\t<div class=\"elementor-container elementor-column-gap-no\">\n\t\t\t\t\t<div class=\"elementor-column elementor-col-100 elementor-top-column elementor-element elementor-element-8268956\" data-id=\"8268956\" data-element_type=\"column\" data-e-type=\"column\">\n\t\t\t<div class=\"elementor-widget-wrap elementor-element-populated\">\n\t\t\t\t\t\t<div class=\"elementor-element elementor-element-5016628 elementor-widget elementor-widget-heading\" data-id=\"5016628\" data-element_type=\"widget\" data-e-type=\"widget\" data-widget_type=\"heading.default\">\n\t\t\t\t<div class=\"elementor-widget-container\">\n\t\t\t\t\t<h2 class=\"elementor-heading-title elementor-size-default\">Ezio Schiavulli<\/h2>\t\t\t\t<\/div>\n\t\t\t\t<\/div>\n\t\t\t\t<div class=\"elementor-element elementor-element-a86216f elementor-widget-divider--view-line elementor-widget elementor-widget-divider\" data-id=\"a86216f\" data-element_type=\"widget\" data-e-type=\"widget\" data-widget_type=\"divider.default\">\n\t\t\t\t<div class=\"elementor-widget-container\">\n\t\t\t\t\t\t\t<div class=\"elementor-divider\">\n\t\t\t<span class=\"elementor-divider-separator\">\n\t\t\t\t\t\t<\/span>\n\t\t<\/div>\n\t\t\t\t\t\t<\/div>\n\t\t\t\t<\/div>\n\t\t\t\t\t<\/div>\n\t\t<\/div>\n\t\t\t\t\t<\/div>\n\t\t<\/section>\n\t\t\t\t<section class=\"elementor-section elementor-top-section elementor-element elementor-element-a2d6cca elementor-section-full_width elementor-section-height-default elementor-section-height-default\" data-id=\"a2d6cca\" data-element_type=\"section\" data-e-type=\"section\">\n\t\t\t\t\t\t<div class=\"elementor-container elementor-column-gap-default\">\n\t\t\t\t\t<div class=\"elementor-column elementor-col-100 elementor-top-column elementor-element elementor-element-a45c6d3\" data-id=\"a45c6d3\" data-element_type=\"column\" data-e-type=\"column\">\n\t\t\t<div class=\"elementor-widget-wrap elementor-element-populated\">\n\t\t\t\t\t\t<div class=\"elementor-element elementor-element-f854b1f elementor-widget elementor-widget-heading\" data-id=\"f854b1f\" data-element_type=\"widget\" data-e-type=\"widget\" data-widget_type=\"heading.default\">\n\t\t\t\t<div class=\"elementor-widget-container\">\n\t\t\t\t\t<h2 class=\"elementor-heading-title elementor-size-default\">Ezio Schiavulli - Contemporain (Italie)\n\n\n\n\n\n\n\n\n\n\n\n<\/h2>\t\t\t\t<\/div>\n\t\t\t\t<\/div>\n\t\t\t\t<div class=\"elementor-element elementor-element-3947f8e elementor-widget elementor-widget-text-editor\" data-id=\"3947f8e\" data-element_type=\"widget\" data-e-type=\"widget\" data-widget_type=\"text-editor.default\">\n\t\t\t\t<div class=\"elementor-widget-container\">\n\t\t\t\t\t\t\t\t\t<p>N\u00e9 \u00e0 Bari le 03 octobre 1979.<\/p><p>Apr\u00e8s avoir obtenu son dipl\u00f4me de chimie industrielle, il entre au conservatoire de Milan sous la direction de Susanna Beltrami.<\/p><p>En 3 ans il a suivi la danse classique, contemporaine, moderne, le th\u00e9\u00e2tre et la musique. Il rejoint la 6\u00e8me ann\u00e9e de la formation au \u00ab London Contemporary of Dancing \u00bb (UK) et termine sa formation en danse au \u00ab Centro della Danza Aterballetto \u00bb. (Reggio Emilia-Italie) Il a donc collabor\u00e9 avec divers chor\u00e9graphes et metteurs en sc\u00e8ne, tels que : Franco Branciaroli (Italie), Susanna Beltrami (Italie), Loris Petrillo (Italie), Mark Baldwin (Rambert Ballett \u2013 Royaume-Uni), Bruno Agati (France ), Yvann Alexandre (France), M. Blandini \u2013 G. Battezzato (Teatri del Vento \u2013 France), Olivier Py (Grand Th\u00e9\u00e2tre de Gen\u00e8ve \u2013 Suisse), Lionel Hoche (France), Lena Josefsson (Su\u00e8de), David Drouard (France ), Caroline Bo (France), Farid Ounchiouene (France).<\/p><p>En 2004 il m\u00e8ne son premier projet chor\u00e9graphique. En 2007, il fonde l&#039;association Expresso Forma\/Compagnie Ezio Schiavulli (France). A la t\u00eate de celle-ci, Ezio et son \u00e9quipe ont d\u00e9velopp\u00e9 une recherche sur les liens pour cr\u00e9er des unions de langages et de formes d&#039;art avec divers artistes et chercheurs. Convention de compagnie professionnelle de danse contemporaine en 2009 avec la R\u00e9gion Ile de France, le d\u00e9partement de Seine et Marne et les villes de Tounan-en-Brie et Savigny-le-Temple. Ezio, date, chor\u00e9graphie signature et direction par 13 cr\u00e9ations. Enseigne \u00e9galement la technique contemporaine \u00ab Mouvement Physique \u00bb dans diff\u00e9rentes compagnies et centres de formation en Europe : Compagnie Yvann Alexandre (Fr) ; Soci\u00e9t\u00e9 Lionel Hoche (Fr) ; Soci\u00e9t\u00e9 Raande-vo (Su\u00e8de) ; Biennale de Venise 2009 (Italie) ; Compagnie RANDOM DANCE (Wayne McGregor \u2013 Angleterre), Studio Harmonic (Paris) ; CIRA (Strasbourg) ; Centre National de la Danse (Pantin-France).<\/p><p>Depuis juillet 2013, Schiavulli Ezio devient membre du Conseil International de la Danse \u2013 UNESCO. La m\u00eame ann\u00e9e, EZ3 Diffusione Coreografiche est implant\u00e9e sur le territoire des Pouilles. En 2014, projet signature de la \u00ab R\u00e9sidence Artistique Internationale Permanente \u00bb, direction artistique, cr\u00e9ant un pont culturel avec trois pays de l&#039;UE : Italie (Pouilles) -France-Albanie.<\/p>\t\t\t\t\t\t\t\t<\/div>\n\t\t\t\t<\/div>\n\t\t\t\t\t<\/div>\n\t\t<\/div>\n\t\t\t\t\t<\/div>\n\t\t<\/section>\n\t\t\t\t<\/div>","protected":false},"excerpt":{"rendered":"<p>Ezio Schiavulli Ezio Schiavulli &#8211; Contemporary (Italy) Born in Bari on the 03.October 1979. After obtaining his diploma in industrial chemistry, he went to the Milan conservatory under the direction of Susanna Beltrami. In 3 years he has followed classical, contemporary, modern dance, theatre and music. He joined the 6th year of the training at [&hellip;]<\/p>\n","protected":false},"author":6,"featured_media":0,"parent":1562,"menu_order":0,"comment_status":"closed","ping_status":"closed","template":"","meta":{"_acf_changed":false,"site-sidebar-layout":"no-sidebar","site-content-layout":"page-builder","ast-site-content-layout":"default","site-content-style":"default","site-sidebar-style":"default","ast-global-header-display":"","ast-banner-title-visibility":"","ast-main-header-display":"","ast-hfb-above-header-display":"","ast-hfb-below-header-display":"","ast-hfb-mobile-header-display":"","site-post-title":"disabled","ast-breadcrumbs-content":"","ast-featured-img":"disabled","footer-sml-layout":"","ast-disable-related-posts":"","theme-transparent-header-meta":"default","adv-header-id-meta":"","stick-header-meta":"default","header-above-stick-meta":"","header-main-stick-meta":"","header-below-stick-meta":"","astra-migrate-meta-layouts":"default","ast-page-background-enabled":"default","ast-page-background-meta":{"desktop":{"background-color":"","background-image":"","background-repeat":"repeat","background-position":"center center","background-size":"auto","background-attachment":"scroll","background-type":"","background-media":"","overlay-type":"","overlay-color":"","overlay-opacity":"","overlay-gradient":""},"tablet":{"background-color":"","background-image":"","background-repeat":"repeat","background-position":"center center","background-size":"auto","background-attachment":"scroll","background-type":"","background-media":"","overlay-type":"","overlay-color":"","overlay-opacity":"","overlay-gradient":""},"mobile":{"background-color":"","background-image":"","background-repeat":"repeat","background-position":"center center","background-size":"auto","background-attachment":"scroll","background-type":"","background-media":"","overlay-type":"","overlay-color":"","overlay-opacity":"","overlay-gradient":""}},"ast-content-background-meta":{"desktop":{"background-color":"var(--ast-global-color-5)","background-image":"","background-repeat":"repeat","background-position":"center center","background-size":"auto","background-attachment":"scroll","background-type":"","background-media":"","overlay-type":"","overlay-color":"","overlay-opacity":"","overlay-gradient":""},"tablet":{"background-color":"var(--ast-global-color-5)","background-image":"","background-repeat":"repeat","background-position":"center center","background-size":"auto","background-attachment":"scroll","background-type":"","background-media":"","overlay-type":"","overlay-color":"","overlay-opacity":"","overlay-gradient":""},"mobile":{"background-color":"var(--ast-global-color-5)","background-image":"","background-repeat":"repeat","background-position":"center center","background-size":"auto","background-attachment":"scroll","background-type":"","background-media":"","overlay-type":"","overlay-color":"","overlay-opacity":"","overlay-gradient":""}},"footnotes":""},"class_list":["post-1697","page","type-page","status-publish","hentry"],"acf":[],"jetpack_sharing_enabled":true,"_links":{"self":[{"href":"https:\/\/worlddancemovement.com\/fr\/wp-json\/wp\/v2\/pages\/1697","targetHints":{"allow":["GET"]}}],"collection":[{"href":"https:\/\/worlddancemovement.com\/fr\/wp-json\/wp\/v2\/pages"}],"about":[{"href":"https:\/\/worlddancemovement.com\/fr\/wp-json\/wp\/v2\/types\/page"}],"author":[{"embeddable":true,"href":"https:\/\/worlddancemovement.com\/fr\/wp-json\/wp\/v2\/users\/6"}],"replies":[{"embeddable":true,"href":"https:\/\/worlddancemovement.com\/fr\/wp-json\/wp\/v2\/comments?post=1697"}],"version-history":[{"count":10,"href":"https:\/\/worlddancemovement.com\/fr\/wp-json\/wp\/v2\/pages\/1697\/revisions"}],"predecessor-version":[{"id":13364,"href":"https:\/\/worlddancemovement.com\/fr\/wp-json\/wp\/v2\/pages\/1697\/revisions\/13364"}],"up":[{"embeddable":true,"href":"https:\/\/worlddancemovement.com\/fr\/wp-json\/wp\/v2\/pages\/1562"}],"wp:attachment":[{"href":"https:\/\/worlddancemovement.com\/fr\/wp-json\/wp\/v2\/media?parent=1697"}],"curies":[{"name":"wp","href":"https:\/\/api.w.org\/{rel}","templated":true}]}}