{"id":1709,"date":"2021-01-01T14:17:27","date_gmt":"2021-01-01T14:17:27","guid":{"rendered":"https:\/\/migrate.worlddancemovement.com\/?page_id=1709"},"modified":"2023-10-05T22:35:44","modified_gmt":"2023-10-05T22:35:44","slug":"stacey-tookey","status":"publish","type":"page","link":"https:\/\/worlddancemovement.com\/fr\/faculty\/stacey-tookey\/","title":{"rendered":"STACEY TOOKEY"},"content":{"rendered":"<div data-elementor-type=\"wp-page\" data-elementor-id=\"1709\" class=\"elementor elementor-1709\" data-elementor-post-type=\"page\">\n\t\t\t\t\t\t<section class=\"elementor-section elementor-top-section elementor-element elementor-element-94ec49d elementor-section-full_width elementor-section-height-min-height elementor-section-height-default elementor-section-items-middle\" data-id=\"94ec49d\" data-element_type=\"section\" data-e-type=\"section\" data-settings=\"{&quot;background_background&quot;:&quot;classic&quot;}\">\n\t\t\t\t\t\t\t<div class=\"elementor-background-overlay\"><\/div>\n\t\t\t\t\t\t\t<div class=\"elementor-container elementor-column-gap-no\">\n\t\t\t\t\t<div class=\"elementor-column elementor-col-100 elementor-top-column elementor-element elementor-element-8268956\" data-id=\"8268956\" data-element_type=\"column\" data-e-type=\"column\">\n\t\t\t<div class=\"elementor-widget-wrap elementor-element-populated\">\n\t\t\t\t\t\t<div class=\"elementor-element elementor-element-5016628 elementor-widget elementor-widget-heading\" data-id=\"5016628\" data-element_type=\"widget\" data-e-type=\"widget\" data-widget_type=\"heading.default\">\n\t\t\t\t<div class=\"elementor-widget-container\">\n\t\t\t\t\t<h2 class=\"elementor-heading-title elementor-size-default\">STACEY TOOKEY\n<\/h2>\t\t\t\t<\/div>\n\t\t\t\t<\/div>\n\t\t\t\t<div class=\"elementor-element elementor-element-a86216f elementor-widget-divider--view-line elementor-widget elementor-widget-divider\" data-id=\"a86216f\" data-element_type=\"widget\" data-e-type=\"widget\" data-widget_type=\"divider.default\">\n\t\t\t\t<div class=\"elementor-widget-container\">\n\t\t\t\t\t\t\t<div class=\"elementor-divider\">\n\t\t\t<span class=\"elementor-divider-separator\">\n\t\t\t\t\t\t<\/span>\n\t\t<\/div>\n\t\t\t\t\t\t<\/div>\n\t\t\t\t<\/div>\n\t\t\t\t\t<\/div>\n\t\t<\/div>\n\t\t\t\t\t<\/div>\n\t\t<\/section>\n\t\t\t\t<section class=\"elementor-section elementor-top-section elementor-element elementor-element-a2d6cca elementor-section-full_width elementor-section-height-default elementor-section-height-default\" data-id=\"a2d6cca\" data-element_type=\"section\" data-e-type=\"section\">\n\t\t\t\t\t\t<div class=\"elementor-container elementor-column-gap-default\">\n\t\t\t\t\t<div class=\"elementor-column elementor-col-100 elementor-top-column elementor-element elementor-element-a45c6d3\" data-id=\"a45c6d3\" data-element_type=\"column\" data-e-type=\"column\">\n\t\t\t<div class=\"elementor-widget-wrap elementor-element-populated\">\n\t\t\t\t\t\t<div class=\"elementor-element elementor-element-f854b1f elementor-widget elementor-widget-heading\" data-id=\"f854b1f\" data-element_type=\"widget\" data-e-type=\"widget\" data-widget_type=\"heading.default\">\n\t\t\t\t<div class=\"elementor-widget-container\">\n\t\t\t\t\t<h2 class=\"elementor-heading-title elementor-size-default\">CANADA-USA \/ Classe : Contemporain\n\n\n\n\n\n\n\n\n\n\n\n\n\n<\/h2>\t\t\t\t<\/div>\n\t\t\t\t<\/div>\n\t\t\t\t<div class=\"elementor-element elementor-element-3947f8e elementor-widget elementor-widget-text-editor\" data-id=\"3947f8e\" data-element_type=\"widget\" data-e-type=\"widget\" data-widget_type=\"text-editor.default\">\n\t\t\t\t<div class=\"elementor-widget-container\">\n\t\t\t\t\t\t\t\t\t<h4 class=\"x-el x-el-h1 c1-1 c1-2 c1-1n c1-1b c1-8l c1-15 c1-13 c1-12 c1-14 c1-b c1-8m c1-20 c1-21 c1-22 c1-23 c1-24 c1-25\" role=\"heading\" aria-level=\"1\" data-ux=\"ContentHeading\" data-aid=\"CONTENT_MEDIA_HEADLINE1_RENDERED\" data-promoted-from=\"4\" data-order=\"1\" data-typography=\"HeadingDelta\">La chor\u00e9graphe nomin\u00e9e aux Emmy Stacey Tookey\u2026<\/h4><div class=\"x-el c1-1 c1-2 c1-1n c1-1b c1-4q c1-12 c1-14 c1-8n c1-8o c1-8p c1-8q c1-8r c1-8s c1-8t c1-8u c1-8v c1-8w c1-8x c1-8y c1-8z c1-90 c1-91 c1-92 c1-93 c1-94 c1-95 c1-96 c1-97 c1-98 c1-99 c1-9a c1-9b c1-9c c1-9d c1-9e c1-5k c1-b c1-9f c1-9g c1-21 c1-9h c1-9i c1-9j c1-9k x-rt\" data-ux=\"ContentText\" data-aid=\"CONTENT_MEDIA_DESCRIPTION1_RENDERED\" data-typography=\"BodyAlpha\" data-font-scaled=\"true\"><p>est une r\u00e9alisatrice, chor\u00e9graphe et danseuse canadienne aux multiples facettes qui a travaill\u00e9 sur des plateformes de concert et commerciales tout au long de sa carri\u00e8re. Elle a travaill\u00e9 avec des artistes musicaux l\u00e9gendaires tels que\u00a0<\/p><ul><li>C\u00e9line Dion<\/li><li>Bette Midler<\/li><li>Christine Perri<\/li><li>Justin Timberlake<\/li><li>Michael Bubl\u00e9<\/li><li>Ingrid Michaelson\u00a0<\/li><li>Paula Abdoul<\/li><\/ul><p>Les moments forts des performances incluent la compagnie de danse contemporaine R de Mia Michaels<em class=\"x-el x-el-span c1-1k c1-1l c1-b c1-9l c1-2s c1-1v c1-9m c1-9n\">.AW,\u00a0<\/em>Parsons Dance Project, Ballet British Columbia, ChuThis de Peter Chu, Houston Grand Opera et le spectacle record de C\u00e9line Dion \u00ab A<em class=\"x-el x-el-span c1-1k c1-1l c1-b c1-9l c1-2s c1-1v c1-9m c1-9n\">\u00a0Nouveau jour&quot;\u00a0<\/em>au Caesars Palace o\u00f9 elle a \u00e9t\u00e9 membre du casting pendant 5 ans.\u00a0<\/p><p>Les cr\u00e9dits de chor\u00e9graphie t\u00e9l\u00e9vis\u00e9e et cin\u00e9matographique comprennent\u00a0:<\/p><ul><li>Alors tu penses que tu peux danser pendant 10 saisons<\/li><li>Alors vous pensez pouvoir danser Canada<\/li><li>Danser avec les \u00e9toiles<\/li><li>Le spectacle de James Cordin<\/li><li>(Sensation virale) Shia LeBeouf Live pour Rob Cantor<\/li><li>Danse<\/li><li>L&#039;\u00e9tape suivante<\/li><li>Juste valeur marchande<\/li><\/ul><p>Elle a chor\u00e9graphi\u00e9 des ballets complets pour le Cincinnati Ballet et le Los Angeles Ballet et a enseign\u00e9 dans des universit\u00e9s prestigieuses telles que l&#039;Universit\u00e9 Loyola Marymount, l&#039;Universit\u00e9 de Jacksonville, Princeton et la Juilliard School. Compagnie de danse de Stacey S<em class=\"x-el x-el-span c1-1k c1-1l c1-b c1-9l c1-2s c1-1v c1-9m c1-9n\">jusqu&#039;au mouvement\u00a0<\/em>a c\u00e9l\u00e9br\u00e9 la premi\u00e8re mondiale de M<em class=\"x-el x-el-span c1-1k c1-1l c1-b c1-9l c1-2s c1-1v c1-9m c1-9n\">oments d\u00e9finis\u00a0<\/em>en 2012 et depuis, ils se sont produits devant des publics \u00e0 guichets ferm\u00e9s \u00e0 Los Angeles, New York, Long Beach et chez Perry Mansfield, Jacobs Pillow et DansEncore \u00e0 Trois-Rivi\u00e8res.<\/p><p>Stacey chor\u00e9graphie actuellement deux nouvelles com\u00e9dies musicales \u00ab Pump Up The Volume \u00bb et \u00ab Dancer \u00bb, ainsi que le prochain long m\u00e9trage musical \u00ab I&#039;m Not Gay \u00bb. Elle est ravie de continuer \u00e0 encadrer des \u00e9tudiants du monde entier qui souhaitent poursuivre une carri\u00e8re dans les arts gr\u00e2ce \u00e0 son programme de formation.\u00a0<a class=\"x-el x-el-a c1-1k c1-1l c1-9p c1-1n c1-1b c1-1o c1-1p c1-9q c1-b c1-9r c1-1v c1-9s c1-9t\" href=\"https:\/\/www.theprotegemovement.com\/\" target=\"_blank\" rel=\"noopener\"><strong class=\"x-el x-el-span c1-1k c1-1l c1-b c1-9l c1-2s c1-46 c1-9m\">\u00ab Le mouvement des prot\u00e9g\u00e9s \u00bb<\/strong><\/a>. Une formation pour que les danseurs soient inspir\u00e9s tout en \u00e9tant nourris dans leur ensemble\u2026 esprit, corps et esprit et son programme pr\u00e9-professionnel\u00a0<a class=\"x-el x-el-a c1-1k c1-1l c1-9p c1-1n c1-1b c1-1o c1-1p c1-9q c1-b c1-9r c1-1v c1-9s c1-9t\" href=\"https:\/\/www.thebridgemovement.com\/\" target=\"_blank\" rel=\"noopener\"><strong class=\"x-el x-el-span c1-1k c1-1l c1-b c1-9l c1-2s c1-46 c1-9m\">\u00ab Le mouvement des ponts \u00bb<\/strong><\/a>.<\/p><\/div><p>Diffusez ses cours sur <a href=\"https:\/\/worlddancemovement.com\/fr\/categorie-produit\/streaming\/\" target=\"_blank\" rel=\"noopener\">le site WDM.<\/a><\/p>\t\t\t\t\t\t\t\t<\/div>\n\t\t\t\t<\/div>\n\t\t\t\t\t<\/div>\n\t\t<\/div>\n\t\t\t\t\t<\/div>\n\t\t<\/section>\n\t\t\t\t<\/div>","protected":false},"excerpt":{"rendered":"<p>STACEY TOOKEY CANADA-USA \/ Class: Contemporary Emmy-nominated choreographer Stacey Tookey&#8230; is a multifaceted, Canadian director, choreographer and dancer who has worked in both concert and commercial platforms throughout her career. She has worked with legendary musical artists such as\u00a0 Celine Dion Bette Midler Christina Perri Justin Timberlake Michael Bubl\u00e9 Ingrid Michealson\u00a0 Paula Abdul Performing highlights [&hellip;]<\/p>\n","protected":false},"author":6,"featured_media":0,"parent":1562,"menu_order":0,"comment_status":"closed","ping_status":"closed","template":"","meta":{"_acf_changed":false,"site-sidebar-layout":"no-sidebar","site-content-layout":"page-builder","ast-site-content-layout":"default","site-content-style":"default","site-sidebar-style":"default","ast-global-header-display":"","ast-banner-title-visibility":"","ast-main-header-display":"","ast-hfb-above-header-display":"","ast-hfb-below-header-display":"","ast-hfb-mobile-header-display":"","site-post-title":"disabled","ast-breadcrumbs-content":"","ast-featured-img":"disabled","footer-sml-layout":"","ast-disable-related-posts":"","theme-transparent-header-meta":"default","adv-header-id-meta":"","stick-header-meta":"default","header-above-stick-meta":"","header-main-stick-meta":"","header-below-stick-meta":"","astra-migrate-meta-layouts":"default","ast-page-background-enabled":"default","ast-page-background-meta":{"desktop":{"background-color":"","background-image":"","background-repeat":"repeat","background-position":"center center","background-size":"auto","background-attachment":"scroll","background-type":"","background-media":"","overlay-type":"","overlay-color":"","overlay-opacity":"","overlay-gradient":""},"tablet":{"background-color":"","background-image":"","background-repeat":"repeat","background-position":"center center","background-size":"auto","background-attachment":"scroll","background-type":"","background-media":"","overlay-type":"","overlay-color":"","overlay-opacity":"","overlay-gradient":""},"mobile":{"background-color":"","background-image":"","background-repeat":"repeat","background-position":"center center","background-size":"auto","background-attachment":"scroll","background-type":"","background-media":"","overlay-type":"","overlay-color":"","overlay-opacity":"","overlay-gradient":""}},"ast-content-background-meta":{"desktop":{"background-color":"var(--ast-global-color-5)","background-image":"","background-repeat":"repeat","background-position":"center center","background-size":"auto","background-attachment":"scroll","background-type":"","background-media":"","overlay-type":"","overlay-color":"","overlay-opacity":"","overlay-gradient":""},"tablet":{"background-color":"var(--ast-global-color-5)","background-image":"","background-repeat":"repeat","background-position":"center center","background-size":"auto","background-attachment":"scroll","background-type":"","background-media":"","overlay-type":"","overlay-color":"","overlay-opacity":"","overlay-gradient":""},"mobile":{"background-color":"var(--ast-global-color-5)","background-image":"","background-repeat":"repeat","background-position":"center center","background-size":"auto","background-attachment":"scroll","background-type":"","background-media":"","overlay-type":"","overlay-color":"","overlay-opacity":"","overlay-gradient":""}},"footnotes":""},"class_list":["post-1709","page","type-page","status-publish","hentry"],"acf":[],"jetpack_sharing_enabled":true,"_links":{"self":[{"href":"https:\/\/worlddancemovement.com\/fr\/wp-json\/wp\/v2\/pages\/1709","targetHints":{"allow":["GET"]}}],"collection":[{"href":"https:\/\/worlddancemovement.com\/fr\/wp-json\/wp\/v2\/pages"}],"about":[{"href":"https:\/\/worlddancemovement.com\/fr\/wp-json\/wp\/v2\/types\/page"}],"author":[{"embeddable":true,"href":"https:\/\/worlddancemovement.com\/fr\/wp-json\/wp\/v2\/users\/6"}],"replies":[{"embeddable":true,"href":"https:\/\/worlddancemovement.com\/fr\/wp-json\/wp\/v2\/comments?post=1709"}],"version-history":[{"count":10,"href":"https:\/\/worlddancemovement.com\/fr\/wp-json\/wp\/v2\/pages\/1709\/revisions"}],"predecessor-version":[{"id":13378,"href":"https:\/\/worlddancemovement.com\/fr\/wp-json\/wp\/v2\/pages\/1709\/revisions\/13378"}],"up":[{"embeddable":true,"href":"https:\/\/worlddancemovement.com\/fr\/wp-json\/wp\/v2\/pages\/1562"}],"wp:attachment":[{"href":"https:\/\/worlddancemovement.com\/fr\/wp-json\/wp\/v2\/media?parent=1709"}],"curies":[{"name":"wp","href":"https:\/\/api.w.org\/{rel}","templated":true}]}}