{"id":1714,"date":"2021-01-01T14:20:22","date_gmt":"2021-01-01T14:20:22","guid":{"rendered":"https:\/\/migrate.worlddancemovement.com\/?page_id=1714"},"modified":"2023-10-05T22:37:54","modified_gmt":"2023-10-05T22:37:54","slug":"rick-tjia","status":"publish","type":"page","link":"https:\/\/worlddancemovement.com\/fr\/faculty\/rick-tjia\/","title":{"rendered":"RICK TJIA"},"content":{"rendered":"<div data-elementor-type=\"wp-page\" data-elementor-id=\"1714\" class=\"elementor elementor-1714\" data-elementor-post-type=\"page\">\n\t\t\t\t\t\t<section class=\"elementor-section elementor-top-section elementor-element elementor-element-94ec49d elementor-section-full_width elementor-section-height-min-height elementor-section-height-default elementor-section-items-middle\" data-id=\"94ec49d\" data-element_type=\"section\" data-e-type=\"section\" data-settings=\"{&quot;background_background&quot;:&quot;classic&quot;}\">\n\t\t\t\t\t\t\t<div class=\"elementor-background-overlay\"><\/div>\n\t\t\t\t\t\t\t<div class=\"elementor-container elementor-column-gap-no\">\n\t\t\t\t\t<div class=\"elementor-column elementor-col-100 elementor-top-column elementor-element elementor-element-8268956\" data-id=\"8268956\" data-element_type=\"column\" data-e-type=\"column\">\n\t\t\t<div class=\"elementor-widget-wrap elementor-element-populated\">\n\t\t\t\t\t\t<div class=\"elementor-element elementor-element-5016628 elementor-widget elementor-widget-heading\" data-id=\"5016628\" data-element_type=\"widget\" data-e-type=\"widget\" data-widget_type=\"heading.default\">\n\t\t\t\t<div class=\"elementor-widget-container\">\n\t\t\t\t\t<h2 class=\"elementor-heading-title elementor-size-default\">RICK TJIA\n<\/h2>\t\t\t\t<\/div>\n\t\t\t\t<\/div>\n\t\t\t\t<div class=\"elementor-element elementor-element-a86216f elementor-widget-divider--view-line elementor-widget elementor-widget-divider\" data-id=\"a86216f\" data-element_type=\"widget\" data-e-type=\"widget\" data-widget_type=\"divider.default\">\n\t\t\t\t<div class=\"elementor-widget-container\">\n\t\t\t\t\t\t\t<div class=\"elementor-divider\">\n\t\t\t<span class=\"elementor-divider-separator\">\n\t\t\t\t\t\t<\/span>\n\t\t<\/div>\n\t\t\t\t\t\t<\/div>\n\t\t\t\t<\/div>\n\t\t\t\t\t<\/div>\n\t\t<\/div>\n\t\t\t\t\t<\/div>\n\t\t<\/section>\n\t\t\t\t<section class=\"elementor-section elementor-top-section elementor-element elementor-element-a2d6cca elementor-section-full_width elementor-section-height-default elementor-section-height-default\" data-id=\"a2d6cca\" data-element_type=\"section\" data-e-type=\"section\">\n\t\t\t\t\t\t<div class=\"elementor-container elementor-column-gap-default\">\n\t\t\t\t\t<div class=\"elementor-column elementor-col-100 elementor-top-column elementor-element elementor-element-a45c6d3\" data-id=\"a45c6d3\" data-element_type=\"column\" data-e-type=\"column\">\n\t\t\t<div class=\"elementor-widget-wrap elementor-element-populated\">\n\t\t\t\t\t\t<div class=\"elementor-element elementor-element-f854b1f elementor-widget elementor-widget-heading\" data-id=\"f854b1f\" data-element_type=\"widget\" data-e-type=\"widget\" data-widget_type=\"heading.default\">\n\t\t\t\t<div class=\"elementor-widget-container\">\n\t\t\t\t\t<h2 class=\"elementor-heading-title elementor-size-default\">Improvisation Contemporaine, Partenariat Contemporain - CANADA\n\n\n\n\n\n\n\n\n\n\n<\/h2>\t\t\t\t<\/div>\n\t\t\t\t<\/div>\n\t\t\t\t<div class=\"elementor-element elementor-element-3947f8e elementor-widget elementor-widget-text-editor\" data-id=\"3947f8e\" data-element_type=\"widget\" data-e-type=\"widget\" data-widget_type=\"text-editor.default\">\n\t\t\t\t<div class=\"elementor-widget-container\">\n\t\t\t\t\t\t\t\t\t<p>N\u00e9 \u00e0 Columbia, dans le Missouri, Rick Gavin Tjia a grandi \u00e0 Gainesville, en Floride, o\u00f9 il a commenc\u00e9 \u00e0 huit ans des \u00e9tudes de claquettes, avant de se lancer dans des \u00e9tudes professionnelles de ballet classique, de jazz et de danse contemporaine (formation aupr\u00e8s de professeurs comme David Howard, Finis Jhung, Christine Busch, Bruce Marks, Laura Young et Geri Houlihan). Il se forme \u00e9galement dans d&#039;autres disciplines (trompette, physique, et plus tard, \u00e9tudes de guitare et diverses \u00e9tudes en commerce). Apr\u00e8s une longue carri\u00e8re dans la danse et le th\u00e9\u00e2tre qui comprend des performances avec le Ballet Austin, le Boston Ballet et le Delta Festival Ballet, ainsi que trois ann\u00e9es de travail au cin\u00e9ma et \u00e0 la t\u00e9l\u00e9vision \u00e0 Los Angeles (avec des chor\u00e9graphes comme Twyla Tharp, Joe Layton et des r\u00e9alisateurs comme Mark Rydell et James Brooks), Rick s&#039;est joint \u00e0 La La La Human Steps \u00e0 Montr\u00e9al en 1993, avec qui il a dans\u00e9 et parcouru le monde pendant 8 ans. Comme de nombreux danseurs et musiciens, Rick est \u00e9galement compositeur et chor\u00e9graphe.<\/p><p>En 2002, il rejoint le Cirque du Soleil, o\u00f9 de 2004 \u00e0 aujourd&#039;hui il est Talent Scout sp\u00e9cialis\u00e9 en danse. Au cours des derni\u00e8res ann\u00e9es, les contributions de Rick au d\u00e9partement de casting se sont \u00e9tendues \u00e0 la contribution et \u00e0 l&#039;\u00e9laboration de nouvelles strat\u00e9gies op\u00e9rationnelles et commerciales, ainsi qu&#039;\u00e0 la contribution \u00e0 des strat\u00e9gies internes et externes innovantes de divers types.<\/p>\t\t\t\t\t\t\t\t<\/div>\n\t\t\t\t<\/div>\n\t\t\t\t<div class=\"elementor-element elementor-element-2319da5 elementor-widget elementor-widget-heading\" data-id=\"2319da5\" data-element_type=\"widget\" data-e-type=\"widget\" data-widget_type=\"heading.default\">\n\t\t\t\t<div class=\"elementor-widget-container\">\n\t\t\t\t\t<h4 class=\"elementor-heading-title elementor-size-default\">Improvisation contemporaine - Clarification des concepts et approche m\u00e9thodique\n\n\n\n\n\n\n\n\n\n\n\n\n<\/h4>\t\t\t\t<\/div>\n\t\t\t\t<\/div>\n\t\t\t\t<div class=\"elementor-element elementor-element-144accb elementor-widget elementor-widget-text-editor\" data-id=\"144accb\" data-element_type=\"widget\" data-e-type=\"widget\" data-widget_type=\"text-editor.default\">\n\t\t\t\t<div class=\"elementor-widget-container\">\n\t\t\t\t\t\t\t\t\tCommence au d\u00e9but \u2013 afin de r\u00e9pondre \u00e0 la question \u00ab\u00a0Par o\u00f9 commencer\u00a0?\u00a0\u00bb et &quot;Comment puis-je m&#039;entra\u00eener?&quot; en improvisation, il faut comprendre le concept sous-jacent et comment aborder la formation avec des objectifs clairs et sp\u00e9cifiques en t\u00eate. Ce cours tente de d\u00e9mystifier le processus d&#039;improvisation, afin que les \u00e9tudiants sachent comment devenir d&#039;excellents improvisateurs. A noter qu&#039;il y a beaucoup de transmission verbale d&#039;informations en anglais dans ce cours.\n\n\t\t\t\t\t\t\t\t<\/div>\n\t\t\t\t<\/div>\n\t\t\t\t<div class=\"elementor-element elementor-element-f927676 elementor-widget elementor-widget-heading\" data-id=\"f927676\" data-element_type=\"widget\" data-e-type=\"widget\" data-widget_type=\"heading.default\">\n\t\t\t\t<div class=\"elementor-widget-container\">\n\t\t\t\t\t<h4 class=\"elementor-heading-title elementor-size-default\">Partenariat contemporain - Technique de base\n\n\n\n\n\n\n\n\n\n\n\n\n\n<\/h4>\t\t\t\t<\/div>\n\t\t\t\t<\/div>\n\t\t\t\t<div class=\"elementor-element elementor-element-38afb0f elementor-widget elementor-widget-text-editor\" data-id=\"38afb0f\" data-element_type=\"widget\" data-e-type=\"widget\" data-widget_type=\"text-editor.default\">\n\t\t\t\t<div class=\"elementor-widget-container\">\n\t\t\t\t\t\t\t\t\tEnseigne quelques bases souvent ignor\u00e9es du travail avec un partenaire. Couvre certaines des bases n\u00e9cessaires pour devenir un excellent partenaire de danse en aidant les danseurs \u00e0 comprendre une partie de la physique qui se cache derri\u00e8re cela. Les techniques apprises dans ce cours peuvent \u00e9galement \u00eatre appliqu\u00e9es au partenariat classique, m\u00eame si aucun vocabulaire de mouvement purement classique ne sera utilis\u00e9. Attention : il n\u2019est pas n\u00e9cessaire qu\u2019il y ait un nombre \u00e9gal d\u2019hommes et de femmes dans la classe pour que cela soit enseign\u00e9. \n\n\t\t\t\t\t\t\t\t<\/div>\n\t\t\t\t<\/div>\n\t\t\t\t\t<\/div>\n\t\t<\/div>\n\t\t\t\t\t<\/div>\n\t\t<\/section>\n\t\t\t\t<\/div>","protected":false},"excerpt":{"rendered":"<p>RICK TJIA Contemporary Improvisation, Contemporary Partnering &#8211; CANADA Born in Columbia, Missouri, Rick Gavin Tjia grew up in Gainesville, Florida, where at age eight he began studies in tap dancing, eventually branching out into professional studies of classical ballet, jazz and contemporary dance (training with teachers like David Howard, Finis Jhung, Christine Busch, Bruce Marks, [&hellip;]<\/p>\n","protected":false},"author":6,"featured_media":0,"parent":1562,"menu_order":0,"comment_status":"closed","ping_status":"closed","template":"","meta":{"_acf_changed":false,"site-sidebar-layout":"no-sidebar","site-content-layout":"page-builder","ast-site-content-layout":"default","site-content-style":"default","site-sidebar-style":"default","ast-global-header-display":"","ast-banner-title-visibility":"","ast-main-header-display":"","ast-hfb-above-header-display":"","ast-hfb-below-header-display":"","ast-hfb-mobile-header-display":"","site-post-title":"disabled","ast-breadcrumbs-content":"","ast-featured-img":"disabled","footer-sml-layout":"","ast-disable-related-posts":"","theme-transparent-header-meta":"default","adv-header-id-meta":"","stick-header-meta":"default","header-above-stick-meta":"","header-main-stick-meta":"","header-below-stick-meta":"","astra-migrate-meta-layouts":"default","ast-page-background-enabled":"default","ast-page-background-meta":{"desktop":{"background-color":"","background-image":"","background-repeat":"repeat","background-position":"center center","background-size":"auto","background-attachment":"scroll","background-type":"","background-media":"","overlay-type":"","overlay-color":"","overlay-opacity":"","overlay-gradient":""},"tablet":{"background-color":"","background-image":"","background-repeat":"repeat","background-position":"center center","background-size":"auto","background-attachment":"scroll","background-type":"","background-media":"","overlay-type":"","overlay-color":"","overlay-opacity":"","overlay-gradient":""},"mobile":{"background-color":"","background-image":"","background-repeat":"repeat","background-position":"center center","background-size":"auto","background-attachment":"scroll","background-type":"","background-media":"","overlay-type":"","overlay-color":"","overlay-opacity":"","overlay-gradient":""}},"ast-content-background-meta":{"desktop":{"background-color":"var(--ast-global-color-5)","background-image":"","background-repeat":"repeat","background-position":"center center","background-size":"auto","background-attachment":"scroll","background-type":"","background-media":"","overlay-type":"","overlay-color":"","overlay-opacity":"","overlay-gradient":""},"tablet":{"background-color":"var(--ast-global-color-5)","background-image":"","background-repeat":"repeat","background-position":"center center","background-size":"auto","background-attachment":"scroll","background-type":"","background-media":"","overlay-type":"","overlay-color":"","overlay-opacity":"","overlay-gradient":""},"mobile":{"background-color":"var(--ast-global-color-5)","background-image":"","background-repeat":"repeat","background-position":"center center","background-size":"auto","background-attachment":"scroll","background-type":"","background-media":"","overlay-type":"","overlay-color":"","overlay-opacity":"","overlay-gradient":""}},"footnotes":""},"class_list":["post-1714","page","type-page","status-publish","hentry"],"acf":[],"jetpack_sharing_enabled":true,"_links":{"self":[{"href":"https:\/\/worlddancemovement.com\/fr\/wp-json\/wp\/v2\/pages\/1714","targetHints":{"allow":["GET"]}}],"collection":[{"href":"https:\/\/worlddancemovement.com\/fr\/wp-json\/wp\/v2\/pages"}],"about":[{"href":"https:\/\/worlddancemovement.com\/fr\/wp-json\/wp\/v2\/types\/page"}],"author":[{"embeddable":true,"href":"https:\/\/worlddancemovement.com\/fr\/wp-json\/wp\/v2\/users\/6"}],"replies":[{"embeddable":true,"href":"https:\/\/worlddancemovement.com\/fr\/wp-json\/wp\/v2\/comments?post=1714"}],"version-history":[{"count":10,"href":"https:\/\/worlddancemovement.com\/fr\/wp-json\/wp\/v2\/pages\/1714\/revisions"}],"predecessor-version":[{"id":13384,"href":"https:\/\/worlddancemovement.com\/fr\/wp-json\/wp\/v2\/pages\/1714\/revisions\/13384"}],"up":[{"embeddable":true,"href":"https:\/\/worlddancemovement.com\/fr\/wp-json\/wp\/v2\/pages\/1562"}],"wp:attachment":[{"href":"https:\/\/worlddancemovement.com\/fr\/wp-json\/wp\/v2\/media?parent=1714"}],"curies":[{"name":"wp","href":"https:\/\/api.w.org\/{rel}","templated":true}]}}