{"id":1720,"date":"2021-01-01T14:25:13","date_gmt":"2021-01-01T14:25:13","guid":{"rendered":"https:\/\/migrate.worlddancemovement.com\/?page_id=1720"},"modified":"2023-10-05T22:40:50","modified_gmt":"2023-10-05T22:40:50","slug":"jennifer-blake","status":"publish","type":"page","link":"https:\/\/worlddancemovement.com\/fr\/faculty\/jennifer-blake\/","title":{"rendered":"JENNIFER BLAKE"},"content":{"rendered":"<div data-elementor-type=\"wp-page\" data-elementor-id=\"1720\" class=\"elementor elementor-1720\" data-elementor-post-type=\"page\">\n\t\t\t\t\t\t<section class=\"elementor-section elementor-top-section elementor-element elementor-element-94ec49d elementor-section-full_width elementor-section-height-min-height elementor-section-height-default elementor-section-items-middle\" data-id=\"94ec49d\" data-element_type=\"section\" data-e-type=\"section\" data-settings=\"{&quot;background_background&quot;:&quot;classic&quot;}\">\n\t\t\t\t\t\t\t<div class=\"elementor-background-overlay\"><\/div>\n\t\t\t\t\t\t\t<div class=\"elementor-container elementor-column-gap-no\">\n\t\t\t\t\t<div class=\"elementor-column elementor-col-100 elementor-top-column elementor-element elementor-element-8268956\" data-id=\"8268956\" data-element_type=\"column\" data-e-type=\"column\">\n\t\t\t<div class=\"elementor-widget-wrap elementor-element-populated\">\n\t\t\t\t\t\t<div class=\"elementor-element elementor-element-5016628 elementor-widget elementor-widget-heading\" data-id=\"5016628\" data-element_type=\"widget\" data-e-type=\"widget\" data-widget_type=\"heading.default\">\n\t\t\t\t<div class=\"elementor-widget-container\">\n\t\t\t\t\t<h2 class=\"elementor-heading-title elementor-size-default\">JENNIFER BLAKE\n<\/h2>\t\t\t\t<\/div>\n\t\t\t\t<\/div>\n\t\t\t\t<div class=\"elementor-element elementor-element-a86216f elementor-widget-divider--view-line elementor-widget elementor-widget-divider\" data-id=\"a86216f\" data-element_type=\"widget\" data-e-type=\"widget\" data-widget_type=\"divider.default\">\n\t\t\t\t<div class=\"elementor-widget-container\">\n\t\t\t\t\t\t\t<div class=\"elementor-divider\">\n\t\t\t<span class=\"elementor-divider-separator\">\n\t\t\t\t\t\t<\/span>\n\t\t<\/div>\n\t\t\t\t\t\t<\/div>\n\t\t\t\t<\/div>\n\t\t\t\t\t<\/div>\n\t\t<\/div>\n\t\t\t\t\t<\/div>\n\t\t<\/section>\n\t\t\t\t<section class=\"elementor-section elementor-top-section elementor-element elementor-element-a2d6cca elementor-section-full_width elementor-section-height-default elementor-section-height-default\" data-id=\"a2d6cca\" data-element_type=\"section\" data-e-type=\"section\">\n\t\t\t\t\t\t<div class=\"elementor-container elementor-column-gap-default\">\n\t\t\t\t\t<div class=\"elementor-column elementor-col-100 elementor-top-column elementor-element elementor-element-a45c6d3\" data-id=\"a45c6d3\" data-element_type=\"column\" data-e-type=\"column\">\n\t\t\t<div class=\"elementor-widget-wrap elementor-element-populated\">\n\t\t\t\t\t\t<div class=\"elementor-element elementor-element-f854b1f elementor-widget elementor-widget-heading\" data-id=\"f854b1f\" data-element_type=\"widget\" data-e-type=\"widget\" data-widget_type=\"heading.default\">\n\t\t\t\t<div class=\"elementor-widget-container\">\n\t\t\t\t\t<h2 class=\"elementor-heading-title elementor-size-default\">Contemporain - Angleterre \/ USA \n\n\n\n\n\n\n\n\n\n\n\n<\/h2>\t\t\t\t<\/div>\n\t\t\t\t<\/div>\n\t\t\t\t<div class=\"elementor-element elementor-element-3947f8e elementor-widget elementor-widget-text-editor\" data-id=\"3947f8e\" data-element_type=\"widget\" data-e-type=\"widget\" data-widget_type=\"text-editor.default\">\n\t\t\t\t<div class=\"elementor-widget-container\">\n\t\t\t\t\t\t\t\t\t<p>Jennifer Blake a travaill\u00e9 professionnellement comme interpr\u00e8te et enseignante aux \u00c9tats-Unis et en Europe. Elle est actuellement directrice de la danse \u00e0 l&#039;Institut des Arts de Barcelone \u00e0 Sitges, en Espagne.<\/p><p>Auparavant, Jennifer \u00e9tait responsable du cours de danse dipl\u00f4mante et BA, (Hons) charg\u00e9e de cours en danse contemporaine et jazz au Liverpool Institute for Performing Arts (LIPA) de Sir Paul McCartney. Jennifer a jou\u00e9 pendant huit ans dans divers contextes, en tant que danseuse de ballet, danseuse contemporaine et danseuse\/actrice commerciale avec P&amp;O Princess Cruises, Super Bowl XXX111\/Radio City Entertainment, Tampa Bay Ballet, Demetrius Klein Dance Company, X \u2013Factor Dance. Compagnie, Wired Aerial Theatre, Jacqui Jones Dance Company\/GuangDong Modern Dance Company et Curve Foundation, Royaume-Uni.<\/p><p>Jennifer a re\u00e7u des prix chor\u00e9graphiques et un financement de recherche de Liverpool Capital of Culture, National Health<\/p><p>Service, Conseil des Arts \u00e9cossais et Conseil municipal d&#039;\u00c9dimbourg. Jennifer a enseign\u00e9 dans le cadre de programmes de danse \u00e0 l&#039;UArts Philadelphia, PA, \u00e0 l&#039;Universit\u00e9 de Jacksonville, en Floride. \u00c9tats-Unis, ainsi que l&#039;Universit\u00e9 John Moores de Liverpool, l&#039;Universit\u00e9 Hope et le Telford College d&#039;\u00c9dimbourg, Royaume-Uni. \u00c0 Barcelone, Jennifer a dirig\u00e9 le d\u00e9veloppement de la danse pour les cours du dipl\u00f4me IAB, enseign\u00e9 pour le casting du Cirque De Soleil 2012 et chor\u00e9graphi\u00e9 pour La Compania.<\/p><p>Jennifer est titulaire d&#039;une ma\u00eetrise en pratique du th\u00e9\u00e2tre de danse (LIPA), PG TQFE. (Universit\u00e9 de Dundee), BFA en danse (JU, Fl., \u00c9tats-Unis) et elle est membre de la Higher Education Academy du Royaume-Uni. Elle s&#039;est form\u00e9e \u00e0 la High School of the Performing Arts de Rochester, NY, \u00e0 la School of Hartford Ballet et \u00e0 Jacob&#039;s Pillow gr\u00e2ce \u00e0 une bourse compl\u00e8te. Les \u00e9tudiants dipl\u00f4m\u00e9s de Jennifer ont continu\u00e9 \u00e0 danser avec X-Factor (Royaume-Uni), \u00ab We Will Rock You \u00bb, Duffy, Kylie Minogue (2 \u00e9tudiants), Janet Jackson, Ollie Mur, \u00ab Got to Dance \u00bb UK, DV8, Diversions Dance Company. , Dirty Dancing (TV), Mama Mia (Film), Princess Cruises, Bollywood et Disney.<\/p>\t\t\t\t\t\t\t\t<\/div>\n\t\t\t\t<\/div>\n\t\t\t\t\t<\/div>\n\t\t<\/div>\n\t\t\t\t\t<\/div>\n\t\t<\/section>\n\t\t\t\t<\/div>","protected":false},"excerpt":{"rendered":"<p>JENNIFER BLAKE Contemporary &#8211; England \/ USA Jennifer Blake has worked professionally as a performer and teacher in both the USA and Europe. She is currently the Director of Dance for the Institute of the Arts Barcelona in Sitges, Spain. Previously, Jennifer was Diploma Dance Course Leader and BA, (Hons) Lecturer in Contemporary and Jazz [&hellip;]<\/p>\n","protected":false},"author":6,"featured_media":0,"parent":1562,"menu_order":0,"comment_status":"closed","ping_status":"closed","template":"","meta":{"_acf_changed":false,"site-sidebar-layout":"no-sidebar","site-content-layout":"page-builder","ast-site-content-layout":"default","site-content-style":"default","site-sidebar-style":"default","ast-global-header-display":"","ast-banner-title-visibility":"","ast-main-header-display":"","ast-hfb-above-header-display":"","ast-hfb-below-header-display":"","ast-hfb-mobile-header-display":"","site-post-title":"disabled","ast-breadcrumbs-content":"","ast-featured-img":"disabled","footer-sml-layout":"","ast-disable-related-posts":"","theme-transparent-header-meta":"default","adv-header-id-meta":"","stick-header-meta":"default","header-above-stick-meta":"","header-main-stick-meta":"","header-below-stick-meta":"","astra-migrate-meta-layouts":"default","ast-page-background-enabled":"default","ast-page-background-meta":{"desktop":{"background-color":"","background-image":"","background-repeat":"repeat","background-position":"center center","background-size":"auto","background-attachment":"scroll","background-type":"","background-media":"","overlay-type":"","overlay-color":"","overlay-opacity":"","overlay-gradient":""},"tablet":{"background-color":"","background-image":"","background-repeat":"repeat","background-position":"center center","background-size":"auto","background-attachment":"scroll","background-type":"","background-media":"","overlay-type":"","overlay-color":"","overlay-opacity":"","overlay-gradient":""},"mobile":{"background-color":"","background-image":"","background-repeat":"repeat","background-position":"center center","background-size":"auto","background-attachment":"scroll","background-type":"","background-media":"","overlay-type":"","overlay-color":"","overlay-opacity":"","overlay-gradient":""}},"ast-content-background-meta":{"desktop":{"background-color":"var(--ast-global-color-5)","background-image":"","background-repeat":"repeat","background-position":"center center","background-size":"auto","background-attachment":"scroll","background-type":"","background-media":"","overlay-type":"","overlay-color":"","overlay-opacity":"","overlay-gradient":""},"tablet":{"background-color":"var(--ast-global-color-5)","background-image":"","background-repeat":"repeat","background-position":"center center","background-size":"auto","background-attachment":"scroll","background-type":"","background-media":"","overlay-type":"","overlay-color":"","overlay-opacity":"","overlay-gradient":""},"mobile":{"background-color":"var(--ast-global-color-5)","background-image":"","background-repeat":"repeat","background-position":"center center","background-size":"auto","background-attachment":"scroll","background-type":"","background-media":"","overlay-type":"","overlay-color":"","overlay-opacity":"","overlay-gradient":""}},"footnotes":""},"class_list":["post-1720","page","type-page","status-publish","hentry"],"acf":[],"jetpack_sharing_enabled":true,"_links":{"self":[{"href":"https:\/\/worlddancemovement.com\/fr\/wp-json\/wp\/v2\/pages\/1720","targetHints":{"allow":["GET"]}}],"collection":[{"href":"https:\/\/worlddancemovement.com\/fr\/wp-json\/wp\/v2\/pages"}],"about":[{"href":"https:\/\/worlddancemovement.com\/fr\/wp-json\/wp\/v2\/types\/page"}],"author":[{"embeddable":true,"href":"https:\/\/worlddancemovement.com\/fr\/wp-json\/wp\/v2\/users\/6"}],"replies":[{"embeddable":true,"href":"https:\/\/worlddancemovement.com\/fr\/wp-json\/wp\/v2\/comments?post=1720"}],"version-history":[{"count":10,"href":"https:\/\/worlddancemovement.com\/fr\/wp-json\/wp\/v2\/pages\/1720\/revisions"}],"predecessor-version":[{"id":13390,"href":"https:\/\/worlddancemovement.com\/fr\/wp-json\/wp\/v2\/pages\/1720\/revisions\/13390"}],"up":[{"embeddable":true,"href":"https:\/\/worlddancemovement.com\/fr\/wp-json\/wp\/v2\/pages\/1562"}],"wp:attachment":[{"href":"https:\/\/worlddancemovement.com\/fr\/wp-json\/wp\/v2\/media?parent=1720"}],"curies":[{"name":"wp","href":"https:\/\/api.w.org\/{rel}","templated":true}]}}