{"id":1741,"date":"2021-01-01T14:45:28","date_gmt":"2021-01-01T14:45:28","guid":{"rendered":"https:\/\/migrate.worlddancemovement.com\/?page_id=1741"},"modified":"2021-01-23T20:00:07","modified_gmt":"2021-01-23T20:00:07","slug":"fredy-franzutti-wdm","status":"publish","type":"page","link":"https:\/\/worlddancemovement.com\/fr\/faculty\/fredy-franzutti-wdm\/","title":{"rendered":"FREDY FRANZUTTI"},"content":{"rendered":"<div data-elementor-type=\"wp-page\" data-elementor-id=\"1741\" class=\"elementor elementor-1741\" data-elementor-post-type=\"page\">\n\t\t\t\t\t\t<section class=\"elementor-section elementor-top-section elementor-element elementor-element-94ec49d elementor-section-full_width elementor-section-height-min-height elementor-section-height-default elementor-section-items-middle\" data-id=\"94ec49d\" data-element_type=\"section\" data-e-type=\"section\" data-settings=\"{&quot;background_background&quot;:&quot;classic&quot;}\">\n\t\t\t\t\t\t\t<div class=\"elementor-background-overlay\"><\/div>\n\t\t\t\t\t\t\t<div class=\"elementor-container elementor-column-gap-no\">\n\t\t\t\t\t<div class=\"elementor-column elementor-col-100 elementor-top-column elementor-element elementor-element-8268956\" data-id=\"8268956\" data-element_type=\"column\" data-e-type=\"column\">\n\t\t\t<div class=\"elementor-widget-wrap elementor-element-populated\">\n\t\t\t\t\t\t<div class=\"elementor-element elementor-element-5016628 elementor-widget elementor-widget-heading\" data-id=\"5016628\" data-element_type=\"widget\" data-e-type=\"widget\" data-widget_type=\"heading.default\">\n\t\t\t\t<div class=\"elementor-widget-container\">\n\t\t\t\t\t<h2 class=\"elementor-heading-title elementor-size-default\">FREDY FRANZUTTI\n<\/h2>\t\t\t\t<\/div>\n\t\t\t\t<\/div>\n\t\t\t\t<div class=\"elementor-element elementor-element-a86216f elementor-widget-divider--view-line elementor-widget elementor-widget-divider\" data-id=\"a86216f\" data-element_type=\"widget\" data-e-type=\"widget\" data-widget_type=\"divider.default\">\n\t\t\t\t<div class=\"elementor-widget-container\">\n\t\t\t\t\t\t\t<div class=\"elementor-divider\">\n\t\t\t<span class=\"elementor-divider-separator\">\n\t\t\t\t\t\t<\/span>\n\t\t<\/div>\n\t\t\t\t\t\t<\/div>\n\t\t\t\t<\/div>\n\t\t\t\t\t<\/div>\n\t\t<\/div>\n\t\t\t\t\t<\/div>\n\t\t<\/section>\n\t\t\t\t<section class=\"elementor-section elementor-top-section elementor-element elementor-element-a2d6cca elementor-section-full_width elementor-section-height-default elementor-section-height-default\" data-id=\"a2d6cca\" data-element_type=\"section\" data-e-type=\"section\">\n\t\t\t\t\t\t<div class=\"elementor-container elementor-column-gap-default\">\n\t\t\t\t\t<div class=\"elementor-column elementor-col-100 elementor-top-column elementor-element elementor-element-a45c6d3\" data-id=\"a45c6d3\" data-element_type=\"column\" data-e-type=\"column\">\n\t\t\t<div class=\"elementor-widget-wrap elementor-element-populated\">\n\t\t\t\t\t\t<div class=\"elementor-element elementor-element-f854b1f elementor-widget elementor-widget-heading\" data-id=\"f854b1f\" data-element_type=\"widget\" data-e-type=\"widget\" data-widget_type=\"heading.default\">\n\t\t\t\t<div class=\"elementor-widget-container\">\n\t\t\t\t\t<h2 class=\"elementor-heading-title elementor-size-default\">ITALIE \/ Classe : Ballet\n\n\n\n\n\n\n\n\n\n\n<\/h2>\t\t\t\t<\/div>\n\t\t\t\t<\/div>\n\t\t\t\t<div class=\"elementor-element elementor-element-3947f8e elementor-widget elementor-widget-text-editor\" data-id=\"3947f8e\" data-element_type=\"widget\" data-e-type=\"widget\" data-widget_type=\"text-editor.default\">\n\t\t\t\t<div class=\"elementor-widget-container\">\n\t\t\t\t\t\t\t\t\t<p>FREDY Franzutti fut imm\u00e9diatement consid\u00e9r\u00e9 comme le \u00ab gar\u00e7on prodige de la chor\u00e9graphie italienne \u00bb (Michele Nocera -Tuttodanza), et \u00ab l&#039;un des chor\u00e9graphes les plus respect\u00e9s au niveau national \u00bb (Vittoria Ottolenghi). Cr\u00e9er des ballets pour le Th\u00e9\u00e2tre \u00ab Bolcho\u00ef \u00bb de Moscou, pour l&#039;Op\u00e9ra de Rome, le Teatro dell&#039;Opera de Sophia, l&#039;Op\u00e9ra de Monte-Carlo, l&#039;Op\u00e9ra de Bilbao, pour le Th\u00e9\u00e2tre \u00ab V. Bellini \u00ab Catane, et pour plusieurs \u00e9v\u00e9nements Rai Uno comme les danses du Concert du Nouvel An 2004 dirig\u00e9 par Lorin Maazel, transmis de Venise \u00e0 l&#039;Eurovision.<\/p><p>Dirige \u00e0 partir de 1995 le \u00ab Ballet du Sud \u00bb pour lequel chor\u00e9graphe vingt-cinq productions parmi lesquelles \u00ab Casse-Noisette \u00bb, \u00ab Le Lac des Cygnes \u00bb, \u00ab La Belle au Bois Dormant \u00bb, \u00ab Rom\u00e9o et Juliette \u00bb, \u00ab Sch\u00e9h\u00e9razade \u00bb, \u00ab L\u2019Oiseau de Feu \u00bb. \u00ab . Aujourd&#039;hui, sa compagnie se produit dans le plus important festival italien et participe \u00e9galement \u00e0 de nombreuses productions d&#039;op\u00e9ra, on se souvient de celles \u00e0 l&#039;invitation de Pier Luigi Pizzi au ROF de Pesaro et au Teatro Lirico de Cagliari, de Paul Miccich\u00e8 aux Thermes de Caracalla \u00e0 Rome. (Aida 2006), Flavio Trevisan au Teatro Bellini de Catane, Pier Francesco Maestrini au Teatro Valli de Reggio Emilia, en Russie et en Espagne, Beppe De Tomasi en France. Franzutti chor\u00e9graphe danse de la saison d&#039;op\u00e9ra de Lecce de 1998 \u00e0 2005 \u00e0 l&#039;invitation de Katia Ricciarelli et depuis 2006 \u00e0 l&#039;invitation de Philip Zigante. Franzutti collabore avec Carla Fracci, Lindsay Kemp et cr\u00e9e des chor\u00e9graphies pour de nombreuses \u00c9toiles internationales. Rappelez-vous \u00e9galement les danses du \u00ab Martyre de Saint-S\u00e9bastien \u00bb avec Giorgio Albertazzi \u00e0 V\u00e9rone, l&#039;inauguration du Th\u00e9\u00e2tre romain de Lecce (pour la Fondazione Memmo), l&#039;inauguration de la Porta Galliera (2003) et l&#039;Escalier de Pincio (2004). Bologne (pour Vittoria Cappelli). \u00c0 l&#039;invitation de Vittoria Ottolenghi a particip\u00e9 \u00e0 plusieurs \u00e9ditions de Marathons Internationaux et a dans\u00e9 sur le spectacle avec la musique de Luciano Berio \u00ab Triomphes de P\u00e9trarque \u00bb au Mitlefest Cividale. Maurizio Squillante lui confie la chor\u00e9graphie de son op\u00e9ra contemporain \u00ab Les Ailes de D\u00e9dale \u00bb en tourn\u00e9e nationale.<br \/>Parmi les festivals italiens qui ont accueilli sa compagnie \u00e0 plusieurs reprises, citons : le Festival de la Versiliana et ceux de Vignale, Rome, Todi, Venise, Milan, Syracuse, Taormina, Paestum, Gardone Riviera, et jou\u00e9 dans de nombreux th\u00e9\u00e2tres italiens. Rappelez-vous \u00e9galement le Pavillao Atlantic Lisbonne, l&#039;Olympia Hall de Monaco de Bavi\u00e8re, le Teatro Euskalduna de Bilbao et la tourn\u00e9e de 2006 dans les th\u00e9\u00e2tres de Hanoi et de Ho Chi Min City au Vietnam.<\/p><p>Les spectacles qu&#039;il a con\u00e7us, qui comprennent des textes de lecture, ont r\u00e9uni Ugo Pagliai, Paola Pythagoras, Michele Mirabella, Arnoldo Foa. Parmi les musiciens avec lesquels il travaille figurent Lorin Maazel, Richard Bonynge, Karl Martin, Francesco Libetta. Franzutti r\u00e9alise le court m\u00e9trage \u00ab If This Is a Man \u00bb avec Michele Placido et Emilio Solfrizzi. Parmi les cr\u00e9dits t\u00e9l\u00e9vis\u00e9s des \u00e9v\u00e9nements, outre le concert du Nouvel An en 2004, la chor\u00e9graphie du \u00ab Jour de la R\u00e9publique \u00bb en 2002, du programme \u00ab Une voix pour Padre Pio \u00bb (2004 et 2006) et de la Rai 2 \u00ab Premio Zeus \u00bb ( 2005 et 2006), les Merveilles d&#039;\u00e9t\u00e9 (Padula 2006), \u00ab Ils\u2026 Golfe \u00bb (Pomp\u00e9i 2007), \u00ab Le cercle de la vie \u00bb (Agropoli 2007).<\/p><p>Carla Fracci invite Franzutti \u00e0 l&#039;Op\u00e9ra de Rome pour la chor\u00e9graphie du ballet : \u00ab Catherine, la fille des bannis \u00bb sur une musique de Pugni, \u00ab Baccus et Ariane \u00bb sur une musique de Russell et \u00ab La Fille du Danube \u00bb sur une musique d&#039;Adam.<\/p><p>La critique la plus autoris\u00e9e montre un large int\u00e9r\u00eat pour son \u0153uvre, en soulignant les caract\u00e9ristiques originales et modernes.<\/p>\t\t\t\t\t\t\t\t<\/div>\n\t\t\t\t<\/div>\n\t\t\t\t<div class=\"elementor-element elementor-element-a136ef3 elementor-widget elementor-widget-heading\" data-id=\"a136ef3\" data-element_type=\"widget\" data-e-type=\"widget\" data-widget_type=\"heading.default\">\n\t\t\t\t<div class=\"elementor-widget-container\">\n\t\t\t\t\t<h2 class=\"elementor-heading-title elementor-size-default\"><a href=\"http:\/\/translate.google.com\/translate?depth=1&#038;hl=en&#038;prev=search&#038;rurl=translate.google.com&#038;sl=it&#038;u=http:\/\/www.ballettodelsud.it\/index.php%3Foption%3Dcom_content%26task%3Dview%26id%3D237%26Itemid%3D50\">Carte Fredy Franzutti \n\n\n\n\n\n\n\n\n\n<\/a><\/h2>\t\t\t\t<\/div>\n\t\t\t\t<\/div>\n\t\t\t\t<div class=\"elementor-element elementor-element-2187aa7 elementor-widget elementor-widget-text-editor\" data-id=\"2187aa7\" data-element_type=\"widget\" data-e-type=\"widget\" data-widget_type=\"text-editor.default\">\n\t\t\t\t<div class=\"elementor-widget-container\">\n\t\t\t\t\t\t\t\t\t<p>\u00ab Le directeur du Ballet du Sud a install\u00e9 sa nouvelle \u00ab Belle au bois dormant \u00bb dans son Salento natal\u2026 Une id\u00e9e g\u00e9niale.<br \/>Vittoria Ottolenghi \u2013 L&#039;Espresso<\/p><p>&quot;On avait encore l&#039;impression que le chor\u00e9graphe Fredy Franzutti \u00e9tait si d\u00e9termin\u00e9 et passionn\u00e9 par l&#039;attaque des gros canons de la litt\u00e9rature de ballet, ambitieux mais pas irr\u00e9aliste, attir\u00e9 par la cr\u00e9ativit\u00e9.&quot;<br \/>Albert \u2013 Le ballet aujourd\u2019hui<\/p><p>&quot;Franzutti avec un travail particulier, de mani\u00e8re tr\u00e8s personnelle et contemporaine, retravaille les m\u00e9thodes narratives et construit des spectacles qui laissent une trace.&quot;<br \/>Michele Nocera \u2013 Tuttodanza<\/p><p>&quot;Fredy Franzutti, j&#039;ai beaucoup de respect pour lui de son m\u00e9tier et de son engagement en tant qu&#039;artiste&quot;<br \/>Pier Luigi Pizzi \u2013 Le Quotidien<\/p><p>&quot;En particulier, j&#039;ai une excellente relation avec le chor\u00e9graphe Fredy Franzutti\u2026 car en plus de sa veine romantique extraordinaire et inventive, il poss\u00e8de \u00e9galement la capacit\u00e9 de faire rire les gens et les esprits chor\u00e9graphiques sont les plus difficiles \u00e0 atteindre&quot;. Beppe De Tomasi<\/p><p>&quot;Cela correspond \u00e0 Franzutti dans le sillage de nombreux grands chor\u00e9graphes historiques de l&#039;\u00e9cole britannique.&quot;<br \/>Nicola Sbis\u00e0 \u2013 Gazzetta del Mezzogiorno<\/p>\t\t\t\t\t\t\t\t<\/div>\n\t\t\t\t<\/div>\n\t\t\t\t\t<\/div>\n\t\t<\/div>\n\t\t\t\t\t<\/div>\n\t\t<\/section>\n\t\t\t\t<\/div>","protected":false},"excerpt":{"rendered":"<p>FREDY FRANZUTTI ITALY \/ Class: Ballet FREDY Franzutti was immediately considered the &#8220;gar\u00e7on prodigy choreography Italian&#8221; (Michele Nocera -Tuttodanza), and &#8220;one of the most respected choreographers in the national&#8221; (Vittoria Ottolenghi). Create ballets for the Theatre &#8220;Bolshoi&#8221; Moscow, for the Rome Opera, the Teatro dell&#8217;Opera in Sophia, the Monte Carlo Opera, the Opera of Bilbao, [&hellip;]<\/p>\n","protected":false},"author":6,"featured_media":0,"parent":1562,"menu_order":0,"comment_status":"closed","ping_status":"closed","template":"","meta":{"_acf_changed":false,"site-sidebar-layout":"no-sidebar","site-content-layout":"page-builder","ast-site-content-layout":"default","site-content-style":"default","site-sidebar-style":"default","ast-global-header-display":"","ast-banner-title-visibility":"","ast-main-header-display":"","ast-hfb-above-header-display":"","ast-hfb-below-header-display":"","ast-hfb-mobile-header-display":"","site-post-title":"disabled","ast-breadcrumbs-content":"","ast-featured-img":"disabled","footer-sml-layout":"","ast-disable-related-posts":"","theme-transparent-header-meta":"default","adv-header-id-meta":"","stick-header-meta":"default","header-above-stick-meta":"","header-main-stick-meta":"","header-below-stick-meta":"","astra-migrate-meta-layouts":"default","ast-page-background-enabled":"default","ast-page-background-meta":{"desktop":{"background-color":"","background-image":"","background-repeat":"repeat","background-position":"center center","background-size":"auto","background-attachment":"scroll","background-type":"","background-media":"","overlay-type":"","overlay-color":"","overlay-opacity":"","overlay-gradient":""},"tablet":{"background-color":"","background-image":"","background-repeat":"repeat","background-position":"center center","background-size":"auto","background-attachment":"scroll","background-type":"","background-media":"","overlay-type":"","overlay-color":"","overlay-opacity":"","overlay-gradient":""},"mobile":{"background-color":"","background-image":"","background-repeat":"repeat","background-position":"center center","background-size":"auto","background-attachment":"scroll","background-type":"","background-media":"","overlay-type":"","overlay-color":"","overlay-opacity":"","overlay-gradient":""}},"ast-content-background-meta":{"desktop":{"background-color":"var(--ast-global-color-5)","background-image":"","background-repeat":"repeat","background-position":"center center","background-size":"auto","background-attachment":"scroll","background-type":"","background-media":"","overlay-type":"","overlay-color":"","overlay-opacity":"","overlay-gradient":""},"tablet":{"background-color":"var(--ast-global-color-5)","background-image":"","background-repeat":"repeat","background-position":"center center","background-size":"auto","background-attachment":"scroll","background-type":"","background-media":"","overlay-type":"","overlay-color":"","overlay-opacity":"","overlay-gradient":""},"mobile":{"background-color":"var(--ast-global-color-5)","background-image":"","background-repeat":"repeat","background-position":"center center","background-size":"auto","background-attachment":"scroll","background-type":"","background-media":"","overlay-type":"","overlay-color":"","overlay-opacity":"","overlay-gradient":""}},"footnotes":""},"class_list":["post-1741","page","type-page","status-publish","hentry"],"acf":[],"jetpack_sharing_enabled":true,"_links":{"self":[{"href":"https:\/\/worlddancemovement.com\/fr\/wp-json\/wp\/v2\/pages\/1741","targetHints":{"allow":["GET"]}}],"collection":[{"href":"https:\/\/worlddancemovement.com\/fr\/wp-json\/wp\/v2\/pages"}],"about":[{"href":"https:\/\/worlddancemovement.com\/fr\/wp-json\/wp\/v2\/types\/page"}],"author":[{"embeddable":true,"href":"https:\/\/worlddancemovement.com\/fr\/wp-json\/wp\/v2\/users\/6"}],"replies":[{"embeddable":true,"href":"https:\/\/worlddancemovement.com\/fr\/wp-json\/wp\/v2\/comments?post=1741"}],"version-history":[{"count":10,"href":"https:\/\/worlddancemovement.com\/fr\/wp-json\/wp\/v2\/pages\/1741\/revisions"}],"predecessor-version":[{"id":3200,"href":"https:\/\/worlddancemovement.com\/fr\/wp-json\/wp\/v2\/pages\/1741\/revisions\/3200"}],"up":[{"embeddable":true,"href":"https:\/\/worlddancemovement.com\/fr\/wp-json\/wp\/v2\/pages\/1562"}],"wp:attachment":[{"href":"https:\/\/worlddancemovement.com\/fr\/wp-json\/wp\/v2\/media?parent=1741"}],"curies":[{"name":"wp","href":"https:\/\/api.w.org\/{rel}","templated":true}]}}