{"id":1746,"date":"2021-01-01T14:49:35","date_gmt":"2021-01-01T14:49:35","guid":{"rendered":"https:\/\/migrate.worlddancemovement.com\/?page_id=1746"},"modified":"2021-01-23T19:58:48","modified_gmt":"2021-01-23T19:58:48","slug":"ana-catalina-roman","status":"publish","type":"page","link":"https:\/\/worlddancemovement.com\/fr\/faculty\/ana-catalina-roman\/","title":{"rendered":"ANA CATALINA ROM\u00c1N"},"content":{"rendered":"<div data-elementor-type=\"wp-page\" data-elementor-id=\"1746\" class=\"elementor elementor-1746\" data-elementor-post-type=\"page\">\n\t\t\t\t\t\t<section class=\"elementor-section elementor-top-section elementor-element elementor-element-94ec49d elementor-section-full_width elementor-section-height-min-height elementor-section-height-default elementor-section-items-middle\" data-id=\"94ec49d\" data-element_type=\"section\" data-e-type=\"section\" data-settings=\"{&quot;background_background&quot;:&quot;classic&quot;}\">\n\t\t\t\t\t\t\t<div class=\"elementor-background-overlay\"><\/div>\n\t\t\t\t\t\t\t<div class=\"elementor-container elementor-column-gap-no\">\n\t\t\t\t\t<div class=\"elementor-column elementor-col-100 elementor-top-column elementor-element elementor-element-8268956\" data-id=\"8268956\" data-element_type=\"column\" data-e-type=\"column\">\n\t\t\t<div class=\"elementor-widget-wrap elementor-element-populated\">\n\t\t\t\t\t\t<div class=\"elementor-element elementor-element-5016628 elementor-widget elementor-widget-heading\" data-id=\"5016628\" data-element_type=\"widget\" data-e-type=\"widget\" data-widget_type=\"heading.default\">\n\t\t\t\t<div class=\"elementor-widget-container\">\n\t\t\t\t\t<h2 class=\"elementor-heading-title elementor-size-default\">ANA CATALINA ROM\u00c1N\n<\/h2>\t\t\t\t<\/div>\n\t\t\t\t<\/div>\n\t\t\t\t<div class=\"elementor-element elementor-element-a86216f elementor-widget-divider--view-line elementor-widget elementor-widget-divider\" data-id=\"a86216f\" data-element_type=\"widget\" data-e-type=\"widget\" data-widget_type=\"divider.default\">\n\t\t\t\t<div class=\"elementor-widget-container\">\n\t\t\t\t\t\t\t<div class=\"elementor-divider\">\n\t\t\t<span class=\"elementor-divider-separator\">\n\t\t\t\t\t\t<\/span>\n\t\t<\/div>\n\t\t\t\t\t\t<\/div>\n\t\t\t\t<\/div>\n\t\t\t\t\t<\/div>\n\t\t<\/div>\n\t\t\t\t\t<\/div>\n\t\t<\/section>\n\t\t\t\t<section class=\"elementor-section elementor-top-section elementor-element elementor-element-a2d6cca elementor-section-full_width elementor-section-height-default elementor-section-height-default\" data-id=\"a2d6cca\" data-element_type=\"section\" data-e-type=\"section\">\n\t\t\t\t\t\t<div class=\"elementor-container elementor-column-gap-default\">\n\t\t\t\t\t<div class=\"elementor-column elementor-col-100 elementor-top-column elementor-element elementor-element-a45c6d3\" data-id=\"a45c6d3\" data-element_type=\"column\" data-e-type=\"column\">\n\t\t\t<div class=\"elementor-widget-wrap elementor-element-populated\">\n\t\t\t\t\t\t<div class=\"elementor-element elementor-element-f854b1f elementor-widget elementor-widget-heading\" data-id=\"f854b1f\" data-element_type=\"widget\" data-e-type=\"widget\" data-widget_type=\"heading.default\">\n\t\t\t\t<div class=\"elementor-widget-container\">\n\t\t\t\t\t<h2 class=\"elementor-heading-title elementor-size-default\">ESPAGNE \/ Classe : W.Forsythe Technique et R\u00e9pertoire  \n\n\n\n\n\n\n\n\n\n<\/h2>\t\t\t\t<\/div>\n\t\t\t\t<\/div>\n\t\t\t\t<div class=\"elementor-element elementor-element-3947f8e elementor-widget elementor-widget-text-editor\" data-id=\"3947f8e\" data-element_type=\"widget\" data-e-type=\"widget\" data-widget_type=\"text-editor.default\">\n\t\t\t\t<div class=\"elementor-widget-container\">\n\t\t\t\t\t\t\t\t\t<p>Ana Catalina Rom\u00e1n a compl\u00e9t\u00e9 ses \u00e9tudes de danse classique au \u00ab Real Conservatorio Superior \u00bb de Madrid en Espagne et \u00e0 la \u00ab John Cranko Ballett-Akademie \u00bb \u00e0 Stuttgart en Allemagne et a \u00e9tudi\u00e9 comme professeur de danse classique avec Kathy Bennets \u00e0 Francfort. Elle a compl\u00e9t\u00e9 un Master en Arts Sc\u00e9niques \u00e0 l&#039;Universit\u00e9 Rey Juan Carlos et a \u00e9tudi\u00e9 l&#039;animation cin\u00e9matographique \u00e0 l&#039;Escuela de Artes Visuales de Madrid \u2013 Animart.<\/p><p>Entre 1978 et 1980, il travaille au \u00ab Gelsenkirchener Ballett-Musiktheatre in Revier \u00bb sous la direction du chor\u00e9graphe Bernd Schindowsky.<\/p><p>Depuis 1980, il danse avec le \u00ab BALLETT FRANKFURT \u00bb, pendant les 4 premi\u00e8res ann\u00e9es sous la direction d&#039;Egon Madsen ; interpr\u00e8te le r\u00e9pertoire de chor\u00e9graphes comme John Cranko, G.Balanchine, Peter Wright et Uwe Scholz.<\/p><p>Poursuivant son activit\u00e9 au Ballett Frankfurt, elle commence \u00e0 travailler \u00e0 partir de 1982 avec William Forsythe, d&#039;abord comme chor\u00e9graphe invit\u00e9, puis \u00e0 partir de 1984 avec lui comme metteur en sc\u00e8ne. Elle a occup\u00e9 un poste de soliste de 1987 \u00e0 2000. Elle a dans\u00e9 dans plusieurs de ses cr\u00e9ations et collabor\u00e9 \u00e0 la cr\u00e9ation de ses propres parties dans plusieurs d&#039;entre elles. Nous citerons : \u00ab Die Befragung des Robert Scott \u00bb, \u00ab Impressionner le Czar \u00bb, \u00ab Limb\u00b4s Theorem \u00bb, \u00ab Slingerland \u00bb et \u00ab The Loss of Small Detail \u00bb.<\/p><p>Durant cette p\u00e9riode, elle danse \u00e9galement dans les ballets de chor\u00e9graphes invit\u00e9s comme : Toni Rizzi, Amanda Miller Pascal Touzau, Jan Farbre, Mak Heim et Daniel Larrieu.<\/p><p>\u00c0 partir de 1992, elle a \u00e9galement commenc\u00e9 \u00e0 assister W. Forsythe dans la composition de ballets comme : \u00ab Invisible Film \u00bb et \u00ab Four Point Counter \u00bb et a \u00e9t\u00e9 assistante de production pour \u00ab Of any if and \u00bb.<\/p><p>Elle a mis en sc\u00e8ne les chor\u00e9graphies de W. Forsythe dans diff\u00e9rentes compagnies comme : NDT-La Haya, CND-Madrid, Les Ballets de Monte Carlo, Bayerische Staatsballett Munich et Hubbard Street-Dance Chicago.<\/p><p>Elle enseigne des s\u00e9minaires sur les technologies d&#039;improvisation Forsythe, le r\u00e9pertoire W.Forsythe, la composition chor\u00e9graphique et les cours de ballet dans diff\u00e9rentes \u00e9coles. Entre autres : Conservatoire de Lyon, PARTS- Bruxelles, Espacio Madrid, Dance University Stockholm, Palucca Schule- Dresden, Acad\u00e9mie des Arts d&#039;Islande, Conservatoire de Toulouse et Conservatoire Sup\u00e9rieur de Danza Mar\u00eda de \u00c1vila \u2013 Madrid.<\/p><p>Dans son r\u00e9pertoire de chor\u00e9graphe figurent des ballets comme \u00ab Equipoise \u00bb, \u00ab The secret Bob \u00bb, \u00ab Fases inobservadas \u00bb, \u00ab 7 rasgos \u00bb, \u00ab Si quisiera no podr\u00eda y si pudiera no quisiese \u00bb, \u00ab Surface Pour R\u00eaves \u00bb, \u00ab Hecho a mano \u00bb, Parent(h)esis, (o dicho sea de paso) et des projets \u00e9ducatifs Choreographik-Dance comme : \u00ab First Steps \u00bb pour le \u00ab Museum f\u00fcr Angewandte Kunst Frankfurt \u00bb et \u00ab AnnaTanz \u00bb au St.-Anna-Gymnasium Munich. \u0152uvres chor\u00e9graphiques comme \u00ab Tiento \u00bb et \u00ab Discordio \u00bb en collaboration avec les \u00e9tudiants du CSDMA.<\/p>\t\t\t\t\t\t\t\t<\/div>\n\t\t\t\t<\/div>\n\t\t\t\t\t<\/div>\n\t\t<\/div>\n\t\t\t\t\t<\/div>\n\t\t<\/section>\n\t\t\t\t<\/div>","protected":false},"excerpt":{"rendered":"<p>ANA CATALINA ROM\u00c1N SPAIN \/ Class: W.Forsythe Technique and Repertoire Ana Catalina Rom\u00e1n completed her classical Dance Studies at the \u201eReal Conservatorio Superior\u201c in Madrid Spain and at The \u201eJohn Cranko Ballett-Akademie\u201c in Stuttgart-Germany and studied as a classical dance teacher with Kathy Bennets in Frankfurt. She has completed a Master of Scenic Arts at [&hellip;]<\/p>\n","protected":false},"author":6,"featured_media":0,"parent":1562,"menu_order":0,"comment_status":"closed","ping_status":"closed","template":"","meta":{"_acf_changed":false,"site-sidebar-layout":"no-sidebar","site-content-layout":"page-builder","ast-site-content-layout":"default","site-content-style":"default","site-sidebar-style":"default","ast-global-header-display":"","ast-banner-title-visibility":"","ast-main-header-display":"","ast-hfb-above-header-display":"","ast-hfb-below-header-display":"","ast-hfb-mobile-header-display":"","site-post-title":"disabled","ast-breadcrumbs-content":"","ast-featured-img":"disabled","footer-sml-layout":"","ast-disable-related-posts":"","theme-transparent-header-meta":"default","adv-header-id-meta":"","stick-header-meta":"default","header-above-stick-meta":"","header-main-stick-meta":"","header-below-stick-meta":"","astra-migrate-meta-layouts":"default","ast-page-background-enabled":"default","ast-page-background-meta":{"desktop":{"background-color":"","background-image":"","background-repeat":"repeat","background-position":"center center","background-size":"auto","background-attachment":"scroll","background-type":"","background-media":"","overlay-type":"","overlay-color":"","overlay-opacity":"","overlay-gradient":""},"tablet":{"background-color":"","background-image":"","background-repeat":"repeat","background-position":"center center","background-size":"auto","background-attachment":"scroll","background-type":"","background-media":"","overlay-type":"","overlay-color":"","overlay-opacity":"","overlay-gradient":""},"mobile":{"background-color":"","background-image":"","background-repeat":"repeat","background-position":"center center","background-size":"auto","background-attachment":"scroll","background-type":"","background-media":"","overlay-type":"","overlay-color":"","overlay-opacity":"","overlay-gradient":""}},"ast-content-background-meta":{"desktop":{"background-color":"var(--ast-global-color-5)","background-image":"","background-repeat":"repeat","background-position":"center center","background-size":"auto","background-attachment":"scroll","background-type":"","background-media":"","overlay-type":"","overlay-color":"","overlay-opacity":"","overlay-gradient":""},"tablet":{"background-color":"var(--ast-global-color-5)","background-image":"","background-repeat":"repeat","background-position":"center center","background-size":"auto","background-attachment":"scroll","background-type":"","background-media":"","overlay-type":"","overlay-color":"","overlay-opacity":"","overlay-gradient":""},"mobile":{"background-color":"var(--ast-global-color-5)","background-image":"","background-repeat":"repeat","background-position":"center center","background-size":"auto","background-attachment":"scroll","background-type":"","background-media":"","overlay-type":"","overlay-color":"","overlay-opacity":"","overlay-gradient":""}},"footnotes":""},"class_list":["post-1746","page","type-page","status-publish","hentry"],"acf":[],"jetpack_sharing_enabled":true,"_links":{"self":[{"href":"https:\/\/worlddancemovement.com\/fr\/wp-json\/wp\/v2\/pages\/1746","targetHints":{"allow":["GET"]}}],"collection":[{"href":"https:\/\/worlddancemovement.com\/fr\/wp-json\/wp\/v2\/pages"}],"about":[{"href":"https:\/\/worlddancemovement.com\/fr\/wp-json\/wp\/v2\/types\/page"}],"author":[{"embeddable":true,"href":"https:\/\/worlddancemovement.com\/fr\/wp-json\/wp\/v2\/users\/6"}],"replies":[{"embeddable":true,"href":"https:\/\/worlddancemovement.com\/fr\/wp-json\/wp\/v2\/comments?post=1746"}],"version-history":[{"count":10,"href":"https:\/\/worlddancemovement.com\/fr\/wp-json\/wp\/v2\/pages\/1746\/revisions"}],"predecessor-version":[{"id":3167,"href":"https:\/\/worlddancemovement.com\/fr\/wp-json\/wp\/v2\/pages\/1746\/revisions\/3167"}],"up":[{"embeddable":true,"href":"https:\/\/worlddancemovement.com\/fr\/wp-json\/wp\/v2\/pages\/1562"}],"wp:attachment":[{"href":"https:\/\/worlddancemovement.com\/fr\/wp-json\/wp\/v2\/media?parent=1746"}],"curies":[{"name":"wp","href":"https:\/\/api.w.org\/{rel}","templated":true}]}}