{"id":1747,"date":"2021-01-01T14:49:47","date_gmt":"2021-01-01T14:49:47","guid":{"rendered":"https:\/\/migrate.worlddancemovement.com\/?page_id=1747"},"modified":"2021-01-23T20:01:22","modified_gmt":"2021-01-23T20:01:22","slug":"guy-shomroni","status":"publish","type":"page","link":"https:\/\/worlddancemovement.com\/fr\/faculty\/guy-shomroni\/","title":{"rendered":"GUY SHOMRONI"},"content":{"rendered":"<div data-elementor-type=\"wp-page\" data-elementor-id=\"1747\" class=\"elementor elementor-1747\" data-elementor-post-type=\"page\">\n\t\t\t\t\t\t<section class=\"elementor-section elementor-top-section elementor-element elementor-element-94ec49d elementor-section-full_width elementor-section-height-min-height elementor-section-height-default elementor-section-items-middle\" data-id=\"94ec49d\" data-element_type=\"section\" data-e-type=\"section\" data-settings=\"{&quot;background_background&quot;:&quot;classic&quot;}\">\n\t\t\t\t\t\t\t<div class=\"elementor-background-overlay\"><\/div>\n\t\t\t\t\t\t\t<div class=\"elementor-container elementor-column-gap-no\">\n\t\t\t\t\t<div class=\"elementor-column elementor-col-100 elementor-top-column elementor-element elementor-element-8268956\" data-id=\"8268956\" data-element_type=\"column\" data-e-type=\"column\">\n\t\t\t<div class=\"elementor-widget-wrap elementor-element-populated\">\n\t\t\t\t\t\t<div class=\"elementor-element elementor-element-5016628 elementor-widget elementor-widget-heading\" data-id=\"5016628\" data-element_type=\"widget\" data-e-type=\"widget\" data-widget_type=\"heading.default\">\n\t\t\t\t<div class=\"elementor-widget-container\">\n\t\t\t\t\t<h2 class=\"elementor-heading-title elementor-size-default\">GUY SHOMRONI\n<\/h2>\t\t\t\t<\/div>\n\t\t\t\t<\/div>\n\t\t\t\t<div class=\"elementor-element elementor-element-a86216f elementor-widget-divider--view-line elementor-widget elementor-widget-divider\" data-id=\"a86216f\" data-element_type=\"widget\" data-e-type=\"widget\" data-widget_type=\"divider.default\">\n\t\t\t\t<div class=\"elementor-widget-container\">\n\t\t\t\t\t\t\t<div class=\"elementor-divider\">\n\t\t\t<span class=\"elementor-divider-separator\">\n\t\t\t\t\t\t<\/span>\n\t\t<\/div>\n\t\t\t\t\t\t<\/div>\n\t\t\t\t<\/div>\n\t\t\t\t\t<\/div>\n\t\t<\/div>\n\t\t\t\t\t<\/div>\n\t\t<\/section>\n\t\t\t\t<section class=\"elementor-section elementor-top-section elementor-element elementor-element-a2d6cca elementor-section-full_width elementor-section-height-default elementor-section-height-default\" data-id=\"a2d6cca\" data-element_type=\"section\" data-e-type=\"section\">\n\t\t\t\t\t\t<div class=\"elementor-container elementor-column-gap-default\">\n\t\t\t\t\t<div class=\"elementor-column elementor-col-100 elementor-top-column elementor-element elementor-element-a45c6d3\" data-id=\"a45c6d3\" data-element_type=\"column\" data-e-type=\"column\">\n\t\t\t<div class=\"elementor-widget-wrap elementor-element-populated\">\n\t\t\t\t\t\t<div class=\"elementor-element elementor-element-f854b1f elementor-widget elementor-widget-heading\" data-id=\"f854b1f\" data-element_type=\"widget\" data-e-type=\"widget\" data-widget_type=\"heading.default\">\n\t\t\t\t<div class=\"elementor-widget-container\">\n\t\t\t\t\t<h2 class=\"elementor-heading-title elementor-size-default\">ENSEIGNANT : Guy Shomroni - Isra\u00ebl\n\n\n\n\n\n\n\n\n\n\n<\/h2>\t\t\t\t<\/div>\n\t\t\t\t<\/div>\n\t\t\t\t<div class=\"elementor-element elementor-element-3947f8e elementor-widget elementor-widget-text-editor\" data-id=\"3947f8e\" data-element_type=\"widget\" data-e-type=\"widget\" data-widget_type=\"text-editor.default\">\n\t\t\t\t<div class=\"elementor-widget-container\">\n\t\t\t\t\t\t\t\t\t<p>Guy a commenc\u00e9 \u00e0 danser avec l&#039;ensemble Batsheva en 2001 et a rejoint la Batsheva Dance Company en 2004, o\u00f9 il a interpr\u00e9t\u00e9 de nombreuses pi\u00e8ces du r\u00e9pertoire de chor\u00e9graphes tels que Ohad Naharin, Sharon Eyal et Yasmeen Godder. Depuis qu&#039;il a quitt\u00e9 l&#039;entreprise en 2012, il a \u00e9t\u00e9 l&#039;assistant d&#039;Ohad Naharin dans le processus de cr\u00e9ation de The Hole (2013). Guy est \u00e9galement un DJ actif sur la sc\u00e8ne locale de Tel Aviv, DJ dans des clubs et des bars ainsi que DJ en direct pour les performances de Session de la Batsheva Dance Company. Guy enseigne Gaga depuis 2002 en Isra\u00ebl et \u00e0 l&#039;\u00e9tranger. Il donne des ateliers pour danseurs professionnels et donne \u00e9galement des cours de Gaga\/people.<\/p>\t\t\t\t\t\t\t\t<\/div>\n\t\t\t\t<\/div>\n\t\t\t\t<div class=\"elementor-element elementor-element-4e9117b elementor-widget elementor-widget-heading\" data-id=\"4e9117b\" data-element_type=\"widget\" data-e-type=\"widget\" data-widget_type=\"heading.default\">\n\t\t\t\t<div class=\"elementor-widget-container\">\n\t\t\t\t\t<h2 class=\"elementor-heading-title elementor-size-default\">LA LANGUE DU MOUVEMENT GAGA ET LE R\u00c9PERTOIRE D&#039;OHAD NAHARIN\n\n\n\n\n\n\n\n\n\n\n<\/h2>\t\t\t\t<\/div>\n\t\t\t\t<\/div>\n\t\t\t\t<div class=\"elementor-element elementor-element-c133094 elementor-widget elementor-widget-text-editor\" data-id=\"c133094\" data-element_type=\"widget\" data-e-type=\"widget\" data-widget_type=\"text-editor.default\">\n\t\t\t\t<div class=\"elementor-widget-container\">\n\t\t\t\t\t\t\t\t\t<p>Gaga est un langage du mouvement qu&#039;Ohad Naharin a d\u00e9velopp\u00e9 au fil de nombreuses ann\u00e9es et qui est appliqu\u00e9 dans la pratique et les exercices quotidiens des membres de la Batsheva Dance Company.<\/p><p>Le langage de Gaga est n\u00e9 de la croyance dans le pouvoir curatif, dynamique et en constante \u00e9volution du mouvement. Gaga est une nouvelle fa\u00e7on d&#039;acqu\u00e9rir des connaissances et une conscience de soi \u00e0 travers son corps. Gaga fournit un cadre pour d\u00e9couvrir et renforcer votre corps et ajouter de la flexibilit\u00e9, de l&#039;endurance et de l&#039;agilit\u00e9 tout en all\u00e9geant les sens et l&#039;imagination. Gaga sensibilise aux faiblesses physiques, r\u00e9veille les zones engourdies, expose les fixations physiques et propose des moyens de les \u00e9liminer. L&#039;\u0153uvre am\u00e9liore le mouvement instinctif et relie le mouvement conscient et inconscient, et permet de vivre une exp\u00e9rience de libert\u00e9 et de plaisir de mani\u00e8re simple, dans un espace agr\u00e9able, dans des v\u00eatements confortables, accompagn\u00e9s de musique, chacun avec lui-m\u00eame et avec les autres.<\/p><p>Gaga a deux morceaux : Gaga\/people et Gaga\/dancers.<\/p><p>Cet atelier donne l&#039;occasion aux participants d&#039;apprendre des extraits d&#039;\u0153uvres chor\u00e9graphiques d&#039;Ohad Naharin aupr\u00e8s des danseurs et professeurs de la compagnie. Dans ce cours, les danseurs appliquent leur formation en Gaga au r\u00e9pertoire.<\/p>\t\t\t\t\t\t\t\t<\/div>\n\t\t\t\t<\/div>\n\t\t\t\t<div class=\"elementor-element elementor-element-11c2a49 elementor-widget elementor-widget-text-editor\" data-id=\"11c2a49\" data-element_type=\"widget\" data-e-type=\"widget\" data-widget_type=\"text-editor.default\">\n\t\t\t\t<div class=\"elementor-widget-container\">\n\t\t\t\t\t\t\t\t\t<p><strong>* Il est fortement recommand\u00e9 aux \u00e9tudiants de s&#039;inscrire au cours de langage du mouvement Gaga et au cours de r\u00e9pertoire Ohad Naharin, car ils se compl\u00e8tent mutuellement. Vous pouvez suivre le cours Gaga Movement et non le R\u00e9pertoire, mais vous ne pouvez pas vous inscrire au R\u00e9pertoire sans le Gaga Movement Language.<\/strong><\/p>\t\t\t\t\t\t\t\t<\/div>\n\t\t\t\t<\/div>\n\t\t\t\t\t<\/div>\n\t\t<\/div>\n\t\t\t\t\t<\/div>\n\t\t<\/section>\n\t\t\t\t<\/div>","protected":false},"excerpt":{"rendered":"<p>GUY SHOMRONI TEACHER: Guy Shomroni &#8211; Israel Guy began dancing with Batsheva Ensemble in 2001 and joined the senior Batsheva Dance Company in 2004, where he performed numerous repertoire pieces by choreographers such as Ohad Naharin, Sharon Eyal, and Yasmeen Godder. Since leaving the company in 2012, he has served as Ohad Naharin\u2019s assistant in [&hellip;]<\/p>\n","protected":false},"author":6,"featured_media":0,"parent":1562,"menu_order":0,"comment_status":"closed","ping_status":"closed","template":"","meta":{"_acf_changed":false,"site-sidebar-layout":"no-sidebar","site-content-layout":"page-builder","ast-site-content-layout":"default","site-content-style":"default","site-sidebar-style":"default","ast-global-header-display":"","ast-banner-title-visibility":"","ast-main-header-display":"","ast-hfb-above-header-display":"","ast-hfb-below-header-display":"","ast-hfb-mobile-header-display":"","site-post-title":"disabled","ast-breadcrumbs-content":"","ast-featured-img":"disabled","footer-sml-layout":"","ast-disable-related-posts":"","theme-transparent-header-meta":"default","adv-header-id-meta":"","stick-header-meta":"default","header-above-stick-meta":"","header-main-stick-meta":"","header-below-stick-meta":"","astra-migrate-meta-layouts":"default","ast-page-background-enabled":"default","ast-page-background-meta":{"desktop":{"background-color":"","background-image":"","background-repeat":"repeat","background-position":"center center","background-size":"auto","background-attachment":"scroll","background-type":"","background-media":"","overlay-type":"","overlay-color":"","overlay-opacity":"","overlay-gradient":""},"tablet":{"background-color":"","background-image":"","background-repeat":"repeat","background-position":"center center","background-size":"auto","background-attachment":"scroll","background-type":"","background-media":"","overlay-type":"","overlay-color":"","overlay-opacity":"","overlay-gradient":""},"mobile":{"background-color":"","background-image":"","background-repeat":"repeat","background-position":"center center","background-size":"auto","background-attachment":"scroll","background-type":"","background-media":"","overlay-type":"","overlay-color":"","overlay-opacity":"","overlay-gradient":""}},"ast-content-background-meta":{"desktop":{"background-color":"var(--ast-global-color-5)","background-image":"","background-repeat":"repeat","background-position":"center center","background-size":"auto","background-attachment":"scroll","background-type":"","background-media":"","overlay-type":"","overlay-color":"","overlay-opacity":"","overlay-gradient":""},"tablet":{"background-color":"var(--ast-global-color-5)","background-image":"","background-repeat":"repeat","background-position":"center center","background-size":"auto","background-attachment":"scroll","background-type":"","background-media":"","overlay-type":"","overlay-color":"","overlay-opacity":"","overlay-gradient":""},"mobile":{"background-color":"var(--ast-global-color-5)","background-image":"","background-repeat":"repeat","background-position":"center center","background-size":"auto","background-attachment":"scroll","background-type":"","background-media":"","overlay-type":"","overlay-color":"","overlay-opacity":"","overlay-gradient":""}},"footnotes":""},"class_list":["post-1747","page","type-page","status-publish","hentry"],"acf":[],"jetpack_sharing_enabled":true,"_links":{"self":[{"href":"https:\/\/worlddancemovement.com\/fr\/wp-json\/wp\/v2\/pages\/1747","targetHints":{"allow":["GET"]}}],"collection":[{"href":"https:\/\/worlddancemovement.com\/fr\/wp-json\/wp\/v2\/pages"}],"about":[{"href":"https:\/\/worlddancemovement.com\/fr\/wp-json\/wp\/v2\/types\/page"}],"author":[{"embeddable":true,"href":"https:\/\/worlddancemovement.com\/fr\/wp-json\/wp\/v2\/users\/6"}],"replies":[{"embeddable":true,"href":"https:\/\/worlddancemovement.com\/fr\/wp-json\/wp\/v2\/comments?post=1747"}],"version-history":[{"count":10,"href":"https:\/\/worlddancemovement.com\/fr\/wp-json\/wp\/v2\/pages\/1747\/revisions"}],"predecessor-version":[{"id":3203,"href":"https:\/\/worlddancemovement.com\/fr\/wp-json\/wp\/v2\/pages\/1747\/revisions\/3203"}],"up":[{"embeddable":true,"href":"https:\/\/worlddancemovement.com\/fr\/wp-json\/wp\/v2\/pages\/1562"}],"wp:attachment":[{"href":"https:\/\/worlddancemovement.com\/fr\/wp-json\/wp\/v2\/media?parent=1747"}],"curies":[{"name":"wp","href":"https:\/\/api.w.org\/{rel}","templated":true}]}}