{"id":17572,"date":"2024-10-31T19:54:41","date_gmt":"2024-10-31T19:54:41","guid":{"rendered":"https:\/\/worlddancemovement.com\/?page_id=17572"},"modified":"2024-10-31T20:04:05","modified_gmt":"2024-10-31T20:04:05","slug":"terry-beeman","status":"publish","type":"page","link":"https:\/\/worlddancemovement.com\/fr\/faculty\/terry-beeman\/","title":{"rendered":"Terry Beeman"},"content":{"rendered":"<div data-elementor-type=\"wp-page\" data-elementor-id=\"17572\" class=\"elementor elementor-17572\" data-elementor-post-type=\"page\">\n\t\t\t\t\t\t<section class=\"elementor-section elementor-top-section elementor-element elementor-element-94ec49d elementor-section-full_width elementor-section-height-min-height elementor-section-height-default elementor-section-items-middle\" data-id=\"94ec49d\" data-element_type=\"section\" data-e-type=\"section\" data-settings=\"{&quot;background_background&quot;:&quot;classic&quot;}\">\n\t\t\t\t\t\t\t<div class=\"elementor-background-overlay\"><\/div>\n\t\t\t\t\t\t\t<div class=\"elementor-container elementor-column-gap-no\">\n\t\t\t\t\t<div class=\"elementor-column elementor-col-100 elementor-top-column elementor-element elementor-element-8268956\" data-id=\"8268956\" data-element_type=\"column\" data-e-type=\"column\">\n\t\t\t<div class=\"elementor-widget-wrap elementor-element-populated\">\n\t\t\t\t\t\t<div class=\"elementor-element elementor-element-5016628 elementor-widget elementor-widget-heading\" data-id=\"5016628\" data-element_type=\"widget\" data-e-type=\"widget\" data-widget_type=\"heading.default\">\n\t\t\t\t<div class=\"elementor-widget-container\">\n\t\t\t\t\t<h2 class=\"elementor-heading-title elementor-size-default\">Terry Beeman\n<\/h2>\t\t\t\t<\/div>\n\t\t\t\t<\/div>\n\t\t\t\t<div class=\"elementor-element elementor-element-a86216f elementor-widget-divider--view-line elementor-widget elementor-widget-divider\" data-id=\"a86216f\" data-element_type=\"widget\" data-e-type=\"widget\" data-widget_type=\"divider.default\">\n\t\t\t\t<div class=\"elementor-widget-container\">\n\t\t\t\t\t\t\t<div class=\"elementor-divider\">\n\t\t\t<span class=\"elementor-divider-separator\">\n\t\t\t\t\t\t<\/span>\n\t\t<\/div>\n\t\t\t\t\t\t<\/div>\n\t\t\t\t<\/div>\n\t\t\t\t\t<\/div>\n\t\t<\/div>\n\t\t\t\t\t<\/div>\n\t\t<\/section>\n\t\t\t\t<section class=\"elementor-section elementor-top-section elementor-element elementor-element-bdd1952 elementor-section-boxed elementor-section-height-default elementor-section-height-default\" data-id=\"bdd1952\" data-element_type=\"section\" data-e-type=\"section\">\n\t\t\t\t\t\t<div class=\"elementor-container elementor-column-gap-default\">\n\t\t\t\t\t<div class=\"elementor-column elementor-col-100 elementor-top-column elementor-element elementor-element-9b1280c\" data-id=\"9b1280c\" data-element_type=\"column\" data-e-type=\"column\">\n\t\t\t<div class=\"elementor-widget-wrap elementor-element-populated\">\n\t\t\t\t\t\t<div class=\"elementor-element elementor-element-fea0f3f elementor-widget elementor-widget-heading\" data-id=\"fea0f3f\" data-element_type=\"widget\" data-e-type=\"widget\" data-widget_type=\"heading.default\">\n\t\t\t\t<div class=\"elementor-widget-container\">\n\t\t\t\t\t<h2 class=\"elementor-heading-title elementor-size-default\"><span style=\"font-style: normal;clear: both;line-height: 1.3em;font-family: Oswald, sans-serif;white-space: normal\">TERRY BEEMAN&nbsp;<font color=\"#000000\" style=\"font-size: 26px\"><span style=\"font-size: 26px\"><\/span><\/font>- \ud83c\uddfa\ud83c\uddf8 \u00c9TATS-UNIS<span style=\"font-family: Helvetica, sans-serif;font-size: 26px;font-weight: 600;white-space: pre-wrap\"><\/span><br><\/span><\/h2>\t\t\t\t<\/div>\n\t\t\t\t<\/div>\n\t\t\t\t<div class=\"elementor-element elementor-element-d241cb2 elementor-widget elementor-widget-gallery\" data-id=\"d241cb2\" data-element_type=\"widget\" data-e-type=\"widget\" data-settings=\"{&quot;columns&quot;:3,&quot;lazyload&quot;:&quot;yes&quot;,&quot;gallery_layout&quot;:&quot;grid&quot;,&quot;columns_tablet&quot;:2,&quot;columns_mobile&quot;:1,&quot;gap&quot;:{&quot;unit&quot;:&quot;px&quot;,&quot;size&quot;:10,&quot;sizes&quot;:[]},&quot;gap_tablet&quot;:{&quot;unit&quot;:&quot;px&quot;,&quot;size&quot;:10,&quot;sizes&quot;:[]},&quot;gap_mobile&quot;:{&quot;unit&quot;:&quot;px&quot;,&quot;size&quot;:10,&quot;sizes&quot;:[]},&quot;link_to&quot;:&quot;file&quot;,&quot;aspect_ratio&quot;:&quot;3:2&quot;,&quot;overlay_background&quot;:&quot;yes&quot;,&quot;content_hover_animation&quot;:&quot;fade-in&quot;}\" data-widget_type=\"gallery.default\">\n\t\t\t\t<div class=\"elementor-widget-container\">\n\t\t\t\t\t\t\t<div class=\"elementor-gallery__container\">\n\t\t\t\t\t\t\t<a class=\"e-gallery-item elementor-gallery-item elementor-animated-content\" href=\"https:\/\/worlddancemovement.com\/wp-content\/uploads\/2024\/10\/Terry-Beeman-3.heic\" data-elementor-open-lightbox=\"yes\" data-elementor-lightbox-slideshow=\"d241cb2\" data-elementor-lightbox-title=\"Terry Beeman-3\" data-e-action-hash=\"#elementor-action%3Aaction%3Dlightbox%26settings%3DeyJpZCI6MTc1NzgsInVybCI6Imh0dHBzOlwvXC93b3JsZGRhbmNlbW92ZW1lbnQuY29tXC93cC1jb250ZW50XC91cGxvYWRzXC8yMDI0XC8xMFwvVGVycnktQmVlbWFuLTMuaGVpYyIsInNsaWRlc2hvdyI6ImQyNDFjYjIifQ%3D%3D\">\n\t\t\t\t\t<div class=\"e-gallery-image elementor-gallery-item__image\" data-thumbnail=\"https:\/\/worlddancemovement.com\/wp-content\/uploads\/2024\/10\/Terry-Beeman-3.heic\" data-width=\"1\" data-height=\"1\" aria-label=\"\" role=\"img\" ><\/div>\n\t\t\t\t\t\t\t\t\t\t\t<div class=\"elementor-gallery-item__overlay\"><\/div>\n\t\t\t\t\t\t\t\t\t\t\t\t\t\t<\/a>\n\t\t\t\t\t\t\t<a class=\"e-gallery-item elementor-gallery-item elementor-animated-content\" href=\"https:\/\/worlddancemovement.com\/wp-content\/uploads\/2024\/10\/Terry-Beeman-2.heic\" data-elementor-open-lightbox=\"yes\" data-elementor-lightbox-slideshow=\"d241cb2\" data-elementor-lightbox-title=\"Terry Beeman\" data-e-action-hash=\"#elementor-action%3Aaction%3Dlightbox%26settings%3DeyJpZCI6MTc1NzcsInVybCI6Imh0dHBzOlwvXC93b3JsZGRhbmNlbW92ZW1lbnQuY29tXC93cC1jb250ZW50XC91cGxvYWRzXC8yMDI0XC8xMFwvVGVycnktQmVlbWFuLTIuaGVpYyIsInNsaWRlc2hvdyI6ImQyNDFjYjIifQ%3D%3D\">\n\t\t\t\t\t<div class=\"e-gallery-image elementor-gallery-item__image\" data-thumbnail=\"https:\/\/worlddancemovement.com\/wp-content\/uploads\/2024\/10\/Terry-Beeman-2.heic\" data-width=\"1\" data-height=\"1\" aria-label=\"Terry Beeman\" role=\"img\" ><\/div>\n\t\t\t\t\t\t\t\t\t\t\t<div class=\"elementor-gallery-item__overlay\"><\/div>\n\t\t\t\t\t\t\t\t\t\t\t\t\t\t<\/a>\n\t\t\t\t\t\t\t<a class=\"e-gallery-item elementor-gallery-item elementor-animated-content\" href=\"https:\/\/worlddancemovement.com\/wp-content\/uploads\/2024\/10\/Terry-Beeman-4.heic\" data-elementor-open-lightbox=\"yes\" data-elementor-lightbox-slideshow=\"d241cb2\" data-elementor-lightbox-title=\"Terry Beeman-4\" data-e-action-hash=\"#elementor-action%3Aaction%3Dlightbox%26settings%3DeyJpZCI6MTc1NzksInVybCI6Imh0dHBzOlwvXC93b3JsZGRhbmNlbW92ZW1lbnQuY29tXC93cC1jb250ZW50XC91cGxvYWRzXC8yMDI0XC8xMFwvVGVycnktQmVlbWFuLTQuaGVpYyIsInNsaWRlc2hvdyI6ImQyNDFjYjIifQ%3D%3D\">\n\t\t\t\t\t<div class=\"e-gallery-image elementor-gallery-item__image\" data-thumbnail=\"https:\/\/worlddancemovement.com\/wp-content\/uploads\/2024\/10\/Terry-Beeman-4.heic\" data-width=\"1\" data-height=\"1\" aria-label=\"\" role=\"img\" ><\/div>\n\t\t\t\t\t\t\t\t\t\t\t<div class=\"elementor-gallery-item__overlay\"><\/div>\n\t\t\t\t\t\t\t\t\t\t\t\t\t\t<\/a>\n\t\t\t\t\t<\/div>\n\t\t\t\t\t<\/div>\n\t\t\t\t<\/div>\n\t\t\t\t<div class=\"elementor-element elementor-element-9164b74 elementor-widget elementor-widget-text-editor\" data-id=\"9164b74\" data-element_type=\"widget\" data-e-type=\"widget\" data-widget_type=\"text-editor.default\">\n\t\t\t\t<div class=\"elementor-widget-container\">\n\t\t\t\t\t\t\t\t\t<div><div data-animation-override=\"\" data-width-percentage=\"27.5\"><p>Terry Beeman est un danseur, chor\u00e9graphe, metteur en sc\u00e8ne, acrobate a\u00e9rien et professeur renomm\u00e9 dont le nom r\u00e9sonne avec gr\u00e2ce, art et passion. Les nombreux talents de Terry lui ouvrent les connaissances qui vont au-del\u00e0 de la danse et de la chor\u00e9graphie, mais aussi du travail a\u00e9rien et des cascades, du jeu d&#039;acteur, de la mise en sc\u00e8ne, de la narration, de la production, du montage et de la conception de costumes.<\/p><p>Terry a dans\u00e9 pendant des ann\u00e9es avec les plus grandes stars de l&#039;industrie musicale, a fait des tourn\u00e9es mondiales avec Whitney Houston, Paula Abdul et Mariah Carey. Sur sc\u00e8ne et en vid\u00e9o avec C\u00e9line Dion, J-Lo, EnVogue, Reba McEntire, Josh Groban, Natalie Cole, Karen White, Toad the Wet Sprocket, Taylor Dayne et Debbie Allen pour n&#039;en citer que quelques-unes. Terry reste tr\u00e8s actif sur la sc\u00e8ne hollywoodienne en apparaissant dans des films, Batman and Robin, Eraser, Confession of an Action Star, Jackass Number Two et son r\u00f4le de Felix dans le classique culte Showgirls. Son Emmy Award vient de sa contribution \u00e0 la chor\u00e9graphie de Dolly Parton&#039;s Christmas on the Square r\u00e9alis\u00e9 par Mme Debbie Allen.<\/p><p>Fran\u00e7aisDes \u00e9missions de t\u00e9l\u00e9vision incluent Grey&#039;s Anatomy, Fame LA, 3rd Rock from the Sun, Nikki, Murder she Wrote et la comp\u00e9tition de t\u00e9l\u00e9r\u00e9alit\u00e9 Fame. Danser lors des plus grandes soir\u00e9es d&#039;Hollywood avec des c\u00e9l\u00e9brit\u00e9s pour les Oscars (5 ann\u00e9es cons\u00e9cutives), les American Music Awards, les Emmys, les Grammys et les MTV Music Awards. Des publicit\u00e9s nationales pour Pepsi, Diet Coke, Miller Beer Lite, Target, les camions GMC Envoy, Verizon, Visa Card et Radio Shack. En m\u00eame temps, ce v\u00e9ritable ma\u00eetre professeur de danse et de danse a\u00e9rienne parcourt le monde pour enseigner dans de grandes villes comme Paris, Prague, Tokyo, New York City et Los Angeles. De beaux pays comme l&#039;Inde, l&#039;Italie, le Mexique, le Canada, l&#039;Australie et l&#039;Europe.<\/p><p>Alors qu&#039;il fait la une des magazines Dance Spirit, Vogue et de nombreux magazines italiens en raison de sa c\u00e9l\u00e9brit\u00e9, il danse avec Heather Parisi dans Fantastico 8, Sta Sera Lino, Finalmente Venerdi et Lorella Cuccarini dans A Tutta Festa. Actuellement, Terry assiste Debbie Allen lors de la tourn\u00e9e de No\u00ebl 2024 de Mariah Carey et est chor\u00e9graphe pour The Motown Christmas Special. Au cours de ses 30 ann\u00e9es d&#039;entra\u00eenement et d&#039;enseignement de la danse et des arts a\u00e9riens, Terry Beeman a \u00e9tabli un standard de qualit\u00e9 qui surpasse la plupart des autres. Le LATimes affirme que Terry Beeman vous donnera son c\u0153ur et vous fera y croire.<\/p><\/div><\/div><div><div data-animation-override=\"\" data-width-percentage=\"27.5\"><h4 style=\"font-size: 1.111111rem; font-style: normal;\"><b>Pour apprendre plus:<\/b><\/h4><div><a href=\"https:\/\/www.instagram.com\/mrterrybeeman\/\" target=\"_blank\" rel=\"noopener\">L&#039;INSTAGRAM DE TERRY<\/a><\/div><\/div><\/div>\t\t\t\t\t\t\t\t<\/div>\n\t\t\t\t<\/div>\n\t\t\t\t\t<\/div>\n\t\t<\/div>\n\t\t\t\t\t<\/div>\n\t\t<\/section>\n\t\t\t\t<\/div>","protected":false},"excerpt":{"rendered":"<p>Terry beeman TERRY BEEMAN&nbsp;&#8211; \ud83c\uddfa\ud83c\uddf8 UNITED STATES Terry Beeman is a renowned Dancer, Choreographer, Director, Aerialist and Master Teacher whose name resonates with grace, artistry and passion. Terry&#8217;s many talents open him to the knowledge that extends beyond just dance and choreography but into aerial and stunt work, acting, directing, narrating, producing, editing and costume [&hellip;]<\/p>\n","protected":false},"author":40,"featured_media":0,"parent":1562,"menu_order":0,"comment_status":"closed","ping_status":"closed","template":"","meta":{"_acf_changed":false,"site-sidebar-layout":"no-sidebar","site-content-layout":"page-builder","ast-site-content-layout":"default","site-content-style":"default","site-sidebar-style":"default","ast-global-header-display":"","ast-banner-title-visibility":"","ast-main-header-display":"","ast-hfb-above-header-display":"","ast-hfb-below-header-display":"","ast-hfb-mobile-header-display":"","site-post-title":"disabled","ast-breadcrumbs-content":"","ast-featured-img":"disabled","footer-sml-layout":"","ast-disable-related-posts":"","theme-transparent-header-meta":"default","adv-header-id-meta":"","stick-header-meta":"default","header-above-stick-meta":"","header-main-stick-meta":"","header-below-stick-meta":"","astra-migrate-meta-layouts":"default","ast-page-background-enabled":"default","ast-page-background-meta":{"desktop":{"background-color":"","background-image":"","background-repeat":"repeat","background-position":"center center","background-size":"auto","background-attachment":"scroll","background-type":"","background-media":"","overlay-type":"","overlay-color":"","overlay-opacity":"","overlay-gradient":""},"tablet":{"background-color":"","background-image":"","background-repeat":"repeat","background-position":"center center","background-size":"auto","background-attachment":"scroll","background-type":"","background-media":"","overlay-type":"","overlay-color":"","overlay-opacity":"","overlay-gradient":""},"mobile":{"background-color":"","background-image":"","background-repeat":"repeat","background-position":"center center","background-size":"auto","background-attachment":"scroll","background-type":"","background-media":"","overlay-type":"","overlay-color":"","overlay-opacity":"","overlay-gradient":""}},"ast-content-background-meta":{"desktop":{"background-color":"var(--ast-global-color-5)","background-image":"","background-repeat":"repeat","background-position":"center center","background-size":"auto","background-attachment":"scroll","background-type":"","background-media":"","overlay-type":"","overlay-color":"","overlay-opacity":"","overlay-gradient":""},"tablet":{"background-color":"var(--ast-global-color-5)","background-image":"","background-repeat":"repeat","background-position":"center center","background-size":"auto","background-attachment":"scroll","background-type":"","background-media":"","overlay-type":"","overlay-color":"","overlay-opacity":"","overlay-gradient":""},"mobile":{"background-color":"var(--ast-global-color-5)","background-image":"","background-repeat":"repeat","background-position":"center center","background-size":"auto","background-attachment":"scroll","background-type":"","background-media":"","overlay-type":"","overlay-color":"","overlay-opacity":"","overlay-gradient":""}},"footnotes":""},"class_list":["post-17572","page","type-page","status-publish","hentry"],"acf":[],"jetpack_sharing_enabled":true,"_links":{"self":[{"href":"https:\/\/worlddancemovement.com\/fr\/wp-json\/wp\/v2\/pages\/17572","targetHints":{"allow":["GET"]}}],"collection":[{"href":"https:\/\/worlddancemovement.com\/fr\/wp-json\/wp\/v2\/pages"}],"about":[{"href":"https:\/\/worlddancemovement.com\/fr\/wp-json\/wp\/v2\/types\/page"}],"author":[{"embeddable":true,"href":"https:\/\/worlddancemovement.com\/fr\/wp-json\/wp\/v2\/users\/40"}],"replies":[{"embeddable":true,"href":"https:\/\/worlddancemovement.com\/fr\/wp-json\/wp\/v2\/comments?post=17572"}],"version-history":[{"count":7,"href":"https:\/\/worlddancemovement.com\/fr\/wp-json\/wp\/v2\/pages\/17572\/revisions"}],"predecessor-version":[{"id":17596,"href":"https:\/\/worlddancemovement.com\/fr\/wp-json\/wp\/v2\/pages\/17572\/revisions\/17596"}],"up":[{"embeddable":true,"href":"https:\/\/worlddancemovement.com\/fr\/wp-json\/wp\/v2\/pages\/1562"}],"wp:attachment":[{"href":"https:\/\/worlddancemovement.com\/fr\/wp-json\/wp\/v2\/media?parent=17572"}],"curies":[{"name":"wp","href":"https:\/\/api.w.org\/{rel}","templated":true}]}}