{"id":1801,"date":"2021-01-01T15:50:33","date_gmt":"2021-01-01T15:50:33","guid":{"rendered":"https:\/\/migrate.worlddancemovement.com\/?page_id=1801"},"modified":"2023-10-05T23:08:53","modified_gmt":"2023-10-05T23:08:53","slug":"jason-parsons","status":"publish","type":"page","link":"https:\/\/worlddancemovement.com\/fr\/faculty\/jason-parsons\/","title":{"rendered":"JASON PARSONS"},"content":{"rendered":"<div data-elementor-type=\"wp-page\" data-elementor-id=\"1801\" class=\"elementor elementor-1801\" data-elementor-post-type=\"page\">\n\t\t\t\t\t\t<section class=\"elementor-section elementor-top-section elementor-element elementor-element-94ec49d elementor-section-full_width elementor-section-height-min-height elementor-section-height-default elementor-section-items-middle\" data-id=\"94ec49d\" data-element_type=\"section\" data-e-type=\"section\" data-settings=\"{&quot;background_background&quot;:&quot;classic&quot;}\">\n\t\t\t\t\t\t\t<div class=\"elementor-background-overlay\"><\/div>\n\t\t\t\t\t\t\t<div class=\"elementor-container elementor-column-gap-no\">\n\t\t\t\t\t<div class=\"elementor-column elementor-col-100 elementor-top-column elementor-element elementor-element-8268956\" data-id=\"8268956\" data-element_type=\"column\" data-e-type=\"column\">\n\t\t\t<div class=\"elementor-widget-wrap elementor-element-populated\">\n\t\t\t\t\t\t<div class=\"elementor-element elementor-element-5016628 elementor-widget elementor-widget-heading\" data-id=\"5016628\" data-element_type=\"widget\" data-e-type=\"widget\" data-widget_type=\"heading.default\">\n\t\t\t\t<div class=\"elementor-widget-container\">\n\t\t\t\t\t<h2 class=\"elementor-heading-title elementor-size-default\">JASON PARSONS\n<\/h2>\t\t\t\t<\/div>\n\t\t\t\t<\/div>\n\t\t\t\t<div class=\"elementor-element elementor-element-a86216f elementor-widget-divider--view-line elementor-widget elementor-widget-divider\" data-id=\"a86216f\" data-element_type=\"widget\" data-e-type=\"widget\" data-widget_type=\"divider.default\">\n\t\t\t\t<div class=\"elementor-widget-container\">\n\t\t\t\t\t\t\t<div class=\"elementor-divider\">\n\t\t\t<span class=\"elementor-divider-separator\">\n\t\t\t\t\t\t<\/span>\n\t\t<\/div>\n\t\t\t\t\t\t<\/div>\n\t\t\t\t<\/div>\n\t\t\t\t\t<\/div>\n\t\t<\/div>\n\t\t\t\t\t<\/div>\n\t\t<\/section>\n\t\t\t\t<section class=\"elementor-section elementor-top-section elementor-element elementor-element-a2d6cca elementor-section-full_width elementor-section-height-default elementor-section-height-default\" data-id=\"a2d6cca\" data-element_type=\"section\" data-e-type=\"section\">\n\t\t\t\t\t\t<div class=\"elementor-container elementor-column-gap-default\">\n\t\t\t\t\t<div class=\"elementor-column elementor-col-100 elementor-top-column elementor-element elementor-element-a45c6d3\" data-id=\"a45c6d3\" data-element_type=\"column\" data-e-type=\"column\">\n\t\t\t<div class=\"elementor-widget-wrap elementor-element-populated\">\n\t\t\t\t\t\t<div class=\"elementor-element elementor-element-f854b1f elementor-widget elementor-widget-heading\" data-id=\"f854b1f\" data-element_type=\"widget\" data-e-type=\"widget\" data-widget_type=\"heading.default\">\n\t\t\t\t<div class=\"elementor-widget-container\">\n\t\t\t\t\t<h2 class=\"elementor-heading-title elementor-size-default\">USA \/ Classe : Modern Jazz\n\n\n\n\n\n\n\n\n\n\n\n<\/h2>\t\t\t\t<\/div>\n\t\t\t\t<\/div>\n\t\t\t\t<div class=\"elementor-element elementor-element-3947f8e elementor-widget elementor-widget-text-editor\" data-id=\"3947f8e\" data-element_type=\"widget\" data-e-type=\"widget\" data-widget_type=\"text-editor.default\">\n\t\t\t\t<div class=\"elementor-widget-container\">\n\t\t\t\t\t\t\t\t\t<ul><li>Jason a cr\u00e9\u00e9 des \u0153uvres pour SALT 2, Bad Boys of Dance de Rasta Thomas, Willow Oak Contemporary Ballet, Odyssey, HoustonMet et Evolution Dance Company.\u00a0<\/li><li>\u00c0 l&#039;\u00e9chelle internationale, son travail a \u00e9t\u00e9 jou\u00e9 au Festival de la Biennale de Gwang Ju (Cor\u00e9e du Sud), \u00e0 Baudelaire (Japon), \u00e0 Artedanza (Italie), aux Nokia Awards (R\u00e9p. tch\u00e8que), au Minjockchoom Cultural Festival (Cor\u00e9e du Sud), \u00e0 Puglia Danza (Italie) et au Festival de danse jazz contemporaine de S\u00e9oul (Cor\u00e9e du Sud).\u00a0<\/li><li>Jason a \u00e9galement collabor\u00e9 avec l&#039;artiste italienne Elena Parisi pour cr\u00e9er une installation \u00e9mouvante pour sa premi\u00e8re exposition \u00e0 Milan, en Italie.\u00a0<\/li><li>Depuis f\u00e9vrier 2008, Jason cr\u00e9e et cr\u00e9e des \u0153uvres de concert compl\u00e8tes pour lui-m\u00eame et sa troupe de danseurs. Jason et ses danseurs se sont produits \u00e0 New York au Joyce Theatre, au Cedar Lake Theatre, au Joyce Soho, au Peridance&#039;s Salvatore Capezio Theatre, \u00e0 Dixon Place, au Manhattan Movement and Art Center, \u00e0 Alvin Ailey et pour l&#039;APAP au Carnegie Hall.\u00a0<\/li><li>En juillet 2015, Jason a cr\u00e9\u00e9 une \u0153uvre de danse collaborative de vingt-cinq minutes avec la chor\u00e9graphe Lauren Adams au Dancepalooza25 LIVE \u00e0 Long Beach, en Californie.\u00a0<\/li><li>Il a cr\u00e9\u00e9 deux \u0153uvres originales intitul\u00e9es \u00ab Eyes Swallow As You Take Me In \u00bb et \u00ab I Hehe Your Colors \u00bb pour la tourn\u00e9e canadienne 2015-2016 de Toes for Dance (Toronto Outreach and Exchange Strategy).\u00a0<\/li><li>En mai 2016, il cr\u00e9e une nouvelle \u0153uvre intitul\u00e9e \u00ab\u00a0ma bouche, ton murmure\u00a0\u00bb dont la premi\u00e8re a eu lieu au Diavolo Space de Los Angeles.\u00a0<\/li><li>En tant qu&#039;interpr\u00e8te, Jason est pr\u00e9sent\u00e9 dans le film de danse \u00ab Movement One \u00bb. Il \u00e9tait un artiste vedette de l&#039;\u00e9mission \u00ab Moments Defined \u00bb de Stacey Tookey. En juillet 2016, il a \u00e9t\u00e9 l&#039;un des artistes vedettes de \u00ab Hollow Suit \u00bb de Travis Wall.\u00a0<\/li><li>Jason fait partie du corps professoral de Nuvo Dance Convention et a \u00e9t\u00e9 membre du corps professoral de Steps on Broadway, Peridance et Broadway Dance Center \u00e0 New York. En tant que ma\u00eetre enseignant, il a enseign\u00e9 aux \u00c9tats-Unis, au Canada, aux Pays-Bas, en Angleterre, en Italie, au Japon, en Cor\u00e9e du Sud, au Costa Rica, \u00e0 Cypress et en R\u00e9publique tch\u00e8que.<\/li><\/ul><p>\u00a0<\/p>\t\t\t\t\t\t\t\t<\/div>\n\t\t\t\t<\/div>\n\t\t\t\t\t<\/div>\n\t\t<\/div>\n\t\t\t\t\t<\/div>\n\t\t<\/section>\n\t\t\t\t<\/div>","protected":false},"excerpt":{"rendered":"<p>JASON PARSONS USA \/ Class: Modern Jazz Jason has created work for SALT 2, Rasta Thomas&#8217;s Bad Boys of Dance, Willow Oak Contemporary Ballet, Odyssey, HoustonMet and the Evolution Dance Company.\u00a0 Internationally his work has been performed at the Gwang Ju Biennale Festival (South Korea), Baudelaire (Japan), Artedanza (Italy), Nokia Awards (Czech Rep.), Minjockchoom Cultural [&hellip;]<\/p>\n","protected":false},"author":6,"featured_media":0,"parent":1562,"menu_order":0,"comment_status":"closed","ping_status":"closed","template":"","meta":{"_acf_changed":false,"site-sidebar-layout":"no-sidebar","site-content-layout":"page-builder","ast-site-content-layout":"default","site-content-style":"default","site-sidebar-style":"default","ast-global-header-display":"","ast-banner-title-visibility":"","ast-main-header-display":"","ast-hfb-above-header-display":"","ast-hfb-below-header-display":"","ast-hfb-mobile-header-display":"","site-post-title":"disabled","ast-breadcrumbs-content":"","ast-featured-img":"disabled","footer-sml-layout":"","ast-disable-related-posts":"","theme-transparent-header-meta":"default","adv-header-id-meta":"","stick-header-meta":"default","header-above-stick-meta":"","header-main-stick-meta":"","header-below-stick-meta":"","astra-migrate-meta-layouts":"default","ast-page-background-enabled":"default","ast-page-background-meta":{"desktop":{"background-color":"","background-image":"","background-repeat":"repeat","background-position":"center center","background-size":"auto","background-attachment":"scroll","background-type":"","background-media":"","overlay-type":"","overlay-color":"","overlay-opacity":"","overlay-gradient":""},"tablet":{"background-color":"","background-image":"","background-repeat":"repeat","background-position":"center center","background-size":"auto","background-attachment":"scroll","background-type":"","background-media":"","overlay-type":"","overlay-color":"","overlay-opacity":"","overlay-gradient":""},"mobile":{"background-color":"","background-image":"","background-repeat":"repeat","background-position":"center center","background-size":"auto","background-attachment":"scroll","background-type":"","background-media":"","overlay-type":"","overlay-color":"","overlay-opacity":"","overlay-gradient":""}},"ast-content-background-meta":{"desktop":{"background-color":"var(--ast-global-color-5)","background-image":"","background-repeat":"repeat","background-position":"center center","background-size":"auto","background-attachment":"scroll","background-type":"","background-media":"","overlay-type":"","overlay-color":"","overlay-opacity":"","overlay-gradient":""},"tablet":{"background-color":"var(--ast-global-color-5)","background-image":"","background-repeat":"repeat","background-position":"center center","background-size":"auto","background-attachment":"scroll","background-type":"","background-media":"","overlay-type":"","overlay-color":"","overlay-opacity":"","overlay-gradient":""},"mobile":{"background-color":"var(--ast-global-color-5)","background-image":"","background-repeat":"repeat","background-position":"center center","background-size":"auto","background-attachment":"scroll","background-type":"","background-media":"","overlay-type":"","overlay-color":"","overlay-opacity":"","overlay-gradient":""}},"footnotes":""},"class_list":["post-1801","page","type-page","status-publish","hentry"],"acf":[],"jetpack_sharing_enabled":true,"_links":{"self":[{"href":"https:\/\/worlddancemovement.com\/fr\/wp-json\/wp\/v2\/pages\/1801","targetHints":{"allow":["GET"]}}],"collection":[{"href":"https:\/\/worlddancemovement.com\/fr\/wp-json\/wp\/v2\/pages"}],"about":[{"href":"https:\/\/worlddancemovement.com\/fr\/wp-json\/wp\/v2\/types\/page"}],"author":[{"embeddable":true,"href":"https:\/\/worlddancemovement.com\/fr\/wp-json\/wp\/v2\/users\/6"}],"replies":[{"embeddable":true,"href":"https:\/\/worlddancemovement.com\/fr\/wp-json\/wp\/v2\/comments?post=1801"}],"version-history":[{"count":10,"href":"https:\/\/worlddancemovement.com\/fr\/wp-json\/wp\/v2\/pages\/1801\/revisions"}],"predecessor-version":[{"id":13417,"href":"https:\/\/worlddancemovement.com\/fr\/wp-json\/wp\/v2\/pages\/1801\/revisions\/13417"}],"up":[{"embeddable":true,"href":"https:\/\/worlddancemovement.com\/fr\/wp-json\/wp\/v2\/pages\/1562"}],"wp:attachment":[{"href":"https:\/\/worlddancemovement.com\/fr\/wp-json\/wp\/v2\/media?parent=1801"}],"curies":[{"name":"wp","href":"https:\/\/api.w.org\/{rel}","templated":true}]}}