{"id":2118,"date":"2021-01-04T12:38:48","date_gmt":"2021-01-04T12:38:48","guid":{"rendered":"https:\/\/migrate.worlddancemovement.com\/?page_id=2118"},"modified":"2021-01-25T18:02:00","modified_gmt":"2021-01-25T18:02:00","slug":"elias-lazaridis","status":"publish","type":"page","link":"https:\/\/worlddancemovement.com\/fr\/faculty\/elias-lazaridis\/","title":{"rendered":"Elias Lazaridis"},"content":{"rendered":"<div data-elementor-type=\"wp-page\" data-elementor-id=\"2118\" class=\"elementor elementor-2118\" data-elementor-post-type=\"page\">\n\t\t\t\t\t\t<section class=\"elementor-section elementor-top-section elementor-element elementor-element-94ec49d elementor-section-full_width elementor-section-height-min-height elementor-section-height-default elementor-section-items-middle\" data-id=\"94ec49d\" data-element_type=\"section\" data-e-type=\"section\" data-settings=\"{&quot;background_background&quot;:&quot;classic&quot;}\">\n\t\t\t\t\t\t\t<div class=\"elementor-background-overlay\"><\/div>\n\t\t\t\t\t\t\t<div class=\"elementor-container elementor-column-gap-no\">\n\t\t\t\t\t<div class=\"elementor-column elementor-col-100 elementor-top-column elementor-element elementor-element-8268956\" data-id=\"8268956\" data-element_type=\"column\" data-e-type=\"column\">\n\t\t\t<div class=\"elementor-widget-wrap elementor-element-populated\">\n\t\t\t\t\t\t<div class=\"elementor-element elementor-element-5016628 elementor-widget elementor-widget-heading\" data-id=\"5016628\" data-element_type=\"widget\" data-e-type=\"widget\" data-widget_type=\"heading.default\">\n\t\t\t\t<div class=\"elementor-widget-container\">\n\t\t\t\t\t<h2 class=\"elementor-heading-title elementor-size-default\">Elias Lazaridis\n\n<\/h2>\t\t\t\t<\/div>\n\t\t\t\t<\/div>\n\t\t\t\t<div class=\"elementor-element elementor-element-a86216f elementor-widget-divider--view-line elementor-widget elementor-widget-divider\" data-id=\"a86216f\" data-element_type=\"widget\" data-e-type=\"widget\" data-widget_type=\"divider.default\">\n\t\t\t\t<div class=\"elementor-widget-container\">\n\t\t\t\t\t\t\t<div class=\"elementor-divider\">\n\t\t\t<span class=\"elementor-divider-separator\">\n\t\t\t\t\t\t<\/span>\n\t\t<\/div>\n\t\t\t\t\t\t<\/div>\n\t\t\t\t<\/div>\n\t\t\t\t\t<\/div>\n\t\t<\/div>\n\t\t\t\t\t<\/div>\n\t\t<\/section>\n\t\t\t\t<section class=\"elementor-section elementor-top-section elementor-element elementor-element-a2d6cca elementor-section-full_width elementor-section-height-default elementor-section-height-default\" data-id=\"a2d6cca\" data-element_type=\"section\" data-e-type=\"section\">\n\t\t\t\t\t\t<div class=\"elementor-container elementor-column-gap-default\">\n\t\t\t\t\t<div class=\"elementor-column elementor-col-100 elementor-top-column elementor-element elementor-element-a45c6d3\" data-id=\"a45c6d3\" data-element_type=\"column\" data-e-type=\"column\">\n\t\t\t<div class=\"elementor-widget-wrap elementor-element-populated\">\n\t\t\t\t\t\t<div class=\"elementor-element elementor-element-f854b1f elementor-widget elementor-widget-heading\" data-id=\"f854b1f\" data-element_type=\"widget\" data-e-type=\"widget\" data-widget_type=\"heading.default\">\n\t\t\t\t<div class=\"elementor-widget-container\">\n\t\t\t\t\t<h2 class=\"elementor-heading-title elementor-size-default\">Belgique \/ Classe : R\u00e9pertoire Eastman - Sidi Larbi Cherkaoui\n\n\n\n\n\n\n\n\n\n<\/h2>\t\t\t\t<\/div>\n\t\t\t\t<\/div>\n\t\t\t\t<div class=\"elementor-element elementor-element-3947f8e elementor-widget elementor-widget-text-editor\" data-id=\"3947f8e\" data-element_type=\"widget\" data-e-type=\"widget\" data-widget_type=\"text-editor.default\">\n\t\t\t\t<div class=\"elementor-widget-container\">\n\t\t\t\t\t\t\t\t\t<p>Elias Lazaridis est n\u00e9 \u00e0 Kavala, en Gr\u00e8ce, en 1981 et a commenc\u00e9 sa formation en ballet classique \u00e0 l&#039;\u00e2ge de huit ans. Il \u00e9tait \u00e9galement un athl\u00e8te et a particip\u00e9 \u00e0 des comp\u00e9titions internationales, remportant notamment des \u00e9preuves du 400 m haies. Il a \u00e9tudi\u00e9 l&#039;architecture \u00e0 Ath\u00e8nes, mais sa passion pour la danse est rest\u00e9e intacte et il a poursuivi sa formation en danse \u00e0 l&#039;\u00c9cole nationale de danse d&#039;Ath\u00e8nes. Il travaillait \u00e0 temps partiel pour l&#039;Op\u00e9ra national grec et adLibdances \/ Kat V\u00e1lastur. Plus tard, il s&#039;installe \u00e0 Bruxelles pour poursuivre ses \u00e9tudes \u00e0 PARTS (Anne Teresa de Keersmaeker) o\u00f9 il entre en contact avec diverses techniques contemporaines.<\/p><p>En 2007, Elias Lazaridis s&#039;installe \u00e0 Londres pour travailler comme danseur\/professeur de danse ind\u00e9pendant. Il a dans\u00e9 pour Hofesh Shechter (Uprising\/In your room) et Akram Khan (Vertical Road, Confluence, Londres 2012 Olympic Ceremony). Lazaridis a commenc\u00e9 \u00e0 travailler avec Sidi Larbi Cherkaoui en 2009. Il a jou\u00e9 entre autres dans Das Rheingold et \u751f\u957fgenesis. Il a \u00e9galement particip\u00e9 \u00e0 la premi\u00e8re partie du film Anna Kar\u00e9nine, r\u00e9alis\u00e9 par Joe Wright, dont Sidi Larbi Cherkaoui a assur\u00e9 la chor\u00e9graphie.<\/p><p>En 2014, Elias a dans\u00e9 dans Shell Shock, un op\u00e9ra de Nicholas Lens, Nick Cave et Sidi Larbi Cherkaoui, pour la comm\u00e9moration de la Grande Guerre. Plus tard, il collabore \u00e9galement comme danseur aux op\u00e9ras Les Indes Galantes (2016) et Satyagraha (2017), tous deux sous la direction de Sidi Larbi Cherkaoui. Avec Cherkaoui, il a travaill\u00e9 au G\u00f6teborgsOperans Danskompani en tant qu&#039;assistant chor\u00e9graphique (Noetic, 2014) et interpr\u00e8te (Icon, 2016).<\/p><p><a href=\"mailto:elias.lazaridis@east-man.be\" target=\"_blank\" rel=\"noopener\">elias.lazaridis@east-man.be<\/a><\/p><dl><dt>Assistante chor\u00e9graphie<\/dt><dd><a href=\"http:\/\/www.east-man.be\/en\/14\/69\/Noetic\" target=\"_blank\" rel=\"noopener\">No\u00e9tique<\/a><\/dd><dt>Danse<\/dt><dd><a href=\"http:\/\/www.east-man.be\/en\/14\/85\/Satyagraha\" target=\"_blank\" rel=\"noopener\">Satyagraha<\/a>,\u00a0<a href=\"http:\/\/www.east-man.be\/en\/14\/84\/Icon\" target=\"_blank\" rel=\"noopener\">Ic\u00f4ne<\/a>,\u00a0<a href=\"http:\/\/www.east-man.be\/en\/14\/83\/Les-Indes-Galantes\" target=\"_blank\" rel=\"noopener\">Les Indes Galantes<\/a>,\u00a0<a href=\"http:\/\/www.east-man.be\/en\/14\/71\/Shell-Shock-A-Requiem-of-War\" target=\"_blank\" rel=\"noopener\">Shell Shock, un requiem de guerre<\/a>,\u00a0<a href=\"http:\/\/www.east-man.be\/en\/14\/67\/genesis\" target=\"_blank\" rel=\"noopener\">\u751f\u957fgen\u00e8se<\/a>,\u00a0<a href=\"http:\/\/www.east-man.be\/en\/14\/63\/G%C3%B6tterd%C3%A4mmerung\" target=\"_blank\" rel=\"noopener\">G\u00f6tterd\u00e4mmerung<\/a>,\u00a0<a href=\"http:\/\/www.east-man.be\/en\/14\/61\/Anna-Karenina\" target=\"_blank\" rel=\"noopener\">Anna Kar\u00e9nine<\/a>,\u00a0<a href=\"http:\/\/www.east-man.be\/en\/14\/29\/Das-Rheingold\" target=\"_blank\" rel=\"noopener\">L&#039;or du Rhin<\/a><\/dd><dt>Directeur de r\u00e9p\u00e9tition<\/dt><dd><a href=\"http:\/\/www.east-man.be\/en\/14\/67\/genesis\" target=\"_blank\" rel=\"noopener\">\u751f\u957fgen\u00e8se<\/a><\/dd><dt>Deuxi\u00e8me casting<\/dt><dd><a href=\"http:\/\/www.east-man.be\/en\/14\/72\/Fractus-V\" target=\"_blank\" rel=\"noopener\">Fractus V<\/a>,\u00a0<a href=\"http:\/\/www.east-man.be\/en\/14\/12\/Puzzle\" target=\"_blank\" rel=\"noopener\">Puzzle<\/a>,\u00a0<a href=\"http:\/\/www.east-man.be\/en\/14\/20\/Babelwords\" target=\"_blank\" rel=\"noopener\">Babel (mots)<\/a><\/dd><\/dl>\t\t\t\t\t\t\t\t<\/div>\n\t\t\t\t<\/div>\n\t\t\t\t\t<\/div>\n\t\t<\/div>\n\t\t\t\t\t<\/div>\n\t\t<\/section>\n\t\t\t\t<\/div>","protected":false},"excerpt":{"rendered":"<p>Elias Lazaridis Belgium \/ Class: Eastman Repertory &#8211; Sidi Larbi Cherkaoui Elias Lazaridis was born in Kavala, Greece in 1981 and began his training in classical ballet at the age of eight. He was also an athlete and participated in international competitions, including winning 400m hurdle events. He studied architecture in Athens, but his passion [&hellip;]<\/p>\n","protected":false},"author":6,"featured_media":0,"parent":1562,"menu_order":0,"comment_status":"closed","ping_status":"closed","template":"","meta":{"_acf_changed":false,"site-sidebar-layout":"no-sidebar","site-content-layout":"page-builder","ast-site-content-layout":"default","site-content-style":"default","site-sidebar-style":"default","ast-global-header-display":"","ast-banner-title-visibility":"","ast-main-header-display":"","ast-hfb-above-header-display":"","ast-hfb-below-header-display":"","ast-hfb-mobile-header-display":"","site-post-title":"disabled","ast-breadcrumbs-content":"","ast-featured-img":"disabled","footer-sml-layout":"","ast-disable-related-posts":"","theme-transparent-header-meta":"default","adv-header-id-meta":"","stick-header-meta":"default","header-above-stick-meta":"","header-main-stick-meta":"","header-below-stick-meta":"","astra-migrate-meta-layouts":"default","ast-page-background-enabled":"default","ast-page-background-meta":{"desktop":{"background-color":"","background-image":"","background-repeat":"repeat","background-position":"center center","background-size":"auto","background-attachment":"scroll","background-type":"","background-media":"","overlay-type":"","overlay-color":"","overlay-opacity":"","overlay-gradient":""},"tablet":{"background-color":"","background-image":"","background-repeat":"repeat","background-position":"center center","background-size":"auto","background-attachment":"scroll","background-type":"","background-media":"","overlay-type":"","overlay-color":"","overlay-opacity":"","overlay-gradient":""},"mobile":{"background-color":"","background-image":"","background-repeat":"repeat","background-position":"center center","background-size":"auto","background-attachment":"scroll","background-type":"","background-media":"","overlay-type":"","overlay-color":"","overlay-opacity":"","overlay-gradient":""}},"ast-content-background-meta":{"desktop":{"background-color":"var(--ast-global-color-5)","background-image":"","background-repeat":"repeat","background-position":"center center","background-size":"auto","background-attachment":"scroll","background-type":"","background-media":"","overlay-type":"","overlay-color":"","overlay-opacity":"","overlay-gradient":""},"tablet":{"background-color":"var(--ast-global-color-5)","background-image":"","background-repeat":"repeat","background-position":"center center","background-size":"auto","background-attachment":"scroll","background-type":"","background-media":"","overlay-type":"","overlay-color":"","overlay-opacity":"","overlay-gradient":""},"mobile":{"background-color":"var(--ast-global-color-5)","background-image":"","background-repeat":"repeat","background-position":"center center","background-size":"auto","background-attachment":"scroll","background-type":"","background-media":"","overlay-type":"","overlay-color":"","overlay-opacity":"","overlay-gradient":""}},"footnotes":""},"class_list":["post-2118","page","type-page","status-publish","hentry"],"acf":[],"jetpack_sharing_enabled":true,"_links":{"self":[{"href":"https:\/\/worlddancemovement.com\/fr\/wp-json\/wp\/v2\/pages\/2118","targetHints":{"allow":["GET"]}}],"collection":[{"href":"https:\/\/worlddancemovement.com\/fr\/wp-json\/wp\/v2\/pages"}],"about":[{"href":"https:\/\/worlddancemovement.com\/fr\/wp-json\/wp\/v2\/types\/page"}],"author":[{"embeddable":true,"href":"https:\/\/worlddancemovement.com\/fr\/wp-json\/wp\/v2\/users\/6"}],"replies":[{"embeddable":true,"href":"https:\/\/worlddancemovement.com\/fr\/wp-json\/wp\/v2\/comments?post=2118"}],"version-history":[{"count":10,"href":"https:\/\/worlddancemovement.com\/fr\/wp-json\/wp\/v2\/pages\/2118\/revisions"}],"predecessor-version":[{"id":3629,"href":"https:\/\/worlddancemovement.com\/fr\/wp-json\/wp\/v2\/pages\/2118\/revisions\/3629"}],"up":[{"embeddable":true,"href":"https:\/\/worlddancemovement.com\/fr\/wp-json\/wp\/v2\/pages\/1562"}],"wp:attachment":[{"href":"https:\/\/worlddancemovement.com\/fr\/wp-json\/wp\/v2\/media?parent=2118"}],"curies":[{"name":"wp","href":"https:\/\/api.w.org\/{rel}","templated":true}]}}