{"id":3,"date":"2020-12-10T14:14:10","date_gmt":"2020-12-10T14:14:10","guid":{"rendered":"http:\/?page_id=3"},"modified":"2021-12-09T19:41:39","modified_gmt":"2021-12-09T19:41:39","slug":"privacy-policy","status":"publish","type":"page","link":"https:\/\/worlddancemovement.com\/fr\/privacy-policy\/","title":{"rendered":"politique de confidentialit\u00e9"},"content":{"rendered":"<div data-elementor-type=\"wp-page\" data-elementor-id=\"3\" class=\"elementor elementor-3\" data-elementor-post-type=\"page\">\n\t\t\t\t\t\t<section class=\"elementor-section elementor-top-section elementor-element elementor-element-27597002 elementor-section-boxed elementor-section-height-default elementor-section-height-default\" data-id=\"27597002\" data-element_type=\"section\" data-e-type=\"section\" data-settings=\"{&quot;background_background&quot;:&quot;classic&quot;}\">\n\t\t\t\t\t\t<div class=\"elementor-container elementor-column-gap-default\">\n\t\t\t\t\t<div class=\"elementor-column elementor-col-100 elementor-top-column elementor-element elementor-element-326cdbaa\" data-id=\"326cdbaa\" data-element_type=\"column\" data-e-type=\"column\">\n\t\t\t<div class=\"elementor-widget-wrap elementor-element-populated\">\n\t\t\t\t\t\t<div class=\"elementor-element elementor-element-24ce777 elementor-widget elementor-widget-heading\" data-id=\"24ce777\" data-element_type=\"widget\" data-e-type=\"widget\" data-widget_type=\"heading.default\">\n\t\t\t\t<div class=\"elementor-widget-container\">\n\t\t\t\t\t<h2 class=\"elementor-heading-title elementor-size-default\">politique de confidentialit\u00e9<\/h2>\t\t\t\t<\/div>\n\t\t\t\t<\/div>\n\t\t\t\t<div class=\"elementor-element elementor-element-039181a elementor-widget elementor-widget-text-editor\" data-id=\"039181a\" data-element_type=\"widget\" data-e-type=\"widget\" data-widget_type=\"text-editor.default\">\n\t\t\t\t<div class=\"elementor-widget-container\">\n\t\t\t\t\t\t\t\t\t<p>Bienvenue sur les sites Web Tezoro Productions LIVE situ\u00e9s \u00e0 <a href=\"https:\/\/worlddancemovement.com\/fr\/\">tezoroproductions.com<\/a>, <a href=\"https:\/\/worlddancemovement.com\/fr\/\">worlddancemovement.com<\/a> et site partenaire, stagedoorworkshops.com (les \u00ab Sites \u00bb). Nous souhaitons que vous vous sentiez \u00e0 l&#039;aise en utilisant les Sites, c&#039;est pourquoi nous avons cr\u00e9\u00e9 cette Politique de confidentialit\u00e9 pour vous informer quelles informations nous pouvons collecter aupr\u00e8s de vous sur les Sites et comment nous pouvons utiliser ces informations. Veuillez prendre un moment pour consulter les termes de notre politique de confidentialit\u00e9. En utilisant les Sites, vous acceptez les termes de notre Politique de confidentialit\u00e9. Si vous n&#039;acceptez pas les termes de cette politique de confidentialit\u00e9, veuillez ne pas utiliser les sites. Cette politique de confidentialit\u00e9 s&#039;applique uniquement aux informations collect\u00e9es sur les sites et ne s&#039;applique pas aux informations que nous pouvons collecter par d&#039;autres moyens.<\/p>\n<p>Vos informations et comment nous pouvons les utiliser<\/p>\t\t\t\t\t\t\t\t<\/div>\n\t\t\t\t<\/div>\n\t\t\t\t<div class=\"elementor-element elementor-element-f5bc62a elementor-widget elementor-widget-heading\" data-id=\"f5bc62a\" data-element_type=\"widget\" data-e-type=\"widget\" data-widget_type=\"heading.default\">\n\t\t\t\t<div class=\"elementor-widget-container\">\n\t\t\t\t\t<h2 class=\"elementor-heading-title elementor-size-default\">1. Informations globales<\/h2>\t\t\t\t<\/div>\n\t\t\t\t<\/div>\n\t\t\t\t<div class=\"elementor-element elementor-element-84680f4 elementor-widget elementor-widget-text-editor\" data-id=\"84680f4\" data-element_type=\"widget\" data-e-type=\"widget\" data-widget_type=\"text-editor.default\">\n\t\t\t\t<div class=\"elementor-widget-container\">\n\t\t\t\t\t\t\t\t\t<p>De temps \u00e0 autre, nous pouvons collecter des informations statistiques g\u00e9n\u00e9rales et non personnelles sur l&#039;utilisation des Sites, telles que le nombre de visiteurs visitant une page sp\u00e9cifique des Sites, la dur\u00e9e de leur s\u00e9jour sur cette page et les hyperliens, le cas \u00e9ch\u00e9ant. , ils \u00ab cliquent \u00bb dessus. Nous collectons ces informations afin de d\u00e9terminer quelles zones des Sites sont les plus populaires et d&#039;am\u00e9liorer les Sites pour les visiteurs. Nous pouvons \u00e9galement regrouper ces informations dans des donn\u00e9es globales sur les visiteurs afin de d\u00e9crire l&#039;utilisation des Sites \u00e0 nos partenaires commerciaux, sponsors, annonceurs ou autres tiers existants ou potentiels, ou en r\u00e9ponse \u00e0 une demande gouvernementale. Cependant, soyez assur\u00e9 que ces donn\u00e9es agr\u00e9g\u00e9es ne permettront en aucun cas de vous identifier personnellement ou de tout autre visiteur des Sites.<\/p>\t\t\t\t\t\t\t\t<\/div>\n\t\t\t\t<\/div>\n\t\t\t\t<div class=\"elementor-element elementor-element-90bdac1 elementor-widget elementor-widget-heading\" data-id=\"90bdac1\" data-element_type=\"widget\" data-e-type=\"widget\" data-widget_type=\"heading.default\">\n\t\t\t\t<div class=\"elementor-widget-container\">\n\t\t\t\t\t<h2 class=\"elementor-heading-title elementor-size-default\">2. Informations personnelles\n<\/h2>\t\t\t\t<\/div>\n\t\t\t\t<\/div>\n\t\t\t\t<div class=\"elementor-element elementor-element-d7a8905 elementor-widget elementor-widget-text-editor\" data-id=\"d7a8905\" data-element_type=\"widget\" data-e-type=\"widget\" data-widget_type=\"text-editor.default\">\n\t\t\t\t<div class=\"elementor-widget-container\">\n\t\t\t\t\t\t\t\t\t<p>Pour votre commodit\u00e9 et votre information, les Sites offrent plusieurs services et fonctionnalit\u00e9s qui n\u00e9cessitent que vous nous fournissiez des informations personnelles, telles que votre nom, votre adresse postale, votre num\u00e9ro de t\u00e9l\u00e9phone et votre adresse e-mail. Par exemple, nous demandons des informations personnelles si vous choisissez de postuler \u00e0 des ateliers et des programmes propos\u00e9s par Tezoro Productions \/ World Dance Movement, ou si vous achetez des marchandises sur notre boutique en ligne ou si vous vous abonnez \u00e0 notre liste de diffusion. De plus, si vous vous inscrivez \u00e0 des cours ou \u00e0 d&#039;autres programmes ou achetez des marchandises via notre boutique en ligne, nous vous demanderons les informations de votre carte de cr\u00e9dit afin de vous facturer ces programmes ou achats.<\/p>\t\t\t\t\t\t\t\t<\/div>\n\t\t\t\t<\/div>\n\t\t\t\t<div class=\"elementor-element elementor-element-d50f674 elementor-widget elementor-widget-text-editor\" data-id=\"d50f674\" data-element_type=\"widget\" data-e-type=\"widget\" data-widget_type=\"text-editor.default\">\n\t\t\t\t<div class=\"elementor-widget-container\">\n\t\t\t\t\t\t\t\t\t<p>Nous utiliserons les informations personnelles que vous nous soumettez aux fins pour lesquelles elles ont \u00e9t\u00e9 soumises. Par exemple; nous utiliserions ces informations pour traiter vos commandes en ligne. De plus, nous pouvons utiliser vos informations personnelles pour vous envoyer des communications p\u00e9riodiques par e-mail et par courrier ordinaire afin de vous tenir au courant de l&#039;actualit\u00e9 de Tezoro Productions et des nouveaux programmes, produits ou autres opportunit\u00e9s que nous pouvons offrir. Vous pouvez refuser de recevoir des communications promotionnelles ou publicitaires par courrier \u00e9lectronique de notre part en\u00a0: (1) en cliquant sur la case appropri\u00e9e sur le formulaire d&#039;inscription, (2) en cliquant sur le lien de d\u00e9sabonnement contenu dans ces communications par courrier \u00e9lectronique, ou (3) en envoyant un e-mail avec \u00ab\u00a0d\u00e9sabonnement\u00a0\u00bb dans la ligne d&#039;en-t\u00eate \u00e0 nous envoyer \u00e0 <a href=\"mailto:michele@tezoroproductions.com\">michele@tezoroproductions.com<\/a>.<\/p>\t\t\t\t\t\t\t\t<\/div>\n\t\t\t\t<\/div>\n\t\t\t\t<div class=\"elementor-element elementor-element-aaee056 elementor-widget elementor-widget-heading\" data-id=\"aaee056\" data-element_type=\"widget\" data-e-type=\"widget\" data-widget_type=\"heading.default\">\n\t\t\t\t<div class=\"elementor-widget-container\">\n\t\t\t\t\t<h2 class=\"elementor-heading-title elementor-size-default\">Divulgation de renseignements personnels\n<\/h2>\t\t\t\t<\/div>\n\t\t\t\t<\/div>\n\t\t\t\t<div class=\"elementor-element elementor-element-db70029 elementor-widget elementor-widget-text-editor\" data-id=\"db70029\" data-element_type=\"widget\" data-e-type=\"widget\" data-widget_type=\"text-editor.default\">\n\t\t\t\t<div class=\"elementor-widget-container\">\n\t\t\t\t\t\t\t\t\t<p>Nous ne vendons aucune information personnelle \u00e0 des tiers. \u00c0 l&#039;exception des fins tr\u00e8s limit\u00e9es \u00e9voqu\u00e9es dans ce paragraphe, nous ne partagerons \u00e9galement aucune de vos informations personnelles avec des tiers.<\/p>\n<p>Nous pouvons parfois faire appel \u00e0 d&#039;autres entreprises pour fournir certains services pour nous, tels que le traitement des paiements par carte de cr\u00e9dit, la livraison de nos marchandises, l&#039;envoi de courrier postal et la fourniture d&#039;une assistance marketing et d&#039;analyses de donn\u00e9es. Nous pouvons fournir des informations personnelles \u00e0 ces entreprises lorsque ces informations sont n\u00e9cessaires pour qu&#039;elles puissent effectuer une transaction demand\u00e9e ou autrement remplir leurs fonctions. Ces entreprises ne seront pas autoris\u00e9es \u00e0 utiliser vos informations \u00e0 des fins autres que pour fournir leurs services \u00e0 Tezoro Productions.<\/p>\n<p>Nous nous r\u00e9servons le droit de divulguer les informations des visiteurs dans des cas particuliers lorsque nous avons des raisons de croire que la divulgation de ces informations est n\u00e9cessaire pour identifier, contacter ou intenter une action en justice contre quelqu&#039;un qui pourrait causer un pr\u00e9judice ou interf\u00e9rer (intentionnellement ou non) avec notre site. droits ou propri\u00e9t\u00e9, d&#039;autres visiteurs ou de toute autre personne susceptible d&#039;\u00eatre l\u00e9s\u00e9e par ces activit\u00e9s. Cela inclut notre droit d&#039;\u00e9changer des informations avec d&#039;autres organisations afin de nous prot\u00e9ger contre la fraude et de r\u00e9duire le risque de cr\u00e9dit. Nous nous r\u00e9servons \u00e9galement le droit de divulguer les informations des visiteurs lorsque nous pensons de bonne foi que la loi l&#039;exige. Les informations client sont g\u00e9n\u00e9ralement l\u2019un des actifs commerciaux impliqu\u00e9s dans la vente d\u2019une entreprise. Dans le cas o\u00f9 Tezoro Productions ou tous ses actifs seraient acquis, les informations client feraient partie des actifs transf\u00e9r\u00e9s.<\/p>\t\t\t\t\t\t\t\t<\/div>\n\t\t\t\t<\/div>\n\t\t\t\t<div class=\"elementor-element elementor-element-51002a7 elementor-widget elementor-widget-heading\" data-id=\"51002a7\" data-element_type=\"widget\" data-e-type=\"widget\" data-widget_type=\"heading.default\">\n\t\t\t\t<div class=\"elementor-widget-container\">\n\t\t\t\t\t<h2 class=\"elementor-heading-title elementor-size-default\">Adresses IP\n<\/h2>\t\t\t\t<\/div>\n\t\t\t\t<\/div>\n\t\t\t\t<div class=\"elementor-element elementor-element-01768a4 elementor-widget elementor-widget-text-editor\" data-id=\"01768a4\" data-element_type=\"widget\" data-e-type=\"widget\" data-widget_type=\"text-editor.default\">\n\t\t\t\t<div class=\"elementor-widget-container\">\n\t\t\t\t\t\t\t\t\t<p>Une adresse IP est un num\u00e9ro automatiquement attribu\u00e9 \u00e0 votre ordinateur chaque fois que vous naviguez sur le Web. Les serveurs Web (les gros ordinateurs qui \u00ab servent \u00bb les pages Web) identifient automatiquement votre ordinateur par son adresse IP. Nous collectons les adresses IP \u00e0 des fins d&#039;administration du syst\u00e8me, pour communiquer des informations globales \u00e0 nos annonceurs ou \u00e0 d&#039;autres tiers et pour suivre l&#039;utilisation des sites. Lorsque les visiteurs demandent des pages sur les sites, nos serveurs enregistrent les adresses IP des visiteurs. Il n&#039;est pas dans notre pratique de lier les adresses IP \u00e0 tout \u00e9l\u00e9ment personnellement identifiable, ce qui signifie que la session d&#039;un visiteur sera enregistr\u00e9e, mais que le visiteur reste anonyme pour nous. Cependant, nous nous r\u00e9servons le droit d&#039;utiliser les adresses IP pour identifier un visiteur uniquement lorsque nous estimons que cela est n\u00e9cessaire pour faire respecter les politiques des Sites ou pour prot\u00e9ger nos services ou nos clients, les Sites ou autres.<\/p>\t\t\t\t\t\t\t\t<\/div>\n\t\t\t\t<\/div>\n\t\t\t\t<div class=\"elementor-element elementor-element-e0000c0 elementor-widget elementor-widget-heading\" data-id=\"e0000c0\" data-element_type=\"widget\" data-e-type=\"widget\" data-widget_type=\"heading.default\">\n\t\t\t\t<div class=\"elementor-widget-container\">\n\t\t\t\t\t<h2 class=\"elementor-heading-title elementor-size-default\">Biscuits<\/h2>\t\t\t\t<\/div>\n\t\t\t\t<\/div>\n\t\t\t\t<div class=\"elementor-element elementor-element-08196ee elementor-widget elementor-widget-text-editor\" data-id=\"08196ee\" data-element_type=\"widget\" data-e-type=\"widget\" data-widget_type=\"text-editor.default\">\n\t\t\t\t<div class=\"elementor-widget-container\">\n\t\t\t\t\t\t\t\t\t<p>Les cookies sont des \u00e9l\u00e9ments d&#039;information qu&#039;un site Web transf\u00e8re sur le disque dur d&#039;un individu \u00e0 des fins de tenue de dossiers. Les cookies facilitent votre navigation sur le Web en enregistrant vos pr\u00e9f\u00e9rences lorsque vous visitez les sites. Nous n&#039;enregistrons jamais les informations de carte de cr\u00e9dit dans les cookies. L&#039;utilisation de cookies est une norme industrielle : vous les trouverez sur la plupart des sites Web. En montrant comment et quand les clients utilisent les Sites, les cookies nous aident \u00e0 voir quelles zones sont populaires et lesquelles ne le sont pas. Les informations telles que le nombre total de visiteurs et les pages consult\u00e9es sont plus facilement suivies gr\u00e2ce aux cookies. Nous pouvons utiliser les informations des cookies pour apporter des am\u00e9liorations et des mises \u00e0 jour aux sites et pour adapter nos services aux besoins de nos visiteurs.<\/p>\n<p>Vous avez toujours la possibilit\u00e9 de d\u00e9sactiver les cookies en utilisant les pr\u00e9f\u00e9rences de votre navigateur. La plupart des navigateurs sont initialement configur\u00e9s pour accepter les cookies. Vous pouvez r\u00e9initialiser votre navigateur pour refuser tous les cookies ou indiquer quand un cookie est envoy\u00e9. Cependant, sachez que certaines parties des Sites peuvent ne pas fonctionner correctement ou \u00eatre plus lentes si vous refusez les cookies. Vous pouvez occasionnellement recevoir des cookies de nos annonceurs. Nous ne contr\u00f4lons pas ces cookies. L&#039;utilisation de cookies publicitaires envoy\u00e9s par des serveurs tiers est courante dans le secteur Internet.<\/p>\t\t\t\t\t\t\t\t<\/div>\n\t\t\t\t<\/div>\n\t\t\t\t<div class=\"elementor-element elementor-element-b5193b0 elementor-widget elementor-widget-heading\" data-id=\"b5193b0\" data-element_type=\"widget\" data-e-type=\"widget\" data-widget_type=\"heading.default\">\n\t\t\t\t<div class=\"elementor-widget-container\">\n\t\t\t\t\t<h2 class=\"elementor-heading-title elementor-size-default\">Liens vers d&#039;autres sites\n<\/h2>\t\t\t\t<\/div>\n\t\t\t\t<\/div>\n\t\t\t\t<div class=\"elementor-element elementor-element-78ff10e elementor-widget elementor-widget-text-editor\" data-id=\"78ff10e\" data-element_type=\"widget\" data-e-type=\"widget\" data-widget_type=\"text-editor.default\">\n\t\t\t\t<div class=\"elementor-widget-container\">\n\t\t\t\t\t\t\t\t\t<p>Veuillez noter que lorsque vous \u00eates sur les Sites, vous pourriez \u00eatre dirig\u00e9 vers d&#039;autres sites qui \u00e9chappent \u00e0 notre contr\u00f4le. Il existe des liens vers d&#039;autres sites \u00e0 partir des pages des Sites qui vous font sortir de nos Sites. Ces autres sites peuvent envoyer leurs propres cookies aux utilisateurs, collecter des donn\u00e9es ou solliciter des informations personnelles. Les politiques de confidentialit\u00e9 de ces autres sites peuvent \u00eatre consid\u00e9rablement diff\u00e9rentes de la pr\u00e9sente politique de confidentialit\u00e9. Nous ne sommes pas responsables des pratiques de confidentialit\u00e9 de ces autres sites et ne pouvons garantir la s\u00e9curit\u00e9 des informations personnelles qui y sont collect\u00e9es.<\/p>\t\t\t\t\t\t\t\t<\/div>\n\t\t\t\t<\/div>\n\t\t\t\t<div class=\"elementor-element elementor-element-c88d89e elementor-widget elementor-widget-heading\" data-id=\"c88d89e\" data-element_type=\"widget\" data-e-type=\"widget\" data-widget_type=\"heading.default\">\n\t\t\t\t<div class=\"elementor-widget-container\">\n\t\t\t\t\t<h2 class=\"elementor-heading-title elementor-size-default\">S\u00e9curit\u00e9<\/h2>\t\t\t\t<\/div>\n\t\t\t\t<\/div>\n\t\t\t\t<div class=\"elementor-element elementor-element-663434c elementor-widget elementor-widget-text-editor\" data-id=\"663434c\" data-element_type=\"widget\" data-e-type=\"widget\" data-widget_type=\"text-editor.default\">\n\t\t\t\t<div class=\"elementor-widget-container\">\n\t\t\t\t\t\t\t\t\t<p>La protection de la s\u00e9curit\u00e9 de vos informations personnelles est tr\u00e8s importante pour nous. Lorsque vous transmettez des informations personnelles ou des informations de carte de cr\u00e9dit depuis votre PC vers nos serveurs, vos informations sont prot\u00e9g\u00e9es \u00e0 la fois par un \u00ab pare-feu \u00bb (une combinaison de mat\u00e9riel informatique et de logiciels qui emp\u00eache les visiteurs non autoris\u00e9s d&#039;acc\u00e9der aux informations de notre r\u00e9seau informatique) et par les normes de l&#039;industrie. Cryptage SSL (Secure Socket Layer). Une fois que nous recevrons votre transmission, nous prendrons des pr\u00e9cautions raisonnables pour assurer sa s\u00e9curit\u00e9 sur nos syst\u00e8mes. Malheureusement, aucune transmission de donn\u00e9es sur Internet ne peut \u00eatre garantie comme \u00e9tant s\u00e9curis\u00e9e 100%. Par cons\u00e9quent, m\u00eame si nous nous effor\u00e7ons de prot\u00e9ger vos informations personnelles et votre vie priv\u00e9e, nous ne pouvons garantir la s\u00e9curit\u00e9 des informations que vous nous divulguez ou nous transmettez en ligne et ne pouvons \u00eatre tenus responsables du vol, de la destruction ou de la divulgation par inadvertance de vos informations personnelles.<\/p>\t\t\t\t\t\t\t\t<\/div>\n\t\t\t\t<\/div>\n\t\t\t\t<div class=\"elementor-element elementor-element-92f236d elementor-widget elementor-widget-heading\" data-id=\"92f236d\" data-element_type=\"widget\" data-e-type=\"widget\" data-widget_type=\"heading.default\">\n\t\t\t\t<div class=\"elementor-widget-container\">\n\t\t\t\t\t<h2 class=\"elementor-heading-title elementor-size-default\">Modifications de ces conditions\n<\/h2>\t\t\t\t<\/div>\n\t\t\t\t<\/div>\n\t\t\t\t<div class=\"elementor-element elementor-element-8eca427 elementor-widget elementor-widget-text-editor\" data-id=\"8eca427\" data-element_type=\"widget\" data-e-type=\"widget\" data-widget_type=\"text-editor.default\">\n\t\t\t\t<div class=\"elementor-widget-container\">\n\t\t\t\t\t\t\t\t\t<p>Les termes de cette politique de confidentialit\u00e9 peuvent changer de temps \u00e0 autre. Nous vous informerons de toute modification importante apport\u00e9e \u00e0 cette politique de confidentialit\u00e9 en publiant un avis sur la page d&#039;accueil des sites, pendant une p\u00e9riode de temps raisonnable apr\u00e8s que ces modifications ont \u00e9t\u00e9 apport\u00e9es, indiquant que cette politique de confidentialit\u00e9 a \u00e9t\u00e9 mise \u00e0 jour et en modifiant la \u00ab Derni\u00e8re modification \u00bb. \u00bb date en haut de cette politique de confidentialit\u00e9. Nous vous encourageons \u00e0 consulter cette page p\u00e9riodiquement pour tout changement. Votre utilisation continue des Sites apr\u00e8s la publication des modifications apport\u00e9es \u00e0 ces conditions signifiera que vous acceptez ces modifications.<\/p>\t\t\t\t\t\t\t\t<\/div>\n\t\t\t\t<\/div>\n\t\t\t\t<div class=\"elementor-element elementor-element-94a6890 elementor-widget elementor-widget-heading\" data-id=\"94a6890\" data-element_type=\"widget\" data-e-type=\"widget\" data-widget_type=\"heading.default\">\n\t\t\t\t<div class=\"elementor-widget-container\">\n\t\t\t\t\t<h2 class=\"elementor-heading-title elementor-size-default\">Questions et commentaires\n<\/h2>\t\t\t\t<\/div>\n\t\t\t\t<\/div>\n\t\t\t\t<div class=\"elementor-element elementor-element-4531d07 elementor-widget elementor-widget-text-editor\" data-id=\"4531d07\" data-element_type=\"widget\" data-e-type=\"widget\" data-widget_type=\"text-editor.default\">\n\t\t\t\t<div class=\"elementor-widget-container\">\n\t\t\t\t\t\t\t\t\t<p>Si vous avez des questions ou des commentaires concernant notre politique de confidentialit\u00e9 ou l&#039;utilisation des informations collect\u00e9es via les sites, veuillez nous contacter comme suit\u00a0:<\/p>\n<p>E-mail:\u00a0<a href=\"mailto:michele@tezoroproductions.com?subject=Tezoro%20DVDs\">michele@tezoroproductions.com<\/a><\/p>\t\t\t\t\t\t\t\t<\/div>\n\t\t\t\t<\/div>\n\t\t\t\t\t<\/div>\n\t\t<\/div>\n\t\t\t\t\t<\/div>\n\t\t<\/section>\n\t\t\t\t<\/div>","protected":false},"excerpt":{"rendered":"<p>Privacy Policy Welcome to Tezoro Productions LIVE Web sites located at tezoroproductions.com, worlddancemovement.com and partner site, stagedoorworkshops.com (the &#8220;Sites&#8221;). We want you to feel comfortable using the Sites, so we have created this Privacy Policy to let you know what information we may collect from you on the Sites and how we may use that [&hellip;]<\/p>\n","protected":false},"author":6,"featured_media":0,"parent":0,"menu_order":0,"comment_status":"closed","ping_status":"closed","template":"elementor_header_footer","meta":{"_acf_changed":false,"site-sidebar-layout":"default","site-content-layout":"","ast-site-content-layout":"default","site-content-style":"default","site-sidebar-style":"default","ast-global-header-display":"","ast-banner-title-visibility":"","ast-main-header-display":"","ast-hfb-above-header-display":"","ast-hfb-below-header-display":"","ast-hfb-mobile-header-display":"","site-post-title":"","ast-breadcrumbs-content":"","ast-featured-img":"","footer-sml-layout":"","ast-disable-related-posts":"","theme-transparent-header-meta":"","adv-header-id-meta":"","stick-header-meta":"","header-above-stick-meta":"","header-main-stick-meta":"","header-below-stick-meta":"","astra-migrate-meta-layouts":"default","ast-page-background-enabled":"default","ast-page-background-meta":{"desktop":{"background-color":"","background-image":"","background-repeat":"repeat","background-position":"center center","background-size":"auto","background-attachment":"scroll","background-type":"","background-media":"","overlay-type":"","overlay-color":"","overlay-opacity":"","overlay-gradient":""},"tablet":{"background-color":"","background-image":"","background-repeat":"repeat","background-position":"center center","background-size":"auto","background-attachment":"scroll","background-type":"","background-media":"","overlay-type":"","overlay-color":"","overlay-opacity":"","overlay-gradient":""},"mobile":{"background-color":"","background-image":"","background-repeat":"repeat","background-position":"center center","background-size":"auto","background-attachment":"scroll","background-type":"","background-media":"","overlay-type":"","overlay-color":"","overlay-opacity":"","overlay-gradient":""}},"ast-content-background-meta":{"desktop":{"background-color":"var(--ast-global-color-5)","background-image":"","background-repeat":"repeat","background-position":"center center","background-size":"auto","background-attachment":"scroll","background-type":"","background-media":"","overlay-type":"","overlay-color":"","overlay-opacity":"","overlay-gradient":""},"tablet":{"background-color":"var(--ast-global-color-5)","background-image":"","background-repeat":"repeat","background-position":"center center","background-size":"auto","background-attachment":"scroll","background-type":"","background-media":"","overlay-type":"","overlay-color":"","overlay-opacity":"","overlay-gradient":""},"mobile":{"background-color":"var(--ast-global-color-5)","background-image":"","background-repeat":"repeat","background-position":"center center","background-size":"auto","background-attachment":"scroll","background-type":"","background-media":"","overlay-type":"","overlay-color":"","overlay-opacity":"","overlay-gradient":""}},"footnotes":""},"class_list":["post-3","page","type-page","status-publish","hentry"],"acf":[],"jetpack_sharing_enabled":true,"_links":{"self":[{"href":"https:\/\/worlddancemovement.com\/fr\/wp-json\/wp\/v2\/pages\/3","targetHints":{"allow":["GET"]}}],"collection":[{"href":"https:\/\/worlddancemovement.com\/fr\/wp-json\/wp\/v2\/pages"}],"about":[{"href":"https:\/\/worlddancemovement.com\/fr\/wp-json\/wp\/v2\/types\/page"}],"author":[{"embeddable":true,"href":"https:\/\/worlddancemovement.com\/fr\/wp-json\/wp\/v2\/users\/6"}],"replies":[{"embeddable":true,"href":"https:\/\/worlddancemovement.com\/fr\/wp-json\/wp\/v2\/comments?post=3"}],"version-history":[{"count":7,"href":"https:\/\/worlddancemovement.com\/fr\/wp-json\/wp\/v2\/pages\/3\/revisions"}],"predecessor-version":[{"id":5799,"href":"https:\/\/worlddancemovement.com\/fr\/wp-json\/wp\/v2\/pages\/3\/revisions\/5799"}],"wp:attachment":[{"href":"https:\/\/worlddancemovement.com\/fr\/wp-json\/wp\/v2\/media?parent=3"}],"curies":[{"name":"wp","href":"https:\/\/api.w.org\/{rel}","templated":true}]}}