{"id":366,"date":"2020-12-28T13:48:30","date_gmt":"2020-12-28T13:48:30","guid":{"rendered":"https:\/\/migrate.worlddancemovement.com\/?page_id=366"},"modified":"2024-10-17T22:47:53","modified_gmt":"2024-10-17T22:47:53","slug":"michele-assaf","status":"publish","type":"page","link":"https:\/\/worlddancemovement.com\/fr\/faculty-italy\/michele-assaf\/","title":{"rendered":"MICHEL ASSAF"},"content":{"rendered":"<div data-elementor-type=\"wp-page\" data-elementor-id=\"366\" class=\"elementor elementor-366\" data-elementor-post-type=\"page\">\n\t\t\t\t\t\t<section class=\"elementor-section elementor-top-section elementor-element elementor-element-94ec49d elementor-section-full_width elementor-section-height-min-height elementor-section-height-default elementor-section-items-middle\" data-id=\"94ec49d\" data-element_type=\"section\" data-e-type=\"section\" data-settings=\"{&quot;background_background&quot;:&quot;classic&quot;}\">\n\t\t\t\t\t\t\t<div class=\"elementor-background-overlay\"><\/div>\n\t\t\t\t\t\t\t<div class=\"elementor-container elementor-column-gap-no\">\n\t\t\t\t\t<div class=\"elementor-column elementor-col-100 elementor-top-column elementor-element elementor-element-8268956\" data-id=\"8268956\" data-element_type=\"column\" data-e-type=\"column\">\n\t\t\t<div class=\"elementor-widget-wrap elementor-element-populated\">\n\t\t\t\t\t\t<div class=\"elementor-element elementor-element-5016628 elementor-widget elementor-widget-heading\" data-id=\"5016628\" data-element_type=\"widget\" data-e-type=\"widget\" data-widget_type=\"heading.default\">\n\t\t\t\t<div class=\"elementor-widget-container\">\n\t\t\t\t\t<h2 class=\"elementor-heading-title elementor-size-default\">MICH\u00c8LE ASSAF (DIRECTRICE ARTISTIQUE)\n<\/h2>\t\t\t\t<\/div>\n\t\t\t\t<\/div>\n\t\t\t\t<div class=\"elementor-element elementor-element-a86216f elementor-widget-divider--view-line elementor-widget elementor-widget-divider\" data-id=\"a86216f\" data-element_type=\"widget\" data-e-type=\"widget\" data-widget_type=\"divider.default\">\n\t\t\t\t<div class=\"elementor-widget-container\">\n\t\t\t\t\t\t\t<div class=\"elementor-divider\">\n\t\t\t<span class=\"elementor-divider-separator\">\n\t\t\t\t\t\t<\/span>\n\t\t<\/div>\n\t\t\t\t\t\t<\/div>\n\t\t\t\t<\/div>\n\t\t\t\t\t<\/div>\n\t\t<\/div>\n\t\t\t\t\t<\/div>\n\t\t<\/section>\n\t\t\t\t<section class=\"elementor-section elementor-top-section elementor-element elementor-element-a2d6cca elementor-section-full_width elementor-section-height-default elementor-section-height-default\" data-id=\"a2d6cca\" data-element_type=\"section\" data-e-type=\"section\">\n\t\t\t\t\t\t<div class=\"elementor-container elementor-column-gap-default\">\n\t\t\t\t\t<div class=\"elementor-column elementor-col-100 elementor-top-column elementor-element elementor-element-a45c6d3\" data-id=\"a45c6d3\" data-element_type=\"column\" data-e-type=\"column\">\n\t\t\t<div class=\"elementor-widget-wrap elementor-element-populated\">\n\t\t\t\t\t\t<div class=\"elementor-element elementor-element-f854b1f elementor-widget elementor-widget-heading\" data-id=\"f854b1f\" data-element_type=\"widget\" data-e-type=\"widget\" data-widget_type=\"heading.default\">\n\t\t\t\t<div class=\"elementor-widget-container\">\n\t\t\t\t\t<h2 class=\"elementor-heading-title elementor-size-default\">JAZZ, LYRIQUE, DANSE TH\u00c9\u00c2TRE, FLEXIBILIT\u00c9 ISOL\u00c9E ACTIVE - USA\n\n\n<\/h2>\t\t\t\t<\/div>\n\t\t\t\t<\/div>\n\t\t\t\t<div class=\"elementor-element elementor-element-404b972 elementor-widget elementor-widget-text-editor\" data-id=\"404b972\" data-element_type=\"widget\" data-e-type=\"widget\" data-widget_type=\"text-editor.default\">\n\t\t\t\t<div class=\"elementor-widget-container\">\n\t\t\t\t\t\t\t\t\t<p>La r\u00e9alisatrice\/chor\u00e9graphe de renomm\u00e9e internationale Mich\u00e8le Assaf a travaill\u00e9 sur des projets de th\u00e9\u00e2tre Broadway, Off-Broadway, r\u00e9gionaux et internationaux. Mich\u00e8le a dirig\u00e9 et chor\u00e9graphi\u00e9 The Mariah Carey CharmBracelet World Tour, Mick Jagger Solo Tour, Michael Bolton Tour, Matchbox Twenty, les op\u00e9ras multim\u00e9dias de renomm\u00e9e internationale du Houston Grand Opera ; Carmen, Pagliacci et Madame Butterfly, et le gala du 50e anniversaire de HGO ainsi que Aida, Samson et Delilah d&#039;Opera Pacific, Candide, Opera Odyssey 2001. D&#039;autres projets th\u00e9\u00e2traux incluent: Starmites (nomination Tony), Bring In The Morning, Scenes From an Execution, Neuf Arm\u00e9niens, c&#039;est un oiseau\u2026 c&#039;est un avion\u2026 c&#039;est Superman, Sweet Charity, Jesus Christ Superstar, Mata Hari, Bring In The Morning, Can Can, Jeanne La Pucelle, Strides, Topper et Annie. Elle a dirig\u00e9 la com\u00e9die musicale destin\u00e9e \u00e0 Broadway, The Alchemist. Elle a chor\u00e9graphi\u00e9 pour Lorella Cuccarini (Odiens - \u00ab Vola \u00bb, Festival Bar, Telegatto) et pour le clip vid\u00e9o de \u00ab Jovanotti \u00bb \u00ab La Mia Moto \u00bb.<\/p>\t\t\t\t\t\t\t\t<\/div>\n\t\t\t\t<\/div>\n\t\t\t\t<div class=\"elementor-element elementor-element-fd32062 elementor-widget elementor-widget-text-editor\" data-id=\"fd32062\" data-element_type=\"widget\" data-e-type=\"widget\" data-widget_type=\"text-editor.default\">\n\t\t\t\t<div class=\"elementor-widget-container\">\n\t\t\t\t\t\t\t\t\t<p>Michele est la fondatrice et directrice artistique cr\u00e9ative du World Dance Movement, le festival international et la comp\u00e9tition internationale, qui a d\u00e9but\u00e9 en Italie \u00e0 l&#039;\u00e9t\u00e9 2009 ! L&#039;\u00e9v\u00e9nement s&#039;est d\u00e9sormais rendu en Espagne (Madrid et Sitges (Barcelone)) et \u00e0 Lucerne, en Suisse ! Son exp\u00e9rience en enseignement est vaste, car elle a form\u00e9 des danseurs\/professeurs et des chor\u00e9graphes de renom de New York \u00e0 Los Angeles et \u00e0 l&#039;\u00e9tranger au cours des 45 derni\u00e8res ann\u00e9es.<\/p>\t\t\t\t\t\t\t\t<\/div>\n\t\t\t\t<\/div>\n\t\t\t\t<div class=\"elementor-element elementor-element-442744e elementor-widget elementor-widget-text-editor\" data-id=\"442744e\" data-element_type=\"widget\" data-e-type=\"widget\" data-widget_type=\"text-editor.default\">\n\t\t\t\t<div class=\"elementor-widget-container\">\n\t\t\t\t\t\t\t\t\t<p>L&#039;une des aventures les plus passionnantes de Mich\u00e8le est la cr\u00e9ation de Tezoro Productions LIVE. Il s&#039;agit d&#039;une compagnie internationale de production de danse engag\u00e9e \u00e0 \u00e9duquer et \u00e0 servir les danseurs du monde entier. Le portefeuille de marques de Tezoro comprend Tezoro LIVE \u2013 des DVD p\u00e9dagogiques de danse, Broadway Teaches Kids et World Dance Movement \u2013 le festival international.\u00a0<\/p><p>Avec le portefeuille de contenu p\u00e9dagogique de danse le plus complet du secteur, dont beaucoup ont \u00e9t\u00e9 tourn\u00e9s au Broadway Dance Center, Tezoro LIVE pr\u00e9sente les meilleurs chor\u00e9graphes de l&#039;industrie via des DVD, du streaming, des cours \u00e0 la demande, des salles de classe et des applications mobiles.\u00a0\u00a0<\/p><p>Broadway Teaches Kids \u2013 un programme virtuel d\u2019arts du spectacle pour les enfants\u00a0!\u00a0<span style=\"font-size: 18px; font-style: normal; font-weight: 400;\">Le corps professoral de BTK comprend des artistes professionnels talentueux qui sont de merveilleux \u00e9ducateurs. Dans le monde virtuel d\u2019aujourd\u2019hui, nous voulons cr\u00e9er une exp\u00e9rience aussi proche que possible de l\u2019exp\u00e9rience d\u2019un programme artistique normal. A travers des cours, des jeux et des exercices, votre enfant\/adolescent aura l&#039;occasion de s&#039;exprimer artistiquement.<\/span><span style=\"font-size: 18px; font-style: normal; font-weight: 400;\">\u00a0<\/span><\/p><p><span style=\"font-size: 18px; font-weight: 400;\">World Dance Movement \u2013 le c\u00e9l\u00e8bre festival international de danse est un \u00e9v\u00e9nement d&#039;\u00e9tudes, de vacances et de performances organis\u00e9 dans plusieurs pays qui pr\u00e9sente des danseurs et des \u00e9ducateurs de tous les continents \u00e0 une facult\u00e9 internationale au talent sans pr\u00e9c\u00e9dent.<\/span><\/p>\t\t\t\t\t\t\t\t<\/div>\n\t\t\t\t<\/div>\n\t\t\t\t\t<\/div>\n\t\t<\/div>\n\t\t\t\t\t<\/div>\n\t\t<\/section>\n\t\t\t\t<\/div>","protected":false},"excerpt":{"rendered":"<p>MICH\u00c8LE ASSAF (ARTISTIC DIRECTOR) JAZZ, LYRICAL, THEATRE DANCE, ACTIVE-ISOLATED FLEXIBILITY &#8211; USA Internationally renowned director\/choreographer Mich\u00e8le Assaf has worked on Broadway, Off-Broadway, Regional and International Theater projects. Mich\u00e8le directed and choreographed The Mariah Carey CharmBracelet World Tour, Mick Jagger Solo Tour, Michael Bolton Tour, Matchbox Twenty, the internationally acclaimed multimedia operas for The Houston Grand [&hellip;]<\/p>\n","protected":false},"author":6,"featured_media":0,"parent":329,"menu_order":0,"comment_status":"closed","ping_status":"closed","template":"","meta":{"_acf_changed":false,"site-sidebar-layout":"no-sidebar","site-content-layout":"page-builder","ast-site-content-layout":"default","site-content-style":"default","site-sidebar-style":"default","ast-global-header-display":"","ast-banner-title-visibility":"","ast-main-header-display":"","ast-hfb-above-header-display":"","ast-hfb-below-header-display":"","ast-hfb-mobile-header-display":"","site-post-title":"disabled","ast-breadcrumbs-content":"","ast-featured-img":"disabled","footer-sml-layout":"","ast-disable-related-posts":"","theme-transparent-header-meta":"default","adv-header-id-meta":"","stick-header-meta":"default","header-above-stick-meta":"","header-main-stick-meta":"","header-below-stick-meta":"","astra-migrate-meta-layouts":"default","ast-page-background-enabled":"default","ast-page-background-meta":{"desktop":{"background-color":"","background-image":"","background-repeat":"repeat","background-position":"center center","background-size":"auto","background-attachment":"scroll","background-type":"","background-media":"","overlay-type":"","overlay-color":"","overlay-opacity":"","overlay-gradient":""},"tablet":{"background-color":"","background-image":"","background-repeat":"repeat","background-position":"center center","background-size":"auto","background-attachment":"scroll","background-type":"","background-media":"","overlay-type":"","overlay-color":"","overlay-opacity":"","overlay-gradient":""},"mobile":{"background-color":"","background-image":"","background-repeat":"repeat","background-position":"center center","background-size":"auto","background-attachment":"scroll","background-type":"","background-media":"","overlay-type":"","overlay-color":"","overlay-opacity":"","overlay-gradient":""}},"ast-content-background-meta":{"desktop":{"background-color":"var(--ast-global-color-5)","background-image":"","background-repeat":"repeat","background-position":"center center","background-size":"auto","background-attachment":"scroll","background-type":"","background-media":"","overlay-type":"","overlay-color":"","overlay-opacity":"","overlay-gradient":""},"tablet":{"background-color":"var(--ast-global-color-5)","background-image":"","background-repeat":"repeat","background-position":"center center","background-size":"auto","background-attachment":"scroll","background-type":"","background-media":"","overlay-type":"","overlay-color":"","overlay-opacity":"","overlay-gradient":""},"mobile":{"background-color":"var(--ast-global-color-5)","background-image":"","background-repeat":"repeat","background-position":"center center","background-size":"auto","background-attachment":"scroll","background-type":"","background-media":"","overlay-type":"","overlay-color":"","overlay-opacity":"","overlay-gradient":""}},"footnotes":""},"class_list":["post-366","page","type-page","status-publish","hentry"],"acf":[],"jetpack_sharing_enabled":true,"_links":{"self":[{"href":"https:\/\/worlddancemovement.com\/fr\/wp-json\/wp\/v2\/pages\/366","targetHints":{"allow":["GET"]}}],"collection":[{"href":"https:\/\/worlddancemovement.com\/fr\/wp-json\/wp\/v2\/pages"}],"about":[{"href":"https:\/\/worlddancemovement.com\/fr\/wp-json\/wp\/v2\/types\/page"}],"author":[{"embeddable":true,"href":"https:\/\/worlddancemovement.com\/fr\/wp-json\/wp\/v2\/users\/6"}],"replies":[{"embeddable":true,"href":"https:\/\/worlddancemovement.com\/fr\/wp-json\/wp\/v2\/comments?post=366"}],"version-history":[{"count":10,"href":"https:\/\/worlddancemovement.com\/fr\/wp-json\/wp\/v2\/pages\/366\/revisions"}],"predecessor-version":[{"id":17244,"href":"https:\/\/worlddancemovement.com\/fr\/wp-json\/wp\/v2\/pages\/366\/revisions\/17244"}],"up":[{"embeddable":true,"href":"https:\/\/worlddancemovement.com\/fr\/wp-json\/wp\/v2\/pages\/329"}],"wp:attachment":[{"href":"https:\/\/worlddancemovement.com\/fr\/wp-json\/wp\/v2\/media?parent=366"}],"curies":[{"name":"wp","href":"https:\/\/api.w.org\/{rel}","templated":true}]}}