{"id":382,"date":"2020-12-28T14:01:47","date_gmt":"2020-12-28T14:01:47","guid":{"rendered":"https:\/\/migrate.worlddancemovement.com\/?page_id=382"},"modified":"2023-10-05T20:54:23","modified_gmt":"2023-10-05T20:54:23","slug":"vito-cassano","status":"publish","type":"page","link":"https:\/\/worlddancemovement.com\/fr\/faculty-italy\/vito-cassano\/","title":{"rendered":"Vito Cassano"},"content":{"rendered":"<div data-elementor-type=\"wp-page\" data-elementor-id=\"382\" class=\"elementor elementor-382\" data-elementor-post-type=\"page\">\n\t\t\t\t\t\t<section class=\"elementor-section elementor-top-section elementor-element elementor-element-94ec49d elementor-section-full_width elementor-section-height-min-height elementor-section-height-default elementor-section-items-middle\" data-id=\"94ec49d\" data-element_type=\"section\" data-e-type=\"section\" data-settings=\"{&quot;background_background&quot;:&quot;classic&quot;}\">\n\t\t\t\t\t\t\t<div class=\"elementor-background-overlay\"><\/div>\n\t\t\t\t\t\t\t<div class=\"elementor-container elementor-column-gap-no\">\n\t\t\t\t\t<div class=\"elementor-column elementor-col-100 elementor-top-column elementor-element elementor-element-8268956\" data-id=\"8268956\" data-element_type=\"column\" data-e-type=\"column\">\n\t\t\t<div class=\"elementor-widget-wrap elementor-element-populated\">\n\t\t\t\t\t\t<div class=\"elementor-element elementor-element-5016628 elementor-widget elementor-widget-heading\" data-id=\"5016628\" data-element_type=\"widget\" data-e-type=\"widget\" data-widget_type=\"heading.default\">\n\t\t\t\t<div class=\"elementor-widget-container\">\n\t\t\t\t\t<h2 class=\"elementor-heading-title elementor-size-default\">Vito Cassano<\/h2>\t\t\t\t<\/div>\n\t\t\t\t<\/div>\n\t\t\t\t<div class=\"elementor-element elementor-element-a86216f elementor-widget-divider--view-line elementor-widget elementor-widget-divider\" data-id=\"a86216f\" data-element_type=\"widget\" data-e-type=\"widget\" data-widget_type=\"divider.default\">\n\t\t\t\t<div class=\"elementor-widget-container\">\n\t\t\t\t\t\t\t<div class=\"elementor-divider\">\n\t\t\t<span class=\"elementor-divider-separator\">\n\t\t\t\t\t\t<\/span>\n\t\t<\/div>\n\t\t\t\t\t\t<\/div>\n\t\t\t\t<\/div>\n\t\t\t\t\t<\/div>\n\t\t<\/div>\n\t\t\t\t\t<\/div>\n\t\t<\/section>\n\t\t\t\t<section class=\"elementor-section elementor-top-section elementor-element elementor-element-a2d6cca elementor-section-full_width elementor-section-height-default elementor-section-height-default\" data-id=\"a2d6cca\" data-element_type=\"section\" data-e-type=\"section\">\n\t\t\t\t\t\t<div class=\"elementor-container elementor-column-gap-default\">\n\t\t\t\t\t<div class=\"elementor-column elementor-col-100 elementor-top-column elementor-element elementor-element-a45c6d3\" data-id=\"a45c6d3\" data-element_type=\"column\" data-e-type=\"column\">\n\t\t\t<div class=\"elementor-widget-wrap elementor-element-populated\">\n\t\t\t\t\t\t<div class=\"elementor-element elementor-element-f854b1f elementor-widget elementor-widget-heading\" data-id=\"f854b1f\" data-element_type=\"widget\" data-e-type=\"widget\" data-widget_type=\"heading.default\">\n\t\t\t\t<div class=\"elementor-widget-container\">\n\t\t\t\t\t<h2 class=\"elementor-heading-title elementor-size-default\">Acrobaties et a\u00e9riens pour danseurs - Italie\n\n\n<\/h2>\t\t\t\t<\/div>\n\t\t\t\t<\/div>\n\t\t\t\t\t<\/div>\n\t\t<\/div>\n\t\t\t\t\t<\/div>\n\t\t<\/section>\n\t\t\t\t<section class=\"elementor-section elementor-top-section elementor-element elementor-element-67e2398 elementor-section-full_width elementor-section-height-default elementor-section-height-default\" data-id=\"67e2398\" data-element_type=\"section\" data-e-type=\"section\">\n\t\t\t\t\t\t<div class=\"elementor-container elementor-column-gap-default\">\n\t\t\t\t\t<div class=\"elementor-column elementor-col-100 elementor-top-column elementor-element elementor-element-0c51b4e\" data-id=\"0c51b4e\" data-element_type=\"column\" data-e-type=\"column\">\n\t\t\t<div class=\"elementor-widget-wrap elementor-element-populated\">\n\t\t\t\t\t\t<div class=\"elementor-element elementor-element-7fbef67 elementor-widget elementor-widget-text-editor\" data-id=\"7fbef67\" data-element_type=\"widget\" data-e-type=\"widget\" data-widget_type=\"text-editor.default\">\n\t\t\t\t<div class=\"elementor-widget-container\">\n\t\t\t\t\t\t\t\t\t<h4 style=\"padding-left: 40px;\">CR\u00c9DITS:<\/h4>\n<p style=\"padding-left: 40px;\"><span style=\"color: #000000;\">Soci\u00e9t\u00e9 Mvula Sungai | Domaine de Spol\u00e8te | Th\u00e9\u00e2tre romain de Spol\u00e8te | Roms Chorea Mundi | La Grande Danse Unita | Dominique Dans | Compagnie de danse contemporaine Harry Albert | Festival international du Cercle de Lumi\u00e8re de Moscou | <span style=\"font-family: Lato; font-size: 18px;\">Championnats du monde de ski nordique | <span style=\"font-size: 18px; font-style: normal;\">Soci\u00e9t\u00e9 ResExtensa | Th\u00e9\u00e2tre de danse athl\u00e9tique Katakl\u00f2 | <span style=\"font-family: Lato;\">Tournoi a\u00e9rien PPS | Kitomb | D\u00e9placez-le | Eleina D. Entreprise | KATAKL\u00d2 | Film Erma | L&#039;enfer dans la grotte<\/span><\/span><\/span><\/span><\/p>\n<h4 style=\"padding-left: 40px;\">BIO :<\/h4>\n<ul>\n<li><span style=\"color: #000000;\">Rejoint le<\/span> <a href=\"https:\/\/mspdstudios.com\/compagnia_\/\" target=\"_blank\" rel=\"noopener\">Soci\u00e9t\u00e9 Mvula Sungani<\/a> <span style=\"color: #000000;\">\u00e0 Rome, en Italie, \u00e0 l&#039;\u00e2ge de 18 ans, il se produit dans les th\u00e9\u00e2tres les plus importants d&#039;Italie, de France et d&#039;Allemagne.&nbsp;<\/span><\/li>\n<li><span style=\"color: #000000;\">A jou\u00e9 dans plusieurs festivals et galas italiens dont : Spoleto Estate, Teatro Romano di Spoleto, Roma Chorea Mundi, La Grande Danza Unita et dans des \u00e9missions de t\u00e9l\u00e9vision italiennes : \u00ab Domenica In \u00bb avec Raffaele Paganini et le \u00ab Concert du Nouvel An \u00bb au Teatro La Fenice de Venise. avec Giuseppe Picone.&nbsp;<\/span><\/li>\n<li><span style=\"color: #000000;\">A particip\u00e9 \u00e0 la production \u00ab Le Destin des Images \u00bb avec le<\/span> <a href=\"http:\/\/cieharryalbert.fr\/695-2\/\" target=\"_blank\" rel=\"noopener\">Compagnie de danse contemporaine Harry Albert<\/a> <span style=\"color: #000000;\">en coproduction avec l&#039;Op\u00e9ra de Saint Etienne (France), une collaboration qui se poursuit encore aujourd&#039;hui.<\/span><\/li>\n<li><span style=\"font-family: Lato; font-size: 18px; color: #000000;\">Artiste invit\u00e9 du <strong>Festival international du Cercle de Lumi\u00e8re de Moscou<\/strong> \u00e0 Moscou, en Russie.&nbsp;<\/span><\/li>\n<li><span style=\"font-family: Lato; font-size: 18px; color: var( --e-global-color-text );\"><span style=\"color: #000000;\">Participation \u00e0 la c\u00e9r\u00e9monie d&#039;ouverture du <strong>Championnats du monde de ski nordique<\/strong>&nbsp;<\/span><span style=\"font-size: 18px; font-style: normal;\"><span style=\"color: #000000;\">avec le<\/span> <a href=\"https:\/\/www.resextensa.it\" target=\"_blank\" rel=\"noopener\">Soci\u00e9t\u00e9 ResExtensa<\/a><\/span><span style=\"color: #000000;\">, organis\u00e9 par Studio Festi et r\u00e9alis\u00e9 par Monica Maimone.&nbsp;<\/span><\/span><\/li>\n<li><span style=\"font-family: Lato; font-size: 18px; color: var( --e-global-color-text );\"><span style=\"color: #000000;\">A fait partie de la production \u00ab PUZZLE \u00bb de Giulia Staccioli, avec<\/span>&nbsp;<a href=\"https:\/\/www.kataklo.com\" target=\"_blank\" rel=\"noopener\">Th\u00e9\u00e2tre de danse athl\u00e9tique Katakl\u00f2<\/a>&nbsp;<span style=\"color: #000000;\">pour une tourn\u00e9e en Italie, aux Pays-Bas, au Br\u00e9sil et en Turquie.&nbsp;<\/span><\/span><\/li>\n<li><span style=\"color: #000000; font-family: Lato;\">Enseign\u00e9 au <a href=\"https:\/\/www.kataklo.com\/accademia\/\" target=\"_blank\" rel=\"noopener\">Kataklo&nbsp;<span style=\"caret-color: #000000;\">Acad\u00e9mie<\/span><\/a>&nbsp;\u00e0 Milan, en Italie.&nbsp;<\/span><\/li>\n<li><span style=\"font-family: Lato; color: #000000;\">Artiste invit\u00e9 au <strong>Tournoi a\u00e9rien PPS<\/strong> au Centre civique Sheung Wan \u00e0 Hong Kong.&nbsp;<\/span><\/li>\n<li><span style=\"font-family: Lato; font-size: 18px; color: #000000;\">A particip\u00e9 \u00e0 deux spectacles\/\u00e9v\u00e9nements cr\u00e9\u00e9s par <strong>Kitomb<\/strong> \u00e0 Lagos, au Nig\u00e9ria,&nbsp;<span style=\"font-size: 18px; font-style: normal;\">&nbsp;d&#039;abord comme interpr\u00e8te a\u00e9rien, puis comme assistant.<\/span>&nbsp;<\/span><\/li>\n<li><span style=\"font-family: Lato; font-size: 18px; color: #000000;\">Membre du corps professoral \u00e0 l&#039;\u00e9v\u00e9nement de danse Move It \u00e0 Londres, au Royaume-Uni.&nbsp;<\/span><\/li>\n<li><span style=\"font-family: Lato; font-size: 18px; color: var( --e-global-color-text );\"><span style=\"color: #000000;\">A \u00e9t\u00e9 choisi comme chor\u00e9graphe d&#039;une performance a\u00e9rienne devant la basilique de San Nicola, Italie&nbsp;<\/span><span style=\"font-size: 18px; font-style: normal;\"><span style=\"color: #000000;\">avec le<\/span> <a href=\"https:\/\/www.eleinad.org\" target=\"_blank\" rel=\"noopener\">Eleina D. Soci\u00e9t\u00e9<\/a><\/span><span style=\"color: #000000;\">.&nbsp;<\/span><\/span><\/li>\n<li><span style=\"font-family: Lato; font-size: 18px; color: var( --e-global-color-text );\"><span style=\"color: #000000;\">R\u00e9alis\u00e9 pour <strong>La Fura dels Baus<\/strong> en collaboration avec<\/span> <a href=\"https:\/\/www.kataklo.com\/en\/\" target=\"_blank\" rel=\"noopener\">KATAKL\u00d2<\/a><span style=\"color: #000000;\">, pour le pavillon du Kowe\u00eft \u00e0 l&#039;Expo de Milan, en Italie.&nbsp;<\/span><\/span><\/li>\n<li><span style=\"font-family: Lato;\"><span style=\"color: #000000;\">Chor\u00e9graphi\u00e9 une pi\u00e8ce&nbsp;<span style=\"font-size: 18px; font-style: normal;\">pour le<\/span><span style=\"caret-color: rgb(122, 122, 122); color: rgb(122, 122, 122); font-size: 18px; font-style: normal;\">&nbsp;<\/span><a href=\"https:\/\/www.eleinad.org\" target=\"_blank\" rel=\"noopener\" style=\"font-size: 18px; font-style: normal;\">Eleina D. Soci\u00e9t\u00e9<\/a>,&nbsp;<\/span><span style=\"color: var( --e-global-color-text );\"><span style=\"color: #000000;\">mis en sc\u00e8ne \u00e0 l&#039;aube&nbsp;<\/span><span style=\"color: #000000;\">et au coucher du soleil au Th\u00e9\u00e2tre Margherita de Bari, en Italie, pour \u00ab Le Monde de San Nicola \u00bb, organis\u00e9 par la Fondation Nikolaos en collaboration avec CinEthic.&nbsp;<\/span><\/span><\/span><\/li>\n<li><span style=\"color: #000000;\"><span style=\"font-family: Lato;\">Particip\u00e9 (<\/span><span style=\"font-family: Lato; font-size: 18px; font-style: normal;\">avec le&nbsp;<a style=\"font-size: 18px; color: #000000;\" href=\"https:\/\/www.eleinad.org\" target=\"_blank\" rel=\"noopener\">Eleina D. Soci\u00e9t\u00e9<\/a><\/span><span style=\"font-family: Lato; font-size: 18px; font-style: normal;\">)&nbsp;<\/span><span style=\"font-family: Lato;\">dans le tournage du film \u00ab ERMA \u00bb r\u00e9alis\u00e9 par Luciano Toriello et produit par Apulia Film Commission.<\/span><\/span><\/li>\n<li style=\"font-size: 18px;\"><span style=\"font-size: 18px; font-family: Lato; color: var( --e-global-color-text );\"><span style=\"color: #000000;\">A \u00e9t\u00e9 le chor\u00e9graphe du spectacle permanent<\/span> <a href=\"http:\/\/www.hellinthecave.it\" target=\"_blank\" rel=\"noopener\">L&#039;ENFER DANS LA GROTTE<\/a><span style=\"color: #000000;\">, mis en sc\u00e8ne dans les grottes de Castellana Grotte, dans les Pouilles, en Italie, depuis 2014.<\/span><\/span><\/li>\n<\/ul>\n<h4 style=\"padding-left: 40px;\"><span style=\"color: #000000;\">DES CLASSES:<\/span><\/h4>\n<p style=\"padding-left: 40px;\"><span style=\"color: #000000;\">Acrobaties pour danseurs |&nbsp;<span style=\"font-size: 18px;\">Antenne pour danseurs<\/span><\/span><\/p>\t\t\t\t\t\t\t\t<\/div>\n\t\t\t\t<\/div>\n\t\t\t\t\t<\/div>\n\t\t<\/div>\n\t\t\t\t\t<\/div>\n\t\t<\/section>\n\t\t\t\t<\/div>","protected":false},"excerpt":{"rendered":"<p>Vito Cassano Acrobatics &amp; Aerial for Dancers &#8211; Italy CREDITS: Mvula Sungai Company | Spoleto Estate | Teatro Romano di Spoleto | Roma Chorea Mundi | La Grande Danza Unita | Domenica In | Harry Albert Contemporary Dance Company |&nbsp;Circle of Light Moscow International Festival | Nordic Ski World Championships | ResExtensa Company | Katakl\u00f2 [&hellip;]<\/p>\n","protected":false},"author":6,"featured_media":0,"parent":329,"menu_order":0,"comment_status":"closed","ping_status":"closed","template":"","meta":{"_acf_changed":false,"site-sidebar-layout":"no-sidebar","site-content-layout":"page-builder","ast-site-content-layout":"default","site-content-style":"default","site-sidebar-style":"default","ast-global-header-display":"","ast-banner-title-visibility":"","ast-main-header-display":"","ast-hfb-above-header-display":"","ast-hfb-below-header-display":"","ast-hfb-mobile-header-display":"","site-post-title":"disabled","ast-breadcrumbs-content":"","ast-featured-img":"disabled","footer-sml-layout":"","ast-disable-related-posts":"","theme-transparent-header-meta":"default","adv-header-id-meta":"","stick-header-meta":"default","header-above-stick-meta":"","header-main-stick-meta":"","header-below-stick-meta":"","astra-migrate-meta-layouts":"default","ast-page-background-enabled":"default","ast-page-background-meta":{"desktop":{"background-color":"","background-image":"","background-repeat":"repeat","background-position":"center center","background-size":"auto","background-attachment":"scroll","background-type":"","background-media":"","overlay-type":"","overlay-color":"","overlay-opacity":"","overlay-gradient":""},"tablet":{"background-color":"","background-image":"","background-repeat":"repeat","background-position":"center center","background-size":"auto","background-attachment":"scroll","background-type":"","background-media":"","overlay-type":"","overlay-color":"","overlay-opacity":"","overlay-gradient":""},"mobile":{"background-color":"","background-image":"","background-repeat":"repeat","background-position":"center center","background-size":"auto","background-attachment":"scroll","background-type":"","background-media":"","overlay-type":"","overlay-color":"","overlay-opacity":"","overlay-gradient":""}},"ast-content-background-meta":{"desktop":{"background-color":"var(--ast-global-color-5)","background-image":"","background-repeat":"repeat","background-position":"center center","background-size":"auto","background-attachment":"scroll","background-type":"","background-media":"","overlay-type":"","overlay-color":"","overlay-opacity":"","overlay-gradient":""},"tablet":{"background-color":"var(--ast-global-color-5)","background-image":"","background-repeat":"repeat","background-position":"center center","background-size":"auto","background-attachment":"scroll","background-type":"","background-media":"","overlay-type":"","overlay-color":"","overlay-opacity":"","overlay-gradient":""},"mobile":{"background-color":"var(--ast-global-color-5)","background-image":"","background-repeat":"repeat","background-position":"center center","background-size":"auto","background-attachment":"scroll","background-type":"","background-media":"","overlay-type":"","overlay-color":"","overlay-opacity":"","overlay-gradient":""}},"footnotes":""},"class_list":["post-382","page","type-page","status-publish","hentry"],"acf":[],"jetpack_sharing_enabled":true,"_links":{"self":[{"href":"https:\/\/worlddancemovement.com\/fr\/wp-json\/wp\/v2\/pages\/382","targetHints":{"allow":["GET"]}}],"collection":[{"href":"https:\/\/worlddancemovement.com\/fr\/wp-json\/wp\/v2\/pages"}],"about":[{"href":"https:\/\/worlddancemovement.com\/fr\/wp-json\/wp\/v2\/types\/page"}],"author":[{"embeddable":true,"href":"https:\/\/worlddancemovement.com\/fr\/wp-json\/wp\/v2\/users\/6"}],"replies":[{"embeddable":true,"href":"https:\/\/worlddancemovement.com\/fr\/wp-json\/wp\/v2\/comments?post=382"}],"version-history":[{"count":10,"href":"https:\/\/worlddancemovement.com\/fr\/wp-json\/wp\/v2\/pages\/382\/revisions"}],"predecessor-version":[{"id":13289,"href":"https:\/\/worlddancemovement.com\/fr\/wp-json\/wp\/v2\/pages\/382\/revisions\/13289"}],"up":[{"embeddable":true,"href":"https:\/\/worlddancemovement.com\/fr\/wp-json\/wp\/v2\/pages\/329"}],"wp:attachment":[{"href":"https:\/\/worlddancemovement.com\/fr\/wp-json\/wp\/v2\/media?parent=382"}],"curies":[{"name":"wp","href":"https:\/\/api.w.org\/{rel}","templated":true}]}}